{"id":916,"date":"2024-07-24T11:39:44","date_gmt":"2024-07-24T11:39:44","guid":{"rendered":"http:\/\/nouveausiteintegragen2.local\/?page_id=916"},"modified":"2024-09-06T07:34:30","modified_gmt":"2024-09-06T07:34:30","slug":"notre-histoire","status":"publish","type":"page","link":"https:\/\/integragen.com\/en\/a-propos-de-nous\/notre-histoire\/","title":{"rendered":"Our History"},"content":{"rendered":"<div class=\"wp-block-group is-layout-constrained wp-container-core-group-is-layout-7a3688e9 wp-block-group-is-layout-constrained\">\n<div class=\"wp-block-group alignfull has-background is-layout-constrained wp-container-core-group-is-layout-e6f1036d wp-block-group-is-layout-constrained\" style=\"background-color:#fffffe;margin-top:0;margin-bottom:0;padding-top:0;padding-right:0;padding-bottom:0;padding-left:0\">\n<div class=\"wp-block-group is-layout-constrained wp-container-core-group-is-layout-bda7ed67 wp-block-group-is-layout-constrained\" style=\"margin-top:0;margin-bottom:0;padding-top:60px;padding-right:16px;padding-bottom:60px;padding-left:16px\"><link rel=\"stylesheet\" href=\"https:\/\/fonts.googleapis.com\/css2?family=Inter:wght@400;500;600;700;800\" \/>\n<h2 class=\"wp-block-heading has-text-align-left has-custom-couleur-1-color has-text-color has-link-color wp-elements-d58039ae2a089fd376e576992487b504 cozy-animation__initialized\" style=\"margin-top:0;margin-right:0;margin-bottom:6px;margin-left:0;font-size:clamp(25.984px, 1.624rem + ((1vw - 3.2px) * 1.099), 44px);font-style:normal;font-weight:500;line-height:1.2; font-family: 'Inter' !important;\" data-aos=\"flip-up\" data-aos-easing=\"ease-in\" data-aos-anchor-placement=\"top-bottom\" data-aos-duration=\"600\">Our History<\/h2>\n\n\n\n<div style=\"height:32px\" aria-hidden=\"true\" class=\"wp-block-spacer\"><\/div>\n\n\n\n<div class=\"wp-block-columns is-layout-flex wp-container-core-columns-is-layout-c4577cef wp-block-columns-is-layout-flex cozy-animation__initialized\" style=\"margin-top:0;margin-bottom:0;font-size:clamp(14px, 0.875rem + ((1vw - 3.2px) * 0.122), 16px);\"><link rel=\"stylesheet\" href=\"https:\/\/fonts.googleapis.com\/css2?family=Public+Sans:wght@400;500;600;700;800\" \/>\n<div class=\"wp-block-column is-vertically-aligned-center has-text-color has-link-color wp-elements-70b10a063f6b73b32c462dfe722e981a is-layout-flow wp-container-core-column-is-layout-9f77543f wp-block-column-is-layout-flow cozy-animation__initialized\" style=\"color:#646464;font-size:14px; font-family: 'Public Sans' !important;\">\n<div class=\"wp-block-group is-content-justification-left is-layout-constrained wp-container-core-group-is-layout-41c3312a wp-block-group-is-layout-constrained\" style=\"margin-top:0;margin-bottom:0\">\n<p class=\"has-text-align-left has-custom-couleur-2-color has-text-color has-link-color has-normal-font-size wp-elements-ed3b0fa8b9ddb81586eddff71c670e3a\" style=\"line-height:1.5\">Established in 2000, IntegraGen (member of the OncoDNA Group) specializes in the genomic analysis of all nucleic acids, with a particular focus on cancer and rare genetic diseases. Backed by highly experienced and qualified teams, IntegraGen is a leading player in DNA and RNA sequencing services as well as genomic data interpretation software development. The company runs one of the largest NGS labs in France and for services for most research institutes of excellence as well as private and public institutions and companies across Europe.<\/p>\n\n\n\n<p class=\"has-custom-couleur-2-color has-text-color has-link-color has-normal-font-size wp-elements-8299647ba474991bb9c23869054f7ad4\" style=\"line-height:1.5\">IntegraGen laboratory was granted the CAP (college of American Pathologists) accreditation in December 2023 and became CLIA certified in January 2024.<\/p>\n\n\n\n<p class=\"has-custom-couleur-2-color has-text-color has-link-color has-normal-font-size wp-elements-f17b4576e9952b254806eff56c5ef492\" style=\"line-height:1.5\">The company's vision and mission is to make personalized medicine gigantic progresses available to researchers, clinicians and eventually patients, and positions itself as a leading provider of comprehensive nucleic acid information, empowering researchers and healthcare providers to unlock breakthroughs in cancer care as well as inherited &amp; infectious diseases.<\/p>\n\n\n\n<p class=\"has-text-align-left has-custom-couleur-2-color has-text-color has-link-color has-normal-font-size wp-elements-cb36800c47acd9db6d718750f7780f5d\" style=\"line-height:1.5\">There are 42 IntegraGeners employed as of December 2023, and the Company generated \u20ac11.8 million of turnover in 2023. Located in France in \u00c9vry, IntegraGen leverages the assets &amp; competencies of the Paris Genomic campus at the G\u00e9nopole.\nIntegraGen is listed on Euronext Growth in Paris (ISIN: FR0010908723 \u2013 Mnemo: ALINT \u2013 Eligible PEA- PME).<\/p>\n\n\n\n<div style=\"height:40px\" aria-hidden=\"true\" class=\"wp-block-spacer\"><\/div>\n\n\n\n<div class=\"wp-block-group is-nowrap is-layout-flex wp-container-core-group-is-layout-6c531013 wp-block-group-is-layout-flex\">\n<figure class=\"wp-block-image size-full\"><img loading=\"lazy\" decoding=\"async\" width=\"110\" height=\"110\" src=\"https:\/\/negargetni.com\/wp-content\/uploads\/2024\/07\/image-2-1.png\" alt=\"\" class=\"wp-image-1083\"\/><\/figure>\n<\/div>\n<\/div>\n<\/div>\n<\/div>\n<\/div>\n<\/div>\n<\/div>","protected":false},"excerpt":{"rendered":"<p>Our History Established in 2000, IntegraGen (part of the OncoDNA group) specializes in the genomic analysis of all nucleic acids, with a particular focus on cancer and rare genetic diseases. Backed by highly experienced and qualified teams, IntegraGen is a major player in DNA and RNA sequencing services, as well as in the...<\/p>","protected":false},"author":1,"featured_media":0,"parent":28,"menu_order":0,"comment_status":"closed","ping_status":"closed","template":"fullwidth-page-template","meta":{"ca_portfolio_gallery_project_year":"","ca_portfolio_gallery_client":"","ca_portfolio_gallery_skills":"","ca_portfolio_gallery_url":"","ca_portfolio_gallery_images":"","_eb_attr":"","footnotes":""},"class_list":["post-916","page","type-page","status-publish","hentry"],"yoast_head":"<!-- This site is optimized with the Yoast SEO plugin v27.3 - https:\/\/yoast.com\/product\/yoast-seo-wordpress\/ -->\n<title>Notre Histoire &#8211; IntegraGen<\/title>\n<meta name=\"robots\" content=\"index, follow, max-snippet:-1, max-image-preview:large, max-video-preview:-1\" \/>\n<link rel=\"canonical\" href=\"https:\/\/integragen.com\/en\/a-propos-de-nous\/notre-histoire\/\" \/>\n<meta property=\"og:locale\" content=\"en_US\" \/>\n<meta property=\"og:type\" content=\"article\" \/>\n<meta property=\"og:title\" content=\"Notre Histoire &#8211; IntegraGen\" \/>\n<meta property=\"og:description\" content=\"Notre Histoire \u00c9tablie en 2000, IntegraGen (membre du groupe OncoDNA) se sp\u00e9cialise dans l&rsquo;analyse g\u00e9nomique de tous les acides nucl\u00e9iques, avec un accent particulier sur le cancer et les maladies g\u00e9n\u00e9tiques rares. Soutenue par des \u00e9quipes hautement exp\u00e9riment\u00e9es et qualifi\u00e9es, IntegraGen est un acteur majeur des services de s\u00e9quen\u00e7age de l&rsquo;ADN et de l&rsquo;ARN ainsi...\" \/>\n<meta property=\"og:url\" content=\"https:\/\/integragen.com\/en\/a-propos-de-nous\/notre-histoire\/\" \/>\n<meta property=\"og:site_name\" content=\"IntegraGen\" \/>\n<meta property=\"article:modified_time\" content=\"2024-09-06T07:34:30+00:00\" \/>\n<meta property=\"og:image\" content=\"https:\/\/negargetni.com\/wp-content\/uploads\/2024\/07\/image-2-1.png\" \/>\n<meta name=\"twitter:card\" content=\"summary_large_image\" \/>\n<meta name=\"twitter:label1\" content=\"Est. reading time\" \/>\n\t<meta name=\"twitter:data1\" content=\"1 minute\" \/>\n<script type=\"application\/ld+json\" class=\"yoast-schema-graph\">{\"@context\":\"https:\\\/\\\/schema.org\",\"@graph\":[{\"@type\":\"WebPage\",\"@id\":\"https:\\\/\\\/integragen.com\\\/a-propos-de-nous\\\/notre-histoire\\\/\",\"url\":\"https:\\\/\\\/integragen.com\\\/a-propos-de-nous\\\/notre-histoire\\\/\",\"name\":\"Notre Histoire &#8211; IntegraGen\",\"isPartOf\":{\"@id\":\"https:\\\/\\\/integragen.com\\\/#website\"},\"primaryImageOfPage\":{\"@id\":\"https:\\\/\\\/integragen.com\\\/a-propos-de-nous\\\/notre-histoire\\\/#primaryimage\"},\"image\":{\"@id\":\"https:\\\/\\\/integragen.com\\\/a-propos-de-nous\\\/notre-histoire\\\/#primaryimage\"},\"thumbnailUrl\":\"https:\\\/\\\/negargetni.com\\\/wp-content\\\/uploads\\\/2024\\\/07\\\/image-2-1.png\",\"datePublished\":\"2024-07-24T11:39:44+00:00\",\"dateModified\":\"2024-09-06T07:34:30+00:00\",\"breadcrumb\":{\"@id\":\"https:\\\/\\\/integragen.com\\\/a-propos-de-nous\\\/notre-histoire\\\/#breadcrumb\"},\"inLanguage\":\"en-US\",\"potentialAction\":[{\"@type\":\"ReadAction\",\"target\":[\"https:\\\/\\\/integragen.com\\\/a-propos-de-nous\\\/notre-histoire\\\/\"]}]},{\"@type\":\"ImageObject\",\"inLanguage\":\"en-US\",\"@id\":\"https:\\\/\\\/integragen.com\\\/a-propos-de-nous\\\/notre-histoire\\\/#primaryimage\",\"url\":\"https:\\\/\\\/negargetni.com\\\/wp-content\\\/uploads\\\/2024\\\/07\\\/image-2-1.png\",\"contentUrl\":\"https:\\\/\\\/negargetni.com\\\/wp-content\\\/uploads\\\/2024\\\/07\\\/image-2-1.png\"},{\"@type\":\"BreadcrumbList\",\"@id\":\"https:\\\/\\\/integragen.com\\\/a-propos-de-nous\\\/notre-histoire\\\/#breadcrumb\",\"itemListElement\":[{\"@type\":\"ListItem\",\"position\":1,\"name\":\"Accueil\",\"item\":\"https:\\\/\\\/integragen.com\\\/\"},{\"@type\":\"ListItem\",\"position\":2,\"name\":\"\u00c0 Propos de Nous\",\"item\":\"https:\\\/\\\/integragen.com\\\/a-propos-de-nous\\\/\"},{\"@type\":\"ListItem\",\"position\":3,\"name\":\"Notre Histoire\"}]},{\"@type\":\"WebSite\",\"@id\":\"https:\\\/\\\/integragen.com\\\/#website\",\"url\":\"https:\\\/\\\/integragen.com\\\/\",\"name\":\"IntegraGen - Clinical Genomic Experts\",\"description\":\"NGS Sequencing &amp; Bioinformatics for Pharma, Biotech &amp; CRO\",\"publisher\":{\"@id\":\"https:\\\/\\\/integragen.com\\\/#organization\"},\"alternateName\":\"IntegraGen\",\"potentialAction\":[{\"@type\":\"SearchAction\",\"target\":{\"@type\":\"EntryPoint\",\"urlTemplate\":\"https:\\\/\\\/integragen.com\\\/?s={search_term_string}\"},\"query-input\":{\"@type\":\"PropertyValueSpecification\",\"valueRequired\":true,\"valueName\":\"search_term_string\"}}],\"inLanguage\":\"en-US\"},{\"@type\":\"Organization\",\"@id\":\"https:\\\/\\\/integragen.com\\\/#organization\",\"name\":\"IntegraGen\",\"url\":\"https:\\\/\\\/integragen.com\\\/\",\"logo\":{\"@type\":\"ImageObject\",\"inLanguage\":\"en-US\",\"@id\":\"https:\\\/\\\/integragen.com\\\/#\\\/schema\\\/logo\\\/image\\\/\",\"url\":\"https:\\\/\\\/integragen.com\\\/wp-content\\\/uploads\\\/2024\\\/09\\\/Logo_IntegraGen_OncoDNA.png\",\"contentUrl\":\"https:\\\/\\\/integragen.com\\\/wp-content\\\/uploads\\\/2024\\\/09\\\/Logo_IntegraGen_OncoDNA.png\",\"width\":2478,\"height\":684,\"caption\":\"IntegraGen\"},\"image\":{\"@id\":\"https:\\\/\\\/integragen.com\\\/#\\\/schema\\\/logo\\\/image\\\/\"},\"sameAs\":[\"https:\\\/\\\/www.linkedin.com\\\/company\\\/integragen\\\/\"]}]}<\/script>\n<!-- \/ Yoast SEO plugin. -->","yoast_head_json":{"title":"Notre Histoire &#8211; IntegraGen","robots":{"index":"index","follow":"follow","max-snippet":"max-snippet:-1","max-image-preview":"max-image-preview:large","max-video-preview":"max-video-preview:-1"},"canonical":"https:\/\/integragen.com\/en\/a-propos-de-nous\/notre-histoire\/","og_locale":"en_US","og_type":"article","og_title":"Notre Histoire &#8211; IntegraGen","og_description":"Notre Histoire \u00c9tablie en 2000, IntegraGen (membre du groupe OncoDNA) se sp\u00e9cialise dans l&rsquo;analyse g\u00e9nomique de tous les acides nucl\u00e9iques, avec un accent particulier sur le cancer et les maladies g\u00e9n\u00e9tiques rares. Soutenue par des \u00e9quipes hautement exp\u00e9riment\u00e9es et qualifi\u00e9es, IntegraGen est un acteur majeur des services de s\u00e9quen\u00e7age de l&rsquo;ADN et de l&rsquo;ARN ainsi...","og_url":"https:\/\/integragen.com\/en\/a-propos-de-nous\/notre-histoire\/","og_site_name":"IntegraGen","article_modified_time":"2024-09-06T07:34:30+00:00","og_image":[{"url":"https:\/\/negargetni.com\/wp-content\/uploads\/2024\/07\/image-2-1.png","type":"","width":"","height":""}],"twitter_card":"summary_large_image","twitter_misc":{"Est. reading time":"1 minute"},"schema":{"@context":"https:\/\/schema.org","@graph":[{"@type":"WebPage","@id":"https:\/\/integragen.com\/a-propos-de-nous\/notre-histoire\/","url":"https:\/\/integragen.com\/a-propos-de-nous\/notre-histoire\/","name":"Notre Histoire &#8211; IntegraGen","isPartOf":{"@id":"https:\/\/integragen.com\/#website"},"primaryImageOfPage":{"@id":"https:\/\/integragen.com\/a-propos-de-nous\/notre-histoire\/#primaryimage"},"image":{"@id":"https:\/\/integragen.com\/a-propos-de-nous\/notre-histoire\/#primaryimage"},"thumbnailUrl":"https:\/\/negargetni.com\/wp-content\/uploads\/2024\/07\/image-2-1.png","datePublished":"2024-07-24T11:39:44+00:00","dateModified":"2024-09-06T07:34:30+00:00","breadcrumb":{"@id":"https:\/\/integragen.com\/a-propos-de-nous\/notre-histoire\/#breadcrumb"},"inLanguage":"en-US","potentialAction":[{"@type":"ReadAction","target":["https:\/\/integragen.com\/a-propos-de-nous\/notre-histoire\/"]}]},{"@type":"ImageObject","inLanguage":"en-US","@id":"https:\/\/integragen.com\/a-propos-de-nous\/notre-histoire\/#primaryimage","url":"https:\/\/negargetni.com\/wp-content\/uploads\/2024\/07\/image-2-1.png","contentUrl":"https:\/\/negargetni.com\/wp-content\/uploads\/2024\/07\/image-2-1.png"},{"@type":"BreadcrumbList","@id":"https:\/\/integragen.com\/a-propos-de-nous\/notre-histoire\/#breadcrumb","itemListElement":[{"@type":"ListItem","position":1,"name":"Accueil","item":"https:\/\/integragen.com\/"},{"@type":"ListItem","position":2,"name":"\u00c0 Propos de Nous","item":"https:\/\/integragen.com\/a-propos-de-nous\/"},{"@type":"ListItem","position":3,"name":"Notre Histoire"}]},{"@type":"WebSite","@id":"https:\/\/integragen.com\/#website","url":"https:\/\/integragen.com\/","name":"IntegraGen - Clinical Genomic Experts","description":"NGS Sequencing &amp; Bioinformatics for Pharma, Biotech &amp; CROs","publisher":{"@id":"https:\/\/integragen.com\/#organization"},"alternateName":"IntegraGen","potentialAction":[{"@type":"SearchAction","target":{"@type":"EntryPoint","urlTemplate":"https:\/\/integragen.com\/?s={search_term_string}"},"query-input":{"@type":"PropertyValueSpecification","valueRequired":true,"valueName":"search_term_string"}}],"inLanguage":"en-US"},{"@type":"Organization","@id":"https:\/\/integragen.com\/#organization","name":"IntegraGen","url":"https:\/\/integragen.com\/","logo":{"@type":"ImageObject","inLanguage":"en-US","@id":"https:\/\/integragen.com\/#\/schema\/logo\/image\/","url":"https:\/\/integragen.com\/wp-content\/uploads\/2024\/09\/Logo_IntegraGen_OncoDNA.png","contentUrl":"https:\/\/integragen.com\/wp-content\/uploads\/2024\/09\/Logo_IntegraGen_OncoDNA.png","width":2478,"height":684,"caption":"IntegraGen"},"image":{"@id":"https:\/\/integragen.com\/#\/schema\/logo\/image\/"},"sameAs":["https:\/\/www.linkedin.com\/company\/integragen\/"]}]}},"_links":{"self":[{"href":"https:\/\/integragen.com\/en\/wp-json\/wp\/v2\/pages\/916","targetHints":{"allow":["GET"]}}],"collection":[{"href":"https:\/\/integragen.com\/en\/wp-json\/wp\/v2\/pages"}],"about":[{"href":"https:\/\/integragen.com\/en\/wp-json\/wp\/v2\/types\/page"}],"author":[{"embeddable":true,"href":"https:\/\/integragen.com\/en\/wp-json\/wp\/v2\/users\/1"}],"replies":[{"embeddable":true,"href":"https:\/\/integragen.com\/en\/wp-json\/wp\/v2\/comments?post=916"}],"version-history":[{"count":3,"href":"https:\/\/integragen.com\/en\/wp-json\/wp\/v2\/pages\/916\/revisions"}],"predecessor-version":[{"id":4656,"href":"https:\/\/integragen.com\/en\/wp-json\/wp\/v2\/pages\/916\/revisions\/4656"}],"up":[{"embeddable":true,"href":"https:\/\/integragen.com\/en\/wp-json\/wp\/v2\/pages\/28"}],"wp:attachment":[{"href":"https:\/\/integragen.com\/en\/wp-json\/wp\/v2\/media?parent=916"}],"curies":[{"name":"wp","href":"https:\/\/api.w.org\/{rel}","templated":true}]}}