{"id":747,"date":"2024-07-23T13:40:51","date_gmt":"2024-07-23T13:40:51","guid":{"rendered":"http:\/\/nouveausiteintegragen2.local\/?page_id=747"},"modified":"2025-07-28T10:19:40","modified_gmt":"2025-07-28T08:19:40","slug":"genome-exome-panel","status":"publish","type":"page","link":"https:\/\/integragen.com\/en\/nos-services\/genome-exome-panel\/","title":{"rendered":"Genome, Exome, Panel"},"content":{"rendered":"<div class=\"wp-block-group is-layout-constrained wp-container-core-group-is-layout-7a3688e9 wp-block-group-is-layout-constrained\">\n<div class=\"wp-block-cover alignfull\" style=\"margin-top:0;margin-bottom:0;padding-top:0;padding-right:0;padding-bottom:0;padding-left:0;min-height:600px;aspect-ratio:unset;\"><img loading=\"lazy\" decoding=\"async\" width=\"2560\" height=\"1707\" class=\"wp-block-cover__image-background wp-image-1792\" alt=\"\" src=\"https:\/\/negargetni.com\/wp-content\/uploads\/2024\/07\/FG_210928_ONCODNA_114-scaled.jpg\" data-object-fit=\"cover\" srcset=\"https:\/\/integragen.com\/wp-content\/uploads\/2024\/07\/FG_210928_ONCODNA_114-scaled.jpg 2560w, https:\/\/integragen.com\/wp-content\/uploads\/2024\/07\/FG_210928_ONCODNA_114-300x200.jpg 300w, https:\/\/integragen.com\/wp-content\/uploads\/2024\/07\/FG_210928_ONCODNA_114-1024x683.jpg 1024w, https:\/\/integragen.com\/wp-content\/uploads\/2024\/07\/FG_210928_ONCODNA_114-768x512.jpg 768w, https:\/\/integragen.com\/wp-content\/uploads\/2024\/07\/FG_210928_ONCODNA_114-1536x1024.jpg 1536w, https:\/\/integragen.com\/wp-content\/uploads\/2024\/07\/FG_210928_ONCODNA_114-2048x1365.jpg 2048w\" sizes=\"auto, (max-width: 2560px) 100vw, 2560px\" \/><span aria-hidden=\"true\" class=\"wp-block-cover__background has-custom-couleur-1-background-color has-background-dim\"><\/span><div class=\"wp-block-cover__inner-container is-layout-flow wp-block-cover-is-layout-flow\">\n<div class=\"wp-block-group is-layout-constrained wp-container-core-group-is-layout-8809c702 wp-block-group-is-layout-constrained\" style=\"margin-top:0;margin-bottom:0;padding-top:80px;padding-right:16px;padding-bottom:80px;padding-left:16px\">\n<div class=\"wp-block-group has-text-color has-link-color wp-elements-24d01d28f174106814227cc5ecf062fc is-layout-constrained wp-container-core-group-is-layout-068c2f0c wp-block-group-is-layout-constrained\" style=\"color:#ebebeb;font-size:14px\"><link rel=\"stylesheet\" href=\"https:\/\/fonts.googleapis.com\/css2?family=Public+Sans:wght@400;500;600;700;800\" \/>\n<h2 class=\"wp-block-heading has-text-align-center has-text-color has-link-color wp-elements-a7f395200d4322cd874433000deb4558 cozy-animation__initialized\" style=\"color:#fffffe;font-size:clamp(27.894px, 1.743rem + ((1vw - 3.2px) * 1.226), 48px);font-style:normal;font-weight:600;line-height:1.3; font-family: 'Public Sans' !important;\" data-aos=\"flip-up\" data-aos-easing=\"ease-in\" data-aos-anchor-placement=\"top-center\" data-aos-duration=\"600\">Genome, Exome, Panel<\/h2>\n\n\n\n<div style=\"height:35px\" aria-hidden=\"true\" class=\"wp-block-spacer\"><\/div>\n\n\n\n<p class=\"has-text-align-center has-medium-font-size\">IntegraGen offers a wide range of DNA sequencing solutions for genomics research.<\/p>\n<\/div>\n<\/div>\n<\/div><\/div>\n\n\n\n<div style=\"height:35px\" aria-hidden=\"true\" class=\"wp-block-spacer\"><\/div>\n\n\n\n<div class=\"wp-block-group is-layout-constrained wp-container-core-group-is-layout-7a3688e9 wp-block-group-is-layout-constrained\">\n<div class=\"wp-block-columns is-layout-flex wp-container-core-columns-is-layout-0991f476 wp-block-columns-is-layout-flex\" style=\"margin-top:60px\">\n<div class=\"wp-block-column is-vertically-aligned-center blockbooster-zoom-in-up is-layout-flow wp-block-column-is-layout-flow\" style=\"flex-basis:60%\">\n<div class=\"wp-block-cover is-light is-style-blockbooster-cover-round-style has-border-color has-custom-couleur-1-border-color\" style=\"border-width:3px;border-radius:12px;min-height:244px;aspect-ratio:unset;\"><span aria-hidden=\"true\" class=\"wp-block-cover__background has-background-dim-0 has-background-dim\" style=\"background-color:#40352d\"><\/span><div class=\"wp-block-cover__inner-container is-layout-constrained wp-block-cover-is-layout-constrained\">\n<div class=\"wp-block-group is-vertical is-content-justification-center is-layout-flex wp-container-core-group-is-layout-335b1c95 wp-block-group-is-layout-flex\">\n<h3 class=\"wp-block-heading has-text-align-center has-custom-couleur-1-color has-text-color has-link-color has-large-font-size wp-elements-99f94fa04bc4a393e6620113e2f69d27\" style=\"font-style:normal;font-weight:600\">GENOME<\/h3>\n\n\n\n<p class=\"has-custom-couleur-1-color has-text-color has-link-color wp-elements-2dd58535b7178c275097daad3a20bc46\">From bacterial to human genome&nbsp;<\/p>\n\n\n\n<ul class=\"wp-block-list has-custom-couleur-1-color has-text-color has-link-color wp-elements-b7cf402685493925563c19029d30479e\">\n<li>Data quantity flexibility<\/li>\n\n\n\n<li>High-throughput on our Illumina\u00ae NovaSeq\u2122 X Plus<\/li>\n\n\n\n<li>PCR-free libraries<\/li>\n<\/ul>\n<\/div>\n<\/div><\/div>\n\n\n\n<div class=\"wp-block-cover is-light is-style-blockbooster-cover-round-style has-border-color has-custom-couleur-1-border-color\" style=\"border-width:3px;border-radius:12px;min-height:244px;aspect-ratio:unset;\"><span aria-hidden=\"true\" class=\"wp-block-cover__background has-background-dim-0 has-background-dim\" style=\"background-color:#40352d\"><\/span><div class=\"wp-block-cover__inner-container is-layout-constrained wp-block-cover-is-layout-constrained\">\n<div class=\"wp-block-group is-vertical is-content-justification-center is-layout-flex wp-container-core-group-is-layout-335b1c95 wp-block-group-is-layout-flex\">\n<h3 class=\"wp-block-heading has-text-align-center has-custom-couleur-1-color has-text-color has-link-color has-large-font-size wp-elements-d80ad9fbfc274f25fd6b640bbc9f57c6\" style=\"font-style:normal;font-weight:600\">PANEL<\/h3>\n\n\n\n<p class=\"has-custom-couleur-1-color has-text-color has-link-color wp-elements-83c83079fc2680a10be77671ae571c0f\">Best capture efficiency with Twist Biosciences technology<\/p>\n\n\n\n<ul class=\"wp-block-list has-custom-couleur-1-color has-text-color has-link-color wp-elements-0354360ed604f817eabf05c443821b90\">\n<li>Pre-made All-in-one pan-cancer panel,<a href=\"https:\/\/oncodna.com\/for-laboratories\/solid-biopsy-oncodeep\/\" target=\"_blank\" rel=\"noreferrer noopener\">OncoDEEP\u00ae<\/a>with analysis<\/li>\n\n\n\n<li>Full custom (species, region size, number, depth of coverage)<\/li>\n\n\n\n<li>Bioinformatic panel design<\/li>\n<\/ul>\n<\/div>\n<\/div><\/div>\n<\/div>\n\n\n\n<div class=\"wp-block-column is-vertically-aligned-center blockbooster-zoom-in-up is-layout-flow wp-block-column-is-layout-flow\" style=\"flex-basis:40%\">\n<div class=\"wp-block-cover is-light is-style-blockbooster-cover-round-style has-border-color has-custom-couleur-1-border-color\" style=\"border-width:3px;border-radius:12px;min-height:244px;aspect-ratio:unset;\"><span aria-hidden=\"true\" class=\"wp-block-cover__background has-background-dim-0 has-background-dim\" style=\"background-color:#40352d\"><\/span><div class=\"wp-block-cover__inner-container is-layout-constrained wp-block-cover-is-layout-constrained\">\n<div class=\"wp-block-group is-vertical is-content-justification-center is-layout-flex wp-container-core-group-is-layout-335b1c95 wp-block-group-is-layout-flex\">\n<h3 class=\"wp-block-heading has-text-align-center has-custom-couleur-1-color has-text-color has-link-color has-large-font-size wp-elements-d44c79efa75ad06dff83c4916de1b80b\" style=\"font-style:normal;font-weight:600\">EXOME<\/h3>\n\n\n\n<p class=\"has-custom-couleur-1-color has-text-color has-link-color wp-elements-83c83079fc2680a10be77671ae571c0f\">Best capture efficiency with Twist Biosciences technology<\/p>\n\n\n\n<ul class=\"wp-block-list has-custom-couleur-1-color has-text-color has-link-color wp-elements-86b3fb6f6deb682ba05ca4481c48c120\">\n<li>Strong expertise in FFPE and cfDNA<\/li>\n\n\n\n<li>Sample positive tracking for genetic or oncology project<\/li>\n\n\n\n<li>High homogeneity of coverage<\/li>\n<\/ul>\n<\/div>\n<\/div><\/div>\n\n\n\n<div class=\"wp-block-buttons is-content-justification-center is-layout-flex wp-container-core-buttons-is-layout-a89b3969 wp-block-buttons-is-layout-flex\">\n<div class=\"wp-block-button is-style-fill cozy-button-hover-styles\" style=\"; --cozyButtonBgColorHover: #40c7ff; --cozyButtonColorHover: ; --cozyButtonBorderHover: ; \"><a class=\"wp-block-button__link has-custom-couleur-1-background-color has-background has-custom-font-size wp-element-button\" href=\"\/en\/contact\/\" style=\"border-radius:50px;padding-top:1.2rem;padding-right:var(--wp--preset--spacing--60);padding-bottom:1.2rem;padding-left:var(--wp--preset--spacing--60);font-size:clamp(14px, 0.875rem + ((1vw - 3.2px) * 0.244), 18px);\">Contact us<\/a><\/div>\n<\/div>\n<\/div>\n<\/div>\n\n\n\n<div style=\"height:35px\" aria-hidden=\"true\" class=\"wp-block-spacer\"><\/div>\n\n\n\n<h4 class=\"wp-block-heading\"><strong>BIOINFORMATIC ANALYSIS<\/strong><\/h4>\n\n\n\n<p>MERCURY\u2019s intuitive interface\u00a0enables users to quickly visualise an accurate and comprehensive molecular profile of tumours in cancer patients after rapid analysis of their sequencing data (tumour DNA and RNA plus constitutional DNA)<\/p>\n\n\n\n<ul class=\"wp-block-list\">\n<li>Tumor analysis in Mercury, from WES, WGS or panels<\/li>\n\n\n\n<li>Public database&nbsp;<\/li>\n\n\n\n<li>Fast and secure analysis<\/li>\n<\/ul>\n\n\n\n<div class=\"wp-block-buttons is-layout-flex wp-block-buttons-is-layout-flex\">\n<div class=\"wp-block-button cozy-button-hover-styles\" style=\"; --cozyButtonBgColorHover: #40c7ff; --cozyButtonColorHover: ; --cozyButtonBorderHover: ; \"><a class=\"wp-block-button__link has-custom-couleur-1-background-color has-background wp-element-button\" href=\"https:\/\/integragen.com\/en\/nos-services\/nos-solutions-danalyse-bioinformatique\/analyse-des-tumeurs-mercury\/\">Read more<\/a><\/div>\n<\/div>\n\n\n\n<div style=\"height:35px\" aria-hidden=\"true\" class=\"wp-block-spacer\"><\/div>\n\n\n\n<h4 class=\"wp-block-heading\"><strong>ADVANCED GENOMIC ANALYSIS SERVICE: GECO<\/strong><\/h4>\n\n\n\n<p>Advanced genomic analysis service : GECO\nGeCo is a genomic consulting service that provides researchers with access to biostatistics and bioanalytics experts. GeCo is an advanced genomic consulting service that provides researchers with access to leading experts in the field of biostatistics and bioanalytics and offers them support for the advanced and personalized statistical analysis of genomic data ranging from the initial design of genomic research projects to the detailed evaluation of research results.<\/p>\n\n\n\n<div class=\"wp-block-buttons is-layout-flex wp-block-buttons-is-layout-flex\">\n<div class=\"wp-block-button cozy-button-hover-styles\" style=\"; --cozyButtonBgColorHover: #40c7ff; --cozyButtonColorHover: ; --cozyButtonBorderHover: ; \"><a class=\"wp-block-button__link has-custom-couleur-1-background-color has-background wp-element-button\" href=\"https:\/\/integragen.com\/en\/nos-services\/nos-solutions-danalyse-bioinformatique\/services-danalyses-genomiques-avancees-geco\/\">Read more<\/a><\/div>\n<\/div>\n\n\n\n<div style=\"height:35px\" aria-hidden=\"true\" class=\"wp-block-spacer\"><\/div>\n\n\n\n<h4 class=\"wp-block-heading\"><strong>OUR EXPERIENCE<\/strong><\/h4>\n\n\n\n<ul class=\"wp-block-list\">\n<li>Exome and panel sequencing since 2008<\/li>\n\n\n\n<li>Operate NGS sequencing platform for Gustave Roussy, Pasteur Institute and SeqOIA (2025 France Genomic Medecine Plan)<\/li>\n\n\n\n<li>High flexibility, from small to large-scale project &nbsp;<\/li>\n<\/ul>\n\n\n\n<div style=\"height:35px\" aria-hidden=\"true\" class=\"wp-block-spacer\"><\/div>\n\n\n\n<h4 class=\"wp-block-heading\"><strong>WHAT MAKES INTEGRAGEN YOUR BEST PARTNER?<\/strong><\/h4>\n\n\n\n<ul class=\"wp-block-list\">\n<li>High experience with FFPE or liquid biopsy samples<\/li>\n\n\n\n<li>Clinical research grade available&nbsp;<\/li>\n\n\n\n<li>Bioinformatic expertise to help you quickly explore your data, with design of custom project<\/li>\n<\/ul>\n\n\n\n<div style=\"height:35px\" aria-hidden=\"true\" class=\"wp-block-spacer\"><\/div>\n\n\n\n<h4 class=\"wp-block-heading\"><strong>OUR GUARANTEES<\/strong><\/h4>\n\n\n\n<ul class=\"wp-block-list\">\n<li>High-Throughput sequencer NovaSeq\u2122 X Plus from Illumina\u00ae<\/li>\n\n\n\n<li>High quality data, read number guaranteed<\/li>\n\n\n\n<li>Quality control at each step of processing<\/li>\n<\/ul>\n\n\n\n<div style=\"height:35px\" aria-hidden=\"true\" class=\"wp-block-spacer\"><\/div>\n\n\n\n<div class=\"wp-block-group is-layout-flow wp-block-group-is-layout-flow cozy-animation__initialized\" data-aos=\"fade-up\" data-aos-easing=\"ease-in\" data-aos-anchor-placement=\"top-center\" data-aos-duration=\"800\" style=\"margin-top:26px\"><div class=\"cozy-block-wrapper\">\n<ul class=\"cozy-block-icon-list vertical default fill\" id=\"cozyBlock_215f00c4_5970_4e5f_a0ad_2a673bdcb078\">\n<div class=\"list-inline-block\"><a href=\"\/en\/contact\/\" target=\"\" rel=\"noopener\"><li class=\"cozy-block-list-item\" id=\"cozyBlock_22af558a_d6ac_4dbb_ab0a_a18c24a3d667\"><p>Contact us<\/p><div class=\"list-icon-wrapper\"><svg viewbox=\"0 0 24 24\" xmlns=\"http:\/\/www.w3.org\/2000\/svg\" aria-hidden=\"true\"><path d=\"M19.3651 12.56L14.3851 17.56C14.2251 17.72 14.0251 17.8 13.8251 17.8C13.6251 17.8 13.4251 17.72 13.2651 17.56C12.9451 17.24 12.9451 16.74 13.2651 16.42L16.8851 12.78H5.20511C4.76511 12.78 4.40511 12.42 4.40511 11.98C4.40511 11.54 4.76511 11.18 5.20511 11.18H16.8851L13.2651 7.54001C12.9451 7.22001 12.9451 6.72 13.2651 6.4C13.5851 6.08 14.0851 6.08 14.4051 6.4L19.3851 11.4C19.6851 11.74 19.6851 12.26 19.3651 12.56Z\"><\/path><\/svg><\/div><\/li><\/a><\/div>\n<\/ul>\n<\/div><\/div>\n<\/div>\n<\/div>","protected":false},"excerpt":{"rendered":"<p>BIO-INFORMATIC ANALYSIS MERCURY's intuitive interface enables users to quickly visualize an accurate and comprehensive molecular profile of tumors in cancer patients after rapid analysis of their sequencing data (from tumor DNA and RNA as well as constitutional DNA). ADVANCED GENOMIC ANALYSIS SERVICE: GECO GeCo is a...<\/p>","protected":false},"author":1,"featured_media":0,"parent":2080,"menu_order":1,"comment_status":"closed","ping_status":"closed","template":"fullwidth-page-template","meta":{"ca_portfolio_gallery_project_year":"","ca_portfolio_gallery_client":"","ca_portfolio_gallery_skills":"","ca_portfolio_gallery_url":"","ca_portfolio_gallery_images":"","_eb_attr":"","footnotes":""},"class_list":["post-747","page","type-page","status-publish","hentry"],"yoast_head":"<!-- This site is optimized with the Yoast SEO plugin v27.4 - https:\/\/yoast.com\/product\/yoast-seo-wordpress\/ -->\n<title>Genome, Exome, Panel &#8211; IntegraGen<\/title>\n<meta name=\"robots\" content=\"index, follow, max-snippet:-1, max-image-preview:large, max-video-preview:-1\" \/>\n<link rel=\"canonical\" href=\"https:\/\/integragen.com\/en\/nos-services\/genome-exome-panel\/\" \/>\n<meta property=\"og:locale\" content=\"en_US\" \/>\n<meta property=\"og:type\" content=\"article\" \/>\n<meta property=\"og:title\" content=\"Genome, Exome, Panel &#8211; IntegraGen\" \/>\n<meta property=\"og:description\" content=\"ANALYSES BIO-INFORMATIQUES L&rsquo;interface intuitive de MERCURY permet aux utilisateurs de visualiser rapidement un profil mol\u00e9culaire pr\u00e9cis et complet des tumeurs chez les patients atteints de cancer apr\u00e8s une analyse rapide de leurs donn\u00e9es de s\u00e9quen\u00e7age (\u00e0 partir de l&rsquo;ADN et l&rsquo;ARN tumoral ainsi que l&rsquo;ADN constitutionnel). SERVICE D&rsquo;ANALYSE G\u00c9NOMIQUE AVANC\u00c9E : GECO GeCo est un...\" \/>\n<meta property=\"og:url\" content=\"https:\/\/integragen.com\/en\/nos-services\/genome-exome-panel\/\" \/>\n<meta property=\"og:site_name\" content=\"IntegraGen\" \/>\n<meta property=\"article:modified_time\" content=\"2025-07-28T08:19:40+00:00\" \/>\n<meta property=\"og:image\" content=\"https:\/\/integragen.com\/wp-content\/uploads\/2024\/07\/FG_210928_ONCODNA_114-scaled.jpg\" \/>\n\t<meta property=\"og:image:width\" content=\"2560\" \/>\n\t<meta property=\"og:image:height\" content=\"1707\" \/>\n\t<meta property=\"og:image:type\" content=\"image\/jpeg\" \/>\n<meta name=\"twitter:card\" content=\"summary_large_image\" \/>\n<meta name=\"twitter:label1\" content=\"Est. reading time\" \/>\n\t<meta name=\"twitter:data1\" content=\"2 minutes\" \/>\n<script type=\"application\/ld+json\" class=\"yoast-schema-graph\">{\"@context\":\"https:\\\/\\\/schema.org\",\"@graph\":[{\"@type\":\"WebPage\",\"@id\":\"https:\\\/\\\/integragen.com\\\/nos-services\\\/genome-exome-panel\\\/\",\"url\":\"https:\\\/\\\/integragen.com\\\/nos-services\\\/genome-exome-panel\\\/\",\"name\":\"Genome, Exome, Panel &#8211; IntegraGen\",\"isPartOf\":{\"@id\":\"https:\\\/\\\/integragen.com\\\/#website\"},\"primaryImageOfPage\":{\"@id\":\"https:\\\/\\\/integragen.com\\\/nos-services\\\/genome-exome-panel\\\/#primaryimage\"},\"image\":{\"@id\":\"https:\\\/\\\/integragen.com\\\/nos-services\\\/genome-exome-panel\\\/#primaryimage\"},\"thumbnailUrl\":\"https:\\\/\\\/negargetni.com\\\/wp-content\\\/uploads\\\/2024\\\/07\\\/FG_210928_ONCODNA_114-scaled.jpg\",\"datePublished\":\"2024-07-23T13:40:51+00:00\",\"dateModified\":\"2025-07-28T08:19:40+00:00\",\"breadcrumb\":{\"@id\":\"https:\\\/\\\/integragen.com\\\/nos-services\\\/genome-exome-panel\\\/#breadcrumb\"},\"inLanguage\":\"en-US\",\"potentialAction\":[{\"@type\":\"ReadAction\",\"target\":[\"https:\\\/\\\/integragen.com\\\/nos-services\\\/genome-exome-panel\\\/\"]}]},{\"@type\":\"ImageObject\",\"inLanguage\":\"en-US\",\"@id\":\"https:\\\/\\\/integragen.com\\\/nos-services\\\/genome-exome-panel\\\/#primaryimage\",\"url\":\"https:\\\/\\\/negargetni.com\\\/wp-content\\\/uploads\\\/2024\\\/07\\\/FG_210928_ONCODNA_114-scaled.jpg\",\"contentUrl\":\"https:\\\/\\\/negargetni.com\\\/wp-content\\\/uploads\\\/2024\\\/07\\\/FG_210928_ONCODNA_114-scaled.jpg\"},{\"@type\":\"BreadcrumbList\",\"@id\":\"https:\\\/\\\/integragen.com\\\/nos-services\\\/genome-exome-panel\\\/#breadcrumb\",\"itemListElement\":[{\"@type\":\"ListItem\",\"position\":1,\"name\":\"Accueil\",\"item\":\"https:\\\/\\\/integragen.com\\\/\"},{\"@type\":\"ListItem\",\"position\":2,\"name\":\"Nos Services\",\"item\":\"https:\\\/\\\/integragen.com\\\/nos-services\\\/\"},{\"@type\":\"ListItem\",\"position\":3,\"name\":\"Genome, Exome, Panel\"}]},{\"@type\":\"WebSite\",\"@id\":\"https:\\\/\\\/integragen.com\\\/#website\",\"url\":\"https:\\\/\\\/integragen.com\\\/\",\"name\":\"IntegraGen - Clinical Genomic Experts\",\"description\":\"NGS Sequencing &amp; Bioinformatics for Pharma, Biotech &amp; CRO\",\"publisher\":{\"@id\":\"https:\\\/\\\/integragen.com\\\/#organization\"},\"alternateName\":\"IntegraGen\",\"potentialAction\":[{\"@type\":\"SearchAction\",\"target\":{\"@type\":\"EntryPoint\",\"urlTemplate\":\"https:\\\/\\\/integragen.com\\\/?s={search_term_string}\"},\"query-input\":{\"@type\":\"PropertyValueSpecification\",\"valueRequired\":true,\"valueName\":\"search_term_string\"}}],\"inLanguage\":\"en-US\"},{\"@type\":\"Organization\",\"@id\":\"https:\\\/\\\/integragen.com\\\/#organization\",\"name\":\"IntegraGen\",\"url\":\"https:\\\/\\\/integragen.com\\\/\",\"logo\":{\"@type\":\"ImageObject\",\"inLanguage\":\"en-US\",\"@id\":\"https:\\\/\\\/integragen.com\\\/#\\\/schema\\\/logo\\\/image\\\/\",\"url\":\"https:\\\/\\\/integragen.com\\\/wp-content\\\/uploads\\\/2024\\\/09\\\/Logo_IntegraGen_OncoDNA.png\",\"contentUrl\":\"https:\\\/\\\/integragen.com\\\/wp-content\\\/uploads\\\/2024\\\/09\\\/Logo_IntegraGen_OncoDNA.png\",\"width\":2478,\"height\":684,\"caption\":\"IntegraGen\"},\"image\":{\"@id\":\"https:\\\/\\\/integragen.com\\\/#\\\/schema\\\/logo\\\/image\\\/\"},\"sameAs\":[\"https:\\\/\\\/www.linkedin.com\\\/company\\\/integragen\\\/\"]}]}<\/script>\n<!-- \/ Yoast SEO plugin. -->","yoast_head_json":{"title":"Genome, Exome, Panel &#8211; IntegraGen","robots":{"index":"index","follow":"follow","max-snippet":"max-snippet:-1","max-image-preview":"max-image-preview:large","max-video-preview":"max-video-preview:-1"},"canonical":"https:\/\/integragen.com\/en\/nos-services\/genome-exome-panel\/","og_locale":"en_US","og_type":"article","og_title":"Genome, Exome, Panel &#8211; IntegraGen","og_description":"ANALYSES BIO-INFORMATIQUES L&rsquo;interface intuitive de MERCURY permet aux utilisateurs de visualiser rapidement un profil mol\u00e9culaire pr\u00e9cis et complet des tumeurs chez les patients atteints de cancer apr\u00e8s une analyse rapide de leurs donn\u00e9es de s\u00e9quen\u00e7age (\u00e0 partir de l&rsquo;ADN et l&rsquo;ARN tumoral ainsi que l&rsquo;ADN constitutionnel). SERVICE D&rsquo;ANALYSE G\u00c9NOMIQUE AVANC\u00c9E : GECO GeCo est un...","og_url":"https:\/\/integragen.com\/en\/nos-services\/genome-exome-panel\/","og_site_name":"IntegraGen","article_modified_time":"2025-07-28T08:19:40+00:00","og_image":[{"width":2560,"height":1707,"url":"https:\/\/integragen.com\/wp-content\/uploads\/2024\/07\/FG_210928_ONCODNA_114-scaled.jpg","type":"image\/jpeg"}],"twitter_card":"summary_large_image","twitter_misc":{"Est. reading time":"2 minutes"},"schema":{"@context":"https:\/\/schema.org","@graph":[{"@type":"WebPage","@id":"https:\/\/integragen.com\/nos-services\/genome-exome-panel\/","url":"https:\/\/integragen.com\/nos-services\/genome-exome-panel\/","name":"Genome, Exome, Panel &#8211; IntegraGen","isPartOf":{"@id":"https:\/\/integragen.com\/#website"},"primaryImageOfPage":{"@id":"https:\/\/integragen.com\/nos-services\/genome-exome-panel\/#primaryimage"},"image":{"@id":"https:\/\/integragen.com\/nos-services\/genome-exome-panel\/#primaryimage"},"thumbnailUrl":"https:\/\/negargetni.com\/wp-content\/uploads\/2024\/07\/FG_210928_ONCODNA_114-scaled.jpg","datePublished":"2024-07-23T13:40:51+00:00","dateModified":"2025-07-28T08:19:40+00:00","breadcrumb":{"@id":"https:\/\/integragen.com\/nos-services\/genome-exome-panel\/#breadcrumb"},"inLanguage":"en-US","potentialAction":[{"@type":"ReadAction","target":["https:\/\/integragen.com\/nos-services\/genome-exome-panel\/"]}]},{"@type":"ImageObject","inLanguage":"en-US","@id":"https:\/\/integragen.com\/nos-services\/genome-exome-panel\/#primaryimage","url":"https:\/\/negargetni.com\/wp-content\/uploads\/2024\/07\/FG_210928_ONCODNA_114-scaled.jpg","contentUrl":"https:\/\/negargetni.com\/wp-content\/uploads\/2024\/07\/FG_210928_ONCODNA_114-scaled.jpg"},{"@type":"BreadcrumbList","@id":"https:\/\/integragen.com\/nos-services\/genome-exome-panel\/#breadcrumb","itemListElement":[{"@type":"ListItem","position":1,"name":"Accueil","item":"https:\/\/integragen.com\/"},{"@type":"ListItem","position":2,"name":"Nos Services","item":"https:\/\/integragen.com\/nos-services\/"},{"@type":"ListItem","position":3,"name":"Genome, Exome, Panel"}]},{"@type":"WebSite","@id":"https:\/\/integragen.com\/#website","url":"https:\/\/integragen.com\/","name":"IntegraGen - Clinical Genomic Experts","description":"NGS Sequencing &amp; Bioinformatics for Pharma, Biotech &amp; CROs","publisher":{"@id":"https:\/\/integragen.com\/#organization"},"alternateName":"IntegraGen","potentialAction":[{"@type":"SearchAction","target":{"@type":"EntryPoint","urlTemplate":"https:\/\/integragen.com\/?s={search_term_string}"},"query-input":{"@type":"PropertyValueSpecification","valueRequired":true,"valueName":"search_term_string"}}],"inLanguage":"en-US"},{"@type":"Organization","@id":"https:\/\/integragen.com\/#organization","name":"IntegraGen","url":"https:\/\/integragen.com\/","logo":{"@type":"ImageObject","inLanguage":"en-US","@id":"https:\/\/integragen.com\/#\/schema\/logo\/image\/","url":"https:\/\/integragen.com\/wp-content\/uploads\/2024\/09\/Logo_IntegraGen_OncoDNA.png","contentUrl":"https:\/\/integragen.com\/wp-content\/uploads\/2024\/09\/Logo_IntegraGen_OncoDNA.png","width":2478,"height":684,"caption":"IntegraGen"},"image":{"@id":"https:\/\/integragen.com\/#\/schema\/logo\/image\/"},"sameAs":["https:\/\/www.linkedin.com\/company\/integragen\/"]}]}},"_links":{"self":[{"href":"https:\/\/integragen.com\/en\/wp-json\/wp\/v2\/pages\/747","targetHints":{"allow":["GET"]}}],"collection":[{"href":"https:\/\/integragen.com\/en\/wp-json\/wp\/v2\/pages"}],"about":[{"href":"https:\/\/integragen.com\/en\/wp-json\/wp\/v2\/types\/page"}],"author":[{"embeddable":true,"href":"https:\/\/integragen.com\/en\/wp-json\/wp\/v2\/users\/1"}],"replies":[{"embeddable":true,"href":"https:\/\/integragen.com\/en\/wp-json\/wp\/v2\/comments?post=747"}],"version-history":[{"count":29,"href":"https:\/\/integragen.com\/en\/wp-json\/wp\/v2\/pages\/747\/revisions"}],"predecessor-version":[{"id":4679,"href":"https:\/\/integragen.com\/en\/wp-json\/wp\/v2\/pages\/747\/revisions\/4679"}],"up":[{"embeddable":true,"href":"https:\/\/integragen.com\/en\/wp-json\/wp\/v2\/pages\/2080"}],"wp:attachment":[{"href":"https:\/\/integragen.com\/en\/wp-json\/wp\/v2\/media?parent=747"}],"curies":[{"name":"wp","href":"https:\/\/api.w.org\/{rel}","templated":true}]}}