{"id":517,"date":"2024-07-22T15:24:08","date_gmt":"2024-07-22T15:24:08","guid":{"rendered":"http:\/\/nouveausiteintegragen2.local\/?page_id=517"},"modified":"2025-07-01T15:27:00","modified_gmt":"2025-07-01T13:27:00","slug":"oncodna-offre-publique-dachat-amicale","status":"publish","type":"page","link":"https:\/\/integragen.com\/en\/investisseurs\/archives\/oncodna-offre-publique-dachat-amicale\/","title":{"rendered":"OncoDNA friendly takeover bid"},"content":{"rendered":"<div class=\"wp-block-group is-layout-constrained wp-container-core-group-is-layout-7a3688e9 wp-block-group-is-layout-constrained\">\n<div style=\"height:4px\" aria-hidden=\"true\" class=\"wp-block-spacer\"><\/div>\n\n\n<div class=\"cozy-block-wrapper\">\n<ul class=\"cozy-block-icon-list vertical default fill\" id=\"cozyBlock_3e13c1d2_e465_41d8_821e_30c320280c96\">\n<div class=\"list-inline-block\"><a href=\"\/en\/investisseurs\/archives\/\" target=\"\" rel=\"noopener\"><li class=\"cozy-block-list-item\" id=\"cozyBlock_315f24f2_4e8f_4b8f_b03e_abd09390d1db\"><div class=\"list-icon-wrapper\"><svg viewbox=\"0 0 20 10\" xmlns=\"http:\/\/www.w3.org\/2000\/svg\" aria-hidden=\"true\"><path d=\"M15.1109 1.11091C15.5014 0.720385 16.1346 0.720385 16.5251 1.11091L19.7071 4.29289C20.0976 4.68341 20.0976 5.31658 19.7071 5.7071L16.5251 8.88908C16.1346 9.27961 15.5014 9.27961 15.1109 8.88908C14.7204 8.49856 14.7204 7.86539 15.1109 7.47487L16.5858 6H0.5V4H16.5858L15.1109 2.52512C14.7204 2.1346 14.7204 1.50143 15.1109 1.11091Z\"><\/path><\/svg><\/div><p>Back<\/p><\/li><\/a><\/div>\n<\/ul>\n<\/div>\n\n\n<div style=\"height:4px\" aria-hidden=\"true\" class=\"wp-block-spacer\"><\/div>\n\n\n\n<h2 class=\"wp-block-heading has-text-align-center\">OncoDNA friendly takeover bid<\/h2>\n\n\n\n<div style=\"height:50px\" aria-hidden=\"true\" class=\"wp-block-spacer\"><\/div>\n\n\n\n<h4 class=\"wp-block-heading\">PRESS RELEASES<\/h4>\n\n\n\n<figure class=\"wp-block-table\"><table class=\"has-fixed-layout\"><tbody><tr><td>July 9, 2020&nbsp;&nbsp;&nbsp;<\/td><td><a href=\"https:\/\/www.businesswire.com\/news\/home\/20200708005949\/fr\/\" target=\"_blank\" rel=\"noreferrer noopener\">Agreement on a friendly takeover bid by OncoDNA for IntegraGen<\/a><\/td><\/tr><tr><td>July 9, 2020&nbsp;&nbsp;&nbsp;<\/td><td><a href=\"https:\/\/integragen.com\/wp-content\/uploads\/2024\/09\/CP_integragen_OPA_oncodna_090720.pdf\" target=\"_blank\" rel=\"noreferrer noopener\">Filing of a proposed takeover bid<\/a><\/td><\/tr><tr><td>July 9, 2020&nbsp;&nbsp;&nbsp;<\/td><td><a href=\"https:\/\/integragen.com\/wp-content\/uploads\/2024\/09\/Avis-AMF-22-oct.pdf\" target=\"_blank\" rel=\"noreferrer noopener\">In response to the proposed takeover bid<\/a><\/td><\/tr><\/tbody><\/table><\/figure>\n\n\n\n<div style=\"height:100px\" aria-hidden=\"true\" class=\"wp-block-spacer\"><\/div>\n<\/div>\n\n\n\n<p><\/p>","protected":false},"excerpt":{"rendered":"<p>OncoDNA Friendly Takeover Bid PRESS RELEASE July 9, 2020 Agreement to a friendly takeover bid initiated by OncoDNA for IntegraGen July 9, 2020 Filing of a draft takeover bid July 9, 2020 In response to the draft takeover bid<\/p>","protected":false},"author":1,"featured_media":0,"parent":429,"menu_order":2,"comment_status":"closed","ping_status":"closed","template":"fullwidth-page-template","meta":{"ca_portfolio_gallery_project_year":"","ca_portfolio_gallery_client":"","ca_portfolio_gallery_skills":"","ca_portfolio_gallery_url":"","ca_portfolio_gallery_images":"","_eb_attr":"","footnotes":""},"class_list":["post-517","page","type-page","status-publish","hentry"],"yoast_head":"<!-- This site is optimized with the Yoast SEO plugin v27.3 - https:\/\/yoast.com\/product\/yoast-seo-wordpress\/ -->\n<title>OncoDNA Offre Publique d\u2019Achat Amicale &#8211; IntegraGen<\/title>\n<meta name=\"robots\" content=\"index, follow, max-snippet:-1, max-image-preview:large, max-video-preview:-1\" \/>\n<link rel=\"canonical\" href=\"https:\/\/integragen.com\/en\/investisseurs\/archives\/oncodna-offre-publique-dachat-amicale\/\" \/>\n<meta property=\"og:locale\" content=\"en_US\" \/>\n<meta property=\"og:type\" content=\"article\" \/>\n<meta property=\"og:title\" content=\"OncoDNA Offre Publique d\u2019Achat Amicale &#8211; IntegraGen\" \/>\n<meta property=\"og:description\" content=\"OncoDNA Offre Publique d\u2019Achat Amicale COMMUNIQU\u00c9S DE PRESSE 9 juillet 2020&nbsp;&nbsp;&nbsp; Accord en vue d\u2019une offre publique d\u2019achat amicale initi\u00e9e par OncoDNA sur IntegraGen 9 juillet 2020&nbsp;&nbsp;&nbsp; D\u00e9p\u00f4t d\u2019un projet d\u2019offre publique d\u2019achat 9 juillet 2020&nbsp;&nbsp;&nbsp; En r\u00e9ponse au projet d\u2019offre publique d\u2019achat\" \/>\n<meta property=\"og:url\" content=\"https:\/\/integragen.com\/en\/investisseurs\/archives\/oncodna-offre-publique-dachat-amicale\/\" \/>\n<meta property=\"og:site_name\" content=\"IntegraGen\" \/>\n<meta property=\"article:modified_time\" content=\"2025-07-01T13:27:00+00:00\" \/>\n<meta property=\"og:image\" content=\"https:\/\/integragen.com\/wp-content\/uploads\/2024\/07\/image-1.png\" \/>\n\t<meta property=\"og:image:width\" content=\"2478\" \/>\n\t<meta property=\"og:image:height\" content=\"684\" \/>\n\t<meta property=\"og:image:type\" content=\"image\/png\" \/>\n<meta name=\"twitter:card\" content=\"summary_large_image\" \/>\n<meta name=\"twitter:label1\" content=\"Est. reading time\" \/>\n\t<meta name=\"twitter:data1\" content=\"1 minute\" \/>\n<script type=\"application\/ld+json\" class=\"yoast-schema-graph\">{\"@context\":\"https:\\\/\\\/schema.org\",\"@graph\":[{\"@type\":\"WebPage\",\"@id\":\"https:\\\/\\\/integragen.com\\\/investisseurs\\\/archives\\\/oncodna-offre-publique-dachat-amicale\\\/\",\"url\":\"https:\\\/\\\/integragen.com\\\/investisseurs\\\/archives\\\/oncodna-offre-publique-dachat-amicale\\\/\",\"name\":\"OncoDNA Offre Publique d\u2019Achat Amicale &#8211; IntegraGen\",\"isPartOf\":{\"@id\":\"https:\\\/\\\/integragen.com\\\/#website\"},\"datePublished\":\"2024-07-22T15:24:08+00:00\",\"dateModified\":\"2025-07-01T13:27:00+00:00\",\"breadcrumb\":{\"@id\":\"https:\\\/\\\/integragen.com\\\/investisseurs\\\/archives\\\/oncodna-offre-publique-dachat-amicale\\\/#breadcrumb\"},\"inLanguage\":\"en-US\",\"potentialAction\":[{\"@type\":\"ReadAction\",\"target\":[\"https:\\\/\\\/integragen.com\\\/investisseurs\\\/archives\\\/oncodna-offre-publique-dachat-amicale\\\/\"]}]},{\"@type\":\"BreadcrumbList\",\"@id\":\"https:\\\/\\\/integragen.com\\\/investisseurs\\\/archives\\\/oncodna-offre-publique-dachat-amicale\\\/#breadcrumb\",\"itemListElement\":[{\"@type\":\"ListItem\",\"position\":1,\"name\":\"Accueil\",\"item\":\"https:\\\/\\\/integragen.com\\\/\"},{\"@type\":\"ListItem\",\"position\":2,\"name\":\"Investisseurs\",\"item\":\"https:\\\/\\\/integragen.com\\\/investisseurs\\\/\"},{\"@type\":\"ListItem\",\"position\":3,\"name\":\"Archives\",\"item\":\"https:\\\/\\\/integragen.com\\\/investisseurs\\\/archives\\\/\"},{\"@type\":\"ListItem\",\"position\":4,\"name\":\"OncoDNA Offre Publique d\u2019Achat Amicale\"}]},{\"@type\":\"WebSite\",\"@id\":\"https:\\\/\\\/integragen.com\\\/#website\",\"url\":\"https:\\\/\\\/integragen.com\\\/\",\"name\":\"IntegraGen - Clinical Genomic Experts\",\"description\":\"NGS Sequencing &amp; Bioinformatics for Pharma, Biotech &amp; CRO\",\"publisher\":{\"@id\":\"https:\\\/\\\/integragen.com\\\/#organization\"},\"alternateName\":\"IntegraGen\",\"potentialAction\":[{\"@type\":\"SearchAction\",\"target\":{\"@type\":\"EntryPoint\",\"urlTemplate\":\"https:\\\/\\\/integragen.com\\\/?s={search_term_string}\"},\"query-input\":{\"@type\":\"PropertyValueSpecification\",\"valueRequired\":true,\"valueName\":\"search_term_string\"}}],\"inLanguage\":\"en-US\"},{\"@type\":\"Organization\",\"@id\":\"https:\\\/\\\/integragen.com\\\/#organization\",\"name\":\"IntegraGen\",\"url\":\"https:\\\/\\\/integragen.com\\\/\",\"logo\":{\"@type\":\"ImageObject\",\"inLanguage\":\"en-US\",\"@id\":\"https:\\\/\\\/integragen.com\\\/#\\\/schema\\\/logo\\\/image\\\/\",\"url\":\"https:\\\/\\\/integragen.com\\\/wp-content\\\/uploads\\\/2024\\\/09\\\/Logo_IntegraGen_OncoDNA.png\",\"contentUrl\":\"https:\\\/\\\/integragen.com\\\/wp-content\\\/uploads\\\/2024\\\/09\\\/Logo_IntegraGen_OncoDNA.png\",\"width\":2478,\"height\":684,\"caption\":\"IntegraGen\"},\"image\":{\"@id\":\"https:\\\/\\\/integragen.com\\\/#\\\/schema\\\/logo\\\/image\\\/\"},\"sameAs\":[\"https:\\\/\\\/www.linkedin.com\\\/company\\\/integragen\\\/\"]}]}<\/script>\n<!-- \/ Yoast SEO plugin. -->","yoast_head_json":{"title":"OncoDNA Offre Publique d\u2019Achat Amicale &#8211; IntegraGen","robots":{"index":"index","follow":"follow","max-snippet":"max-snippet:-1","max-image-preview":"max-image-preview:large","max-video-preview":"max-video-preview:-1"},"canonical":"https:\/\/integragen.com\/en\/investisseurs\/archives\/oncodna-offre-publique-dachat-amicale\/","og_locale":"en_US","og_type":"article","og_title":"OncoDNA Offre Publique d\u2019Achat Amicale &#8211; IntegraGen","og_description":"OncoDNA Offre Publique d\u2019Achat Amicale COMMUNIQU\u00c9S DE PRESSE 9 juillet 2020&nbsp;&nbsp;&nbsp; Accord en vue d\u2019une offre publique d\u2019achat amicale initi\u00e9e par OncoDNA sur IntegraGen 9 juillet 2020&nbsp;&nbsp;&nbsp; D\u00e9p\u00f4t d\u2019un projet d\u2019offre publique d\u2019achat 9 juillet 2020&nbsp;&nbsp;&nbsp; En r\u00e9ponse au projet d\u2019offre publique d\u2019achat","og_url":"https:\/\/integragen.com\/en\/investisseurs\/archives\/oncodna-offre-publique-dachat-amicale\/","og_site_name":"IntegraGen","article_modified_time":"2025-07-01T13:27:00+00:00","og_image":[{"width":2478,"height":684,"url":"https:\/\/integragen.com\/wp-content\/uploads\/2024\/07\/image-1.png","type":"image\/png"}],"twitter_card":"summary_large_image","twitter_misc":{"Est. reading time":"1 minute"},"schema":{"@context":"https:\/\/schema.org","@graph":[{"@type":"WebPage","@id":"https:\/\/integragen.com\/investisseurs\/archives\/oncodna-offre-publique-dachat-amicale\/","url":"https:\/\/integragen.com\/investisseurs\/archives\/oncodna-offre-publique-dachat-amicale\/","name":"OncoDNA Offre Publique d\u2019Achat Amicale &#8211; IntegraGen","isPartOf":{"@id":"https:\/\/integragen.com\/#website"},"datePublished":"2024-07-22T15:24:08+00:00","dateModified":"2025-07-01T13:27:00+00:00","breadcrumb":{"@id":"https:\/\/integragen.com\/investisseurs\/archives\/oncodna-offre-publique-dachat-amicale\/#breadcrumb"},"inLanguage":"en-US","potentialAction":[{"@type":"ReadAction","target":["https:\/\/integragen.com\/investisseurs\/archives\/oncodna-offre-publique-dachat-amicale\/"]}]},{"@type":"BreadcrumbList","@id":"https:\/\/integragen.com\/investisseurs\/archives\/oncodna-offre-publique-dachat-amicale\/#breadcrumb","itemListElement":[{"@type":"ListItem","position":1,"name":"Accueil","item":"https:\/\/integragen.com\/"},{"@type":"ListItem","position":2,"name":"Investisseurs","item":"https:\/\/integragen.com\/investisseurs\/"},{"@type":"ListItem","position":3,"name":"Archives","item":"https:\/\/integragen.com\/investisseurs\/archives\/"},{"@type":"ListItem","position":4,"name":"OncoDNA Offre Publique d\u2019Achat Amicale"}]},{"@type":"WebSite","@id":"https:\/\/integragen.com\/#website","url":"https:\/\/integragen.com\/","name":"IntegraGen - Clinical Genomic Experts","description":"NGS Sequencing &amp; Bioinformatics for Pharma, Biotech &amp; CROs","publisher":{"@id":"https:\/\/integragen.com\/#organization"},"alternateName":"IntegraGen","potentialAction":[{"@type":"SearchAction","target":{"@type":"EntryPoint","urlTemplate":"https:\/\/integragen.com\/?s={search_term_string}"},"query-input":{"@type":"PropertyValueSpecification","valueRequired":true,"valueName":"search_term_string"}}],"inLanguage":"en-US"},{"@type":"Organization","@id":"https:\/\/integragen.com\/#organization","name":"IntegraGen","url":"https:\/\/integragen.com\/","logo":{"@type":"ImageObject","inLanguage":"en-US","@id":"https:\/\/integragen.com\/#\/schema\/logo\/image\/","url":"https:\/\/integragen.com\/wp-content\/uploads\/2024\/09\/Logo_IntegraGen_OncoDNA.png","contentUrl":"https:\/\/integragen.com\/wp-content\/uploads\/2024\/09\/Logo_IntegraGen_OncoDNA.png","width":2478,"height":684,"caption":"IntegraGen"},"image":{"@id":"https:\/\/integragen.com\/#\/schema\/logo\/image\/"},"sameAs":["https:\/\/www.linkedin.com\/company\/integragen\/"]}]}},"_links":{"self":[{"href":"https:\/\/integragen.com\/en\/wp-json\/wp\/v2\/pages\/517","targetHints":{"allow":["GET"]}}],"collection":[{"href":"https:\/\/integragen.com\/en\/wp-json\/wp\/v2\/pages"}],"about":[{"href":"https:\/\/integragen.com\/en\/wp-json\/wp\/v2\/types\/page"}],"author":[{"embeddable":true,"href":"https:\/\/integragen.com\/en\/wp-json\/wp\/v2\/users\/1"}],"replies":[{"embeddable":true,"href":"https:\/\/integragen.com\/en\/wp-json\/wp\/v2\/comments?post=517"}],"version-history":[{"count":9,"href":"https:\/\/integragen.com\/en\/wp-json\/wp\/v2\/pages\/517\/revisions"}],"predecessor-version":[{"id":4325,"href":"https:\/\/integragen.com\/en\/wp-json\/wp\/v2\/pages\/517\/revisions\/4325"}],"up":[{"embeddable":true,"href":"https:\/\/integragen.com\/en\/wp-json\/wp\/v2\/pages\/429"}],"wp:attachment":[{"href":"https:\/\/integragen.com\/en\/wp-json\/wp\/v2\/media?parent=517"}],"curies":[{"name":"wp","href":"https:\/\/api.w.org\/{rel}","templated":true}]}}