{"id":4517,"date":"2025-10-07T15:43:18","date_gmt":"2025-10-07T13:43:18","guid":{"rendered":"https:\/\/integragen.com\/?page_id=4517"},"modified":"2026-03-24T18:46:04","modified_gmt":"2026-03-24T16:46:04","slug":"biopsie-liquide-mrd","status":"publish","type":"page","link":"https:\/\/integragen.com\/en\/nos-services\/biopsie-liquide-mrd\/","title":{"rendered":"Liquid biopsy, MRD"},"content":{"rendered":"<div class=\"wp-block-group is-layout-constrained wp-container-core-group-is-layout-7a3688e9 wp-block-group-is-layout-constrained\">\n<figure class=\"wp-block-image aligncenter size-large\"><img loading=\"lazy\" decoding=\"async\" width=\"1024\" height=\"683\" src=\"https:\/\/integragen.com\/wp-content\/uploads\/2025\/10\/MOLIQIO-logo-1024x683.png\" alt=\"\" class=\"wp-image-4528\" srcset=\"https:\/\/integragen.com\/wp-content\/uploads\/2025\/10\/MOLIQIO-logo-1024x683.png 1024w, https:\/\/integragen.com\/wp-content\/uploads\/2025\/10\/MOLIQIO-logo-300x200.png 300w, https:\/\/integragen.com\/wp-content\/uploads\/2025\/10\/MOLIQIO-logo-768x512.png 768w, https:\/\/integragen.com\/wp-content\/uploads\/2025\/10\/MOLIQIO-logo-18x12.png 18w, https:\/\/integragen.com\/wp-content\/uploads\/2025\/10\/MOLIQIO-logo.png 1536w\" sizes=\"auto, (max-width: 1024px) 100vw, 1024px\" \/><\/figure>\n\n\n\n<div class=\"wp-block-group is-vertical is-layout-flex wp-container-core-group-is-layout-fe9cc265 wp-block-group-is-layout-flex\">\n<h4 class=\"wp-block-heading\"><strong>MOLIQIO: MRD innovation for precision oncology<\/strong><\/h4>\n\n\n\n<div class=\"wp-block-columns is-layout-flex wp-container-core-columns-is-layout-28f84493 wp-block-columns-is-layout-flex\">\n<div class=\"wp-block-column is-layout-flow wp-block-column-is-layout-flow\" style=\"flex-basis:25%\">\n<hr class=\"wp-block-separator has-text-color has-custom-couleur-3-color has-alpha-channel-opacity has-custom-couleur-3-background-color has-background is-style-default\"\/>\n<\/div>\n\n\n\n<div class=\"wp-block-column is-layout-flow wp-block-column-is-layout-flow\" style=\"flex-basis:25%\">\n<hr class=\"wp-block-separator has-text-color has-custom-couleur-3-color has-alpha-channel-opacity has-custom-couleur-3-background-color has-background is-style-default\"\/>\n<\/div>\n\n\n\n<div class=\"wp-block-column is-layout-flow wp-block-column-is-layout-flow\" style=\"flex-basis:50%\"><\/div>\n<\/div>\n<\/div>\n\n\n\n<p><\/p>\n\n\n\n<p>MOLIQIO is a liquid biopsy solution based on NGS (Next-Generation Sequencing), designed for <strong>Ultra-sensitive ctDNA detection<\/strong> and the <strong>accurate monitoring of cancer patients<\/strong>.<\/p>\n\n\n\n<p>Developed by IntegraGen in partnership with Twist Bioscience, this technology allows <strong>ctDNA detection with exceptional sensitivity (LOD down to 0.003% %)<\/strong>, adapted to the needs of the\u2019<strong>precision oncology<\/strong> and from <strong>minimal residual disease (MRD) monitoring<\/strong>.<\/p>\n\n\n\n<p>The solution relies on:<\/p>\n\n\n\n<ul class=\"wp-block-list\">\n<li>east <strong>custom panels from WES (Whole Exome Sequencing)<\/strong>,<\/li>\n\n\n\n<li>a <strong>optimized library preparation<\/strong>,<\/li>\n\n\n\n<li>a <strong>Advanced bioinformatics analysis with UMI duplex technology<\/strong>,<\/li>\n<\/ul>\n\n\n\n<p>guaranteeing a <strong>maximum specificity<\/strong> and a <strong>fast turnaround<\/strong>.<\/p>\n\n\n\n<p>Compliant with standards <strong>CLIA\/CAP<\/strong>, MOLIQIO generates a <strong>Reliable and actionable clinical report<\/strong>, facilitating the <strong>therapeutic follow-up<\/strong>, the <strong>early detection of relapses<\/strong> and the <strong>Personalized oncology decision-making<\/strong>.<\/p>\n\n\n\n<div style=\"height:35px\" aria-hidden=\"true\" class=\"wp-block-spacer\"><\/div>\n\n\n\n<div class=\"wp-block-columns is-layout-flex wp-container-core-columns-is-layout-28f84493 wp-block-columns-is-layout-flex\">\n<div class=\"wp-block-column is-layout-flow wp-block-column-is-layout-flow\">\n<figure class=\"wp-block-image alignright size-full\"><img loading=\"lazy\" decoding=\"async\" width=\"332\" height=\"152\" src=\"https:\/\/integragen.com\/wp-content\/uploads\/2024\/09\/CliaCap.png\" alt=\"\" class=\"wp-image-2896\" srcset=\"https:\/\/integragen.com\/wp-content\/uploads\/2024\/09\/CliaCap.png 332w, https:\/\/integragen.com\/wp-content\/uploads\/2024\/09\/CliaCap-300x137.png 300w, https:\/\/integragen.com\/wp-content\/uploads\/2024\/09\/CliaCap-18x8.png 18w\" sizes=\"auto, (max-width: 332px) 100vw, 332px\" \/><\/figure>\n<\/div>\n\n\n\n<div class=\"wp-block-column is-layout-flow wp-block-column-is-layout-flow\">\n<figure class=\"wp-block-image alignleft size-full is-resized\"><img loading=\"lazy\" decoding=\"async\" width=\"631\" height=\"272\" src=\"https:\/\/integragen.com\/wp-content\/uploads\/2025\/10\/NexGen-Announces-CAP-Re-Accreditation-NexGen-Biobanking.png\" alt=\"\" class=\"wp-image-4552\" style=\"width:351px;height:auto\" srcset=\"https:\/\/integragen.com\/wp-content\/uploads\/2025\/10\/NexGen-Announces-CAP-Re-Accreditation-NexGen-Biobanking.png 631w, https:\/\/integragen.com\/wp-content\/uploads\/2025\/10\/NexGen-Announces-CAP-Re-Accreditation-NexGen-Biobanking-300x129.png 300w, https:\/\/integragen.com\/wp-content\/uploads\/2025\/10\/NexGen-Announces-CAP-Re-Accreditation-NexGen-Biobanking-18x8.png 18w\" sizes=\"auto, (max-width: 631px) 100vw, 631px\" \/><\/figure>\n<\/div>\n<\/div>\n\n\n\n<div class=\"wp-block-group is-vertical is-layout-flex wp-container-core-group-is-layout-fe9cc265 wp-block-group-is-layout-flex\">\n<h4 class=\"wp-block-heading\"><strong>LEARN MORE<\/strong><\/h4>\n\n\n\n<div class=\"wp-block-columns is-layout-flex wp-container-core-columns-is-layout-28f84493 wp-block-columns-is-layout-flex\">\n<div class=\"wp-block-column is-layout-flow wp-block-column-is-layout-flow\" style=\"flex-basis:25%\">\n<hr class=\"wp-block-separator has-text-color has-custom-couleur-3-color has-alpha-channel-opacity has-custom-couleur-3-background-color has-background is-style-default\"\/>\n<\/div>\n\n\n\n<div class=\"wp-block-column is-layout-flow wp-block-column-is-layout-flow\" style=\"flex-basis:25%\">\n<hr class=\"wp-block-separator has-text-color has-custom-couleur-3-color has-alpha-channel-opacity has-custom-couleur-3-background-color has-background is-style-default\"\/>\n<\/div>\n\n\n\n<div class=\"wp-block-column is-layout-flow wp-block-column-is-layout-flow\" style=\"flex-basis:50%\"><\/div>\n<\/div>\n<\/div>\n\n\n\n<div class=\"wp-block-group is-vertical is-layout-flex wp-container-core-group-is-layout-fe9cc265 wp-block-group-is-layout-flex\">\n<p><strong>\ud83d\udc49<a href=\"https:\/\/integragen.com\/en\/formulaire-mrd\/\" target=\"_blank\" rel=\"noreferrer noopener nofollow\">Fill in the form to access the full Application Note<\/a>.<\/strong><\/p>\n\n\n\n<figure class=\"wp-block-image aligncenter size-full is-resized\"><img loading=\"lazy\" decoding=\"async\" width=\"1092\" height=\"711\" src=\"https:\/\/integragen.com\/wp-content\/uploads\/2025\/10\/image-4.png\" alt=\"\" class=\"wp-image-4549\" style=\"width:412px;height:auto\" srcset=\"https:\/\/integragen.com\/wp-content\/uploads\/2025\/10\/image-4.png 1092w, https:\/\/integragen.com\/wp-content\/uploads\/2025\/10\/image-4-300x195.png 300w, https:\/\/integragen.com\/wp-content\/uploads\/2025\/10\/image-4-1024x667.png 1024w, https:\/\/integragen.com\/wp-content\/uploads\/2025\/10\/image-4-768x500.png 768w, https:\/\/integragen.com\/wp-content\/uploads\/2025\/10\/image-4-18x12.png 18w\" sizes=\"auto, (max-width: 1092px) 100vw, 1092px\" \/><\/figure>\n\n\n\n<div style=\"height:0px\" aria-hidden=\"true\" class=\"wp-block-spacer wp-container-content-8af585c5\"><\/div>\n\n\n\n<p><strong>\ud83d\udc49<\/strong><em><a href=\"https:\/\/pubmed.ncbi.nlm.nih.gov\/40506726\/\"><strong>Ben Sassi et al. Journal of Experimental &amp; Clinical Cancer Research (2025)<\/strong><\/a><\/em><\/p>\n\n\n\n<figure class=\"wp-block-image size-full is-resized\"><img loading=\"lazy\" decoding=\"async\" width=\"985\" height=\"543\" src=\"https:\/\/integragen.com\/wp-content\/uploads\/2025\/10\/image-5.png\" alt=\"\" class=\"wp-image-4550\" style=\"width:412px;height:auto\" srcset=\"https:\/\/integragen.com\/wp-content\/uploads\/2025\/10\/image-5.png 985w, https:\/\/integragen.com\/wp-content\/uploads\/2025\/10\/image-5-300x165.png 300w, https:\/\/integragen.com\/wp-content\/uploads\/2025\/10\/image-5-768x423.png 768w, https:\/\/integragen.com\/wp-content\/uploads\/2025\/10\/image-5-18x10.png 18w\" sizes=\"auto, (max-width: 985px) 100vw, 985px\" \/><\/figure>\n<\/div>\n\n\n\n<div style=\"height:35px\" aria-hidden=\"true\" class=\"wp-block-spacer\"><\/div>\n\n\n\n<p><strong>\ud83d\udc49<\/strong><a href=\"https:\/\/www.twistbioscience.com\/resources\/webinar\/developing-integrated-mrd-assay-transform-oncology\" target=\"_blank\" rel=\"noreferrer noopener\"><strong>Watch our Webinar Developing an Integrated MRD Assay to Transform Oncology.<\/strong><\/a><\/p>\n\n\n\n<figure class=\"wp-block-image size-large is-resized\"><img loading=\"lazy\" decoding=\"async\" width=\"1024\" height=\"261\" src=\"https:\/\/integragen.com\/wp-content\/uploads\/2025\/10\/image-6-1024x261.png\" alt=\"\" class=\"wp-image-4556\" style=\"width:569px;height:auto\" srcset=\"https:\/\/integragen.com\/wp-content\/uploads\/2025\/10\/image-6-1024x261.png 1024w, https:\/\/integragen.com\/wp-content\/uploads\/2025\/10\/image-6-300x76.png 300w, https:\/\/integragen.com\/wp-content\/uploads\/2025\/10\/image-6-768x196.png 768w, https:\/\/integragen.com\/wp-content\/uploads\/2025\/10\/image-6-18x5.png 18w, https:\/\/integragen.com\/wp-content\/uploads\/2025\/10\/image-6.png 1123w\" sizes=\"auto, (max-width: 1024px) 100vw, 1024px\" \/><\/figure>\n\n\n\n<div style=\"height:35px\" aria-hidden=\"true\" class=\"wp-block-spacer\"><\/div>\n<\/div>","protected":false},"excerpt":{"rendered":"<p>MOLIQIO : L\u2019innovation MRD au service de l\u2019oncologie de pr\u00e9cision MOLIQIO est une solution de biopsie liquide bas\u00e9e sur le s\u00e9quen\u00e7age NGS (Next-Generation Sequencing), con\u00e7ue pour la d\u00e9tection ultra-sensible du ctDNA et le suivi pr\u00e9cis des patients atteints de cancer. D\u00e9velopp\u00e9e par IntegraGen en partenariat avec Twist Bioscience, cette technologie permet une d\u00e9tection du ctDNA&#8230;<\/p>","protected":false},"author":2,"featured_media":0,"parent":2080,"menu_order":0,"comment_status":"closed","ping_status":"closed","template":"fullwidth-page-template","meta":{"ca_portfolio_gallery_project_year":"","ca_portfolio_gallery_client":"","ca_portfolio_gallery_skills":"","ca_portfolio_gallery_url":"","ca_portfolio_gallery_images":"","_eb_attr":"","footnotes":""},"class_list":["post-4517","page","type-page","status-publish","hentry"],"yoast_head":"<!-- This site is optimized with the Yoast SEO plugin v27.3 - https:\/\/yoast.com\/product\/yoast-seo-wordpress\/ -->\n<title>Biopsie Liquide, MRD &#8211; IntegraGen<\/title>\n<meta name=\"robots\" content=\"index, follow, max-snippet:-1, max-image-preview:large, max-video-preview:-1\" \/>\n<link rel=\"canonical\" href=\"https:\/\/integragen.com\/en\/nos-services\/biopsie-liquide-mrd\/\" \/>\n<meta property=\"og:locale\" content=\"en_US\" \/>\n<meta property=\"og:type\" content=\"article\" \/>\n<meta property=\"og:title\" content=\"Biopsie Liquide, MRD &#8211; IntegraGen\" \/>\n<meta property=\"og:description\" content=\"MOLIQIO : L\u2019innovation MRD au service de l\u2019oncologie de pr\u00e9cision MOLIQIO est une solution de biopsie liquide bas\u00e9e sur le s\u00e9quen\u00e7age NGS (Next-Generation Sequencing), con\u00e7ue pour la d\u00e9tection ultra-sensible du ctDNA et le suivi pr\u00e9cis des patients atteints de cancer. D\u00e9velopp\u00e9e par IntegraGen en partenariat avec Twist Bioscience, cette technologie permet une d\u00e9tection du ctDNA...\" \/>\n<meta property=\"og:url\" content=\"https:\/\/integragen.com\/en\/nos-services\/biopsie-liquide-mrd\/\" \/>\n<meta property=\"og:site_name\" content=\"IntegraGen\" \/>\n<meta property=\"article:modified_time\" content=\"2026-03-24T16:46:04+00:00\" \/>\n<meta property=\"og:image\" content=\"https:\/\/integragen.com\/wp-content\/uploads\/2025\/10\/MOLIQIO-logo.png\" \/>\n\t<meta property=\"og:image:width\" content=\"1536\" \/>\n\t<meta property=\"og:image:height\" content=\"1024\" \/>\n\t<meta property=\"og:image:type\" content=\"image\/png\" \/>\n<meta name=\"twitter:card\" content=\"summary_large_image\" \/>\n<meta name=\"twitter:label1\" content=\"Est. reading time\" \/>\n\t<meta name=\"twitter:data1\" content=\"3 minutes\" \/>\n<script type=\"application\/ld+json\" class=\"yoast-schema-graph\">{\"@context\":\"https:\\\/\\\/schema.org\",\"@graph\":[{\"@type\":\"WebPage\",\"@id\":\"https:\\\/\\\/integragen.com\\\/nos-services\\\/biopsie-liquide-mrd\\\/\",\"url\":\"https:\\\/\\\/integragen.com\\\/nos-services\\\/biopsie-liquide-mrd\\\/\",\"name\":\"Biopsie Liquide, MRD &#8211; IntegraGen\",\"isPartOf\":{\"@id\":\"https:\\\/\\\/integragen.com\\\/#website\"},\"primaryImageOfPage\":{\"@id\":\"https:\\\/\\\/integragen.com\\\/nos-services\\\/biopsie-liquide-mrd\\\/#primaryimage\"},\"image\":{\"@id\":\"https:\\\/\\\/integragen.com\\\/nos-services\\\/biopsie-liquide-mrd\\\/#primaryimage\"},\"thumbnailUrl\":\"https:\\\/\\\/integragen.com\\\/wp-content\\\/uploads\\\/2025\\\/10\\\/MOLIQIO-logo-1024x683.png\",\"datePublished\":\"2025-10-07T13:43:18+00:00\",\"dateModified\":\"2026-03-24T16:46:04+00:00\",\"breadcrumb\":{\"@id\":\"https:\\\/\\\/integragen.com\\\/nos-services\\\/biopsie-liquide-mrd\\\/#breadcrumb\"},\"inLanguage\":\"en-US\",\"potentialAction\":[{\"@type\":\"ReadAction\",\"target\":[\"https:\\\/\\\/integragen.com\\\/nos-services\\\/biopsie-liquide-mrd\\\/\"]}]},{\"@type\":\"ImageObject\",\"inLanguage\":\"en-US\",\"@id\":\"https:\\\/\\\/integragen.com\\\/nos-services\\\/biopsie-liquide-mrd\\\/#primaryimage\",\"url\":\"https:\\\/\\\/integragen.com\\\/wp-content\\\/uploads\\\/2025\\\/10\\\/MOLIQIO-logo-1024x683.png\",\"contentUrl\":\"https:\\\/\\\/integragen.com\\\/wp-content\\\/uploads\\\/2025\\\/10\\\/MOLIQIO-logo-1024x683.png\"},{\"@type\":\"BreadcrumbList\",\"@id\":\"https:\\\/\\\/integragen.com\\\/nos-services\\\/biopsie-liquide-mrd\\\/#breadcrumb\",\"itemListElement\":[{\"@type\":\"ListItem\",\"position\":1,\"name\":\"Accueil\",\"item\":\"https:\\\/\\\/integragen.com\\\/\"},{\"@type\":\"ListItem\",\"position\":2,\"name\":\"Nos Services\",\"item\":\"https:\\\/\\\/integragen.com\\\/nos-services\\\/\"},{\"@type\":\"ListItem\",\"position\":3,\"name\":\"Biopsie Liquide, MRD\"}]},{\"@type\":\"WebSite\",\"@id\":\"https:\\\/\\\/integragen.com\\\/#website\",\"url\":\"https:\\\/\\\/integragen.com\\\/\",\"name\":\"IntegraGen - Clinical Genomic Experts\",\"description\":\"NGS Sequencing &amp; Bioinformatics for Pharma, Biotech &amp; CRO\",\"publisher\":{\"@id\":\"https:\\\/\\\/integragen.com\\\/#organization\"},\"alternateName\":\"IntegraGen\",\"potentialAction\":[{\"@type\":\"SearchAction\",\"target\":{\"@type\":\"EntryPoint\",\"urlTemplate\":\"https:\\\/\\\/integragen.com\\\/?s={search_term_string}\"},\"query-input\":{\"@type\":\"PropertyValueSpecification\",\"valueRequired\":true,\"valueName\":\"search_term_string\"}}],\"inLanguage\":\"en-US\"},{\"@type\":\"Organization\",\"@id\":\"https:\\\/\\\/integragen.com\\\/#organization\",\"name\":\"IntegraGen\",\"url\":\"https:\\\/\\\/integragen.com\\\/\",\"logo\":{\"@type\":\"ImageObject\",\"inLanguage\":\"en-US\",\"@id\":\"https:\\\/\\\/integragen.com\\\/#\\\/schema\\\/logo\\\/image\\\/\",\"url\":\"https:\\\/\\\/integragen.com\\\/wp-content\\\/uploads\\\/2024\\\/09\\\/Logo_IntegraGen_OncoDNA.png\",\"contentUrl\":\"https:\\\/\\\/integragen.com\\\/wp-content\\\/uploads\\\/2024\\\/09\\\/Logo_IntegraGen_OncoDNA.png\",\"width\":2478,\"height\":684,\"caption\":\"IntegraGen\"},\"image\":{\"@id\":\"https:\\\/\\\/integragen.com\\\/#\\\/schema\\\/logo\\\/image\\\/\"},\"sameAs\":[\"https:\\\/\\\/www.linkedin.com\\\/company\\\/integragen\\\/\"]}]}<\/script>\n<!-- \/ Yoast SEO plugin. -->","yoast_head_json":{"title":"Biopsie Liquide, MRD &#8211; IntegraGen","robots":{"index":"index","follow":"follow","max-snippet":"max-snippet:-1","max-image-preview":"max-image-preview:large","max-video-preview":"max-video-preview:-1"},"canonical":"https:\/\/integragen.com\/en\/nos-services\/biopsie-liquide-mrd\/","og_locale":"en_US","og_type":"article","og_title":"Biopsie Liquide, MRD &#8211; IntegraGen","og_description":"MOLIQIO : L\u2019innovation MRD au service de l\u2019oncologie de pr\u00e9cision MOLIQIO est une solution de biopsie liquide bas\u00e9e sur le s\u00e9quen\u00e7age NGS (Next-Generation Sequencing), con\u00e7ue pour la d\u00e9tection ultra-sensible du ctDNA et le suivi pr\u00e9cis des patients atteints de cancer. D\u00e9velopp\u00e9e par IntegraGen en partenariat avec Twist Bioscience, cette technologie permet une d\u00e9tection du ctDNA...","og_url":"https:\/\/integragen.com\/en\/nos-services\/biopsie-liquide-mrd\/","og_site_name":"IntegraGen","article_modified_time":"2026-03-24T16:46:04+00:00","og_image":[{"width":1536,"height":1024,"url":"https:\/\/integragen.com\/wp-content\/uploads\/2025\/10\/MOLIQIO-logo.png","type":"image\/png"}],"twitter_card":"summary_large_image","twitter_misc":{"Est. reading time":"3 minutes"},"schema":{"@context":"https:\/\/schema.org","@graph":[{"@type":"WebPage","@id":"https:\/\/integragen.com\/nos-services\/biopsie-liquide-mrd\/","url":"https:\/\/integragen.com\/nos-services\/biopsie-liquide-mrd\/","name":"Biopsie Liquide, MRD &#8211; IntegraGen","isPartOf":{"@id":"https:\/\/integragen.com\/#website"},"primaryImageOfPage":{"@id":"https:\/\/integragen.com\/nos-services\/biopsie-liquide-mrd\/#primaryimage"},"image":{"@id":"https:\/\/integragen.com\/nos-services\/biopsie-liquide-mrd\/#primaryimage"},"thumbnailUrl":"https:\/\/integragen.com\/wp-content\/uploads\/2025\/10\/MOLIQIO-logo-1024x683.png","datePublished":"2025-10-07T13:43:18+00:00","dateModified":"2026-03-24T16:46:04+00:00","breadcrumb":{"@id":"https:\/\/integragen.com\/nos-services\/biopsie-liquide-mrd\/#breadcrumb"},"inLanguage":"en-US","potentialAction":[{"@type":"ReadAction","target":["https:\/\/integragen.com\/nos-services\/biopsie-liquide-mrd\/"]}]},{"@type":"ImageObject","inLanguage":"en-US","@id":"https:\/\/integragen.com\/nos-services\/biopsie-liquide-mrd\/#primaryimage","url":"https:\/\/integragen.com\/wp-content\/uploads\/2025\/10\/MOLIQIO-logo-1024x683.png","contentUrl":"https:\/\/integragen.com\/wp-content\/uploads\/2025\/10\/MOLIQIO-logo-1024x683.png"},{"@type":"BreadcrumbList","@id":"https:\/\/integragen.com\/nos-services\/biopsie-liquide-mrd\/#breadcrumb","itemListElement":[{"@type":"ListItem","position":1,"name":"Accueil","item":"https:\/\/integragen.com\/"},{"@type":"ListItem","position":2,"name":"Nos Services","item":"https:\/\/integragen.com\/nos-services\/"},{"@type":"ListItem","position":3,"name":"Biopsie Liquide, MRD"}]},{"@type":"WebSite","@id":"https:\/\/integragen.com\/#website","url":"https:\/\/integragen.com\/","name":"IntegraGen - Clinical Genomic Experts","description":"NGS Sequencing &amp; Bioinformatics for Pharma, Biotech &amp; CROs","publisher":{"@id":"https:\/\/integragen.com\/#organization"},"alternateName":"IntegraGen","potentialAction":[{"@type":"SearchAction","target":{"@type":"EntryPoint","urlTemplate":"https:\/\/integragen.com\/?s={search_term_string}"},"query-input":{"@type":"PropertyValueSpecification","valueRequired":true,"valueName":"search_term_string"}}],"inLanguage":"en-US"},{"@type":"Organization","@id":"https:\/\/integragen.com\/#organization","name":"IntegraGen","url":"https:\/\/integragen.com\/","logo":{"@type":"ImageObject","inLanguage":"en-US","@id":"https:\/\/integragen.com\/#\/schema\/logo\/image\/","url":"https:\/\/integragen.com\/wp-content\/uploads\/2024\/09\/Logo_IntegraGen_OncoDNA.png","contentUrl":"https:\/\/integragen.com\/wp-content\/uploads\/2024\/09\/Logo_IntegraGen_OncoDNA.png","width":2478,"height":684,"caption":"IntegraGen"},"image":{"@id":"https:\/\/integragen.com\/#\/schema\/logo\/image\/"},"sameAs":["https:\/\/www.linkedin.com\/company\/integragen\/"]}]}},"_links":{"self":[{"href":"https:\/\/integragen.com\/en\/wp-json\/wp\/v2\/pages\/4517","targetHints":{"allow":["GET"]}}],"collection":[{"href":"https:\/\/integragen.com\/en\/wp-json\/wp\/v2\/pages"}],"about":[{"href":"https:\/\/integragen.com\/en\/wp-json\/wp\/v2\/types\/page"}],"author":[{"embeddable":true,"href":"https:\/\/integragen.com\/en\/wp-json\/wp\/v2\/users\/2"}],"replies":[{"embeddable":true,"href":"https:\/\/integragen.com\/en\/wp-json\/wp\/v2\/comments?post=4517"}],"version-history":[{"count":40,"href":"https:\/\/integragen.com\/en\/wp-json\/wp\/v2\/pages\/4517\/revisions"}],"predecessor-version":[{"id":4757,"href":"https:\/\/integragen.com\/en\/wp-json\/wp\/v2\/pages\/4517\/revisions\/4757"}],"up":[{"embeddable":true,"href":"https:\/\/integragen.com\/en\/wp-json\/wp\/v2\/pages\/2080"}],"wp:attachment":[{"href":"https:\/\/integragen.com\/en\/wp-json\/wp\/v2\/media?parent=4517"}],"curies":[{"name":"wp","href":"https:\/\/api.w.org\/{rel}","templated":true}]}}