{"id":4356,"date":"2025-07-23T15:38:11","date_gmt":"2025-07-23T13:38:11","guid":{"rendered":"https:\/\/integragen.com\/?page_id=4356"},"modified":"2025-07-29T12:08:51","modified_gmt":"2025-07-29T10:08:51","slug":"biopharma-cro-2","status":"publish","type":"page","link":"https:\/\/integragen.com\/en\/votre-secteur-dactivite\/biopharma-cro-2\/","title":{"rendered":"Biopharma &amp; CRO"},"content":{"rendered":"<div class=\"wp-block-group is-layout-constrained wp-container-core-group-is-layout-12243e0f wp-block-group-is-layout-constrained\">\n<div class=\"wp-block-group has-custom-couleur-1-background-color has-background is-layout-constrained wp-container-core-group-is-layout-8809c702 wp-block-group-is-layout-constrained\" style=\"margin-top:0;margin-bottom:0;padding-top:80px;padding-right:16px;padding-bottom:80px;padding-left:16px\">\n<div class=\"wp-block-group has-text-color has-link-color wp-elements-2b84563f2a0f5970138012d75ef593a0 is-layout-constrained wp-container-core-group-is-layout-068c2f0c wp-block-group-is-layout-constrained\" style=\"color:#ebebeb;font-size:14px\"><link rel=\"stylesheet\" href=\"https:\/\/fonts.googleapis.com\/css2?family=Public+Sans:wght@400;500;600;700;800\" \/>\n<h2 class=\"wp-block-heading has-text-align-center has-text-color has-link-color wp-elements-db5ed6c744b5013ec28e80db2bb54cf8 cozy-animation__initialized\" style=\"color:#fffffe;font-size:clamp(27.894px, 1.743rem + ((1vw - 3.2px) * 1.226), 48px);font-style:normal;font-weight:600;line-height:1.3; font-family: 'Public Sans' !important;\" data-aos=\"flip-up\" data-aos-easing=\"ease-in\" data-aos-anchor-placement=\"top-center\" data-aos-duration=\"600\">Genomic solutions for oncology clinical trials<\/h2>\n\n\n\n<div style=\"height:35px\" aria-hidden=\"true\" class=\"wp-block-spacer\"><\/div>\n\n\n\n<p class=\"has-text-align-center has-medium-font-size\"><strong>CLIA\/CAP-certified sequencing &amp; bioinformatics for pharma, biotech and CRO partners<\/strong><\/p>\n\n\n\n<div style=\"height:35px\" aria-hidden=\"true\" class=\"wp-block-spacer\"><\/div>\n\n\n\n<div class=\"wp-block-buttons is-content-justification-center is-layout-flex wp-container-core-buttons-is-layout-a89b3969 wp-block-buttons-is-layout-flex\">\n<div class=\"wp-block-button\"><a class=\"wp-block-button__link has-custom-couleur-3-background-color has-background has-custom-font-size wp-element-button\" href=\"\/en\/contact\/\" style=\"border-radius:50px;padding-top:var(--wp--preset--spacing--30);padding-right:var(--wp--preset--spacing--60);padding-bottom:var(--wp--preset--spacing--30);padding-left:var(--wp--preset--spacing--60);font-size:clamp(14px, 0.875rem + ((1vw - 3.2px) * 0.244), 18px);\">Plan an exchange<\/a><\/div>\n<\/div>\n<\/div>\n<\/div>\n\n\n\n<div class=\"wp-block-group has-custom-couleur-1-color has-light-shade-background-color has-text-color has-background has-link-color wp-elements-42d2bef6b895e0957186d6c2e7795f02 is-layout-constrained wp-container-core-group-is-layout-068c2f0c wp-block-group-is-layout-constrained\" style=\"font-size:14px\">\n<div style=\"height:35px\" aria-hidden=\"true\" class=\"wp-block-spacer\"><\/div>\n\n\n\n<p class=\"has-text-align-left has-medium-font-size\">IntegraGen is a reference genomics partner for oncology clinical trials, with a CLIA\/CAP-certified laboratory, advanced bioinformatics and logistics adapted to clinical studies.<\/p>\n\n\n\n<p class=\"has-medium-font-size\">We work with academic sponsors, biotechs and CROs on clinical studies, at every stage of the process, with reliability, flexibility and regulatory compliance.<\/p>\n\n\n\n<p class=\"has-text-align-left has-medium-font-size\">These certifications ensure that IntegraGen meets the highest standards of quality and accuracy in clinical laboratory testing, making the company a trusted partner for companies involved in drug development and clinical trials.<\/p>\n\n\n\n<div style=\"height:35px\" aria-hidden=\"true\" class=\"wp-block-spacer\"><\/div>\n\n\n<div class=\"cozy-block-wrapper\">\n<ul class=\"cozy-block-icon-list horizontal default fill\" id=\"cozyBlock_2ae0e06b_63fe_4314_93c3_542d18cc8350\">\n<div class=\"list-inline-block\"><a href=\"\/en\/a-propos-de-nous\/certifications\/\" target=\"_blank\" rel=\"noopener\"><li class=\"cozy-block-list-item\" id=\"cozyBlock_49f01115_d5eb_4332_8aba_38afc0dabaf7\"><p>Our certifications<\/p><\/li><\/a><\/div>\n<\/ul>\n<\/div>\n\n\n<div style=\"height:20px\" aria-hidden=\"true\" class=\"wp-block-spacer\"><\/div>\n\n\n\n<div class=\"wp-block-group is-nowrap is-layout-flex wp-container-core-group-is-layout-6c531013 wp-block-group-is-layout-flex\">\n<figure class=\"wp-block-image alignleft size-full\"><img loading=\"lazy\" decoding=\"async\" width=\"187\" height=\"81\" src=\"https:\/\/integragen.com\/wp-content\/uploads\/2024\/09\/CAP-accredited.png\" alt=\"\" class=\"wp-image-2898\" srcset=\"https:\/\/integragen.com\/wp-content\/uploads\/2024\/09\/CAP-accredited.png 187w, https:\/\/integragen.com\/wp-content\/uploads\/2024\/09\/CAP-accredited-18x8.png 18w\" sizes=\"auto, (max-width: 187px) 100vw, 187px\" \/><\/figure>\n\n\n\n<figure class=\"wp-block-image alignleft size-full is-resized\"><img loading=\"lazy\" decoding=\"async\" width=\"332\" height=\"152\" src=\"https:\/\/integragen.com\/wp-content\/uploads\/2024\/09\/CliaCap.png\" alt=\"\" class=\"wp-image-2896\" style=\"width:187px\" srcset=\"https:\/\/integragen.com\/wp-content\/uploads\/2024\/09\/CliaCap.png 332w, https:\/\/integragen.com\/wp-content\/uploads\/2024\/09\/CliaCap-300x137.png 300w, https:\/\/integragen.com\/wp-content\/uploads\/2024\/09\/CliaCap-18x8.png 18w\" sizes=\"auto, (max-width: 332px) 100vw, 332px\" \/><\/figure>\n<\/div>\n<\/div>\n\n\n\n<div class=\"wp-block-group has-light-shade-background-color has-background is-layout-constrained wp-container-core-group-is-layout-44d86505 wp-block-group-is-layout-constrained\" style=\"margin-top:0;margin-bottom:0;padding-top:var(--wp--preset--spacing--80);padding-right:var(--wp--preset--spacing--40);padding-bottom:var(--wp--preset--spacing--80);padding-left:var(--wp--preset--spacing--40)\">\n<div style=\"height:46px\" aria-hidden=\"true\" class=\"wp-block-spacer\"><\/div>\n\n\n\n<h4 class=\"wp-block-heading\"><strong>Complete workflow<\/strong><\/h4>\n\n\n\n<div class=\"wp-block-group is-nowrap is-layout-flex wp-container-core-group-is-layout-6c531013 wp-block-group-is-layout-flex\">\n<figure class=\"wp-block-image aligncenter size-full\"><img loading=\"lazy\" decoding=\"async\" width=\"554\" height=\"369\" src=\"https:\/\/integragen.com\/wp-content\/uploads\/2025\/07\/Workflow-complet.jpg\" alt=\"\" class=\"wp-image-4365\" srcset=\"https:\/\/integragen.com\/wp-content\/uploads\/2025\/07\/Workflow-complet.jpg 554w, https:\/\/integragen.com\/wp-content\/uploads\/2025\/07\/Workflow-complet-300x200.jpg 300w, https:\/\/integragen.com\/wp-content\/uploads\/2025\/07\/Workflow-complet-18x12.jpg 18w\" sizes=\"auto, (max-width: 554px) 100vw, 554px\" \/><\/figure>\n\n\n\n<ul class=\"wp-block-list\">\n<li><strong><strong><strong><strong>Sample logistics<\/strong><\/strong><\/strong><\/strong>\n<ul class=\"wp-block-list\">\n<li>Organization of pick-ups from investigating centers and logistical traceability.<\/li>\n<\/ul>\n<\/li>\n\n\n\n<li><strong><strong><strong>Liaison with investigating centers<\/strong><\/strong><\/strong>\n<ul class=\"wp-block-list\">\n<li>Operational support with eTRFs, sample management guides and technical assistance.<\/li>\n<\/ul>\n<\/li>\n\n\n\n<li><strong><strong><strong><strong><strong><strong><a href=\"https:\/\/integragen.com\/en\/nos-services\/sequencage-de-banques-ngs\/\">NGS analysis<\/a><\/strong><\/strong><\/strong><\/strong><\/strong><\/strong>\n<ul class=\"wp-block-list\">\n<li><a href=\"https:\/\/integragen.com\/en\/nos-services\/genome-exome-panel\/\">Whole Exome Sequencing (WES)<\/a>.<\/li>\n\n\n\n<li><a href=\"https:\/\/integragen.com\/en\/nos-services\/genome-exome-panel\/\">Whole Genome Sequencing (WGS)<\/a>.<\/li>\n\n\n\n<li><a href=\"https:\/\/integragen.com\/en\/nos-services\/rna-seq\/\">RNA-seq<\/a>.<\/li>\n\n\n\n<li><a href=\"https:\/\/integragen.com\/en\/nos-services\/biopsie-liquide\/\">Minimal Residual Disease (MRD)<\/a> .<\/li>\n\n\n\n<li>All analyses are carried out in our CLIA\/CAP-certified laboratory in \u00c9vry (France).<\/li>\n<\/ul>\n<\/li>\n\n\n\n<li><strong><strong><strong><strong><strong><strong><strong><strong><strong><strong>Bioinformatics &amp; Rendering<\/strong><\/strong><\/strong><\/strong><\/strong><\/strong><\/strong><\/strong><\/strong><\/strong>\n<ul class=\"wp-block-list\">\n<li>Secure rendering.<\/li>\n\n\n\n<li>Turnaround times (TAT) mapped out and shared with sponsors\/CROs.<\/li>\n<\/ul>\n<\/li>\n<\/ul>\n<\/div>\n\n\n\n<div style=\"height:46px\" aria-hidden=\"true\" class=\"wp-block-spacer\"><\/div>\n\n\n\n<h4 class=\"wp-block-heading\"><strong>Our added value<\/strong><\/h4>\n\n\n\n<p>IntegraGen offers specialized sequencing services and clinical experience recognized by leading academic centers:<\/p>\n\n\n\n<ul class=\"wp-block-list\">\n<li><strong><strong><strong><strong><strong>Excellence in sequencing since 2009<\/strong><\/strong><\/strong><\/strong><\/strong>\n<ul class=\"wp-block-list\">\n<li><em><em><em>Exclusive rights to sequence biological samples<\/em>.<\/em><\/em><\/li>\n<\/ul>\n<\/li>\n\n\n\n<li><strong><strong><strong><strong>Simplified processes \/ Optimized European logistics<\/strong><\/strong><\/strong><\/strong>\n<ul class=\"wp-block-list\">\n<li><em><em>Reduced risk in sample management, no regulatory constraints in France.<\/em><\/em><\/li>\n<\/ul>\n<\/li>\n\n\n\n<li><strong><strong><strong><strong><strong><strong>Network of trust &amp; recommendations<\/strong><\/strong><\/strong><\/strong><\/strong><\/strong>\n<ul class=\"wp-block-list\">\n<li><em><em><em><em>Leading clinical centers (Gustave Roussy, Institut Pasteur, Bergoni\u00e9...) recommend IntegraGen.<\/em><\/em><\/em><\/em><\/li>\n<\/ul>\n<\/li>\n\n\n\n<li><strong><strong><strong><strong><strong><strong><strong><strong><strong>CLIA\/CAP-certified laboratory<\/strong><\/strong><\/strong><\/strong><\/strong><\/strong><\/strong><\/strong><\/strong>\n<ul class=\"wp-block-list\">\n<li><em><em><em><em><em><em><em>Validated quality system and access to sponsor audits.<\/em><\/em><\/em><\/em><\/em><\/em><\/em><\/li>\n<\/ul>\n<\/li>\n<\/ul>\n\n\n\n<div style=\"height:46px\" aria-hidden=\"true\" class=\"wp-block-spacer\"><\/div>\n\n\n\n<h4 class=\"wp-block-heading\"><strong>They put their trust in us<\/strong><\/h4>\n\n\n\n<p><strong>IntegraGen is a partner in clinical projects run by leading academic centers and hospitals.<\/strong><\/p>\n\n\n\n<p>IntegraGen contributes to the UMBRELLA study conducted by Gustave Roussy, a multicenter Phase III trial in which MRD (circulating tumor DNA) status guides the follow-up of non-metastatic cancer patients. A study sponsored by Gustave Roussy and incorporating Veracyte's MRD technology.<\/p>\n\n\n\n<p>Our CLIA\/CAP-certified platform supports :<\/p>\n\n\n\n<ul class=\"wp-block-list\">\n<li>Kit production and multi-center logistics (France)<\/li>\n\n\n\n<li>Extraction and processing of tumor DNA (FFPE), germline DNA (PBMC) and plasma DNA (cfDNA)<\/li>\n\n\n\n<li>WGS sequencing on NovaSeq X+<\/li>\n\n\n\n<li>Secure data transfer and automated generation of clinical reports via our digital infrastructure<\/li>\n<\/ul>\n\n\n\n<p>With over 700 patients expected, UMBRELLA is a concrete example of how IntegraGen delivers precision, reliability and speed in complex oncology trials.<\/p>\n\n\n\n<p><a href=\"https:\/\/www.gustaveroussy.fr\/en\/presence-tumour-dna-blood-could-shape-follow-care-cancer-patients\">\ud83d\udd17 Read Gustave Roussy's press release on the UMBRELLA study<\/a><\/p>\n<\/div>\n<\/div>","protected":false},"excerpt":{"rendered":"<p>Solutions g\u00e9nomiques pour les essais cliniques en oncologie S\u00e9quen\u00e7age certifi\u00e9 CLIA\/CAP &amp; bioinformatique pour les partenaires pharma, biotech et CRO IntegraGen est un partenaire g\u00e9nomique de r\u00e9f\u00e9rence pour les essais cliniques en oncologie, avec un laboratoire certifi\u00e9 CLIA\/CAP, une bioinformatique avanc\u00e9e et une logistique adapt\u00e9e aux \u00e9tudes cliniques.\u200b Nous accompagnons promoteurs acad\u00e9miques, biotechs et CRO&#8230;<\/p>","protected":false},"author":2,"featured_media":0,"parent":2240,"menu_order":0,"comment_status":"closed","ping_status":"closed","template":"fullwidth-page-template","meta":{"ca_portfolio_gallery_project_year":"","ca_portfolio_gallery_client":"","ca_portfolio_gallery_skills":"","ca_portfolio_gallery_url":"","ca_portfolio_gallery_images":"","_eb_attr":"","footnotes":""},"class_list":["post-4356","page","type-page","status-publish","hentry"],"yoast_head":"<!-- This site is optimized with the Yoast SEO plugin v27.3 - https:\/\/yoast.com\/product\/yoast-seo-wordpress\/ -->\n<title>Biopharma &amp; CRO &#8211; IntegraGen<\/title>\n<meta name=\"robots\" content=\"index, follow, max-snippet:-1, max-image-preview:large, max-video-preview:-1\" \/>\n<link rel=\"canonical\" href=\"https:\/\/integragen.com\/en\/votre-secteur-dactivite\/biopharma-cro-2\/\" \/>\n<meta property=\"og:locale\" content=\"en_US\" \/>\n<meta property=\"og:type\" content=\"article\" \/>\n<meta property=\"og:title\" content=\"Biopharma &amp; CRO &#8211; IntegraGen\" \/>\n<meta property=\"og:description\" content=\"Solutions g\u00e9nomiques pour les essais cliniques en oncologie S\u00e9quen\u00e7age certifi\u00e9 CLIA\/CAP &amp; bioinformatique pour les partenaires pharma, biotech et CRO IntegraGen est un partenaire g\u00e9nomique de r\u00e9f\u00e9rence pour les essais cliniques en oncologie, avec un laboratoire certifi\u00e9 CLIA\/CAP, une bioinformatique avanc\u00e9e et une logistique adapt\u00e9e aux \u00e9tudes cliniques.\u200b Nous accompagnons promoteurs acad\u00e9miques, biotechs et CRO...\" \/>\n<meta property=\"og:url\" content=\"https:\/\/integragen.com\/en\/votre-secteur-dactivite\/biopharma-cro-2\/\" \/>\n<meta property=\"og:site_name\" content=\"IntegraGen\" \/>\n<meta property=\"article:modified_time\" content=\"2025-07-29T10:08:51+00:00\" \/>\n<meta property=\"og:image\" content=\"https:\/\/integragen.com\/wp-content\/uploads\/2024\/09\/CAP-accredited.png\" \/>\n\t<meta property=\"og:image:width\" content=\"187\" \/>\n\t<meta property=\"og:image:height\" content=\"81\" \/>\n\t<meta property=\"og:image:type\" content=\"image\/png\" \/>\n<meta name=\"twitter:card\" content=\"summary_large_image\" \/>\n<meta name=\"twitter:label1\" content=\"Est. reading time\" \/>\n\t<meta name=\"twitter:data1\" content=\"3 minutes\" \/>\n<script type=\"application\/ld+json\" class=\"yoast-schema-graph\">{\"@context\":\"https:\\\/\\\/schema.org\",\"@graph\":[{\"@type\":\"WebPage\",\"@id\":\"https:\\\/\\\/integragen.com\\\/votre-secteur-dactivite\\\/biopharma-cro-2\\\/\",\"url\":\"https:\\\/\\\/integragen.com\\\/votre-secteur-dactivite\\\/biopharma-cro-2\\\/\",\"name\":\"Biopharma & CRO &#8211; IntegraGen\",\"isPartOf\":{\"@id\":\"https:\\\/\\\/integragen.com\\\/#website\"},\"primaryImageOfPage\":{\"@id\":\"https:\\\/\\\/integragen.com\\\/votre-secteur-dactivite\\\/biopharma-cro-2\\\/#primaryimage\"},\"image\":{\"@id\":\"https:\\\/\\\/integragen.com\\\/votre-secteur-dactivite\\\/biopharma-cro-2\\\/#primaryimage\"},\"thumbnailUrl\":\"https:\\\/\\\/integragen.com\\\/wp-content\\\/uploads\\\/2024\\\/09\\\/CAP-accredited.png\",\"datePublished\":\"2025-07-23T13:38:11+00:00\",\"dateModified\":\"2025-07-29T10:08:51+00:00\",\"breadcrumb\":{\"@id\":\"https:\\\/\\\/integragen.com\\\/votre-secteur-dactivite\\\/biopharma-cro-2\\\/#breadcrumb\"},\"inLanguage\":\"en-US\",\"potentialAction\":[{\"@type\":\"ReadAction\",\"target\":[\"https:\\\/\\\/integragen.com\\\/votre-secteur-dactivite\\\/biopharma-cro-2\\\/\"]}]},{\"@type\":\"ImageObject\",\"inLanguage\":\"en-US\",\"@id\":\"https:\\\/\\\/integragen.com\\\/votre-secteur-dactivite\\\/biopharma-cro-2\\\/#primaryimage\",\"url\":\"https:\\\/\\\/integragen.com\\\/wp-content\\\/uploads\\\/2024\\\/09\\\/CAP-accredited.png\",\"contentUrl\":\"https:\\\/\\\/integragen.com\\\/wp-content\\\/uploads\\\/2024\\\/09\\\/CAP-accredited.png\"},{\"@type\":\"BreadcrumbList\",\"@id\":\"https:\\\/\\\/integragen.com\\\/votre-secteur-dactivite\\\/biopharma-cro-2\\\/#breadcrumb\",\"itemListElement\":[{\"@type\":\"ListItem\",\"position\":1,\"name\":\"Accueil\",\"item\":\"https:\\\/\\\/integragen.com\\\/\"},{\"@type\":\"ListItem\",\"position\":2,\"name\":\"Votre Secteur d&rsquo;Activit\u00e9\",\"item\":\"https:\\\/\\\/integragen.com\\\/votre-secteur-dactivite\\\/\"},{\"@type\":\"ListItem\",\"position\":3,\"name\":\"Biopharma &#038; CRO\"}]},{\"@type\":\"WebSite\",\"@id\":\"https:\\\/\\\/integragen.com\\\/#website\",\"url\":\"https:\\\/\\\/integragen.com\\\/\",\"name\":\"IntegraGen - Clinical Genomic Experts\",\"description\":\"NGS Sequencing &amp; Bioinformatics for Pharma, Biotech &amp; CRO\",\"publisher\":{\"@id\":\"https:\\\/\\\/integragen.com\\\/#organization\"},\"alternateName\":\"IntegraGen\",\"potentialAction\":[{\"@type\":\"SearchAction\",\"target\":{\"@type\":\"EntryPoint\",\"urlTemplate\":\"https:\\\/\\\/integragen.com\\\/?s={search_term_string}\"},\"query-input\":{\"@type\":\"PropertyValueSpecification\",\"valueRequired\":true,\"valueName\":\"search_term_string\"}}],\"inLanguage\":\"en-US\"},{\"@type\":\"Organization\",\"@id\":\"https:\\\/\\\/integragen.com\\\/#organization\",\"name\":\"IntegraGen\",\"url\":\"https:\\\/\\\/integragen.com\\\/\",\"logo\":{\"@type\":\"ImageObject\",\"inLanguage\":\"en-US\",\"@id\":\"https:\\\/\\\/integragen.com\\\/#\\\/schema\\\/logo\\\/image\\\/\",\"url\":\"https:\\\/\\\/integragen.com\\\/wp-content\\\/uploads\\\/2024\\\/09\\\/Logo_IntegraGen_OncoDNA.png\",\"contentUrl\":\"https:\\\/\\\/integragen.com\\\/wp-content\\\/uploads\\\/2024\\\/09\\\/Logo_IntegraGen_OncoDNA.png\",\"width\":2478,\"height\":684,\"caption\":\"IntegraGen\"},\"image\":{\"@id\":\"https:\\\/\\\/integragen.com\\\/#\\\/schema\\\/logo\\\/image\\\/\"},\"sameAs\":[\"https:\\\/\\\/www.linkedin.com\\\/company\\\/integragen\\\/\"]}]}<\/script>\n<!-- \/ Yoast SEO plugin. -->","yoast_head_json":{"title":"Biopharma & CRO &#8211; IntegraGen","robots":{"index":"index","follow":"follow","max-snippet":"max-snippet:-1","max-image-preview":"max-image-preview:large","max-video-preview":"max-video-preview:-1"},"canonical":"https:\/\/integragen.com\/en\/votre-secteur-dactivite\/biopharma-cro-2\/","og_locale":"en_US","og_type":"article","og_title":"Biopharma & CRO &#8211; IntegraGen","og_description":"Solutions g\u00e9nomiques pour les essais cliniques en oncologie S\u00e9quen\u00e7age certifi\u00e9 CLIA\/CAP &amp; bioinformatique pour les partenaires pharma, biotech et CRO IntegraGen est un partenaire g\u00e9nomique de r\u00e9f\u00e9rence pour les essais cliniques en oncologie, avec un laboratoire certifi\u00e9 CLIA\/CAP, une bioinformatique avanc\u00e9e et une logistique adapt\u00e9e aux \u00e9tudes cliniques.\u200b Nous accompagnons promoteurs acad\u00e9miques, biotechs et CRO...","og_url":"https:\/\/integragen.com\/en\/votre-secteur-dactivite\/biopharma-cro-2\/","og_site_name":"IntegraGen","article_modified_time":"2025-07-29T10:08:51+00:00","og_image":[{"width":187,"height":81,"url":"https:\/\/integragen.com\/wp-content\/uploads\/2024\/09\/CAP-accredited.png","type":"image\/png"}],"twitter_card":"summary_large_image","twitter_misc":{"Est. reading time":"3 minutes"},"schema":{"@context":"https:\/\/schema.org","@graph":[{"@type":"WebPage","@id":"https:\/\/integragen.com\/votre-secteur-dactivite\/biopharma-cro-2\/","url":"https:\/\/integragen.com\/votre-secteur-dactivite\/biopharma-cro-2\/","name":"Biopharma & CRO &#8211; IntegraGen","isPartOf":{"@id":"https:\/\/integragen.com\/#website"},"primaryImageOfPage":{"@id":"https:\/\/integragen.com\/votre-secteur-dactivite\/biopharma-cro-2\/#primaryimage"},"image":{"@id":"https:\/\/integragen.com\/votre-secteur-dactivite\/biopharma-cro-2\/#primaryimage"},"thumbnailUrl":"https:\/\/integragen.com\/wp-content\/uploads\/2024\/09\/CAP-accredited.png","datePublished":"2025-07-23T13:38:11+00:00","dateModified":"2025-07-29T10:08:51+00:00","breadcrumb":{"@id":"https:\/\/integragen.com\/votre-secteur-dactivite\/biopharma-cro-2\/#breadcrumb"},"inLanguage":"en-US","potentialAction":[{"@type":"ReadAction","target":["https:\/\/integragen.com\/votre-secteur-dactivite\/biopharma-cro-2\/"]}]},{"@type":"ImageObject","inLanguage":"en-US","@id":"https:\/\/integragen.com\/votre-secteur-dactivite\/biopharma-cro-2\/#primaryimage","url":"https:\/\/integragen.com\/wp-content\/uploads\/2024\/09\/CAP-accredited.png","contentUrl":"https:\/\/integragen.com\/wp-content\/uploads\/2024\/09\/CAP-accredited.png"},{"@type":"BreadcrumbList","@id":"https:\/\/integragen.com\/votre-secteur-dactivite\/biopharma-cro-2\/#breadcrumb","itemListElement":[{"@type":"ListItem","position":1,"name":"Accueil","item":"https:\/\/integragen.com\/"},{"@type":"ListItem","position":2,"name":"Votre Secteur d&rsquo;Activit\u00e9","item":"https:\/\/integragen.com\/votre-secteur-dactivite\/"},{"@type":"ListItem","position":3,"name":"Biopharma &#038; CRO"}]},{"@type":"WebSite","@id":"https:\/\/integragen.com\/#website","url":"https:\/\/integragen.com\/","name":"IntegraGen - Clinical Genomic Experts","description":"NGS Sequencing &amp; Bioinformatics for Pharma, Biotech &amp; CROs","publisher":{"@id":"https:\/\/integragen.com\/#organization"},"alternateName":"IntegraGen","potentialAction":[{"@type":"SearchAction","target":{"@type":"EntryPoint","urlTemplate":"https:\/\/integragen.com\/?s={search_term_string}"},"query-input":{"@type":"PropertyValueSpecification","valueRequired":true,"valueName":"search_term_string"}}],"inLanguage":"en-US"},{"@type":"Organization","@id":"https:\/\/integragen.com\/#organization","name":"IntegraGen","url":"https:\/\/integragen.com\/","logo":{"@type":"ImageObject","inLanguage":"en-US","@id":"https:\/\/integragen.com\/#\/schema\/logo\/image\/","url":"https:\/\/integragen.com\/wp-content\/uploads\/2024\/09\/Logo_IntegraGen_OncoDNA.png","contentUrl":"https:\/\/integragen.com\/wp-content\/uploads\/2024\/09\/Logo_IntegraGen_OncoDNA.png","width":2478,"height":684,"caption":"IntegraGen"},"image":{"@id":"https:\/\/integragen.com\/#\/schema\/logo\/image\/"},"sameAs":["https:\/\/www.linkedin.com\/company\/integragen\/"]}]}},"_links":{"self":[{"href":"https:\/\/integragen.com\/en\/wp-json\/wp\/v2\/pages\/4356","targetHints":{"allow":["GET"]}}],"collection":[{"href":"https:\/\/integragen.com\/en\/wp-json\/wp\/v2\/pages"}],"about":[{"href":"https:\/\/integragen.com\/en\/wp-json\/wp\/v2\/types\/page"}],"author":[{"embeddable":true,"href":"https:\/\/integragen.com\/en\/wp-json\/wp\/v2\/users\/2"}],"replies":[{"embeddable":true,"href":"https:\/\/integragen.com\/en\/wp-json\/wp\/v2\/comments?post=4356"}],"version-history":[{"count":37,"href":"https:\/\/integragen.com\/en\/wp-json\/wp\/v2\/pages\/4356\/revisions"}],"predecessor-version":[{"id":4431,"href":"https:\/\/integragen.com\/en\/wp-json\/wp\/v2\/pages\/4356\/revisions\/4431"}],"up":[{"embeddable":true,"href":"https:\/\/integragen.com\/en\/wp-json\/wp\/v2\/pages\/2240"}],"wp:attachment":[{"href":"https:\/\/integragen.com\/en\/wp-json\/wp\/v2\/media?parent=4356"}],"curies":[{"name":"wp","href":"https:\/\/api.w.org\/{rel}","templated":true}]}}