{"id":429,"date":"2024-07-18T14:51:59","date_gmt":"2024-07-18T14:51:59","guid":{"rendered":"http:\/\/nouveausiteintegragen2.local\/?page_id=429"},"modified":"2025-07-01T15:19:44","modified_gmt":"2025-07-01T13:19:44","slug":"archives","status":"publish","type":"page","link":"https:\/\/integragen.com\/en\/investisseurs\/archives\/","title":{"rendered":"Archives"},"content":{"rendered":"<div class=\"wp-block-group is-layout-constrained wp-container-core-group-is-layout-12243e0f wp-block-group-is-layout-constrained\">\n<main class=\"wp-block-group has-light-color-background-color has-background is-layout-constrained wp-container-core-group-is-layout-e6f1036d wp-block-group-is-layout-constrained\" style=\"margin-top:0;margin-bottom:0;padding-top:0;padding-right:0;padding-bottom:0;padding-left:0\">\n<div class=\"wp-block-group is-style-default has-light-color-background-color has-background is-layout-constrained wp-container-core-group-is-layout-44d86505 wp-block-group-is-layout-constrained\" style=\"margin-top:0;margin-bottom:0;padding-top:var(--wp--preset--spacing--80);padding-right:var(--wp--preset--spacing--40);padding-bottom:var(--wp--preset--spacing--80);padding-left:var(--wp--preset--spacing--40)\">\n<h2 class=\"wp-block-heading has-text-align-left\">ARCHIVES <\/h2>\n\n\n\n<div style=\"height:7px\" aria-hidden=\"true\" class=\"wp-block-spacer\"><\/div>\n\n\n\n<div class=\"wp-block-columns is-layout-flex wp-container-core-columns-is-layout-b3c35ca3 wp-block-columns-is-layout-flex\" style=\"margin-top:0px\">\n<div class=\"wp-block-column is-vertically-aligned-top is-layout-flow wp-block-column-is-layout-flow\" style=\"flex-basis:35%\">\n<figure class=\"wp-block-image size-full is-resized\"><a href=\"\/en\/investisseurs\/archives\/rapports-financiers-archives\/\"><img loading=\"lazy\" decoding=\"async\" width=\"268\" height=\"160\" src=\"https:\/\/negargetni.com\/wp-content\/uploads\/2024\/08\/integragen-company-annual-financial-reports-268x160-1.jpg\" alt=\"\" class=\"wp-image-1447\" style=\"width:392px;height:auto\"\/><\/a><\/figure>\n<\/div>\n\n\n\n<div class=\"wp-block-column is-vertically-aligned-top is-layout-flow wp-block-column-is-layout-flow\">\n<h6 class=\"wp-block-heading has-link-color has-large-font-size wp-elements-a1db8c740bdaf8e2a0a4757e0233f9be\" style=\"font-style:normal;font-weight:600;line-height:1.3\"><strong>Archived Financial Reports<\/strong><\/h6>\n\n\n\n<p>We present IntegraGen's financial reports, available in our archives, offering a detailed view of our economic performance and growth prospects, testifying to our commitment to transparency and financial rigor.<\/p>\n\n\n\n<div class=\"wp-block-buttons is-layout-flex wp-block-buttons-is-layout-flex\">\n<div class=\"wp-block-button cozy-button-hover-styles\" style=\"; --cozyButtonBgColorHover: #40c7ff; --cozyButtonColorHover: #ffffff; --cozyButtonBorderHover: ; \"><a class=\"wp-block-button__link has-custom-couleur-1-background-color has-background has-custom-font-size wp-element-button\" href=\"\/en\/investisseurs\/archives\/rapports-financiers-archives\/\" style=\"border-radius:60px;padding-top:var(--wp--preset--spacing--40);padding-right:var(--wp--preset--spacing--60);padding-bottom:var(--wp--preset--spacing--40);padding-left:var(--wp--preset--spacing--60);font-size:clamp(14px, 0.875rem + ((1vw - 3.2px) * 0.244), 18px);text-decoration:none\">Visit<\/a><\/div>\n<\/div>\n<\/div>\n<\/div>\n\n\n\n<div style=\"height:16px\" aria-hidden=\"true\" class=\"wp-block-spacer\"><\/div>\n\n\n\n<div class=\"wp-block-columns is-layout-flex wp-container-core-columns-is-layout-b3c35ca3 wp-block-columns-is-layout-flex\" style=\"margin-top:0px\">\n<div class=\"wp-block-column is-vertically-aligned-top is-layout-flow wp-block-column-is-layout-flow\" style=\"flex-basis:35%\">\n<figure class=\"wp-block-image size-full is-resized\"><a href=\"\/en\/investisseurs\/archives\/communiques-de-presse-archives\/\"><img loading=\"lazy\" decoding=\"async\" width=\"268\" height=\"160\" src=\"https:\/\/negargetni.com\/wp-content\/uploads\/2024\/08\/communique-de-presse-268x160-1.jpg\" alt=\"\" class=\"wp-image-1450\" style=\"width:392px;height:auto\"\/><\/a><\/figure>\n<\/div>\n\n\n\n<div class=\"wp-block-column is-vertically-aligned-top is-layout-flow wp-block-column-is-layout-flow\">\n<h6 class=\"wp-block-heading has-link-color has-large-font-size wp-elements-58dbe96dc88c0ac79b4cbe2a12c5dd82\" style=\"font-style:normal;font-weight:600;line-height:1.3\"><strong>Archived Press Releases<\/strong><\/h6>\n\n\n\n<p>We invite you to consult our archived press releases, illustrating our progress, collaborations and successes, and reflecting our commitment to transparent communication.<\/p>\n\n\n\n<div class=\"wp-block-buttons is-layout-flex wp-block-buttons-is-layout-flex\">\n<div class=\"wp-block-button cozy-button-hover-styles\" style=\"; --cozyButtonBgColorHover: #40c7ff; --cozyButtonColorHover: #ffffff; --cozyButtonBorderHover: ; \"><a class=\"wp-block-button__link has-custom-couleur-1-background-color has-background has-custom-font-size wp-element-button\" href=\"\/en\/investisseurs\/archives\/communiques-de-presse-archives\/\" style=\"border-radius:60px;padding-top:var(--wp--preset--spacing--40);padding-right:var(--wp--preset--spacing--60);padding-bottom:var(--wp--preset--spacing--40);padding-left:var(--wp--preset--spacing--60);font-size:clamp(14px, 0.875rem + ((1vw - 3.2px) * 0.244), 18px);text-decoration:none\">Visit<\/a><\/div>\n<\/div>\n<\/div>\n<\/div>\n\n\n\n<div style=\"height:16px\" aria-hidden=\"true\" class=\"wp-block-spacer\"><\/div>\n\n\n\n<div class=\"wp-block-columns is-layout-flex wp-container-core-columns-is-layout-b3c35ca3 wp-block-columns-is-layout-flex\" style=\"margin-top:0px\">\n<div class=\"wp-block-column is-vertically-aligned-top is-layout-flow wp-block-column-is-layout-flow\" style=\"flex-basis:35%\">\n<figure class=\"wp-block-image size-full is-resized\"><a href=\"\/en\/investisseurs\/archives\/contrat-de-liquidite\/\"><img loading=\"lazy\" decoding=\"async\" width=\"267\" height=\"160\" src=\"https:\/\/negargetni.com\/wp-content\/uploads\/2024\/08\/integragen-shares-contrat-de-liquidite-1.jpg\" alt=\"\" class=\"wp-image-1455\" style=\"width:392px;height:auto\"\/><\/a><\/figure>\n<\/div>\n\n\n\n<div class=\"wp-block-column is-vertically-aligned-top is-layout-flow wp-block-column-is-layout-flow\">\n<h6 class=\"wp-block-heading has-link-color has-large-font-size wp-elements-b26ea92a4dfadc71d79ae524535899b6\" style=\"font-style:normal;font-weight:600;line-height:1.3;text-transform:capitalize\"><strong>Liquidity contract<\/strong><\/h6>\n\n\n\n<p>We invite you to consult the liquidity contract on the IntegraGen website.<\/p>\n\n\n\n<div class=\"wp-block-buttons is-layout-flex wp-block-buttons-is-layout-flex\">\n<div class=\"wp-block-button cozy-button-hover-styles\" style=\"; --cozyButtonBgColorHover: #40c7ff; --cozyButtonColorHover: #ffffff; --cozyButtonBorderHover: ; \"><a class=\"wp-block-button__link has-custom-couleur-1-background-color has-background has-custom-font-size wp-element-button\" href=\"\/en\/investisseurs\/archives\/contrat-de-liquidite\/\" style=\"border-radius:60px;padding-top:var(--wp--preset--spacing--40);padding-right:var(--wp--preset--spacing--60);padding-bottom:var(--wp--preset--spacing--40);padding-left:var(--wp--preset--spacing--60);font-size:clamp(14px, 0.875rem + ((1vw - 3.2px) * 0.244), 18px);text-decoration:none\">Visit<\/a><\/div>\n<\/div>\n<\/div>\n<\/div>\n\n\n\n<div style=\"height:16px\" aria-hidden=\"true\" class=\"wp-block-spacer\"><\/div>\n\n\n\n<div class=\"wp-block-columns is-layout-flex wp-container-core-columns-is-layout-b3c35ca3 wp-block-columns-is-layout-flex\" style=\"margin-top:0px\">\n<div class=\"wp-block-column is-vertically-aligned-top is-layout-flow wp-block-column-is-layout-flow\" style=\"flex-basis:35%\">\n<figure class=\"wp-block-image size-full is-resized\"><a href=\"\/en\/investisseurs\/archives\/oncodna-offre-publique-dachat-amicale\/\"><img loading=\"lazy\" decoding=\"async\" width=\"200\" height=\"66\" src=\"https:\/\/negargetni.com\/wp-content\/uploads\/2024\/08\/oncodna-logo.png\" alt=\"\" class=\"wp-image-1452\" style=\"width:392px;height:auto\"\/><\/a><\/figure>\n<\/div>\n\n\n\n<div class=\"wp-block-column is-vertically-aligned-top is-layout-flow wp-block-column-is-layout-flow\">\n<h6 class=\"wp-block-heading has-link-color has-large-font-size wp-elements-0908232fb1bf110c6c4e74021ef7bd1c\" style=\"font-style:normal;font-weight:600;line-height:1.3;text-transform:capitalize\"><strong>Oncodna friendly takeover bid<\/strong><\/h6>\n\n\n\n<p>We inform you about Oncodna's friendly takeover bid on the IntegraGen website.<\/p>\n\n\n\n<div class=\"wp-block-buttons is-layout-flex wp-block-buttons-is-layout-flex\">\n<div class=\"wp-block-button cozy-button-hover-styles\" style=\"; --cozyButtonBgColorHover: #40c7ff; --cozyButtonColorHover: #ffffff; --cozyButtonBorderHover: ; \"><a class=\"wp-block-button__link has-custom-couleur-1-background-color has-background has-custom-font-size wp-element-button\" href=\"\/en\/investisseurs\/archives\/oncodna-offre-publique-dachat-amicale\/\" style=\"border-radius:60px;padding-top:var(--wp--preset--spacing--40);padding-right:var(--wp--preset--spacing--60);padding-bottom:var(--wp--preset--spacing--40);padding-left:var(--wp--preset--spacing--60);font-size:clamp(14px, 0.875rem + ((1vw - 3.2px) * 0.244), 18px);text-decoration:none\">Visit<\/a><\/div>\n<\/div>\n<\/div>\n<\/div>\n\n\n\n<div style=\"height:35px\" aria-hidden=\"true\" class=\"wp-block-spacer\"><\/div>\n\n\n\n<div class=\"wp-block-columns is-layout-flex wp-container-core-columns-is-layout-b3c35ca3 wp-block-columns-is-layout-flex\" style=\"margin-top:0px\">\n<div class=\"wp-block-column is-vertically-aligned-top is-layout-flow wp-block-column-is-layout-flow\" style=\"flex-basis:35%\">\n<figure class=\"wp-block-image size-full is-resized\"><img loading=\"lazy\" decoding=\"async\" width=\"267\" height=\"160\" src=\"https:\/\/negargetni.com\/wp-content\/uploads\/2024\/08\/integragen-reference-documents.jpg\" alt=\"\" class=\"wp-image-1454\" style=\"width:392px;height:auto\"\/><\/figure>\n<\/div>\n\n\n\n<div class=\"wp-block-column is-vertically-aligned-top is-layout-flow wp-block-column-is-layout-flow\">\n<h6 class=\"wp-block-heading has-link-color has-large-font-size wp-elements-6c873ddf7f285bab91b5c6754e72e948\" style=\"font-style:normal;font-weight:600;line-height:1.3;text-transform:capitalize\"><strong>Brochure<\/strong><\/h6>\n\n\n\n<p>We inform you about Oncodna's friendly takeover bid on the IntegraGen website.<\/p>\n\n\n\n<div class=\"wp-block-group is-vertical is-layout-flex wp-container-core-group-is-layout-fe9cc265 wp-block-group-is-layout-flex\">\n<p>Prospectus June 2014<\/p>\n\n\n\n<div class=\"wp-block-buttons is-layout-flex wp-block-buttons-is-layout-flex\">\n<div class=\"wp-block-button cozy-button-hover-styles\" style=\"; --cozyButtonBgColorHover: #40c7ff; --cozyButtonColorHover: ; --cozyButtonBorderHover: ; \"><a class=\"wp-block-button__link has-custom-couleur-1-background-color has-background wp-element-button\" href=\"https:\/\/integragen.com\/wp-content\/uploads\/2024\/08\/prospectus_integragen_june_2014-2.pdf\">Download<\/a><\/div>\n<\/div>\n<\/div>\n<\/div>\n<\/div>\n<\/div>\n<\/main>\n<\/div>\n\n\n\n<p><\/p>","protected":false},"excerpt":{"rendered":"<p>ARCHIVES Financial Reports Archived We present IntegraGen's financial reports, available in our archives, offering a detailed view of our economic performance and growth prospects, testifying to our commitment to transparency and financial rigor. Archived Press Releases We invite you to consult our archived press releases, illustrating...<\/p>","protected":false},"author":1,"featured_media":0,"parent":2082,"menu_order":3,"comment_status":"closed","ping_status":"closed","template":"fullwidth-page-template","meta":{"ca_portfolio_gallery_project_year":"","ca_portfolio_gallery_client":"","ca_portfolio_gallery_skills":"","ca_portfolio_gallery_url":"","ca_portfolio_gallery_images":"","_eb_attr":"","footnotes":""},"class_list":["post-429","page","type-page","status-publish","hentry"],"yoast_head":"<!-- This site is optimized with the Yoast SEO plugin v27.3 - https:\/\/yoast.com\/product\/yoast-seo-wordpress\/ -->\n<title>Archives &#8211; IntegraGen<\/title>\n<meta name=\"robots\" content=\"index, follow, max-snippet:-1, max-image-preview:large, max-video-preview:-1\" \/>\n<link rel=\"canonical\" href=\"https:\/\/integragen.com\/en\/investisseurs\/archives\/\" \/>\n<meta property=\"og:locale\" content=\"en_US\" \/>\n<meta property=\"og:type\" content=\"article\" \/>\n<meta property=\"og:title\" content=\"Archives &#8211; IntegraGen\" \/>\n<meta property=\"og:description\" content=\"ARCHIVES Rapports Financiers Archiv\u00e9s Nous vous pr\u00e9sentons les rapports financiers d&rsquo;IntegraGen, disponibles dans nos archives, offrant une vue d\u00e9taill\u00e9e de notre performance \u00e9conomique et de nos perspectives de croissance, t\u00e9moignant de notre engagement envers la transparence et la rigueur financi\u00e8re. Communiqu\u00e9s de Presse Archiv\u00e9s Nous vous invitons \u00e0 consulter nos communiqu\u00e9s de presse archiv\u00e9s, illustrant...\" \/>\n<meta property=\"og:url\" content=\"https:\/\/integragen.com\/en\/investisseurs\/archives\/\" \/>\n<meta property=\"og:site_name\" content=\"IntegraGen\" \/>\n<meta property=\"article:modified_time\" content=\"2025-07-01T13:19:44+00:00\" \/>\n<meta property=\"og:image\" content=\"https:\/\/integragen.com\/wp-content\/uploads\/2024\/08\/integragen-company-annual-financial-reports-268x160-1.jpg\" \/>\n\t<meta property=\"og:image:width\" content=\"268\" \/>\n\t<meta property=\"og:image:height\" content=\"160\" \/>\n\t<meta property=\"og:image:type\" content=\"image\/jpeg\" \/>\n<meta name=\"twitter:card\" content=\"summary_large_image\" \/>\n<meta name=\"twitter:label1\" content=\"Est. reading time\" \/>\n\t<meta name=\"twitter:data1\" content=\"2 minutes\" \/>\n<script type=\"application\/ld+json\" class=\"yoast-schema-graph\">{\"@context\":\"https:\\\/\\\/schema.org\",\"@graph\":[{\"@type\":\"WebPage\",\"@id\":\"https:\\\/\\\/integragen.com\\\/investisseurs\\\/archives\\\/\",\"url\":\"https:\\\/\\\/integragen.com\\\/investisseurs\\\/archives\\\/\",\"name\":\"Archives &#8211; IntegraGen\",\"isPartOf\":{\"@id\":\"https:\\\/\\\/integragen.com\\\/#website\"},\"primaryImageOfPage\":{\"@id\":\"https:\\\/\\\/integragen.com\\\/investisseurs\\\/archives\\\/#primaryimage\"},\"image\":{\"@id\":\"https:\\\/\\\/integragen.com\\\/investisseurs\\\/archives\\\/#primaryimage\"},\"thumbnailUrl\":\"https:\\\/\\\/negargetni.com\\\/wp-content\\\/uploads\\\/2024\\\/08\\\/integragen-company-annual-financial-reports-268x160-1.jpg\",\"datePublished\":\"2024-07-18T14:51:59+00:00\",\"dateModified\":\"2025-07-01T13:19:44+00:00\",\"breadcrumb\":{\"@id\":\"https:\\\/\\\/integragen.com\\\/investisseurs\\\/archives\\\/#breadcrumb\"},\"inLanguage\":\"en-US\",\"potentialAction\":[{\"@type\":\"ReadAction\",\"target\":[\"https:\\\/\\\/integragen.com\\\/investisseurs\\\/archives\\\/\"]}]},{\"@type\":\"ImageObject\",\"inLanguage\":\"en-US\",\"@id\":\"https:\\\/\\\/integragen.com\\\/investisseurs\\\/archives\\\/#primaryimage\",\"url\":\"https:\\\/\\\/negargetni.com\\\/wp-content\\\/uploads\\\/2024\\\/08\\\/integragen-company-annual-financial-reports-268x160-1.jpg\",\"contentUrl\":\"https:\\\/\\\/negargetni.com\\\/wp-content\\\/uploads\\\/2024\\\/08\\\/integragen-company-annual-financial-reports-268x160-1.jpg\"},{\"@type\":\"BreadcrumbList\",\"@id\":\"https:\\\/\\\/integragen.com\\\/investisseurs\\\/archives\\\/#breadcrumb\",\"itemListElement\":[{\"@type\":\"ListItem\",\"position\":1,\"name\":\"Accueil\",\"item\":\"https:\\\/\\\/integragen.com\\\/\"},{\"@type\":\"ListItem\",\"position\":2,\"name\":\"Investisseurs\",\"item\":\"https:\\\/\\\/integragen.com\\\/investisseurs\\\/\"},{\"@type\":\"ListItem\",\"position\":3,\"name\":\"Archives\"}]},{\"@type\":\"WebSite\",\"@id\":\"https:\\\/\\\/integragen.com\\\/#website\",\"url\":\"https:\\\/\\\/integragen.com\\\/\",\"name\":\"IntegraGen - Clinical Genomic Experts\",\"description\":\"NGS Sequencing &amp; Bioinformatics for Pharma, Biotech &amp; CRO\",\"publisher\":{\"@id\":\"https:\\\/\\\/integragen.com\\\/#organization\"},\"alternateName\":\"IntegraGen\",\"potentialAction\":[{\"@type\":\"SearchAction\",\"target\":{\"@type\":\"EntryPoint\",\"urlTemplate\":\"https:\\\/\\\/integragen.com\\\/?s={search_term_string}\"},\"query-input\":{\"@type\":\"PropertyValueSpecification\",\"valueRequired\":true,\"valueName\":\"search_term_string\"}}],\"inLanguage\":\"en-US\"},{\"@type\":\"Organization\",\"@id\":\"https:\\\/\\\/integragen.com\\\/#organization\",\"name\":\"IntegraGen\",\"url\":\"https:\\\/\\\/integragen.com\\\/\",\"logo\":{\"@type\":\"ImageObject\",\"inLanguage\":\"en-US\",\"@id\":\"https:\\\/\\\/integragen.com\\\/#\\\/schema\\\/logo\\\/image\\\/\",\"url\":\"https:\\\/\\\/integragen.com\\\/wp-content\\\/uploads\\\/2024\\\/09\\\/Logo_IntegraGen_OncoDNA.png\",\"contentUrl\":\"https:\\\/\\\/integragen.com\\\/wp-content\\\/uploads\\\/2024\\\/09\\\/Logo_IntegraGen_OncoDNA.png\",\"width\":2478,\"height\":684,\"caption\":\"IntegraGen\"},\"image\":{\"@id\":\"https:\\\/\\\/integragen.com\\\/#\\\/schema\\\/logo\\\/image\\\/\"},\"sameAs\":[\"https:\\\/\\\/www.linkedin.com\\\/company\\\/integragen\\\/\"]}]}<\/script>\n<!-- \/ Yoast SEO plugin. -->","yoast_head_json":{"title":"Archives &#8211; IntegraGen","robots":{"index":"index","follow":"follow","max-snippet":"max-snippet:-1","max-image-preview":"max-image-preview:large","max-video-preview":"max-video-preview:-1"},"canonical":"https:\/\/integragen.com\/en\/investisseurs\/archives\/","og_locale":"en_US","og_type":"article","og_title":"Archives &#8211; IntegraGen","og_description":"ARCHIVES Rapports Financiers Archiv\u00e9s Nous vous pr\u00e9sentons les rapports financiers d&rsquo;IntegraGen, disponibles dans nos archives, offrant une vue d\u00e9taill\u00e9e de notre performance \u00e9conomique et de nos perspectives de croissance, t\u00e9moignant de notre engagement envers la transparence et la rigueur financi\u00e8re. Communiqu\u00e9s de Presse Archiv\u00e9s Nous vous invitons \u00e0 consulter nos communiqu\u00e9s de presse archiv\u00e9s, illustrant...","og_url":"https:\/\/integragen.com\/en\/investisseurs\/archives\/","og_site_name":"IntegraGen","article_modified_time":"2025-07-01T13:19:44+00:00","og_image":[{"width":268,"height":160,"url":"https:\/\/integragen.com\/wp-content\/uploads\/2024\/08\/integragen-company-annual-financial-reports-268x160-1.jpg","type":"image\/jpeg"}],"twitter_card":"summary_large_image","twitter_misc":{"Est. reading time":"2 minutes"},"schema":{"@context":"https:\/\/schema.org","@graph":[{"@type":"WebPage","@id":"https:\/\/integragen.com\/investisseurs\/archives\/","url":"https:\/\/integragen.com\/investisseurs\/archives\/","name":"Archives &#8211; IntegraGen","isPartOf":{"@id":"https:\/\/integragen.com\/#website"},"primaryImageOfPage":{"@id":"https:\/\/integragen.com\/investisseurs\/archives\/#primaryimage"},"image":{"@id":"https:\/\/integragen.com\/investisseurs\/archives\/#primaryimage"},"thumbnailUrl":"https:\/\/negargetni.com\/wp-content\/uploads\/2024\/08\/integragen-company-annual-financial-reports-268x160-1.jpg","datePublished":"2024-07-18T14:51:59+00:00","dateModified":"2025-07-01T13:19:44+00:00","breadcrumb":{"@id":"https:\/\/integragen.com\/investisseurs\/archives\/#breadcrumb"},"inLanguage":"en-US","potentialAction":[{"@type":"ReadAction","target":["https:\/\/integragen.com\/investisseurs\/archives\/"]}]},{"@type":"ImageObject","inLanguage":"en-US","@id":"https:\/\/integragen.com\/investisseurs\/archives\/#primaryimage","url":"https:\/\/negargetni.com\/wp-content\/uploads\/2024\/08\/integragen-company-annual-financial-reports-268x160-1.jpg","contentUrl":"https:\/\/negargetni.com\/wp-content\/uploads\/2024\/08\/integragen-company-annual-financial-reports-268x160-1.jpg"},{"@type":"BreadcrumbList","@id":"https:\/\/integragen.com\/investisseurs\/archives\/#breadcrumb","itemListElement":[{"@type":"ListItem","position":1,"name":"Accueil","item":"https:\/\/integragen.com\/"},{"@type":"ListItem","position":2,"name":"Investisseurs","item":"https:\/\/integragen.com\/investisseurs\/"},{"@type":"ListItem","position":3,"name":"Archives"}]},{"@type":"WebSite","@id":"https:\/\/integragen.com\/#website","url":"https:\/\/integragen.com\/","name":"IntegraGen - Clinical Genomic Experts","description":"NGS Sequencing &amp; Bioinformatics for Pharma, Biotech &amp; CROs","publisher":{"@id":"https:\/\/integragen.com\/#organization"},"alternateName":"IntegraGen","potentialAction":[{"@type":"SearchAction","target":{"@type":"EntryPoint","urlTemplate":"https:\/\/integragen.com\/?s={search_term_string}"},"query-input":{"@type":"PropertyValueSpecification","valueRequired":true,"valueName":"search_term_string"}}],"inLanguage":"en-US"},{"@type":"Organization","@id":"https:\/\/integragen.com\/#organization","name":"IntegraGen","url":"https:\/\/integragen.com\/","logo":{"@type":"ImageObject","inLanguage":"en-US","@id":"https:\/\/integragen.com\/#\/schema\/logo\/image\/","url":"https:\/\/integragen.com\/wp-content\/uploads\/2024\/09\/Logo_IntegraGen_OncoDNA.png","contentUrl":"https:\/\/integragen.com\/wp-content\/uploads\/2024\/09\/Logo_IntegraGen_OncoDNA.png","width":2478,"height":684,"caption":"IntegraGen"},"image":{"@id":"https:\/\/integragen.com\/#\/schema\/logo\/image\/"},"sameAs":["https:\/\/www.linkedin.com\/company\/integragen\/"]}]}},"_links":{"self":[{"href":"https:\/\/integragen.com\/en\/wp-json\/wp\/v2\/pages\/429","targetHints":{"allow":["GET"]}}],"collection":[{"href":"https:\/\/integragen.com\/en\/wp-json\/wp\/v2\/pages"}],"about":[{"href":"https:\/\/integragen.com\/en\/wp-json\/wp\/v2\/types\/page"}],"author":[{"embeddable":true,"href":"https:\/\/integragen.com\/en\/wp-json\/wp\/v2\/users\/1"}],"replies":[{"embeddable":true,"href":"https:\/\/integragen.com\/en\/wp-json\/wp\/v2\/comments?post=429"}],"version-history":[{"count":6,"href":"https:\/\/integragen.com\/en\/wp-json\/wp\/v2\/pages\/429\/revisions"}],"predecessor-version":[{"id":4319,"href":"https:\/\/integragen.com\/en\/wp-json\/wp\/v2\/pages\/429\/revisions\/4319"}],"up":[{"embeddable":true,"href":"https:\/\/integragen.com\/en\/wp-json\/wp\/v2\/pages\/2082"}],"wp:attachment":[{"href":"https:\/\/integragen.com\/en\/wp-json\/wp\/v2\/media?parent=429"}],"curies":[{"name":"wp","href":"https:\/\/api.w.org\/{rel}","templated":true}]}}