{"id":4084,"date":"2025-04-30T11:14:26","date_gmt":"2025-04-30T09:14:26","guid":{"rendered":"https:\/\/integragen.com\/?page_id=4084"},"modified":"2025-04-30T11:14:27","modified_gmt":"2025-04-30T09:14:27","slug":"formulaire-mrd","status":"publish","type":"page","link":"https:\/\/integragen.com\/en\/formulaire-mrd\/","title":{"rendered":"MRD form"},"content":{"rendered":"\n<div class=\"wp-block-group is-layout-constrained wp-block-group-is-layout-constrained\">\n<div class=\"wp-block-group alignfull cozy-block-pattern__contact-us-two has-background is-layout-constrained wp-container-core-group-is-layout-9e4ab394 wp-block-group-is-layout-constrained\" style=\"background-color:#fffffe;margin-top:0;margin-bottom:0;padding-top:0;padding-right:0;padding-bottom:0;padding-left:0\">\n<div class=\"wp-block-group is-layout-constrained wp-container-core-group-is-layout-094920dd wp-block-group-is-layout-constrained\" style=\"margin-top:0;margin-bottom:0;padding-top:80px;padding-right:16px;padding-bottom:80px;padding-left:16px\">\n<p><strong>Remplissez le formulaire pour acc\u00e9der \u00e0 l&rsquo;Application Note compl\u00e8te<\/strong><\/p>\n\n\n<link rel=\"stylesheet\" href=\"https:\/\/fonts.googleapis.com\/css2?family=Public+Sans:wght@400;500;600;700;800\" \/>\n<div class=\"wp-block-columns has-light-shade-background-color has-text-color has-background has-link-color wp-elements-22d7ebe39e30b66b0b1c3bf3c112eb3d is-layout-flex wp-container-core-columns-is-layout-f0342b05 wp-block-columns-is-layout-flex\" style=\"color:#646464;margin-top:0;margin-bottom:0;font-size:14px; font-family: 'Public Sans' !important;\" style=\"color:#646464;margin-top:0;margin-bottom:0;font-size:14px\">\n<div class=\"wp-block-column has-light-shade-background-color has-background is-layout-flow wp-container-core-column-is-layout-8a368f38 wp-block-column-is-layout-flow cozy-animation__initialized\" data-aos=\"fade-up\" data-aos-easing=\"ease\" data-aos-anchor-placement=\"top-center\" data-aos-duration=\"1000\">\n<div\n\tclass=\"root-eb-wpforms-oj4ps wp-block-essential-blocks-wpforms\">\n\t<div class=\"eb-parent-eb-wpforms-oj4ps  eb-parent-wrapper\">\n\t\t<div class=\"eb-wpforms-oj4ps eb-wpforms-wrapper\">\n\t\t\t<div class=\"wpforms-container wpforms-container-full wpforms-render-modern\" id=\"wpforms-4077\"><form id=\"wpforms-form-4077\" class=\"wpforms-validate wpforms-form wpforms-ajax-form\" data-formid=\"4077\" method=\"post\" enctype=\"multipart\/form-data\" action=\"\/en\/wp-json\/wp\/v2\/pages\/4084\" data-token=\"e2402a4b309e0ec620f7dbc06808b30b\" data-token-time=\"1776614229\"><noscript class=\"wpforms-error-noscript\">Please enable JavaScript in your browser to complete this form.<\/noscript><div id=\"wpforms-error-noscript\" style=\"display: none;\">Please enable JavaScript in your browser to complete this form.<\/div><div class=\"wpforms-field-container\"><div id=\"wpforms-4077-field_0-container\" class=\"wpforms-field wpforms-field-name\" data-field-id=\"0\"><fieldset><legend class=\"wpforms-field-label\">Pr\u00e9nom \/ First Name &#8211; Nom \/ Last Name <span class=\"wpforms-required-label\" aria-hidden=\"true\">*<\/span><\/legend><div class=\"wpforms-field-row wpforms-field-large\"><div class=\"wpforms-field-row-block wpforms-first wpforms-one-half\"><input type=\"text\" id=\"wpforms-4077-field_0\" class=\"wpforms-field-name-first wpforms-field-required\" name=\"wpforms[fields][0][first]\" aria-errormessage=\"wpforms-4077-field_0-error\" required><label for=\"wpforms-4077-field_0\" class=\"wpforms-field-sublabel after\">First<\/label><\/div><div class=\"wpforms-field-row-block wpforms-one-half\"><input type=\"text\" id=\"wpforms-4077-field_0-last\" class=\"wpforms-field-name-last wpforms-field-required\" name=\"wpforms[fields][0][last]\" aria-errormessage=\"wpforms-4077-field_0-last-error\" required><label for=\"wpforms-4077-field_0-last\" class=\"wpforms-field-sublabel after\">Last<\/label><\/div><\/div><\/fieldset><\/div><div id=\"wpforms-4077-field_3-container\" class=\"wpforms-field wpforms-field-layout\" data-field-id=\"3\"><div class=\"wpforms-field-layout-rows wpforms-field-large\"><div class=\"wpforms-layout-row\"><div class=\"wpforms-layout-column wpforms-layout-column-50\"><div id=\"wpforms-4077-field_1-container\" class=\"wpforms-field wpforms-field-email\" data-field-id=\"1\"><label class=\"wpforms-field-label\" for=\"wpforms-4077-field_1\">Email <span class=\"wpforms-required-label\" aria-hidden=\"true\">*<\/span><\/label><input type=\"email\" id=\"wpforms-4077-field_1\" class=\"wpforms-field-medium wpforms-field-required\" name=\"wpforms[fields][1]\" spellcheck=\"false\" aria-errormessage=\"wpforms-4077-field_1-error\" required><\/div><\/div><div class=\"wpforms-layout-column wpforms-layout-column-50\"><div id=\"wpforms-4077-field_4-container\" class=\"wpforms-field wpforms-field-phone\" data-field-id=\"4\"><label class=\"wpforms-field-label\" for=\"wpforms-4077-field_4\">T\u00e9l\u00e9phone \/ Phone <span class=\"wpforms-required-label\" aria-hidden=\"true\">*<\/span><\/label><input type=\"tel\" id=\"wpforms-4077-field_4\" class=\"wpforms-field-medium wpforms-field-required wpforms-smart-phone-field\" data-rule-smart-phone-field=\"true\" name=\"wpforms[fields][4]\" aria-label=\"T\u00e9l\u00e9phone \/ Phone\" aria-errormessage=\"wpforms-4077-field_4-error\" required><\/div><\/div><\/div><div class=\"wpforms-layout-row\"><div class=\"wpforms-layout-column wpforms-layout-column-50\"><div id=\"wpforms-4077-field_5-container\" class=\"wpforms-field wpforms-field-text\" data-field-id=\"5\"><label class=\"wpforms-field-label\" for=\"wpforms-4077-field_5\">Soci\u00e9t\u00e9 ou institut \/ Company or Institute <span class=\"wpforms-required-label\" aria-hidden=\"true\">*<\/span><\/label><input type=\"text\" id=\"wpforms-4077-field_5\" class=\"wpforms-field-medium wpforms-field-required\" name=\"wpforms[fields][5]\" aria-errormessage=\"wpforms-4077-field_5-error\" required><\/div><\/div><div class=\"wpforms-layout-column wpforms-layout-column-50\"><div id=\"wpforms-4077-field_33-container\" class=\"wpforms-field wpforms-field-text\" data-field-id=\"33\"><label class=\"wpforms-field-label\" for=\"wpforms-4077-field_33\">Ville \/ Town <span class=\"wpforms-required-label\" aria-hidden=\"true\">*<\/span><\/label><input type=\"text\" id=\"wpforms-4077-field_33\" class=\"wpforms-field-medium wpforms-field-required\" name=\"wpforms[fields][33]\" aria-errormessage=\"wpforms-4077-field_33-error\" required><\/div><\/div><\/div><div class=\"wpforms-layout-row\"><div class=\"wpforms-layout-column wpforms-layout-column-50\"><div id=\"wpforms-4077-field_35-container\" class=\"wpforms-field wpforms-field-text\" data-field-id=\"35\"><label class=\"wpforms-field-label\" for=\"wpforms-4077-field_35\">Poste (fonction) \/ Function<\/label><input type=\"text\" id=\"wpforms-4077-field_35\" class=\"wpforms-field-medium\" name=\"wpforms[fields][35]\" aria-errormessage=\"wpforms-4077-field_35-error\" ><\/div><\/div><div class=\"wpforms-layout-column wpforms-layout-column-50\"><div id=\"wpforms-4077-field_6-container\" class=\"wpforms-field wpforms-field-text\" data-field-id=\"6\"><label class=\"wpforms-field-label\" for=\"wpforms-4077-field_6\">Pays \/ Country <span class=\"wpforms-required-label\" aria-hidden=\"true\">*<\/span><\/label><input type=\"text\" id=\"wpforms-4077-field_6\" class=\"wpforms-field-medium wpforms-field-required\" name=\"wpforms[fields][6]\" aria-errormessage=\"wpforms-4077-field_6-error\" required><\/div><\/div><\/div><\/div><\/div><div id=\"wpforms-4077-field_31-container\" class=\"wpforms-field wpforms-field-checkbox\" data-field-id=\"31\"><fieldset><legend class=\"wpforms-field-label\">Protections des donn\u00e9es \/ Data protection <span class=\"wpforms-required-label\" aria-hidden=\"true\">*<\/span><\/legend><ul id=\"wpforms-4077-field_31\" class=\"wpforms-field-required\"><li class=\"choice-1 depth-1\"><input type=\"checkbox\" id=\"wpforms-4077-field_31_1\" name=\"wpforms[fields][31][]\" value=\"J&#039;accepte la politique de confidentialit\u00e9 d&#039;IntegraGen \/ I accept IntegraGen&#039;s privacy policy\" aria-errormessage=\"wpforms-4077-field_31_1-error\" aria-describedby=\"wpforms-4077-field_31-description\" required ><label class=\"wpforms-field-label-inline\" for=\"wpforms-4077-field_31_1\">J&rsquo;accepte la politique de confidentialit\u00e9 d&rsquo;IntegraGen \/ I accept IntegraGen&rsquo;s privacy policy<\/label><\/li><\/ul><div id=\"wpforms-4077-field_31-description\" class=\"wpforms-field-description\">En soumettant ce formulaire, vous acceptez que vos donn\u00e9es soient utilis\u00e9es pour vous envoyer des informations li\u00e9es aux services d\u2019IntegraGen. Vous pourrez vous d\u00e9sinscrire \u00e0 tout moment. Pour en savoir plus, consultez notre politique de confidentialit\u00e9. \/\nBy submitting this form, you agree that your data may be used to send you information related to IntegraGen&rsquo;s services. You can unsubscribe at any time. To learn more, please refer to our privacy policy.<\/div><\/fieldset><\/div><\/div><!-- .wpforms-field-container --><div class=\"wpforms-recaptcha-container wpforms-is-recaptcha wpforms-is-recaptcha-type-v2\" ><div class=\"g-recaptcha\" data-sitekey=\"6LedkTgqAAAAAJmQYjBjnP5S3Jr7zk8xsRcnCOQr\"><\/div><input type=\"text\" name=\"g-recaptcha-hidden\" class=\"wpforms-recaptcha-hidden\" style=\"position:absolute!important;clip:rect(0,0,0,0)!important;height:1px!important;width:1px!important;border:0!important;overflow:hidden!important;padding:0!important;margin:0!important;\" data-rule-recaptcha=\"1\"><\/div><div class=\"wpforms-submit-container\" ><input type=\"hidden\" name=\"wpforms[id]\" value=\"4077\"><input type=\"hidden\" name=\"page_title\" value=\"\"><input type=\"hidden\" name=\"page_url\" value=\"https:\/\/integragen.com\/en\/wp-json\/wp\/v2\/pages\/4084\"><input type=\"hidden\" name=\"url_referer\" value=\"\"><button type=\"submit\" name=\"wpforms[submit]\" id=\"wpforms-submit-4077\" class=\"wpforms-submit\" data-alt-text=\"Envoi...\" data-submit-text=\"Envoyer \/ Send\" aria-live=\"assertive\" value=\"wpforms-submit\">Envoyer \/ Send<\/button><img loading=\"lazy\" decoding=\"async\" src=\"https:\/\/integragen.com\/wp-content\/plugins\/wpforms\/assets\/images\/submit-spin.svg\" class=\"wpforms-submit-spinner\" style=\"display: none;\" width=\"26\" height=\"26\" alt=\"Loading\"><\/div><\/form><\/div>  <!-- .wpforms-container -->\t\t<\/div>\n\t<\/div>\n<\/div>\n<\/div>\n<\/div>\n<\/div>\n<\/div>\n<\/div>\n","protected":false},"excerpt":{"rendered":"<p>Fill in the form to access the full Application Note<\/p>","protected":false},"author":2,"featured_media":0,"parent":0,"menu_order":1,"comment_status":"closed","ping_status":"closed","template":"fullwidth-page-template","meta":{"ca_portfolio_gallery_project_year":"","ca_portfolio_gallery_client":"","ca_portfolio_gallery_skills":"","ca_portfolio_gallery_url":"","ca_portfolio_gallery_images":"","_eb_attr":"","footnotes":""},"class_list":["post-4084","page","type-page","status-publish","hentry"],"yoast_head":"<!-- This site is optimized with the Yoast SEO plugin v27.4 - https:\/\/yoast.com\/product\/yoast-seo-wordpress\/ -->\n<title>Formulaire MRD &#8211; IntegraGen<\/title>\n<meta name=\"description\" content=\"Contactez nous via Contact-IntegraGen et vous serez satisfait. Nos bureaux et laboratoires de recherche sont situ\u00e9s au c\u0153ur du G\u00e9nopole.\" \/>\n<meta name=\"robots\" content=\"index, follow, max-snippet:-1, max-image-preview:large, max-video-preview:-1\" \/>\n<link rel=\"canonical\" href=\"https:\/\/integragen.com\/en\/formulaire-mrd\/\" \/>\n<meta property=\"og:locale\" content=\"en_US\" \/>\n<meta property=\"og:type\" content=\"article\" \/>\n<meta property=\"og:title\" content=\"Formulaire MRD &#8211; IntegraGen\" \/>\n<meta property=\"og:description\" content=\"Contactez nous via Contact-IntegraGen et vous serez satisfait. Nos bureaux et laboratoires de recherche sont situ\u00e9s au c\u0153ur du G\u00e9nopole.\" \/>\n<meta property=\"og:url\" content=\"https:\/\/integragen.com\/en\/formulaire-mrd\/\" \/>\n<meta property=\"og:site_name\" content=\"IntegraGen\" \/>\n<meta property=\"article:modified_time\" content=\"2025-04-30T09:14:27+00:00\" \/>\n<meta property=\"og:image\" content=\"https:\/\/integragen.com\/wp-content\/uploads\/2024\/07\/image-1.png\" \/>\n\t<meta property=\"og:image:width\" content=\"2478\" \/>\n\t<meta property=\"og:image:height\" content=\"684\" \/>\n\t<meta property=\"og:image:type\" content=\"image\/png\" \/>\n<meta name=\"twitter:card\" content=\"summary_large_image\" \/>\n<script type=\"application\/ld+json\" class=\"yoast-schema-graph\">{\"@context\":\"https:\\\/\\\/schema.org\",\"@graph\":[{\"@type\":\"WebPage\",\"@id\":\"https:\\\/\\\/integragen.com\\\/formulaire-mrd\\\/\",\"url\":\"https:\\\/\\\/integragen.com\\\/formulaire-mrd\\\/\",\"name\":\"Formulaire MRD &#8211; IntegraGen\",\"isPartOf\":{\"@id\":\"https:\\\/\\\/integragen.com\\\/#website\"},\"datePublished\":\"2025-04-30T09:14:26+00:00\",\"dateModified\":\"2025-04-30T09:14:27+00:00\",\"description\":\"Contactez nous via Contact-IntegraGen et vous serez satisfait. Nos bureaux et laboratoires de recherche sont situ\u00e9s au c\u0153ur du G\u00e9nopole.\",\"breadcrumb\":{\"@id\":\"https:\\\/\\\/integragen.com\\\/formulaire-mrd\\\/#breadcrumb\"},\"inLanguage\":\"en-US\",\"potentialAction\":[{\"@type\":\"ReadAction\",\"target\":[\"https:\\\/\\\/integragen.com\\\/formulaire-mrd\\\/\"]}]},{\"@type\":\"BreadcrumbList\",\"@id\":\"https:\\\/\\\/integragen.com\\\/formulaire-mrd\\\/#breadcrumb\",\"itemListElement\":[{\"@type\":\"ListItem\",\"position\":1,\"name\":\"Accueil\",\"item\":\"https:\\\/\\\/integragen.com\\\/\"},{\"@type\":\"ListItem\",\"position\":2,\"name\":\"Formulaire MRD\"}]},{\"@type\":\"WebSite\",\"@id\":\"https:\\\/\\\/integragen.com\\\/#website\",\"url\":\"https:\\\/\\\/integragen.com\\\/\",\"name\":\"IntegraGen - Clinical Genomic Experts\",\"description\":\"NGS Sequencing &amp; Bioinformatics for Pharma, Biotech &amp; CRO\",\"publisher\":{\"@id\":\"https:\\\/\\\/integragen.com\\\/#organization\"},\"alternateName\":\"IntegraGen\",\"potentialAction\":[{\"@type\":\"SearchAction\",\"target\":{\"@type\":\"EntryPoint\",\"urlTemplate\":\"https:\\\/\\\/integragen.com\\\/?s={search_term_string}\"},\"query-input\":{\"@type\":\"PropertyValueSpecification\",\"valueRequired\":true,\"valueName\":\"search_term_string\"}}],\"inLanguage\":\"en-US\"},{\"@type\":\"Organization\",\"@id\":\"https:\\\/\\\/integragen.com\\\/#organization\",\"name\":\"IntegraGen\",\"url\":\"https:\\\/\\\/integragen.com\\\/\",\"logo\":{\"@type\":\"ImageObject\",\"inLanguage\":\"en-US\",\"@id\":\"https:\\\/\\\/integragen.com\\\/#\\\/schema\\\/logo\\\/image\\\/\",\"url\":\"https:\\\/\\\/integragen.com\\\/wp-content\\\/uploads\\\/2024\\\/09\\\/Logo_IntegraGen_OncoDNA.png\",\"contentUrl\":\"https:\\\/\\\/integragen.com\\\/wp-content\\\/uploads\\\/2024\\\/09\\\/Logo_IntegraGen_OncoDNA.png\",\"width\":2478,\"height\":684,\"caption\":\"IntegraGen\"},\"image\":{\"@id\":\"https:\\\/\\\/integragen.com\\\/#\\\/schema\\\/logo\\\/image\\\/\"},\"sameAs\":[\"https:\\\/\\\/www.linkedin.com\\\/company\\\/integragen\\\/\"]}]}<\/script>\n<!-- \/ Yoast SEO plugin. -->","yoast_head_json":{"title":"Formulaire MRD &#8211; IntegraGen","description":"Contactez nous via Contact-IntegraGen et vous serez satisfait. Nos bureaux et laboratoires de recherche sont situ\u00e9s au c\u0153ur du G\u00e9nopole.","robots":{"index":"index","follow":"follow","max-snippet":"max-snippet:-1","max-image-preview":"max-image-preview:large","max-video-preview":"max-video-preview:-1"},"canonical":"https:\/\/integragen.com\/en\/formulaire-mrd\/","og_locale":"en_US","og_type":"article","og_title":"Formulaire MRD &#8211; IntegraGen","og_description":"Contactez nous via Contact-IntegraGen et vous serez satisfait. Nos bureaux et laboratoires de recherche sont situ\u00e9s au c\u0153ur du G\u00e9nopole.","og_url":"https:\/\/integragen.com\/en\/formulaire-mrd\/","og_site_name":"IntegraGen","article_modified_time":"2025-04-30T09:14:27+00:00","og_image":[{"width":2478,"height":684,"url":"https:\/\/integragen.com\/wp-content\/uploads\/2024\/07\/image-1.png","type":"image\/png"}],"twitter_card":"summary_large_image","schema":{"@context":"https:\/\/schema.org","@graph":[{"@type":"WebPage","@id":"https:\/\/integragen.com\/formulaire-mrd\/","url":"https:\/\/integragen.com\/formulaire-mrd\/","name":"Formulaire MRD &#8211; IntegraGen","isPartOf":{"@id":"https:\/\/integragen.com\/#website"},"datePublished":"2025-04-30T09:14:26+00:00","dateModified":"2025-04-30T09:14:27+00:00","description":"Contactez nous via Contact-IntegraGen et vous serez satisfait. Nos bureaux et laboratoires de recherche sont situ\u00e9s au c\u0153ur du G\u00e9nopole.","breadcrumb":{"@id":"https:\/\/integragen.com\/formulaire-mrd\/#breadcrumb"},"inLanguage":"en-US","potentialAction":[{"@type":"ReadAction","target":["https:\/\/integragen.com\/formulaire-mrd\/"]}]},{"@type":"BreadcrumbList","@id":"https:\/\/integragen.com\/formulaire-mrd\/#breadcrumb","itemListElement":[{"@type":"ListItem","position":1,"name":"Accueil","item":"https:\/\/integragen.com\/"},{"@type":"ListItem","position":2,"name":"Formulaire MRD"}]},{"@type":"WebSite","@id":"https:\/\/integragen.com\/#website","url":"https:\/\/integragen.com\/","name":"IntegraGen - Clinical Genomic Experts","description":"NGS Sequencing &amp; Bioinformatics for Pharma, Biotech &amp; CROs","publisher":{"@id":"https:\/\/integragen.com\/#organization"},"alternateName":"IntegraGen","potentialAction":[{"@type":"SearchAction","target":{"@type":"EntryPoint","urlTemplate":"https:\/\/integragen.com\/?s={search_term_string}"},"query-input":{"@type":"PropertyValueSpecification","valueRequired":true,"valueName":"search_term_string"}}],"inLanguage":"en-US"},{"@type":"Organization","@id":"https:\/\/integragen.com\/#organization","name":"IntegraGen","url":"https:\/\/integragen.com\/","logo":{"@type":"ImageObject","inLanguage":"en-US","@id":"https:\/\/integragen.com\/#\/schema\/logo\/image\/","url":"https:\/\/integragen.com\/wp-content\/uploads\/2024\/09\/Logo_IntegraGen_OncoDNA.png","contentUrl":"https:\/\/integragen.com\/wp-content\/uploads\/2024\/09\/Logo_IntegraGen_OncoDNA.png","width":2478,"height":684,"caption":"IntegraGen"},"image":{"@id":"https:\/\/integragen.com\/#\/schema\/logo\/image\/"},"sameAs":["https:\/\/www.linkedin.com\/company\/integragen\/"]}]}},"_links":{"self":[{"href":"https:\/\/integragen.com\/en\/wp-json\/wp\/v2\/pages\/4084","targetHints":{"allow":["GET"]}}],"collection":[{"href":"https:\/\/integragen.com\/en\/wp-json\/wp\/v2\/pages"}],"about":[{"href":"https:\/\/integragen.com\/en\/wp-json\/wp\/v2\/types\/page"}],"author":[{"embeddable":true,"href":"https:\/\/integragen.com\/en\/wp-json\/wp\/v2\/users\/2"}],"replies":[{"embeddable":true,"href":"https:\/\/integragen.com\/en\/wp-json\/wp\/v2\/comments?post=4084"}],"version-history":[{"count":3,"href":"https:\/\/integragen.com\/en\/wp-json\/wp\/v2\/pages\/4084\/revisions"}],"predecessor-version":[{"id":4342,"href":"https:\/\/integragen.com\/en\/wp-json\/wp\/v2\/pages\/4084\/revisions\/4342"}],"wp:attachment":[{"href":"https:\/\/integragen.com\/en\/wp-json\/wp\/v2\/media?parent=4084"}],"curies":[{"name":"wp","href":"https:\/\/api.w.org\/{rel}","templated":true}]}}