{"id":3982,"date":"2024-12-16T11:47:35","date_gmt":"2024-12-16T09:47:35","guid":{"rendered":"https:\/\/integragen.com\/?page_id=3982"},"modified":"2024-12-16T11:57:51","modified_gmt":"2024-12-16T09:57:51","slug":"technicienne-superieure-en-genomique","status":"publish","type":"page","link":"https:\/\/integragen.com\/en\/technicienne-superieure-en-genomique\/","title":{"rendered":"Senior genomics technician"},"content":{"rendered":"<p>Reporting to the laboratory manager, the technician takes part in all the technical stages of the High Throughput Sequencing service.<\/p>\n\n\n\n<p>The position will be based at the Institut Pasteur (Paris XV). Occasionally, he\/she may be called upon to carry out missions on the various platforms operated by the company in the Paris region.<\/p>\n\n\n\n<div style=\"height:35px\" aria-hidden=\"true\" class=\"wp-block-spacer\"><\/div>\n\n\n\n<div class=\"wp-block-group is-vertical is-layout-flex wp-container-core-group-is-layout-fe9cc265 wp-block-group-is-layout-flex\">\n<h4 class=\"wp-block-heading\"><strong>Your Missions :<\/strong><\/h4>\n\n\n\n<div class=\"wp-block-columns is-layout-flex wp-container-core-columns-is-layout-28f84493 wp-block-columns-is-layout-flex\">\n<div class=\"wp-block-column is-layout-flow wp-block-column-is-layout-flow\" style=\"flex-basis:25%\">\n<hr class=\"wp-block-separator has-text-color has-secondary-color has-alpha-channel-opacity has-secondary-background-color has-background\"\/>\n<\/div>\n\n\n\n<div class=\"wp-block-column is-layout-flow wp-block-column-is-layout-flow\" style=\"flex-basis:25%\">\n<hr class=\"wp-block-separator has-text-color has-secondary-color has-alpha-channel-opacity has-secondary-background-color has-background\"\/>\n<\/div>\n\n\n\n<div class=\"wp-block-column is-layout-flow wp-block-column-is-layout-flow\" style=\"flex-basis:50%\"><\/div>\n<\/div>\n<\/div>\n\n\n\n<ul class=\"wp-block-list\">\n<li>Technical versatility within a team of senior laboratory technicians.<\/li>\n\n\n\n<li>Involvement in all production processes, from receiving DNA samples, to loading the NextSeq500, NS2000 high-throughput sequencer, to preparing sequencing libraries.<\/li>\n\n\n\n<li>Critical interpretation of the results obtained at each stage.<\/li>\n\n\n\n<li>Participation in the quality management and quality control processes involved in all Pasteur protocols.<\/li>\n\n\n\n<li>Use of a computerized production management and monitoring tool (LIMS).<\/li>\n\n\n\n<li>Use of various software programs (Excel, robotics interface, and software for controlling various devices).<\/li>\n<\/ul>\n\n\n\n<div style=\"height:35px\" aria-hidden=\"true\" class=\"wp-block-spacer\"><\/div>\n\n\n\n<div class=\"wp-block-group is-vertical is-layout-flex wp-container-core-group-is-layout-fe9cc265 wp-block-group-is-layout-flex\">\n<h4 class=\"wp-block-heading\"><strong>Profile required:<\/strong><\/h4>\n\n\n\n<div class=\"wp-block-columns is-layout-flex wp-container-core-columns-is-layout-28f84493 wp-block-columns-is-layout-flex\">\n<div class=\"wp-block-column is-layout-flow wp-block-column-is-layout-flow\" style=\"flex-basis:25%\">\n<hr class=\"wp-block-separator has-text-color has-secondary-color has-alpha-channel-opacity has-secondary-background-color has-background\"\/>\n<\/div>\n\n\n\n<div class=\"wp-block-column is-layout-flow wp-block-column-is-layout-flow\" style=\"flex-basis:25%\">\n<hr class=\"wp-block-separator has-text-color has-secondary-color has-alpha-channel-opacity has-secondary-background-color has-background\"\/>\n<\/div>\n\n\n\n<div class=\"wp-block-column is-layout-flow wp-block-column-is-layout-flow\" style=\"flex-basis:50%\"><\/div>\n<\/div>\n<\/div>\n\n\n\n<p>Candidates must hold a DUT, BTS or professional degree in laboratory science and technology, in particular Molecular Biology and\/or Biotechnology. \u00a0<\/p>\n\n\n\n<p>He\/she will need to master molecular biology techniques (handling nucleic acids, PCR, quantitative PCR, following technical protocols).<\/p>\n\n\n\n<p>Experience in high-throughput sequencing and genotyping would be a plus. However, a motivated beginner who has completed internships in molecular biology will be accepted.<\/p>\n\n\n\n<p>The position requires :<\/p>\n\n\n\n<ul class=\"wp-block-list\">\n<li>Excellent interpersonal skills and ability to work in a team.\u00a0<\/li>\n\n\n\n<li>Rigor, methodology, efficiency, critical thinking.<\/li>\n\n\n\n<li>Compliance with existing protocols and procedures.\u00a0<\/li>\n\n\n\n<li>Proficiency in various office automation tools.<\/li>\n<\/ul>\n\n\n\n<div style=\"height:35px\" aria-hidden=\"true\" class=\"wp-block-spacer\"><\/div>\n\n\n\n<div class=\"wp-block-group is-vertical is-layout-flex wp-container-core-group-is-layout-fe9cc265 wp-block-group-is-layout-flex\">\n<h4 class=\"wp-block-heading\"><strong>Our offer :<\/strong><\/h4>\n\n\n\n<div class=\"wp-block-columns is-layout-flex wp-container-core-columns-is-layout-28f84493 wp-block-columns-is-layout-flex\">\n<div class=\"wp-block-column is-layout-flow wp-block-column-is-layout-flow\" style=\"flex-basis:25%\">\n<hr class=\"wp-block-separator has-text-color has-secondary-color has-alpha-channel-opacity has-secondary-background-color has-background\"\/>\n<\/div>\n\n\n\n<div class=\"wp-block-column is-layout-flow wp-block-column-is-layout-flow\" style=\"flex-basis:25%\">\n<hr class=\"wp-block-separator has-text-color has-secondary-color has-alpha-channel-opacity has-secondary-background-color has-background\"\/>\n<\/div>\n\n\n\n<div class=\"wp-block-column is-layout-flow wp-block-column-is-layout-flow\" style=\"flex-basis:50%\"><\/div>\n<\/div>\n<\/div>\n\n\n\n<ul class=\"wp-block-list\">\n<li>Full-time permanent contract<\/li>\n\n\n\n<li>Salary according to experience<\/li>\n\n\n\n<li>Benefits: Transport contribution<\/li>\n\n\n\n<li>RTT<\/li>\n\n\n\n<li>Meal vouchers<\/li>\n\n\n\n<li>Daytime schedule: Monday to Friday<\/li>\n\n\n\n<li><strong>Start date :\u00a0<\/strong>as soon as possible.<\/li>\n<\/ul>\n\n\n\n<div style=\"height:35px\" aria-hidden=\"true\" class=\"wp-block-spacer\"><\/div>\n\n\n\n<p><strong>Send your application to ig-job@integragen.com with your CV and a covering letter.<\/strong><\/p>","protected":false},"excerpt":{"rendered":"<p>Reporting to the Laboratory Manager, the technician will take part in all the technical stages of the High Throughput Sequencing service. The position will be based at the Institut Pasteur (Paris XV). Occasionally, he\/she may be called upon to carry out assignments on the various platforms operated by the company in the Paris region. Missions...<\/p>","protected":false},"author":2,"featured_media":0,"parent":0,"menu_order":0,"comment_status":"closed","ping_status":"closed","template":"","meta":{"ca_portfolio_gallery_project_year":"","ca_portfolio_gallery_client":"","ca_portfolio_gallery_skills":"","ca_portfolio_gallery_url":"","ca_portfolio_gallery_images":"","_eb_attr":"","footnotes":""},"class_list":["post-3982","page","type-page","status-publish","hentry"],"yoast_head":"<!-- This site is optimized with the Yoast SEO plugin v27.4 - https:\/\/yoast.com\/product\/yoast-seo-wordpress\/ -->\n<title>Technicien(ne) sup\u00e9rieur(e) en g\u00e9nomique &#8211; IntegraGen<\/title>\n<meta name=\"robots\" content=\"index, follow, max-snippet:-1, max-image-preview:large, max-video-preview:-1\" \/>\n<link rel=\"canonical\" href=\"https:\/\/integragen.com\/en\/technicienne-superieure-en-genomique\/\" \/>\n<meta property=\"og:locale\" content=\"en_US\" \/>\n<meta property=\"og:type\" content=\"article\" \/>\n<meta property=\"og:title\" content=\"Technicien(ne) sup\u00e9rieur(e) en g\u00e9nomique &#8211; IntegraGen\" \/>\n<meta property=\"og:description\" content=\"Sous l\u2019autorit\u00e9 du responsable de laboratoire, le(la) technicien(ne) participe \u00e0 toutes les \u00e9tapes techniques li\u00e9es au service de S\u00e9quen\u00e7age Haut D\u00e9bit. Le poste sera bas\u00e9 au sein de l\u2019Institut Pasteur (Paris XV). Occasionnellement, il(elle)&nbsp; pourra \u00eatre amen\u00e9 \u00e0 effectuer des missions sur les diff\u00e9rentes plateformes op\u00e9r\u00e9es par la soci\u00e9t\u00e9 en \u00cele de France. Vos Missions...\" \/>\n<meta property=\"og:url\" content=\"https:\/\/integragen.com\/en\/technicienne-superieure-en-genomique\/\" \/>\n<meta property=\"og:site_name\" content=\"IntegraGen\" \/>\n<meta property=\"article:modified_time\" content=\"2024-12-16T09:57:51+00:00\" \/>\n<meta property=\"og:image\" content=\"https:\/\/integragen.com\/wp-content\/uploads\/2024\/07\/image-1.png\" \/>\n\t<meta property=\"og:image:width\" content=\"2478\" \/>\n\t<meta property=\"og:image:height\" content=\"684\" \/>\n\t<meta property=\"og:image:type\" content=\"image\/png\" \/>\n<meta name=\"twitter:card\" content=\"summary_large_image\" \/>\n<meta name=\"twitter:label1\" content=\"Est. reading time\" \/>\n\t<meta name=\"twitter:data1\" content=\"2 minutes\" \/>\n<script type=\"application\/ld+json\" class=\"yoast-schema-graph\">{\"@context\":\"https:\\\/\\\/schema.org\",\"@graph\":[{\"@type\":\"WebPage\",\"@id\":\"https:\\\/\\\/integragen.com\\\/technicienne-superieure-en-genomique\\\/\",\"url\":\"https:\\\/\\\/integragen.com\\\/technicienne-superieure-en-genomique\\\/\",\"name\":\"Technicien(ne) sup\u00e9rieur(e) en g\u00e9nomique &#8211; IntegraGen\",\"isPartOf\":{\"@id\":\"https:\\\/\\\/integragen.com\\\/#website\"},\"datePublished\":\"2024-12-16T09:47:35+00:00\",\"dateModified\":\"2024-12-16T09:57:51+00:00\",\"breadcrumb\":{\"@id\":\"https:\\\/\\\/integragen.com\\\/technicienne-superieure-en-genomique\\\/#breadcrumb\"},\"inLanguage\":\"en-US\",\"potentialAction\":[{\"@type\":\"ReadAction\",\"target\":[\"https:\\\/\\\/integragen.com\\\/technicienne-superieure-en-genomique\\\/\"]}]},{\"@type\":\"BreadcrumbList\",\"@id\":\"https:\\\/\\\/integragen.com\\\/technicienne-superieure-en-genomique\\\/#breadcrumb\",\"itemListElement\":[{\"@type\":\"ListItem\",\"position\":1,\"name\":\"Accueil\",\"item\":\"https:\\\/\\\/integragen.com\\\/\"},{\"@type\":\"ListItem\",\"position\":2,\"name\":\"Technicien(ne) sup\u00e9rieur(e) en g\u00e9nomique\"}]},{\"@type\":\"WebSite\",\"@id\":\"https:\\\/\\\/integragen.com\\\/#website\",\"url\":\"https:\\\/\\\/integragen.com\\\/\",\"name\":\"IntegraGen - Clinical Genomic Experts\",\"description\":\"NGS Sequencing &amp; Bioinformatics for Pharma, Biotech &amp; CRO\",\"publisher\":{\"@id\":\"https:\\\/\\\/integragen.com\\\/#organization\"},\"alternateName\":\"IntegraGen\",\"potentialAction\":[{\"@type\":\"SearchAction\",\"target\":{\"@type\":\"EntryPoint\",\"urlTemplate\":\"https:\\\/\\\/integragen.com\\\/?s={search_term_string}\"},\"query-input\":{\"@type\":\"PropertyValueSpecification\",\"valueRequired\":true,\"valueName\":\"search_term_string\"}}],\"inLanguage\":\"en-US\"},{\"@type\":\"Organization\",\"@id\":\"https:\\\/\\\/integragen.com\\\/#organization\",\"name\":\"IntegraGen\",\"url\":\"https:\\\/\\\/integragen.com\\\/\",\"logo\":{\"@type\":\"ImageObject\",\"inLanguage\":\"en-US\",\"@id\":\"https:\\\/\\\/integragen.com\\\/#\\\/schema\\\/logo\\\/image\\\/\",\"url\":\"https:\\\/\\\/integragen.com\\\/wp-content\\\/uploads\\\/2024\\\/09\\\/Logo_IntegraGen_OncoDNA.png\",\"contentUrl\":\"https:\\\/\\\/integragen.com\\\/wp-content\\\/uploads\\\/2024\\\/09\\\/Logo_IntegraGen_OncoDNA.png\",\"width\":2478,\"height\":684,\"caption\":\"IntegraGen\"},\"image\":{\"@id\":\"https:\\\/\\\/integragen.com\\\/#\\\/schema\\\/logo\\\/image\\\/\"},\"sameAs\":[\"https:\\\/\\\/www.linkedin.com\\\/company\\\/integragen\\\/\"]}]}<\/script>\n<!-- \/ Yoast SEO plugin. -->","yoast_head_json":{"title":"Technicien(ne) sup\u00e9rieur(e) en g\u00e9nomique &#8211; IntegraGen","robots":{"index":"index","follow":"follow","max-snippet":"max-snippet:-1","max-image-preview":"max-image-preview:large","max-video-preview":"max-video-preview:-1"},"canonical":"https:\/\/integragen.com\/en\/technicienne-superieure-en-genomique\/","og_locale":"en_US","og_type":"article","og_title":"Technicien(ne) sup\u00e9rieur(e) en g\u00e9nomique &#8211; IntegraGen","og_description":"Sous l\u2019autorit\u00e9 du responsable de laboratoire, le(la) technicien(ne) participe \u00e0 toutes les \u00e9tapes techniques li\u00e9es au service de S\u00e9quen\u00e7age Haut D\u00e9bit. Le poste sera bas\u00e9 au sein de l\u2019Institut Pasteur (Paris XV). Occasionnellement, il(elle)&nbsp; pourra \u00eatre amen\u00e9 \u00e0 effectuer des missions sur les diff\u00e9rentes plateformes op\u00e9r\u00e9es par la soci\u00e9t\u00e9 en \u00cele de France. Vos Missions...","og_url":"https:\/\/integragen.com\/en\/technicienne-superieure-en-genomique\/","og_site_name":"IntegraGen","article_modified_time":"2024-12-16T09:57:51+00:00","og_image":[{"width":2478,"height":684,"url":"https:\/\/integragen.com\/wp-content\/uploads\/2024\/07\/image-1.png","type":"image\/png"}],"twitter_card":"summary_large_image","twitter_misc":{"Est. reading time":"2 minutes"},"schema":{"@context":"https:\/\/schema.org","@graph":[{"@type":"WebPage","@id":"https:\/\/integragen.com\/technicienne-superieure-en-genomique\/","url":"https:\/\/integragen.com\/technicienne-superieure-en-genomique\/","name":"Technicien(ne) sup\u00e9rieur(e) en g\u00e9nomique &#8211; IntegraGen","isPartOf":{"@id":"https:\/\/integragen.com\/#website"},"datePublished":"2024-12-16T09:47:35+00:00","dateModified":"2024-12-16T09:57:51+00:00","breadcrumb":{"@id":"https:\/\/integragen.com\/technicienne-superieure-en-genomique\/#breadcrumb"},"inLanguage":"en-US","potentialAction":[{"@type":"ReadAction","target":["https:\/\/integragen.com\/technicienne-superieure-en-genomique\/"]}]},{"@type":"BreadcrumbList","@id":"https:\/\/integragen.com\/technicienne-superieure-en-genomique\/#breadcrumb","itemListElement":[{"@type":"ListItem","position":1,"name":"Accueil","item":"https:\/\/integragen.com\/"},{"@type":"ListItem","position":2,"name":"Technicien(ne) sup\u00e9rieur(e) en g\u00e9nomique"}]},{"@type":"WebSite","@id":"https:\/\/integragen.com\/#website","url":"https:\/\/integragen.com\/","name":"IntegraGen - Clinical Genomic Experts","description":"NGS Sequencing &amp; Bioinformatics for Pharma, Biotech &amp; CROs","publisher":{"@id":"https:\/\/integragen.com\/#organization"},"alternateName":"IntegraGen","potentialAction":[{"@type":"SearchAction","target":{"@type":"EntryPoint","urlTemplate":"https:\/\/integragen.com\/?s={search_term_string}"},"query-input":{"@type":"PropertyValueSpecification","valueRequired":true,"valueName":"search_term_string"}}],"inLanguage":"en-US"},{"@type":"Organization","@id":"https:\/\/integragen.com\/#organization","name":"IntegraGen","url":"https:\/\/integragen.com\/","logo":{"@type":"ImageObject","inLanguage":"en-US","@id":"https:\/\/integragen.com\/#\/schema\/logo\/image\/","url":"https:\/\/integragen.com\/wp-content\/uploads\/2024\/09\/Logo_IntegraGen_OncoDNA.png","contentUrl":"https:\/\/integragen.com\/wp-content\/uploads\/2024\/09\/Logo_IntegraGen_OncoDNA.png","width":2478,"height":684,"caption":"IntegraGen"},"image":{"@id":"https:\/\/integragen.com\/#\/schema\/logo\/image\/"},"sameAs":["https:\/\/www.linkedin.com\/company\/integragen\/"]}]}},"_links":{"self":[{"href":"https:\/\/integragen.com\/en\/wp-json\/wp\/v2\/pages\/3982","targetHints":{"allow":["GET"]}}],"collection":[{"href":"https:\/\/integragen.com\/en\/wp-json\/wp\/v2\/pages"}],"about":[{"href":"https:\/\/integragen.com\/en\/wp-json\/wp\/v2\/types\/page"}],"author":[{"embeddable":true,"href":"https:\/\/integragen.com\/en\/wp-json\/wp\/v2\/users\/2"}],"replies":[{"embeddable":true,"href":"https:\/\/integragen.com\/en\/wp-json\/wp\/v2\/comments?post=3982"}],"version-history":[{"count":6,"href":"https:\/\/integragen.com\/en\/wp-json\/wp\/v2\/pages\/3982\/revisions"}],"predecessor-version":[{"id":3988,"href":"https:\/\/integragen.com\/en\/wp-json\/wp\/v2\/pages\/3982\/revisions\/3988"}],"wp:attachment":[{"href":"https:\/\/integragen.com\/en\/wp-json\/wp\/v2\/media?parent=3982"}],"curies":[{"name":"wp","href":"https:\/\/api.w.org\/{rel}","templated":true}]}}