{"id":3759,"date":"2024-10-08T15:47:24","date_gmt":"2024-10-08T13:47:24","guid":{"rendered":"https:\/\/integragen.com\/?page_id=3759"},"modified":"2025-07-28T10:26:34","modified_gmt":"2025-07-28T08:26:34","slug":"analyses-genomiques-constitutionnelles-varsome-clinical","status":"publish","type":"page","link":"https:\/\/integragen.com\/en\/nos-services\/nos-solutions-danalyse-bioinformatique\/analyses-genomiques-constitutionnelles-varsome-clinical\/","title":{"rendered":"Constitutional genomic analysis: VarSome Clinical"},"content":{"rendered":"<div class=\"wp-block-group is-layout-constrained wp-container-core-group-is-layout-7a3688e9 wp-block-group-is-layout-constrained\">\n<div class=\"wp-block-cover alignfull\" style=\"margin-top:0;margin-bottom:0;padding-top:0;padding-right:0;padding-bottom:0;padding-left:0;min-height:600px;aspect-ratio:unset;\"><img loading=\"lazy\" decoding=\"async\" width=\"788\" height=\"443\" class=\"wp-block-cover__image-background wp-image-3754\" alt=\"\" src=\"https:\/\/integragen.com\/wp-content\/uploads\/2024\/10\/iStock-1140559410.jpg\" data-object-fit=\"cover\" srcset=\"https:\/\/integragen.com\/wp-content\/uploads\/2024\/10\/iStock-1140559410.jpg 788w, https:\/\/integragen.com\/wp-content\/uploads\/2024\/10\/iStock-1140559410-300x169.jpg 300w, https:\/\/integragen.com\/wp-content\/uploads\/2024\/10\/iStock-1140559410-768x432.jpg 768w, https:\/\/integragen.com\/wp-content\/uploads\/2024\/10\/iStock-1140559410-18x10.jpg 18w\" sizes=\"auto, (max-width: 788px) 100vw, 788px\" \/><span aria-hidden=\"true\" class=\"wp-block-cover__background has-heading-color-background-color has-background-dim-60 has-background-dim\"><\/span><div class=\"wp-block-cover__inner-container is-layout-flow wp-block-cover-is-layout-flow\">\n<div class=\"wp-block-group is-layout-constrained wp-container-core-group-is-layout-8809c702 wp-block-group-is-layout-constrained\" style=\"margin-top:0;margin-bottom:0;padding-top:80px;padding-right:16px;padding-bottom:80px;padding-left:16px\">\n<div class=\"wp-block-group has-text-color has-link-color wp-elements-e178b2c03436fa449d1be636028e1817 is-layout-constrained wp-container-core-group-is-layout-068c2f0c wp-block-group-is-layout-constrained\" style=\"color:#ebebeb;font-size:14px\"><link rel=\"stylesheet\" href=\"https:\/\/fonts.googleapis.com\/css2?family=Public+Sans:wght@400;500;600;700;800\" \/>\n<h2 class=\"wp-block-heading has-text-align-center has-text-color has-link-color wp-elements-763e73c390ab6089c75d76527b42f1b0 cozy-animation__initialized\" style=\"color:#fffffe;font-size:clamp(27.894px, 1.743rem + ((1vw - 3.2px) * 1.226), 48px);font-style:normal;font-weight:600;line-height:1.3; font-family: 'Public Sans' !important;\" data-aos=\"flip-up\" data-aos-easing=\"ease-in\" data-aos-anchor-placement=\"top-center\" data-aos-duration=\"600\">Constitutional genomic analysis: VarSome Clinical<\/h2>\n\n\n\n<div style=\"height:35px\" aria-hidden=\"true\" class=\"wp-block-spacer\"><\/div>\n\n\n\n<p class=\"has-text-align-center has-medium-font-size\">VarSome Clinical: The ideal tool for analyzing your sequencing data in constitutional genetics.<\/p>\n<\/div>\n<\/div>\n<\/div><\/div>\n\n\n\n<div class=\"wp-block-group is-layout-constrained wp-container-core-group-is-layout-7a3688e9 wp-block-group-is-layout-constrained\">\n<div style=\"height:32px\" aria-hidden=\"true\" class=\"wp-block-spacer\"><\/div>\n\n\n\n<figure class=\"wp-block-image aligncenter size-full has-custom-border\"><img loading=\"lazy\" decoding=\"async\" width=\"554\" height=\"122\" src=\"https:\/\/integragen.com\/wp-content\/uploads\/2024\/10\/VarSome-Clinical.png\" alt=\"\" class=\"wp-image-3763\" style=\"border-radius:50px\" srcset=\"https:\/\/integragen.com\/wp-content\/uploads\/2024\/10\/VarSome-Clinical.png 554w, https:\/\/integragen.com\/wp-content\/uploads\/2024\/10\/VarSome-Clinical-300x66.png 300w, https:\/\/integragen.com\/wp-content\/uploads\/2024\/10\/VarSome-Clinical-18x4.png 18w\" sizes=\"auto, (max-width: 554px) 100vw, 554px\" \/><\/figure>\n\n\n\n<div style=\"height:32px\" aria-hidden=\"true\" class=\"wp-block-spacer\"><\/div>\n\n\n\n<p><strong>To facilitate the interpretation of the exome, genome or panel sequencing projects you entrust to us<\/strong>, <strong>IntegraGen<\/strong> distributes <strong>VarSome Clinical<\/strong>a CE-IVD-certified, HIPAA-compliant platform specially designed for genetic analysis and biological data interpretation.<\/p>\n\n\n\n<p><strong>VarSome Clinical<\/strong> is an essential tool for projects involving <strong>constitutional genetics<\/strong>offers high-performance analysis for the identification, annotation and interpretation of genetic variants. This solution is ideal for laboratories and clinicians who need fast, accurate and actionable results to diagnose complex genetic conditions.<\/p>\n\n\n\n<div style=\"height:32px\" aria-hidden=\"true\" class=\"wp-block-spacer\"><\/div>\n\n\n\n<div class=\"wp-block-group is-vertical is-layout-flex wp-container-core-group-is-layout-fe9cc265 wp-block-group-is-layout-flex\">\n<h4 class=\"wp-block-heading\">WHY CHOOSE VarSome Clinical FOR YOUR CONSTITUTIONAL GENETICS PROJECTS?<\/h4>\n\n\n\n<div class=\"wp-block-columns is-layout-flex wp-container-core-columns-is-layout-28f84493 wp-block-columns-is-layout-flex\">\n<div class=\"wp-block-column is-layout-flow wp-block-column-is-layout-flow\" style=\"flex-basis:25%\">\n<hr class=\"wp-block-separator has-text-color has-custom-couleur-3-color has-alpha-channel-opacity has-custom-couleur-3-background-color has-background\"\/>\n<\/div>\n\n\n\n<div class=\"wp-block-column is-layout-flow wp-block-column-is-layout-flow\" style=\"flex-basis:25%\">\n<hr class=\"wp-block-separator has-text-color has-custom-couleur-3-color has-alpha-channel-opacity has-custom-couleur-3-background-color has-background\"\/>\n<\/div>\n\n\n\n<div class=\"wp-block-column is-layout-flow wp-block-column-is-layout-flow\" style=\"flex-basis:50%\"><\/div>\n<\/div>\n<\/div>\n\n\n\n<ul class=\"wp-block-list\">\n<li><strong>Variant database<\/strong> VarSome : Access a vast global database, with over 140 public resources cross-referencing genomic and clinical information. VarSome allows you to benefit from <strong>automated variant classification<\/strong> based on the latest international standards and guidelines.<\/li>\n<\/ul>\n\n\n\n<div style=\"height:35px\" aria-hidden=\"true\" class=\"wp-block-spacer\"><\/div>\n\n\n\n<ul class=\"wp-block-list\">\n<li><strong>Dynamic and algorithmic filters<\/strong> VarSome Clinical offers advanced filters to sort and analyze variants according to criteria such as allelic frequency, zygosity and ACMG classifications, facilitating the identification of pathogenic variants.<\/li>\n<\/ul>\n\n\n\n<div style=\"height:35px\" aria-hidden=\"true\" class=\"wp-block-spacer\"><\/div>\n\n\n\n<ul class=\"wp-block-list\">\n<li><strong>Complete analysis of families and cohorts<\/strong> Whether you're working on single samples, trios or families, VarSome Clinical enables powerful multi-sample analysis, including variant identification. <strong>de novo<\/strong> and the management of composite heterozygotes.<\/li>\n<\/ul>\n\n\n\n<div style=\"height:35px\" aria-hidden=\"true\" class=\"wp-block-spacer\"><\/div>\n\n\n\n<ul class=\"wp-block-list\">\n<li><strong>Generate customized reports<\/strong> VarSome Clinical lets you produce customized reports detailing variants of interest, including bibliographic references and personalized comments for enriched interpretation.<\/li>\n<\/ul>\n\n\n\n<div style=\"height:35px\" aria-hidden=\"true\" class=\"wp-block-spacer\"><\/div>\n\n\n\n<div class=\"wp-block-group is-vertical is-layout-flex wp-container-core-group-is-layout-fe9cc265 wp-block-group-is-layout-flex\">\n<h4 class=\"wp-block-heading\">WHAT DO WE OFFER AS AN OFFICIAL DISTRIBUTOR?<\/h4>\n\n\n\n<div class=\"wp-block-columns is-layout-flex wp-container-core-columns-is-layout-28f84493 wp-block-columns-is-layout-flex\">\n<div class=\"wp-block-column is-layout-flow wp-block-column-is-layout-flow\" style=\"flex-basis:25%\">\n<hr class=\"wp-block-separator has-text-color has-custom-couleur-3-color has-alpha-channel-opacity has-custom-couleur-3-background-color has-background\"\/>\n<\/div>\n\n\n\n<div class=\"wp-block-column is-layout-flow wp-block-column-is-layout-flow\" style=\"flex-basis:25%\">\n<hr class=\"wp-block-separator has-text-color has-custom-couleur-3-color has-alpha-channel-opacity has-custom-couleur-3-background-color has-background\"\/>\n<\/div>\n\n\n\n<div class=\"wp-block-column is-layout-flow wp-block-column-is-layout-flow\" style=\"flex-basis:50%\"><\/div>\n<\/div>\n<\/div>\n\n\n\n<p><strong>IntegraGen<\/strong> supports you at every stage of your constitutional genetics project, from sequencing to data analysis. We are committed to providing you with high-quality genome, exome or panel data, the analyses of which will be directly available in VarSome Clinical, to facilitate interpretation and save you time. We also offer dedicated tools for tumor analysis (MERCURY), expression analysis from RNAseq data, or advanced analysis with our GeCo solution.<\/p>\n\n\n\n<div style=\"height:35px\" aria-hidden=\"true\" class=\"wp-block-spacer\"><\/div>\n\n\n\n<div style=\"height:35px\" aria-hidden=\"true\" class=\"wp-block-spacer\"><\/div>\n\n\n\n<div class=\"wp-block-group is-layout-flow wp-block-group-is-layout-flow cozy-animation__initialized\" data-aos=\"fade-up\" data-aos-easing=\"ease-in\" data-aos-anchor-placement=\"top-center\" data-aos-duration=\"800\" style=\"margin-top:26px\"><div class=\"cozy-block-wrapper\">\n<ul class=\"cozy-block-icon-list vertical default fill\" id=\"cozyBlock_22bf2f92_5258_4ebc_a7e6_afdf9d5a48e7\">\n<div class=\"list-inline-block\"><a href=\"\/en\/contact\/\" target=\"\" rel=\"noopener\"><li class=\"cozy-block-list-item\" id=\"cozyBlock_9394475d_6631_46c0_979a_91149023d905\"><p>Contact us <\/p><div class=\"list-icon-wrapper\"><svg viewbox=\"0 0 24 24\" xmlns=\"http:\/\/www.w3.org\/2000\/svg\" aria-hidden=\"true\"><path d=\"M19.3651 12.56L14.3851 17.56C14.2251 17.72 14.0251 17.8 13.8251 17.8C13.6251 17.8 13.4251 17.72 13.2651 17.56C12.9451 17.24 12.9451 16.74 13.2651 16.42L16.8851 12.78H5.20511C4.76511 12.78 4.40511 12.42 4.40511 11.98C4.40511 11.54 4.76511 11.18 5.20511 11.18H16.8851L13.2651 7.54001C12.9451 7.22001 12.9451 6.72 13.2651 6.4C13.5851 6.08 14.0851 6.08 14.4051 6.4L19.3851 11.4C19.6851 11.74 19.6851 12.26 19.3651 12.56Z\"><\/path><\/svg><\/div><\/li><\/a><\/div>\n<\/ul>\n<\/div><\/div>\n<\/div>\n<\/div>","protected":false},"excerpt":{"rendered":"<p>To facilitate the interpretation of the exome, genome or panel sequencing projects you entrust to us, IntegraGen distributes VarSome Clinical, a CE-IVD-certified and HIPAA-compliant platform specially designed for genetic analysis and biological interpretation of data. VarSome Clinical is an essential tool for constitutional genetics projects, offering high-performance analysis for...<\/p>","protected":false},"author":2,"featured_media":0,"parent":1874,"menu_order":3,"comment_status":"closed","ping_status":"closed","template":"fullwidth-page-template","meta":{"ca_portfolio_gallery_project_year":"","ca_portfolio_gallery_client":"","ca_portfolio_gallery_skills":"","ca_portfolio_gallery_url":"","ca_portfolio_gallery_images":"","_eb_attr":"","footnotes":""},"class_list":["post-3759","page","type-page","status-publish","hentry"],"yoast_head":"<!-- This site is optimized with the Yoast SEO plugin v27.4 - https:\/\/yoast.com\/product\/yoast-seo-wordpress\/ -->\n<title>Analyses G\u00e9nomiques Constitutionnelles : VarSome Clinical &#8211; IntegraGen<\/title>\n<meta name=\"robots\" content=\"index, follow, max-snippet:-1, max-image-preview:large, max-video-preview:-1\" \/>\n<link rel=\"canonical\" href=\"https:\/\/integragen.com\/en\/nos-services\/nos-solutions-danalyse-bioinformatique\/analyses-genomiques-constitutionnelles-varsome-clinical\/\" \/>\n<meta property=\"og:locale\" content=\"en_US\" \/>\n<meta property=\"og:type\" content=\"article\" \/>\n<meta property=\"og:title\" content=\"Analyses G\u00e9nomiques Constitutionnelles : VarSome Clinical &#8211; IntegraGen\" \/>\n<meta property=\"og:description\" content=\"Pour faciliter l&rsquo;interpr\u00e9tation des projets de s\u00e9quen\u00e7age d&rsquo;exomes, g\u00e9nomes, ou panel que vous nous confiez, IntegraGen distribue VarSome Clinical, une plateforme certifi\u00e9e CE-IVD et conforme aux normes HIPAA, sp\u00e9cialement con\u00e7ue pour l&rsquo;analyse g\u00e9n\u00e9tique et l&rsquo;interpr\u00e9tation biologique des donn\u00e9es. VarSome Clinical est un outil incontournable pour les projets de g\u00e9n\u00e9tique constitutionnelle, offrant une analyse performante pour...\" \/>\n<meta property=\"og:url\" content=\"https:\/\/integragen.com\/en\/nos-services\/nos-solutions-danalyse-bioinformatique\/analyses-genomiques-constitutionnelles-varsome-clinical\/\" \/>\n<meta property=\"og:site_name\" content=\"IntegraGen\" \/>\n<meta property=\"article:modified_time\" content=\"2025-07-28T08:26:34+00:00\" \/>\n<meta property=\"og:image\" content=\"https:\/\/integragen.com\/wp-content\/uploads\/2024\/10\/iStock-1140559410.jpg\" \/>\n\t<meta property=\"og:image:width\" content=\"788\" \/>\n\t<meta property=\"og:image:height\" content=\"443\" \/>\n\t<meta property=\"og:image:type\" content=\"image\/jpeg\" \/>\n<meta name=\"twitter:card\" content=\"summary_large_image\" \/>\n<meta name=\"twitter:label1\" content=\"Est. reading time\" \/>\n\t<meta name=\"twitter:data1\" content=\"3 minutes\" \/>\n<script type=\"application\/ld+json\" class=\"yoast-schema-graph\">{\"@context\":\"https:\\\/\\\/schema.org\",\"@graph\":[{\"@type\":\"WebPage\",\"@id\":\"https:\\\/\\\/integragen.com\\\/nos-services\\\/nos-solutions-danalyse-bioinformatique\\\/analyses-genomiques-constitutionnelles-varsome-clinical\\\/\",\"url\":\"https:\\\/\\\/integragen.com\\\/nos-services\\\/nos-solutions-danalyse-bioinformatique\\\/analyses-genomiques-constitutionnelles-varsome-clinical\\\/\",\"name\":\"Analyses G\u00e9nomiques Constitutionnelles : VarSome Clinical &#8211; IntegraGen\",\"isPartOf\":{\"@id\":\"https:\\\/\\\/integragen.com\\\/#website\"},\"primaryImageOfPage\":{\"@id\":\"https:\\\/\\\/integragen.com\\\/nos-services\\\/nos-solutions-danalyse-bioinformatique\\\/analyses-genomiques-constitutionnelles-varsome-clinical\\\/#primaryimage\"},\"image\":{\"@id\":\"https:\\\/\\\/integragen.com\\\/nos-services\\\/nos-solutions-danalyse-bioinformatique\\\/analyses-genomiques-constitutionnelles-varsome-clinical\\\/#primaryimage\"},\"thumbnailUrl\":\"https:\\\/\\\/integragen.com\\\/wp-content\\\/uploads\\\/2024\\\/10\\\/iStock-1140559410.jpg\",\"datePublished\":\"2024-10-08T13:47:24+00:00\",\"dateModified\":\"2025-07-28T08:26:34+00:00\",\"breadcrumb\":{\"@id\":\"https:\\\/\\\/integragen.com\\\/nos-services\\\/nos-solutions-danalyse-bioinformatique\\\/analyses-genomiques-constitutionnelles-varsome-clinical\\\/#breadcrumb\"},\"inLanguage\":\"en-US\",\"potentialAction\":[{\"@type\":\"ReadAction\",\"target\":[\"https:\\\/\\\/integragen.com\\\/nos-services\\\/nos-solutions-danalyse-bioinformatique\\\/analyses-genomiques-constitutionnelles-varsome-clinical\\\/\"]}]},{\"@type\":\"ImageObject\",\"inLanguage\":\"en-US\",\"@id\":\"https:\\\/\\\/integragen.com\\\/nos-services\\\/nos-solutions-danalyse-bioinformatique\\\/analyses-genomiques-constitutionnelles-varsome-clinical\\\/#primaryimage\",\"url\":\"https:\\\/\\\/integragen.com\\\/wp-content\\\/uploads\\\/2024\\\/10\\\/iStock-1140559410.jpg\",\"contentUrl\":\"https:\\\/\\\/integragen.com\\\/wp-content\\\/uploads\\\/2024\\\/10\\\/iStock-1140559410.jpg\"},{\"@type\":\"BreadcrumbList\",\"@id\":\"https:\\\/\\\/integragen.com\\\/nos-services\\\/nos-solutions-danalyse-bioinformatique\\\/analyses-genomiques-constitutionnelles-varsome-clinical\\\/#breadcrumb\",\"itemListElement\":[{\"@type\":\"ListItem\",\"position\":1,\"name\":\"Accueil\",\"item\":\"https:\\\/\\\/integragen.com\\\/\"},{\"@type\":\"ListItem\",\"position\":2,\"name\":\"Nos Services\",\"item\":\"https:\\\/\\\/integragen.com\\\/nos-services\\\/\"},{\"@type\":\"ListItem\",\"position\":3,\"name\":\"Nos Services d&rsquo;Analyse Bioinformatique\",\"item\":\"https:\\\/\\\/integragen.com\\\/nos-services\\\/nos-solutions-danalyse-bioinformatique\\\/\"},{\"@type\":\"ListItem\",\"position\":4,\"name\":\"Analyses G\u00e9nomiques Constitutionnelles : VarSome Clinical\"}]},{\"@type\":\"WebSite\",\"@id\":\"https:\\\/\\\/integragen.com\\\/#website\",\"url\":\"https:\\\/\\\/integragen.com\\\/\",\"name\":\"IntegraGen - Clinical Genomic Experts\",\"description\":\"NGS Sequencing &amp; Bioinformatics for Pharma, Biotech &amp; CRO\",\"publisher\":{\"@id\":\"https:\\\/\\\/integragen.com\\\/#organization\"},\"alternateName\":\"IntegraGen\",\"potentialAction\":[{\"@type\":\"SearchAction\",\"target\":{\"@type\":\"EntryPoint\",\"urlTemplate\":\"https:\\\/\\\/integragen.com\\\/?s={search_term_string}\"},\"query-input\":{\"@type\":\"PropertyValueSpecification\",\"valueRequired\":true,\"valueName\":\"search_term_string\"}}],\"inLanguage\":\"en-US\"},{\"@type\":\"Organization\",\"@id\":\"https:\\\/\\\/integragen.com\\\/#organization\",\"name\":\"IntegraGen\",\"url\":\"https:\\\/\\\/integragen.com\\\/\",\"logo\":{\"@type\":\"ImageObject\",\"inLanguage\":\"en-US\",\"@id\":\"https:\\\/\\\/integragen.com\\\/#\\\/schema\\\/logo\\\/image\\\/\",\"url\":\"https:\\\/\\\/integragen.com\\\/wp-content\\\/uploads\\\/2024\\\/09\\\/Logo_IntegraGen_OncoDNA.png\",\"contentUrl\":\"https:\\\/\\\/integragen.com\\\/wp-content\\\/uploads\\\/2024\\\/09\\\/Logo_IntegraGen_OncoDNA.png\",\"width\":2478,\"height\":684,\"caption\":\"IntegraGen\"},\"image\":{\"@id\":\"https:\\\/\\\/integragen.com\\\/#\\\/schema\\\/logo\\\/image\\\/\"},\"sameAs\":[\"https:\\\/\\\/www.linkedin.com\\\/company\\\/integragen\\\/\"]}]}<\/script>\n<!-- \/ Yoast SEO plugin. -->","yoast_head_json":{"title":"Analyses G\u00e9nomiques Constitutionnelles : VarSome Clinical &#8211; IntegraGen","robots":{"index":"index","follow":"follow","max-snippet":"max-snippet:-1","max-image-preview":"max-image-preview:large","max-video-preview":"max-video-preview:-1"},"canonical":"https:\/\/integragen.com\/en\/nos-services\/nos-solutions-danalyse-bioinformatique\/analyses-genomiques-constitutionnelles-varsome-clinical\/","og_locale":"en_US","og_type":"article","og_title":"Analyses G\u00e9nomiques Constitutionnelles : VarSome Clinical &#8211; IntegraGen","og_description":"Pour faciliter l&rsquo;interpr\u00e9tation des projets de s\u00e9quen\u00e7age d&rsquo;exomes, g\u00e9nomes, ou panel que vous nous confiez, IntegraGen distribue VarSome Clinical, une plateforme certifi\u00e9e CE-IVD et conforme aux normes HIPAA, sp\u00e9cialement con\u00e7ue pour l&rsquo;analyse g\u00e9n\u00e9tique et l&rsquo;interpr\u00e9tation biologique des donn\u00e9es. VarSome Clinical est un outil incontournable pour les projets de g\u00e9n\u00e9tique constitutionnelle, offrant une analyse performante pour...","og_url":"https:\/\/integragen.com\/en\/nos-services\/nos-solutions-danalyse-bioinformatique\/analyses-genomiques-constitutionnelles-varsome-clinical\/","og_site_name":"IntegraGen","article_modified_time":"2025-07-28T08:26:34+00:00","og_image":[{"width":788,"height":443,"url":"https:\/\/integragen.com\/wp-content\/uploads\/2024\/10\/iStock-1140559410.jpg","type":"image\/jpeg"}],"twitter_card":"summary_large_image","twitter_misc":{"Est. reading time":"3 minutes"},"schema":{"@context":"https:\/\/schema.org","@graph":[{"@type":"WebPage","@id":"https:\/\/integragen.com\/nos-services\/nos-solutions-danalyse-bioinformatique\/analyses-genomiques-constitutionnelles-varsome-clinical\/","url":"https:\/\/integragen.com\/nos-services\/nos-solutions-danalyse-bioinformatique\/analyses-genomiques-constitutionnelles-varsome-clinical\/","name":"Analyses G\u00e9nomiques Constitutionnelles : VarSome Clinical &#8211; IntegraGen","isPartOf":{"@id":"https:\/\/integragen.com\/#website"},"primaryImageOfPage":{"@id":"https:\/\/integragen.com\/nos-services\/nos-solutions-danalyse-bioinformatique\/analyses-genomiques-constitutionnelles-varsome-clinical\/#primaryimage"},"image":{"@id":"https:\/\/integragen.com\/nos-services\/nos-solutions-danalyse-bioinformatique\/analyses-genomiques-constitutionnelles-varsome-clinical\/#primaryimage"},"thumbnailUrl":"https:\/\/integragen.com\/wp-content\/uploads\/2024\/10\/iStock-1140559410.jpg","datePublished":"2024-10-08T13:47:24+00:00","dateModified":"2025-07-28T08:26:34+00:00","breadcrumb":{"@id":"https:\/\/integragen.com\/nos-services\/nos-solutions-danalyse-bioinformatique\/analyses-genomiques-constitutionnelles-varsome-clinical\/#breadcrumb"},"inLanguage":"en-US","potentialAction":[{"@type":"ReadAction","target":["https:\/\/integragen.com\/nos-services\/nos-solutions-danalyse-bioinformatique\/analyses-genomiques-constitutionnelles-varsome-clinical\/"]}]},{"@type":"ImageObject","inLanguage":"en-US","@id":"https:\/\/integragen.com\/nos-services\/nos-solutions-danalyse-bioinformatique\/analyses-genomiques-constitutionnelles-varsome-clinical\/#primaryimage","url":"https:\/\/integragen.com\/wp-content\/uploads\/2024\/10\/iStock-1140559410.jpg","contentUrl":"https:\/\/integragen.com\/wp-content\/uploads\/2024\/10\/iStock-1140559410.jpg"},{"@type":"BreadcrumbList","@id":"https:\/\/integragen.com\/nos-services\/nos-solutions-danalyse-bioinformatique\/analyses-genomiques-constitutionnelles-varsome-clinical\/#breadcrumb","itemListElement":[{"@type":"ListItem","position":1,"name":"Accueil","item":"https:\/\/integragen.com\/"},{"@type":"ListItem","position":2,"name":"Nos Services","item":"https:\/\/integragen.com\/nos-services\/"},{"@type":"ListItem","position":3,"name":"Nos Services d&rsquo;Analyse Bioinformatique","item":"https:\/\/integragen.com\/nos-services\/nos-solutions-danalyse-bioinformatique\/"},{"@type":"ListItem","position":4,"name":"Analyses G\u00e9nomiques Constitutionnelles : VarSome Clinical"}]},{"@type":"WebSite","@id":"https:\/\/integragen.com\/#website","url":"https:\/\/integragen.com\/","name":"IntegraGen - Clinical Genomic Experts","description":"NGS Sequencing &amp; Bioinformatics for Pharma, Biotech &amp; CROs","publisher":{"@id":"https:\/\/integragen.com\/#organization"},"alternateName":"IntegraGen","potentialAction":[{"@type":"SearchAction","target":{"@type":"EntryPoint","urlTemplate":"https:\/\/integragen.com\/?s={search_term_string}"},"query-input":{"@type":"PropertyValueSpecification","valueRequired":true,"valueName":"search_term_string"}}],"inLanguage":"en-US"},{"@type":"Organization","@id":"https:\/\/integragen.com\/#organization","name":"IntegraGen","url":"https:\/\/integragen.com\/","logo":{"@type":"ImageObject","inLanguage":"en-US","@id":"https:\/\/integragen.com\/#\/schema\/logo\/image\/","url":"https:\/\/integragen.com\/wp-content\/uploads\/2024\/09\/Logo_IntegraGen_OncoDNA.png","contentUrl":"https:\/\/integragen.com\/wp-content\/uploads\/2024\/09\/Logo_IntegraGen_OncoDNA.png","width":2478,"height":684,"caption":"IntegraGen"},"image":{"@id":"https:\/\/integragen.com\/#\/schema\/logo\/image\/"},"sameAs":["https:\/\/www.linkedin.com\/company\/integragen\/"]}]}},"_links":{"self":[{"href":"https:\/\/integragen.com\/en\/wp-json\/wp\/v2\/pages\/3759","targetHints":{"allow":["GET"]}}],"collection":[{"href":"https:\/\/integragen.com\/en\/wp-json\/wp\/v2\/pages"}],"about":[{"href":"https:\/\/integragen.com\/en\/wp-json\/wp\/v2\/types\/page"}],"author":[{"embeddable":true,"href":"https:\/\/integragen.com\/en\/wp-json\/wp\/v2\/users\/2"}],"replies":[{"embeddable":true,"href":"https:\/\/integragen.com\/en\/wp-json\/wp\/v2\/comments?post=3759"}],"version-history":[{"count":12,"href":"https:\/\/integragen.com\/en\/wp-json\/wp\/v2\/pages\/3759\/revisions"}],"predecessor-version":[{"id":4429,"href":"https:\/\/integragen.com\/en\/wp-json\/wp\/v2\/pages\/3759\/revisions\/4429"}],"up":[{"embeddable":true,"href":"https:\/\/integragen.com\/en\/wp-json\/wp\/v2\/pages\/1874"}],"wp:attachment":[{"href":"https:\/\/integragen.com\/en\/wp-json\/wp\/v2\/media?parent=3759"}],"curies":[{"name":"wp","href":"https:\/\/api.w.org\/{rel}","templated":true}]}}