{"id":3567,"date":"2024-09-16T16:22:35","date_gmt":"2024-09-16T14:22:35","guid":{"rendered":"https:\/\/integragen.com\/?page_id=3567"},"modified":"2025-10-20T10:53:22","modified_gmt":"2025-10-20T08:53:22","slug":"notre-equipe-dirigeante-2","status":"publish","type":"page","link":"https:\/\/integragen.com\/en\/a-propos-de-nous\/notre-equipe-dirigeante-2\/","title":{"rendered":"Our Management Team"},"content":{"rendered":"<div class=\"wp-block-group is-layout-constrained wp-container-core-group-is-layout-7a3688e9 wp-block-group-is-layout-constrained\">\n<div class=\"wp-block-group alignfull cozy-block-pattern__post-six has-background is-layout-constrained wp-container-core-group-is-layout-c7e417db wp-block-group-is-layout-constrained\" style=\"background-color:#fffffe;margin-top:0;margin-bottom:0;padding-top:var(--wp--preset--spacing--80);padding-right:0;padding-bottom:var(--wp--preset--spacing--80);padding-left:0\">\n<div class=\"wp-block-group is-layout-constrained wp-container-core-group-is-layout-12243e0f wp-block-group-is-layout-constrained\" style=\"border-bottom-color:#d9dddc;border-bottom-width:1px\">\n<div class=\"wp-block-group is-content-justification-center is-layout-constrained wp-container-core-group-is-layout-17170320 wp-block-group-is-layout-constrained\" style=\"margin-top:0;margin-bottom:0;padding-right:16px;padding-bottom:26px;padding-left:16px\">\n<h2 class=\"wp-block-heading has-text-align-center\">Our Management Team<\/h2>\n<\/div>\n<\/div>\n\n\n\n<div class=\"wp-block-group is-layout-constrained wp-container-core-group-is-layout-cc6471b1 wp-block-group-is-layout-constrained\">\n<div style=\"height:107px\" aria-hidden=\"true\" class=\"wp-block-spacer\"><\/div>\n<\/div>\n\n\n\n<div class=\"wp-block-group is-layout-constrained wp-container-core-group-is-layout-e197505c wp-block-group-is-layout-constrained cozy-animation__initialized\" data-aos=\"fade-up\" data-aos-easing=\"ease-in\" data-aos-anchor-placement=\"top-bottom\" data-aos-duration=\"600\" style=\"margin-top:0;margin-bottom:0;padding-top:36px;padding-right:16px;padding-bottom:0;padding-left:16px\">\n<div class=\"wp-block-group alignfull is-layout-constrained wp-container-core-group-is-layout-12243e0f wp-block-group-is-layout-constrained\">\n<div class=\"wp-block-group alignfull is-content-justification-center is-nowrap is-layout-flex wp-container-core-group-is-layout-23441af8 wp-block-group-is-layout-flex\">\n<div class=\"wp-block-group wp-container-content-69bc4bdf is-vertical is-content-justification-center is-layout-flex wp-container-core-group-is-layout-ce155fab wp-block-group-is-layout-flex\">\n<figure class=\"wp-block-image size-full is-resized cozy-animation__initialized\" data-aos=\"zoom-in\" data-aos-easing=\"ease-in\" data-aos-anchor-placement=\"top-bottom\" data-aos-duration=\"600\"><a href=\"https:\/\/integragen.com\/en\/a-propos-de-nous\/notre-equipe-dirigeante\/berengere-genin\/\"><img loading=\"lazy\" decoding=\"async\" width=\"403\" height=\"381\" src=\"https:\/\/integragen.com\/wp-content\/uploads\/2024\/09\/Berengere-V5.png\" alt=\"\" class=\"wp-image-3573\" style=\"width:219px;height:auto\" srcset=\"https:\/\/integragen.com\/wp-content\/uploads\/2024\/09\/Berengere-V5.png 403w, https:\/\/integragen.com\/wp-content\/uploads\/2024\/09\/Berengere-V5-300x284.png 300w, https:\/\/integragen.com\/wp-content\/uploads\/2024\/09\/Berengere-V5-13x12.png 13w\" sizes=\"auto, (max-width: 403px) 100vw, 403px\" \/><\/a><\/figure>\n\n\n\n<h5 class=\"wp-block-heading has-text-align-center\"><strong>B\u00e9reng\u00e8re G\u00e9nin,<\/strong>General Manager<\/h5>\n<\/div>\n<\/div>\n<\/div>\n<\/div>\n\n\n\n<div class=\"wp-block-group is-layout-constrained wp-container-core-group-is-layout-cc6471b1 wp-block-group-is-layout-constrained\">\n<div style=\"height:107px\" aria-hidden=\"true\" class=\"wp-block-spacer\"><\/div>\n<\/div>\n\n\n\n<div class=\"wp-block-group is-layout-constrained wp-container-core-group-is-layout-e197505c wp-block-group-is-layout-constrained cozy-animation__initialized\" data-aos=\"fade-up\" data-aos-easing=\"ease-in\" data-aos-anchor-placement=\"top-bottom\" data-aos-duration=\"600\" style=\"margin-top:0;margin-bottom:0;padding-top:36px;padding-right:16px;padding-bottom:0;padding-left:16px\">\n<div class=\"wp-block-group alignfull is-layout-constrained wp-container-core-group-is-layout-12243e0f wp-block-group-is-layout-constrained\">\n<div class=\"wp-block-group alignfull is-layout-grid wp-container-core-group-is-layout-0e82c502 wp-block-group-is-layout-grid\">\n<div class=\"wp-block-group wp-container-content-574e1f9d is-vertical is-content-justification-center is-layout-flex wp-container-core-group-is-layout-ce155fab wp-block-group-is-layout-flex\">\n<figure class=\"wp-block-image size-full is-resized cozy-animation__initialized\" data-aos=\"zoom-in\" data-aos-easing=\"ease-in\" data-aos-anchor-placement=\"top-bottom\" data-aos-duration=\"600\"><a href=\"https:\/\/integragen.com\/en\/a-propos-de-nous\/notre-equipe-dirigeante\/celine-capera\/\"><img loading=\"lazy\" decoding=\"async\" width=\"446\" height=\"379\" src=\"https:\/\/integragen.com\/wp-content\/uploads\/2024\/09\/Celine-v5.png\" alt=\"\" class=\"wp-image-3577\" style=\"width:230px\" srcset=\"https:\/\/integragen.com\/wp-content\/uploads\/2024\/09\/Celine-v5.png 446w, https:\/\/integragen.com\/wp-content\/uploads\/2024\/09\/Celine-v5-300x255.png 300w, https:\/\/integragen.com\/wp-content\/uploads\/2024\/09\/Celine-v5-14x12.png 14w\" sizes=\"auto, (max-width: 446px) 100vw, 446px\" \/><\/a><\/figure>\n\n\n\n<h5 class=\"wp-block-heading has-text-align-center\"><strong>C\u00e9line Cap\u00e9ra,<\/strong>Sales Manager<\/h5>\n<\/div>\n\n\n\n<div class=\"wp-block-group wp-container-content-574e1f9d is-vertical is-content-justification-center is-layout-flex wp-container-core-group-is-layout-0154d0b4 wp-block-group-is-layout-flex\">\n<figure class=\"wp-block-image size-full is-resized cozy-animation__initialized\" data-aos=\"zoom-in\" data-aos-easing=\"ease-in\" data-aos-anchor-placement=\"top-bottom\" data-aos-duration=\"600\"><a href=\"https:\/\/integragen.com\/en\/a-propos-de-nous\/notre-equipe-dirigeante\/severine-martin-lanneree\/\"><img loading=\"lazy\" decoding=\"async\" width=\"423\" height=\"380\" src=\"https:\/\/integragen.com\/wp-content\/uploads\/2024\/09\/Severine-V5.png\" alt=\"\" class=\"wp-image-3574\" style=\"width:219px\" srcset=\"https:\/\/integragen.com\/wp-content\/uploads\/2024\/09\/Severine-V5.png 423w, https:\/\/integragen.com\/wp-content\/uploads\/2024\/09\/Severine-V5-300x270.png 300w, https:\/\/integragen.com\/wp-content\/uploads\/2024\/09\/Severine-V5-13x12.png 13w\" sizes=\"auto, (max-width: 423px) 100vw, 423px\" \/><\/a><\/figure>\n\n\n\n<h5 class=\"wp-block-heading has-text-align-center\"><strong>S\u00e9verine Martin-Lanner\u00e9e,<\/strong>QA Department Manager<\/h5>\n<\/div>\n\n\n\n<div class=\"wp-block-group wp-container-content-574e1f9d is-vertical is-content-justification-center is-layout-flex wp-container-core-group-is-layout-ce155fab wp-block-group-is-layout-flex\">\n<figure class=\"wp-block-image size-full is-resized cozy-animation__initialized\" data-aos=\"zoom-in\" data-aos-easing=\"ease-in\" data-aos-anchor-placement=\"top-bottom\" data-aos-duration=\"600\"><a href=\"https:\/\/integragen.com\/en\/a-propos-de-nous\/notre-equipe-dirigeante\/beatrice-cosperec\/\"><img loading=\"lazy\" decoding=\"async\" width=\"404\" height=\"380\" src=\"https:\/\/integragen.com\/wp-content\/uploads\/2024\/09\/Beatrice-V5.png\" alt=\"\" class=\"wp-image-3575\" style=\"width:203px;height:auto\" srcset=\"https:\/\/integragen.com\/wp-content\/uploads\/2024\/09\/Beatrice-V5.png 404w, https:\/\/integragen.com\/wp-content\/uploads\/2024\/09\/Beatrice-V5-300x282.png 300w, https:\/\/integragen.com\/wp-content\/uploads\/2024\/09\/Beatrice-V5-13x12.png 13w\" sizes=\"auto, (max-width: 404px) 100vw, 404px\" \/><\/a><\/figure>\n\n\n\n<h5 class=\"wp-block-heading has-text-align-center\"><strong>B\u00e9atrice Cosperec,<\/strong>Legal Manager<\/h5>\n<\/div>\n<\/div>\n<\/div>\n<\/div>\n\n\n\n<div style=\"height:191px\" aria-hidden=\"true\" class=\"wp-block-spacer\"><\/div>\n<\/div>\n<\/div>","protected":false},"excerpt":{"rendered":"<p>Our Management Team B\u00e9reng\u00e8re G\u00e9nin, General Manager C\u00e9line Cap\u00e9ra, Sales Manager S\u00e9verine Martin-Lanner\u00e9e, QA Department Manager B\u00e9atrice Cosperec, Legal Manager<\/p>","protected":false},"author":2,"featured_media":0,"parent":28,"menu_order":2,"comment_status":"closed","ping_status":"closed","template":"fullwidth-page-template","meta":{"ca_portfolio_gallery_project_year":"","ca_portfolio_gallery_client":"","ca_portfolio_gallery_skills":"","ca_portfolio_gallery_url":"","ca_portfolio_gallery_images":"","_eb_attr":"","footnotes":""},"class_list":["post-3567","page","type-page","status-publish","hentry"],"yoast_head":"<!-- This site is optimized with the Yoast SEO plugin v27.4 - https:\/\/yoast.com\/product\/yoast-seo-wordpress\/ -->\n<title>Notre Equipe Dirigeante &#8211; IntegraGen<\/title>\n<meta name=\"robots\" content=\"index, follow, max-snippet:-1, max-image-preview:large, max-video-preview:-1\" \/>\n<link rel=\"canonical\" href=\"https:\/\/integragen.com\/en\/a-propos-de-nous\/notre-equipe-dirigeante-2\/\" \/>\n<meta property=\"og:locale\" content=\"en_US\" \/>\n<meta property=\"og:type\" content=\"article\" \/>\n<meta property=\"og:title\" content=\"Notre Equipe Dirigeante &#8211; IntegraGen\" \/>\n<meta property=\"og:description\" content=\"Notre Equipe Dirigeante B\u00e9reng\u00e8re G\u00e9nin, Directrice G\u00e9n\u00e9rale C\u00e9line Cap\u00e9ra, Responsable des Ventes S\u00e9verine Martin-Lanner\u00e9e,&nbsp;&nbsp;Directrice du D\u00e9partement QA B\u00e9atrice Cosperec, Responsable Juridique\" \/>\n<meta property=\"og:url\" content=\"https:\/\/integragen.com\/en\/a-propos-de-nous\/notre-equipe-dirigeante-2\/\" \/>\n<meta property=\"og:site_name\" content=\"IntegraGen\" \/>\n<meta property=\"article:modified_time\" content=\"2025-10-20T08:53:22+00:00\" \/>\n<meta property=\"og:image\" content=\"https:\/\/integragen.com\/wp-content\/uploads\/2024\/09\/Berengere-V5.png\" \/>\n\t<meta property=\"og:image:width\" content=\"403\" \/>\n\t<meta property=\"og:image:height\" content=\"381\" \/>\n\t<meta property=\"og:image:type\" content=\"image\/png\" \/>\n<meta name=\"twitter:card\" content=\"summary_large_image\" \/>\n<meta name=\"twitter:label1\" content=\"Est. reading time\" \/>\n\t<meta name=\"twitter:data1\" content=\"1 minute\" \/>\n<script type=\"application\/ld+json\" class=\"yoast-schema-graph\">{\"@context\":\"https:\\\/\\\/schema.org\",\"@graph\":[{\"@type\":\"WebPage\",\"@id\":\"https:\\\/\\\/integragen.com\\\/a-propos-de-nous\\\/notre-equipe-dirigeante-2\\\/\",\"url\":\"https:\\\/\\\/integragen.com\\\/a-propos-de-nous\\\/notre-equipe-dirigeante-2\\\/\",\"name\":\"Notre Equipe Dirigeante &#8211; IntegraGen\",\"isPartOf\":{\"@id\":\"https:\\\/\\\/integragen.com\\\/#website\"},\"primaryImageOfPage\":{\"@id\":\"https:\\\/\\\/integragen.com\\\/a-propos-de-nous\\\/notre-equipe-dirigeante-2\\\/#primaryimage\"},\"image\":{\"@id\":\"https:\\\/\\\/integragen.com\\\/a-propos-de-nous\\\/notre-equipe-dirigeante-2\\\/#primaryimage\"},\"thumbnailUrl\":\"https:\\\/\\\/integragen.com\\\/wp-content\\\/uploads\\\/2024\\\/09\\\/Berengere-V5.png\",\"datePublished\":\"2024-09-16T14:22:35+00:00\",\"dateModified\":\"2025-10-20T08:53:22+00:00\",\"breadcrumb\":{\"@id\":\"https:\\\/\\\/integragen.com\\\/a-propos-de-nous\\\/notre-equipe-dirigeante-2\\\/#breadcrumb\"},\"inLanguage\":\"en-US\",\"potentialAction\":[{\"@type\":\"ReadAction\",\"target\":[\"https:\\\/\\\/integragen.com\\\/a-propos-de-nous\\\/notre-equipe-dirigeante-2\\\/\"]}]},{\"@type\":\"ImageObject\",\"inLanguage\":\"en-US\",\"@id\":\"https:\\\/\\\/integragen.com\\\/a-propos-de-nous\\\/notre-equipe-dirigeante-2\\\/#primaryimage\",\"url\":\"https:\\\/\\\/integragen.com\\\/wp-content\\\/uploads\\\/2024\\\/09\\\/Berengere-V5.png\",\"contentUrl\":\"https:\\\/\\\/integragen.com\\\/wp-content\\\/uploads\\\/2024\\\/09\\\/Berengere-V5.png\"},{\"@type\":\"BreadcrumbList\",\"@id\":\"https:\\\/\\\/integragen.com\\\/a-propos-de-nous\\\/notre-equipe-dirigeante-2\\\/#breadcrumb\",\"itemListElement\":[{\"@type\":\"ListItem\",\"position\":1,\"name\":\"Accueil\",\"item\":\"https:\\\/\\\/integragen.com\\\/\"},{\"@type\":\"ListItem\",\"position\":2,\"name\":\"\u00c0 Propos de Nous\",\"item\":\"https:\\\/\\\/integragen.com\\\/a-propos-de-nous\\\/\"},{\"@type\":\"ListItem\",\"position\":3,\"name\":\"Notre Equipe Dirigeante\"}]},{\"@type\":\"WebSite\",\"@id\":\"https:\\\/\\\/integragen.com\\\/#website\",\"url\":\"https:\\\/\\\/integragen.com\\\/\",\"name\":\"IntegraGen - Clinical Genomic Experts\",\"description\":\"NGS Sequencing &amp; Bioinformatics for Pharma, Biotech &amp; CRO\",\"publisher\":{\"@id\":\"https:\\\/\\\/integragen.com\\\/#organization\"},\"alternateName\":\"IntegraGen\",\"potentialAction\":[{\"@type\":\"SearchAction\",\"target\":{\"@type\":\"EntryPoint\",\"urlTemplate\":\"https:\\\/\\\/integragen.com\\\/?s={search_term_string}\"},\"query-input\":{\"@type\":\"PropertyValueSpecification\",\"valueRequired\":true,\"valueName\":\"search_term_string\"}}],\"inLanguage\":\"en-US\"},{\"@type\":\"Organization\",\"@id\":\"https:\\\/\\\/integragen.com\\\/#organization\",\"name\":\"IntegraGen\",\"url\":\"https:\\\/\\\/integragen.com\\\/\",\"logo\":{\"@type\":\"ImageObject\",\"inLanguage\":\"en-US\",\"@id\":\"https:\\\/\\\/integragen.com\\\/#\\\/schema\\\/logo\\\/image\\\/\",\"url\":\"https:\\\/\\\/integragen.com\\\/wp-content\\\/uploads\\\/2024\\\/09\\\/Logo_IntegraGen_OncoDNA.png\",\"contentUrl\":\"https:\\\/\\\/integragen.com\\\/wp-content\\\/uploads\\\/2024\\\/09\\\/Logo_IntegraGen_OncoDNA.png\",\"width\":2478,\"height\":684,\"caption\":\"IntegraGen\"},\"image\":{\"@id\":\"https:\\\/\\\/integragen.com\\\/#\\\/schema\\\/logo\\\/image\\\/\"},\"sameAs\":[\"https:\\\/\\\/www.linkedin.com\\\/company\\\/integragen\\\/\"]}]}<\/script>\n<!-- \/ Yoast SEO plugin. -->","yoast_head_json":{"title":"Notre Equipe Dirigeante &#8211; IntegraGen","robots":{"index":"index","follow":"follow","max-snippet":"max-snippet:-1","max-image-preview":"max-image-preview:large","max-video-preview":"max-video-preview:-1"},"canonical":"https:\/\/integragen.com\/en\/a-propos-de-nous\/notre-equipe-dirigeante-2\/","og_locale":"en_US","og_type":"article","og_title":"Notre Equipe Dirigeante &#8211; IntegraGen","og_description":"Notre Equipe Dirigeante B\u00e9reng\u00e8re G\u00e9nin, Directrice G\u00e9n\u00e9rale C\u00e9line Cap\u00e9ra, Responsable des Ventes S\u00e9verine Martin-Lanner\u00e9e,&nbsp;&nbsp;Directrice du D\u00e9partement QA B\u00e9atrice Cosperec, Responsable Juridique","og_url":"https:\/\/integragen.com\/en\/a-propos-de-nous\/notre-equipe-dirigeante-2\/","og_site_name":"IntegraGen","article_modified_time":"2025-10-20T08:53:22+00:00","og_image":[{"width":403,"height":381,"url":"https:\/\/integragen.com\/wp-content\/uploads\/2024\/09\/Berengere-V5.png","type":"image\/png"}],"twitter_card":"summary_large_image","twitter_misc":{"Est. reading time":"1 minute"},"schema":{"@context":"https:\/\/schema.org","@graph":[{"@type":"WebPage","@id":"https:\/\/integragen.com\/a-propos-de-nous\/notre-equipe-dirigeante-2\/","url":"https:\/\/integragen.com\/a-propos-de-nous\/notre-equipe-dirigeante-2\/","name":"Notre Equipe Dirigeante &#8211; IntegraGen","isPartOf":{"@id":"https:\/\/integragen.com\/#website"},"primaryImageOfPage":{"@id":"https:\/\/integragen.com\/a-propos-de-nous\/notre-equipe-dirigeante-2\/#primaryimage"},"image":{"@id":"https:\/\/integragen.com\/a-propos-de-nous\/notre-equipe-dirigeante-2\/#primaryimage"},"thumbnailUrl":"https:\/\/integragen.com\/wp-content\/uploads\/2024\/09\/Berengere-V5.png","datePublished":"2024-09-16T14:22:35+00:00","dateModified":"2025-10-20T08:53:22+00:00","breadcrumb":{"@id":"https:\/\/integragen.com\/a-propos-de-nous\/notre-equipe-dirigeante-2\/#breadcrumb"},"inLanguage":"en-US","potentialAction":[{"@type":"ReadAction","target":["https:\/\/integragen.com\/a-propos-de-nous\/notre-equipe-dirigeante-2\/"]}]},{"@type":"ImageObject","inLanguage":"en-US","@id":"https:\/\/integragen.com\/a-propos-de-nous\/notre-equipe-dirigeante-2\/#primaryimage","url":"https:\/\/integragen.com\/wp-content\/uploads\/2024\/09\/Berengere-V5.png","contentUrl":"https:\/\/integragen.com\/wp-content\/uploads\/2024\/09\/Berengere-V5.png"},{"@type":"BreadcrumbList","@id":"https:\/\/integragen.com\/a-propos-de-nous\/notre-equipe-dirigeante-2\/#breadcrumb","itemListElement":[{"@type":"ListItem","position":1,"name":"Accueil","item":"https:\/\/integragen.com\/"},{"@type":"ListItem","position":2,"name":"\u00c0 Propos de Nous","item":"https:\/\/integragen.com\/a-propos-de-nous\/"},{"@type":"ListItem","position":3,"name":"Notre Equipe Dirigeante"}]},{"@type":"WebSite","@id":"https:\/\/integragen.com\/#website","url":"https:\/\/integragen.com\/","name":"IntegraGen - Clinical Genomic Experts","description":"NGS Sequencing &amp; Bioinformatics for Pharma, Biotech &amp; CROs","publisher":{"@id":"https:\/\/integragen.com\/#organization"},"alternateName":"IntegraGen","potentialAction":[{"@type":"SearchAction","target":{"@type":"EntryPoint","urlTemplate":"https:\/\/integragen.com\/?s={search_term_string}"},"query-input":{"@type":"PropertyValueSpecification","valueRequired":true,"valueName":"search_term_string"}}],"inLanguage":"en-US"},{"@type":"Organization","@id":"https:\/\/integragen.com\/#organization","name":"IntegraGen","url":"https:\/\/integragen.com\/","logo":{"@type":"ImageObject","inLanguage":"en-US","@id":"https:\/\/integragen.com\/#\/schema\/logo\/image\/","url":"https:\/\/integragen.com\/wp-content\/uploads\/2024\/09\/Logo_IntegraGen_OncoDNA.png","contentUrl":"https:\/\/integragen.com\/wp-content\/uploads\/2024\/09\/Logo_IntegraGen_OncoDNA.png","width":2478,"height":684,"caption":"IntegraGen"},"image":{"@id":"https:\/\/integragen.com\/#\/schema\/logo\/image\/"},"sameAs":["https:\/\/www.linkedin.com\/company\/integragen\/"]}]}},"_links":{"self":[{"href":"https:\/\/integragen.com\/en\/wp-json\/wp\/v2\/pages\/3567","targetHints":{"allow":["GET"]}}],"collection":[{"href":"https:\/\/integragen.com\/en\/wp-json\/wp\/v2\/pages"}],"about":[{"href":"https:\/\/integragen.com\/en\/wp-json\/wp\/v2\/types\/page"}],"author":[{"embeddable":true,"href":"https:\/\/integragen.com\/en\/wp-json\/wp\/v2\/users\/2"}],"replies":[{"embeddable":true,"href":"https:\/\/integragen.com\/en\/wp-json\/wp\/v2\/comments?post=3567"}],"version-history":[{"count":8,"href":"https:\/\/integragen.com\/en\/wp-json\/wp\/v2\/pages\/3567\/revisions"}],"predecessor-version":[{"id":4742,"href":"https:\/\/integragen.com\/en\/wp-json\/wp\/v2\/pages\/3567\/revisions\/4742"}],"up":[{"embeddable":true,"href":"https:\/\/integragen.com\/en\/wp-json\/wp\/v2\/pages\/28"}],"wp:attachment":[{"href":"https:\/\/integragen.com\/en\/wp-json\/wp\/v2\/media?parent=3567"}],"curies":[{"name":"wp","href":"https:\/\/api.w.org\/{rel}","templated":true}]}}