{"id":2857,"date":"2024-09-05T10:44:27","date_gmt":"2024-09-05T10:44:27","guid":{"rendered":"https:\/\/negargetni.com\/?page_id=2857"},"modified":"2024-09-05T10:44:29","modified_gmt":"2024-09-05T10:44:29","slug":"bio-informaticienne","status":"publish","type":"page","link":"https:\/\/integragen.com\/en\/bio-informaticienne\/","title":{"rendered":"Bio-Informatician"},"content":{"rendered":"<p>IntegraGen, a company specializing in the genomics of cancer and rare genetic diseases, carries out interpretable genomic analyses for academic and private laboratories. We are looking for a passionate and dynamic bioinformatician to join our innovative team and contribute to the development of cutting-edge solutions.&nbsp;<\/p>\n\n\n\n<div style=\"height:35px\" aria-hidden=\"true\" class=\"wp-block-spacer\"><\/div>\n\n\n\n<div class=\"wp-block-group is-vertical is-layout-flex wp-container-core-group-is-layout-fe9cc265 wp-block-group-is-layout-flex\">\n<h4 class=\"wp-block-heading\"><strong>Your Missions :<\/strong><\/h4>\n\n\n\n<div class=\"wp-block-columns is-layout-flex wp-container-core-columns-is-layout-28f84493 wp-block-columns-is-layout-flex\">\n<div class=\"wp-block-column is-layout-flow wp-block-column-is-layout-flow\" style=\"flex-basis:25%\">\n<hr class=\"wp-block-separator has-text-color has-secondary-color has-alpha-channel-opacity has-secondary-background-color has-background\"\/>\n<\/div>\n\n\n\n<div class=\"wp-block-column is-layout-flow wp-block-column-is-layout-flow\" style=\"flex-basis:25%\">\n<hr class=\"wp-block-separator has-text-color has-secondary-color has-alpha-channel-opacity has-secondary-background-color has-background\"\/>\n<\/div>\n\n\n\n<div class=\"wp-block-column is-layout-flow wp-block-column-is-layout-flow\" style=\"flex-basis:50%\"><\/div>\n<\/div>\n<\/div>\n\n\n\n<p>As a member of our Bioinformatics team, you will be responsible for maintaining and developing new algorithms for various genomic analyses. You will be a key contact at the crossroads of three essential areas:&nbsp;<\/p>\n\n\n\n<ul class=\"wp-block-list\">\n<li><strong>Scientific communication<\/strong>\u00a0Work with scientific teams to guide new analyses.\u00a0<\/li>\n\n\n\n<li><strong>IT Infrastructure<\/strong>\u00a0Work closely with IT teams to optimize algorithm code and infrastructure.\u00a0<\/li>\n\n\n\n<li><strong>Application development<\/strong>\u00a0: Cooperate with developers to present usable results to end customers.\u00a0<\/li>\n<\/ul>\n\n\n\n<div class=\"wp-block-group is-vertical is-layout-flex wp-container-core-group-is-layout-fe9cc265 wp-block-group-is-layout-flex\">\n<h4 class=\"wp-block-heading\"><strong>Challenges :<\/strong><\/h4>\n\n\n\n<div class=\"wp-block-columns is-layout-flex wp-container-core-columns-is-layout-28f84493 wp-block-columns-is-layout-flex\">\n<div class=\"wp-block-column is-layout-flow wp-block-column-is-layout-flow\" style=\"flex-basis:25%\">\n<hr class=\"wp-block-separator has-text-color has-secondary-color has-alpha-channel-opacity has-secondary-background-color has-background\"\/>\n<\/div>\n\n\n\n<div class=\"wp-block-column is-layout-flow wp-block-column-is-layout-flow\" style=\"flex-basis:25%\">\n<hr class=\"wp-block-separator has-text-color has-secondary-color has-alpha-channel-opacity has-secondary-background-color has-background\"\/>\n<\/div>\n\n\n\n<div class=\"wp-block-column is-layout-flow wp-block-column-is-layout-flow\" style=\"flex-basis:50%\"><\/div>\n<\/div>\n<\/div>\n\n\n\n<ul class=\"wp-block-list\">\n<li>Understanding bioinformatics workflows in production.\u00a0<\/li>\n\n\n\n<li>Drawing up specifications for the development of new analysis pipelines and software developed in-house.<\/li>\n\n\n\n<li>Technological and scientific monitoring of genomic and transcriptomic data processing, including benchmarks to evaluate and compare software solutions.\u00a0<\/li>\n\n\n\n<li>Continuous improvement of internal tools and analysis pipelines.<\/li>\n\n\n\n<li>Development and implementation of strategies to improve the efficiency of existing processes.<\/li>\n<\/ul>\n\n\n\n<div class=\"wp-block-group is-vertical is-layout-flex wp-container-core-group-is-layout-fe9cc265 wp-block-group-is-layout-flex\">\n<h4 class=\"wp-block-heading\"><strong>Working environments :<\/strong><\/h4>\n\n\n\n<div class=\"wp-block-columns is-layout-flex wp-container-core-columns-is-layout-28f84493 wp-block-columns-is-layout-flex\">\n<div class=\"wp-block-column is-layout-flow wp-block-column-is-layout-flow\" style=\"flex-basis:25%\">\n<hr class=\"wp-block-separator has-text-color has-secondary-color has-alpha-channel-opacity has-secondary-background-color has-background\"\/>\n<\/div>\n\n\n\n<div class=\"wp-block-column is-layout-flow wp-block-column-is-layout-flow\" style=\"flex-basis:25%\">\n<hr class=\"wp-block-separator has-text-color has-secondary-color has-alpha-channel-opacity has-secondary-background-color has-background\"\/>\n<\/div>\n\n\n\n<div class=\"wp-block-column is-layout-flow wp-block-column-is-layout-flow\" style=\"flex-basis:50%\"><\/div>\n<\/div>\n<\/div>\n\n\n\n<p>You will work in a healthcare environment that respects strict standards of quality, reliability of results and security of information. You will use the latest technologies in bioinformatics and actively participate in the dissemination of best practices within IntegraGen. You will also have access to internal and external training opportunities, and share your knowledge with colleagues.&nbsp;<\/p>\n\n\n\n<div class=\"wp-block-group is-vertical is-layout-flex wp-container-core-group-is-layout-fe9cc265 wp-block-group-is-layout-flex\">\n<h4 class=\"wp-block-heading\"><strong>Profile required:<\/strong><\/h4>\n\n\n\n<div class=\"wp-block-columns is-layout-flex wp-container-core-columns-is-layout-28f84493 wp-block-columns-is-layout-flex\">\n<div class=\"wp-block-column is-layout-flow wp-block-column-is-layout-flow\" style=\"flex-basis:25%\">\n<hr class=\"wp-block-separator has-text-color has-secondary-color has-alpha-channel-opacity has-secondary-background-color has-background\"\/>\n<\/div>\n\n\n\n<div class=\"wp-block-column is-layout-flow wp-block-column-is-layout-flow\" style=\"flex-basis:25%\">\n<hr class=\"wp-block-separator has-text-color has-secondary-color has-alpha-channel-opacity has-secondary-background-color has-background\"\/>\n<\/div>\n\n\n\n<div class=\"wp-block-column is-layout-flow wp-block-column-is-layout-flow\" style=\"flex-basis:50%\"><\/div>\n<\/div>\n<\/div>\n\n\n\n<p><strong>Technical skills&nbsp;<\/strong><\/p>\n\n\n\n<ul class=\"wp-block-list\">\n<li>Master in Bioinformatics<\/li>\n\n\n\n<li>Scripted programming skills: Python, Bash (Unix environment), R.<\/li>\n\n\n\n<li>Solid experience in NGS data analysis.<\/li>\n\n\n\n<li>In-depth knowledge of human genetics algorithms and tools, particularly in oncology and transcriptomics (GATK, Picard, STAR...).\u00a0<\/li>\n\n\n\n<li>Understanding of containerized environments (Docker, Kubernetes).<\/li>\n\n\n\n<li>Expertise in versioning management: Git, GitHub.\u00a0<\/li>\n\n\n\n<li>Field experience with Scrum methods (a plus).\u00a0<\/li>\n<\/ul>\n\n\n\n<p><strong>Non-technical skills&nbsp;<\/strong><\/p>\n\n\n\n<ul class=\"wp-block-list\">\n<li>Structured communication in English and French.<\/li>\n\n\n\n<li>Ability to popularize scientific issues.\u00a0<\/li>\n\n\n\n<li>Autonomy and respect for deadlines.\u00a0<\/li>\n\n\n\n<li>Team spirit and dynamism.<\/li>\n<\/ul>\n\n\n\n<div class=\"wp-block-group is-vertical is-layout-flex wp-container-core-group-is-layout-fe9cc265 wp-block-group-is-layout-flex\">\n<h4 class=\"wp-block-heading\"><strong>Why join IntegraGen :<\/strong><\/h4>\n\n\n\n<div class=\"wp-block-columns is-layout-flex wp-container-core-columns-is-layout-28f84493 wp-block-columns-is-layout-flex\">\n<div class=\"wp-block-column is-layout-flow wp-block-column-is-layout-flow\" style=\"flex-basis:25%\">\n<hr class=\"wp-block-separator has-text-color has-secondary-color has-alpha-channel-opacity has-secondary-background-color has-background\"\/>\n<\/div>\n\n\n\n<div class=\"wp-block-column is-layout-flow wp-block-column-is-layout-flow\" style=\"flex-basis:25%\">\n<hr class=\"wp-block-separator has-text-color has-secondary-color has-alpha-channel-opacity has-secondary-background-color has-background\"\/>\n<\/div>\n\n\n\n<div class=\"wp-block-column is-layout-flow wp-block-column-is-layout-flow\" style=\"flex-basis:50%\"><\/div>\n<\/div>\n<\/div>\n\n\n\n<p>Joining IntegraGen means joining a team at the cutting edge of genomic research, where innovation is at the heart of our mission. You'll have the opportunity to work on stimulating projects and contribute to significant advances in the field of healthcare.&nbsp;<\/p>\n\n\n\n<p>If you're a self-starter, a self-starter who wants to develop your career in a dynamic, collaborative environment, apply now!&nbsp;<\/p>\n\n\n\n<p><strong>Start date :&nbsp;<\/strong>as soon as possible.<\/p>\n\n\n\n<p><strong>Send your application to job-bioinfo@integraGen.com with your CV and a covering letter.<\/strong><\/p>","protected":false},"excerpt":{"rendered":"<p>IntegraGen, a company specializing in the genomics of cancer and rare genetic diseases, carries out interpretable genomic analyses for academic and private laboratories. We are looking for a passionate and dynamic bioinformatician to join our innovative team and contribute to the development of cutting-edge solutions.  Your responsibilities: As a member of our Bioinformatics team, you will be responsible...<\/p>","protected":false},"author":2,"featured_media":0,"parent":0,"menu_order":0,"comment_status":"closed","ping_status":"closed","template":"","meta":{"ca_portfolio_gallery_project_year":"","ca_portfolio_gallery_client":"","ca_portfolio_gallery_skills":"","ca_portfolio_gallery_url":"","ca_portfolio_gallery_images":"","_eb_attr":"","footnotes":""},"class_list":["post-2857","page","type-page","status-publish","hentry"],"yoast_head":"<!-- This site is optimized with the Yoast SEO plugin v27.4 - https:\/\/yoast.com\/product\/yoast-seo-wordpress\/ -->\n<title>Bio-Informaticien(ne) &#8211; IntegraGen<\/title>\n<meta name=\"robots\" content=\"index, follow, max-snippet:-1, max-image-preview:large, max-video-preview:-1\" \/>\n<link rel=\"canonical\" href=\"https:\/\/integragen.com\/en\/bio-informaticienne\/\" \/>\n<meta property=\"og:locale\" content=\"en_US\" \/>\n<meta property=\"og:type\" content=\"article\" \/>\n<meta property=\"og:title\" content=\"Bio-Informaticien(ne) &#8211; IntegraGen\" \/>\n<meta property=\"og:description\" content=\"IntegraGen, soci\u00e9t\u00e9 sp\u00e9cialis\u00e9e dans la g\u00e9nomique du cancer et des maladies g\u00e9n\u00e9tiques rares, r\u00e9alise des analyses g\u00e9nomiques interpr\u00e9tables pour des laboratoires acad\u00e9miques et priv\u00e9s. Nous recherchons un(e) Bio-informaticien(ne) passionn\u00e9(e) et dynamique pour rejoindre notre \u00e9quipe innovante et contribuer au d\u00e9veloppement de solutions de pointe.&nbsp; Vos Missions : En int\u00e9grant notre \u00e9quipe Bio-informatique, vous serez responsable...\" \/>\n<meta property=\"og:url\" content=\"https:\/\/integragen.com\/en\/bio-informaticienne\/\" \/>\n<meta property=\"og:site_name\" content=\"IntegraGen\" \/>\n<meta property=\"article:modified_time\" content=\"2024-09-05T10:44:29+00:00\" \/>\n<meta property=\"og:image\" content=\"https:\/\/integragen.com\/wp-content\/uploads\/2024\/07\/image-1.png\" \/>\n\t<meta property=\"og:image:width\" content=\"2478\" \/>\n\t<meta property=\"og:image:height\" content=\"684\" \/>\n\t<meta property=\"og:image:type\" content=\"image\/png\" \/>\n<meta name=\"twitter:card\" content=\"summary_large_image\" \/>\n<meta name=\"twitter:label1\" content=\"Est. reading time\" \/>\n\t<meta name=\"twitter:data1\" content=\"3 minutes\" \/>\n<script type=\"application\/ld+json\" class=\"yoast-schema-graph\">{\"@context\":\"https:\\\/\\\/schema.org\",\"@graph\":[{\"@type\":\"WebPage\",\"@id\":\"https:\\\/\\\/integragen.com\\\/bio-informaticienne\\\/\",\"url\":\"https:\\\/\\\/integragen.com\\\/bio-informaticienne\\\/\",\"name\":\"Bio-Informaticien(ne) &#8211; IntegraGen\",\"isPartOf\":{\"@id\":\"https:\\\/\\\/integragen.com\\\/#website\"},\"datePublished\":\"2024-09-05T10:44:27+00:00\",\"dateModified\":\"2024-09-05T10:44:29+00:00\",\"breadcrumb\":{\"@id\":\"https:\\\/\\\/integragen.com\\\/bio-informaticienne\\\/#breadcrumb\"},\"inLanguage\":\"en-US\",\"potentialAction\":[{\"@type\":\"ReadAction\",\"target\":[\"https:\\\/\\\/integragen.com\\\/bio-informaticienne\\\/\"]}]},{\"@type\":\"BreadcrumbList\",\"@id\":\"https:\\\/\\\/integragen.com\\\/bio-informaticienne\\\/#breadcrumb\",\"itemListElement\":[{\"@type\":\"ListItem\",\"position\":1,\"name\":\"Accueil\",\"item\":\"https:\\\/\\\/integragen.com\\\/\"},{\"@type\":\"ListItem\",\"position\":2,\"name\":\"Bio-Informaticien(ne)\"}]},{\"@type\":\"WebSite\",\"@id\":\"https:\\\/\\\/integragen.com\\\/#website\",\"url\":\"https:\\\/\\\/integragen.com\\\/\",\"name\":\"IntegraGen - Clinical Genomic Experts\",\"description\":\"NGS Sequencing &amp; Bioinformatics for Pharma, Biotech &amp; CRO\",\"publisher\":{\"@id\":\"https:\\\/\\\/integragen.com\\\/#organization\"},\"alternateName\":\"IntegraGen\",\"potentialAction\":[{\"@type\":\"SearchAction\",\"target\":{\"@type\":\"EntryPoint\",\"urlTemplate\":\"https:\\\/\\\/integragen.com\\\/?s={search_term_string}\"},\"query-input\":{\"@type\":\"PropertyValueSpecification\",\"valueRequired\":true,\"valueName\":\"search_term_string\"}}],\"inLanguage\":\"en-US\"},{\"@type\":\"Organization\",\"@id\":\"https:\\\/\\\/integragen.com\\\/#organization\",\"name\":\"IntegraGen\",\"url\":\"https:\\\/\\\/integragen.com\\\/\",\"logo\":{\"@type\":\"ImageObject\",\"inLanguage\":\"en-US\",\"@id\":\"https:\\\/\\\/integragen.com\\\/#\\\/schema\\\/logo\\\/image\\\/\",\"url\":\"https:\\\/\\\/integragen.com\\\/wp-content\\\/uploads\\\/2024\\\/09\\\/Logo_IntegraGen_OncoDNA.png\",\"contentUrl\":\"https:\\\/\\\/integragen.com\\\/wp-content\\\/uploads\\\/2024\\\/09\\\/Logo_IntegraGen_OncoDNA.png\",\"width\":2478,\"height\":684,\"caption\":\"IntegraGen\"},\"image\":{\"@id\":\"https:\\\/\\\/integragen.com\\\/#\\\/schema\\\/logo\\\/image\\\/\"},\"sameAs\":[\"https:\\\/\\\/www.linkedin.com\\\/company\\\/integragen\\\/\"]}]}<\/script>\n<!-- \/ Yoast SEO plugin. -->","yoast_head_json":{"title":"Bio-Informaticien(ne) &#8211; IntegraGen","robots":{"index":"index","follow":"follow","max-snippet":"max-snippet:-1","max-image-preview":"max-image-preview:large","max-video-preview":"max-video-preview:-1"},"canonical":"https:\/\/integragen.com\/en\/bio-informaticienne\/","og_locale":"en_US","og_type":"article","og_title":"Bio-Informaticien(ne) &#8211; IntegraGen","og_description":"IntegraGen, soci\u00e9t\u00e9 sp\u00e9cialis\u00e9e dans la g\u00e9nomique du cancer et des maladies g\u00e9n\u00e9tiques rares, r\u00e9alise des analyses g\u00e9nomiques interpr\u00e9tables pour des laboratoires acad\u00e9miques et priv\u00e9s. Nous recherchons un(e) Bio-informaticien(ne) passionn\u00e9(e) et dynamique pour rejoindre notre \u00e9quipe innovante et contribuer au d\u00e9veloppement de solutions de pointe.&nbsp; Vos Missions : En int\u00e9grant notre \u00e9quipe Bio-informatique, vous serez responsable...","og_url":"https:\/\/integragen.com\/en\/bio-informaticienne\/","og_site_name":"IntegraGen","article_modified_time":"2024-09-05T10:44:29+00:00","og_image":[{"width":2478,"height":684,"url":"https:\/\/integragen.com\/wp-content\/uploads\/2024\/07\/image-1.png","type":"image\/png"}],"twitter_card":"summary_large_image","twitter_misc":{"Est. reading time":"3 minutes"},"schema":{"@context":"https:\/\/schema.org","@graph":[{"@type":"WebPage","@id":"https:\/\/integragen.com\/bio-informaticienne\/","url":"https:\/\/integragen.com\/bio-informaticienne\/","name":"Bio-Informaticien(ne) &#8211; IntegraGen","isPartOf":{"@id":"https:\/\/integragen.com\/#website"},"datePublished":"2024-09-05T10:44:27+00:00","dateModified":"2024-09-05T10:44:29+00:00","breadcrumb":{"@id":"https:\/\/integragen.com\/bio-informaticienne\/#breadcrumb"},"inLanguage":"en-US","potentialAction":[{"@type":"ReadAction","target":["https:\/\/integragen.com\/bio-informaticienne\/"]}]},{"@type":"BreadcrumbList","@id":"https:\/\/integragen.com\/bio-informaticienne\/#breadcrumb","itemListElement":[{"@type":"ListItem","position":1,"name":"Accueil","item":"https:\/\/integragen.com\/"},{"@type":"ListItem","position":2,"name":"Bio-Informaticien(ne)"}]},{"@type":"WebSite","@id":"https:\/\/integragen.com\/#website","url":"https:\/\/integragen.com\/","name":"IntegraGen - Clinical Genomic Experts","description":"NGS Sequencing &amp; Bioinformatics for Pharma, Biotech &amp; CROs","publisher":{"@id":"https:\/\/integragen.com\/#organization"},"alternateName":"IntegraGen","potentialAction":[{"@type":"SearchAction","target":{"@type":"EntryPoint","urlTemplate":"https:\/\/integragen.com\/?s={search_term_string}"},"query-input":{"@type":"PropertyValueSpecification","valueRequired":true,"valueName":"search_term_string"}}],"inLanguage":"en-US"},{"@type":"Organization","@id":"https:\/\/integragen.com\/#organization","name":"IntegraGen","url":"https:\/\/integragen.com\/","logo":{"@type":"ImageObject","inLanguage":"en-US","@id":"https:\/\/integragen.com\/#\/schema\/logo\/image\/","url":"https:\/\/integragen.com\/wp-content\/uploads\/2024\/09\/Logo_IntegraGen_OncoDNA.png","contentUrl":"https:\/\/integragen.com\/wp-content\/uploads\/2024\/09\/Logo_IntegraGen_OncoDNA.png","width":2478,"height":684,"caption":"IntegraGen"},"image":{"@id":"https:\/\/integragen.com\/#\/schema\/logo\/image\/"},"sameAs":["https:\/\/www.linkedin.com\/company\/integragen\/"]}]}},"_links":{"self":[{"href":"https:\/\/integragen.com\/en\/wp-json\/wp\/v2\/pages\/2857","targetHints":{"allow":["GET"]}}],"collection":[{"href":"https:\/\/integragen.com\/en\/wp-json\/wp\/v2\/pages"}],"about":[{"href":"https:\/\/integragen.com\/en\/wp-json\/wp\/v2\/types\/page"}],"author":[{"embeddable":true,"href":"https:\/\/integragen.com\/en\/wp-json\/wp\/v2\/users\/2"}],"replies":[{"embeddable":true,"href":"https:\/\/integragen.com\/en\/wp-json\/wp\/v2\/comments?post=2857"}],"version-history":[{"count":1,"href":"https:\/\/integragen.com\/en\/wp-json\/wp\/v2\/pages\/2857\/revisions"}],"predecessor-version":[{"id":2859,"href":"https:\/\/integragen.com\/en\/wp-json\/wp\/v2\/pages\/2857\/revisions\/2859"}],"wp:attachment":[{"href":"https:\/\/integragen.com\/en\/wp-json\/wp\/v2\/media?parent=2857"}],"curies":[{"name":"wp","href":"https:\/\/api.w.org\/{rel}","templated":true}]}}