{"id":2324,"date":"2024-08-27T14:31:54","date_gmt":"2024-08-27T14:31:54","guid":{"rendered":"https:\/\/negargetni.com\/?page_id=2324"},"modified":"2025-07-24T16:47:54","modified_gmt":"2025-07-24T14:47:54","slug":"certifications","status":"publish","type":"page","link":"https:\/\/integragen.com\/en\/a-propos-de-nous\/certifications\/","title":{"rendered":"Certifications"},"content":{"rendered":"<div class=\"wp-block-group is-layout-constrained wp-container-core-group-is-layout-7a3688e9 wp-block-group-is-layout-constrained\">\n<div class=\"wp-block-group alignfull has-background is-layout-constrained wp-container-core-group-is-layout-e6f1036d wp-block-group-is-layout-constrained\" style=\"background-color:#fffffe;margin-top:0;margin-bottom:0;padding-top:0;padding-right:0;padding-bottom:0;padding-left:0\">\n<div class=\"wp-block-group is-layout-constrained wp-container-core-group-is-layout-bda7ed67 wp-block-group-is-layout-constrained\" style=\"margin-top:0;margin-bottom:0;padding-top:60px;padding-right:16px;padding-bottom:60px;padding-left:16px\"><link rel=\"stylesheet\" href=\"https:\/\/fonts.googleapis.com\/css2?family=Inter:wght@400;500;600;700;800\" \/>\n<h2 class=\"wp-block-heading has-text-align-left has-custom-couleur-1-color has-text-color has-link-color wp-elements-ba815cb569d8db71fe94c3a6a8919c37 cozy-animation__initialized\" style=\"margin-top:0;margin-right:0;margin-bottom:6px;margin-left:0;font-size:clamp(25.984px, 1.624rem + ((1vw - 3.2px) * 1.099), 44px);font-style:normal;font-weight:500;line-height:1.2; font-family: 'Inter' !important;\" data-aos=\"flip-up\" data-aos-easing=\"ease-in\" data-aos-anchor-placement=\"top-bottom\" data-aos-duration=\"600\">Certifications<\/h2>\n\n\n\n<div style=\"height:35px\" aria-hidden=\"true\" class=\"wp-block-spacer\"><\/div>\n\n\n\n<div class=\"wp-block-columns is-layout-flex wp-container-core-columns-is-layout-28f84493 wp-block-columns-is-layout-flex\">\n<div class=\"wp-block-column is-layout-flow wp-block-column-is-layout-flow\" style=\"flex-basis:66.66%\">\n<div class=\"wp-block-group is-content-justification-left is-layout-constrained wp-container-core-group-is-layout-41c3312a wp-block-group-is-layout-constrained\" style=\"margin-top:0;margin-bottom:0\">\n<p><strong>CLINICAL LABORATORY IMPROVEMENT AMENDMENTS (CLIA)<\/strong><\/p>\n\n\n\n<p class=\"has-text-align-left has-custom-couleur-2-color has-text-color has-link-color has-normal-font-size wp-elements-7ca0349aa3cbdcbdaa9a6e1fdb7a8d09\" style=\"line-height:1.5\"><strong>IntegraGen acquired CLIA certification in 2024.<\/strong><br>This certification ensures that IntegraGen\u2019s laboratory services adhere to quality and regulatory requirements, providing accurate and reliable genetic testing results for both clinical and research purposes.<\/p>\n\n\n\n<div style=\"height:40px\" aria-hidden=\"true\" class=\"wp-block-spacer\"><\/div>\n<\/div>\n<\/div>\n\n\n\n<div class=\"wp-block-column is-layout-flow wp-block-column-is-layout-flow\" style=\"flex-basis:33.33%\">\n<figure class=\"wp-block-image size-full\"><img loading=\"lazy\" decoding=\"async\" width=\"332\" height=\"152\" src=\"https:\/\/negargetni.com\/wp-content\/uploads\/2024\/09\/CliaCap.png\" alt=\"\" class=\"wp-image-2896\" srcset=\"https:\/\/integragen.com\/wp-content\/uploads\/2024\/09\/CliaCap.png 332w, https:\/\/integragen.com\/wp-content\/uploads\/2024\/09\/CliaCap-300x137.png 300w, https:\/\/integragen.com\/wp-content\/uploads\/2024\/09\/CliaCap-18x8.png 18w\" sizes=\"auto, (max-width: 332px) 100vw, 332px\" \/><\/figure>\n<\/div>\n<\/div>\n<\/div>\n\n\n\n<div style=\"height:35px\" aria-hidden=\"true\" class=\"wp-block-spacer\"><\/div>\n\n\n\n<div class=\"wp-block-group is-layout-constrained wp-container-core-group-is-layout-bda7ed67 wp-block-group-is-layout-constrained\" style=\"margin-top:0;margin-bottom:0;padding-top:60px;padding-right:16px;padding-bottom:60px;padding-left:16px\">\n<div class=\"wp-block-columns is-layout-flex wp-container-core-columns-is-layout-28f84493 wp-block-columns-is-layout-flex\">\n<div class=\"wp-block-column is-layout-flow wp-block-column-is-layout-flow\" style=\"flex-basis:66.66%\">\n<div class=\"wp-block-group is-content-justification-left is-layout-constrained wp-container-core-group-is-layout-41c3312a wp-block-group-is-layout-constrained\" style=\"margin-top:0;margin-bottom:0\">\n<p><strong>THE COLLEGE OF AMERICAN PATHOLOGISTS (CAP)<\/strong><\/p>\n\n\n\n<p class=\"has-normal-font-size\"><strong>IntegraGen acquired CAP accreditation in 2023.<\/strong><\/p>\n\n\n\n<p class=\"has-text-align-left has-custom-couleur-2-color has-text-color has-link-color has-normal-font-size wp-elements-d1afd96a189a681d7911e2bf5553a674\" style=\"line-height:1.5\">The laboratory meets the highest standards of excellence in laboratory practices and quality management. This accreditation demonstrates IntegraGen's commitment to maintaining rigorous quality control, accurate test results, and compliance with industry best practices in genomic testing and research.<\/p>\n\n\n\n<div style=\"height:40px\" aria-hidden=\"true\" class=\"wp-block-spacer\"><\/div>\n<\/div>\n<\/div>\n\n\n\n<div class=\"wp-block-column is-layout-flow wp-block-column-is-layout-flow\" style=\"flex-basis:33.33%\">\n<figure class=\"wp-block-image size-full\"><img loading=\"lazy\" decoding=\"async\" width=\"187\" height=\"81\" src=\"https:\/\/negargetni.com\/wp-content\/uploads\/2024\/09\/CAP-accredited.png\" alt=\"\" class=\"wp-image-2898\" srcset=\"https:\/\/integragen.com\/wp-content\/uploads\/2024\/09\/CAP-accredited.png 187w, https:\/\/integragen.com\/wp-content\/uploads\/2024\/09\/CAP-accredited-18x8.png 18w\" sizes=\"auto, (max-width: 187px) 100vw, 187px\" \/><\/figure>\n<\/div>\n<\/div>\n<\/div>\n\n\n\n<div style=\"height:35px\" aria-hidden=\"true\" class=\"wp-block-spacer\"><\/div>\n\n\n\n<div class=\"wp-block-group is-layout-constrained wp-container-core-group-is-layout-bda7ed67 wp-block-group-is-layout-constrained\" style=\"margin-top:0;margin-bottom:0;padding-top:60px;padding-right:16px;padding-bottom:60px;padding-left:16px\">\n<div class=\"wp-block-columns is-layout-flex wp-container-core-columns-is-layout-28f84493 wp-block-columns-is-layout-flex\">\n<div class=\"wp-block-column is-layout-flow wp-block-column-is-layout-flow\" style=\"flex-basis:66.66%\">\n<div class=\"wp-block-group is-content-justification-left is-layout-constrained wp-container-core-group-is-layout-41c3312a wp-block-group-is-layout-constrained\" style=\"margin-top:0;margin-bottom:0\">\n<p><strong>CERTIFIED CLOUD SERVER: HEALTH DATA HOST<\/strong><\/p>\n\n\n\n<p class=\"has-text-align-left has-custom-couleur-2-color has-text-color has-link-color has-normal-font-size wp-elements-b398bbc5e21827b3162bc613389ba93f\" style=\"line-height:1.5\">IntegraGen uses a Health Data Hosting (HDS) certified cloud platform for delivering results, ensuring secure storage and transfer of sensitive patient data, including genomic information. The HDS certification indicates that IntegraGen's cloud infrastructure complies with stringent French and European regulations for hosting health-related data, providing enhanced data protection, security, and confidentiality for healthcare providers and patients.<\/p>\n\n\n\n<div style=\"height:40px\" aria-hidden=\"true\" class=\"wp-block-spacer\"><\/div>\n<\/div>\n<\/div>\n\n\n\n<div class=\"wp-block-column is-layout-flow wp-block-column-is-layout-flow\" style=\"flex-basis:33.33%\">\n<figure class=\"wp-block-image size-full\"><img loading=\"lazy\" decoding=\"async\" width=\"157\" height=\"157\" src=\"https:\/\/negargetni.com\/wp-content\/uploads\/2024\/09\/HDS.png\" alt=\"\" class=\"wp-image-2899\" srcset=\"https:\/\/integragen.com\/wp-content\/uploads\/2024\/09\/HDS.png 157w, https:\/\/integragen.com\/wp-content\/uploads\/2024\/09\/HDS-12x12.png 12w\" sizes=\"auto, (max-width: 157px) 100vw, 157px\" \/><\/figure>\n<\/div>\n<\/div>\n<\/div>\n\n\n\n<div style=\"height:35px\" aria-hidden=\"true\" class=\"wp-block-spacer\"><\/div>\n\n\n\n<div class=\"wp-block-group is-layout-constrained wp-container-core-group-is-layout-bda7ed67 wp-block-group-is-layout-constrained\" style=\"margin-top:0;margin-bottom:0;padding-top:60px;padding-right:16px;padding-bottom:60px;padding-left:16px\">\n<div class=\"wp-block-columns is-layout-flex wp-container-core-columns-is-layout-28f84493 wp-block-columns-is-layout-flex\">\n<div class=\"wp-block-column is-layout-flow wp-block-column-is-layout-flow\" style=\"flex-basis:66.66%\">\n<div class=\"wp-block-group is-content-justification-left is-layout-constrained wp-container-core-group-is-layout-41c3312a wp-block-group-is-layout-constrained\" style=\"margin-top:0;margin-bottom:0\">\n<p><strong>FOLLOWING GDPR GUIDELINES<\/strong><\/p>\n\n\n\n<p class=\"has-text-align-left has-custom-couleur-2-color has-text-color has-link-color has-normal-font-size wp-elements-5c01331499741017c51566379fff62df\" style=\"line-height:1.5\">IntegraGen complies with the General Data Protection Regulation (GDPR), which is a regulatory framework that governs data protection and privacy for individuals within the EU. This compliance ensures that IntegraGen adheres to strict guidelines for processing and storing personal data, including genetic information, and safeguards individuals' privacy rights by implementing measures for data security, consent, and transparency.<\/p>\n\n\n\n<div style=\"height:40px\" aria-hidden=\"true\" class=\"wp-block-spacer\"><\/div>\n<\/div>\n<\/div>\n\n\n\n<div class=\"wp-block-column is-layout-flow wp-block-column-is-layout-flow\" style=\"flex-basis:33.33%\">\n<figure class=\"wp-block-image size-full\"><img loading=\"lazy\" decoding=\"async\" width=\"345\" height=\"121\" src=\"https:\/\/negargetni.com\/wp-content\/uploads\/2024\/09\/RGPD-1.jpg\" alt=\"\" class=\"wp-image-2900\" srcset=\"https:\/\/integragen.com\/wp-content\/uploads\/2024\/09\/RGPD-1.jpg 345w, https:\/\/integragen.com\/wp-content\/uploads\/2024\/09\/RGPD-1-300x105.jpg 300w, https:\/\/integragen.com\/wp-content\/uploads\/2024\/09\/RGPD-1-18x6.jpg 18w\" sizes=\"auto, (max-width: 345px) 100vw, 345px\" \/><\/figure>\n<\/div>\n<\/div>\n<\/div>\n<\/div>\n<\/div>","protected":false},"excerpt":{"rendered":"<p>Certifications CLINICAL LABORATORY IMPROVEMENT AMENDMENTS (CLIA) IntegraGen achieved CLIA certification in 2024, ensuring that IntegraGen's laboratory services meet quality and regulatory requirements, providing accurate and reliable genomic test results for both clinical and research purposes. THE COLLEGE OF AMERICAN PATHOLOGISTS (CAP) IntegraGen...<\/p>","protected":false},"author":2,"featured_media":0,"parent":28,"menu_order":1,"comment_status":"closed","ping_status":"closed","template":"fullwidth-page-template","meta":{"ca_portfolio_gallery_project_year":"","ca_portfolio_gallery_client":"","ca_portfolio_gallery_skills":"","ca_portfolio_gallery_url":"","ca_portfolio_gallery_images":"","_eb_attr":"","footnotes":""},"class_list":["post-2324","page","type-page","status-publish","hentry"],"yoast_head":"<!-- This site is optimized with the Yoast SEO plugin v27.3 - https:\/\/yoast.com\/product\/yoast-seo-wordpress\/ -->\n<title>Certifications &#8211; IntegraGen<\/title>\n<meta name=\"robots\" content=\"index, follow, max-snippet:-1, max-image-preview:large, max-video-preview:-1\" \/>\n<link rel=\"canonical\" href=\"https:\/\/integragen.com\/en\/a-propos-de-nous\/certifications\/\" \/>\n<meta property=\"og:locale\" content=\"en_US\" \/>\n<meta property=\"og:type\" content=\"article\" \/>\n<meta property=\"og:title\" content=\"Certifications &#8211; IntegraGen\" \/>\n<meta property=\"og:description\" content=\"Certifications CLINICAL LABORATORY IMPROVEMENT AMENDEMENTS (CLIA) IntegraGen a obtenu la certification CLIA en 2024.Cette certification garantit le respect des exigences de qualit\u00e9s et de r\u00e8glementation par les services de laboratoire d&rsquo;IntegraGen, fournissant des r\u00e9sultats de tests g\u00e9nomiques pr\u00e9cis et fiables, tant pour des fins cliniques que de recherche. THE COLLEGE OF AMERICAN PATHOLOGISTS (CAP) IntegraGen...\" \/>\n<meta property=\"og:url\" content=\"https:\/\/integragen.com\/en\/a-propos-de-nous\/certifications\/\" \/>\n<meta property=\"og:site_name\" content=\"IntegraGen\" \/>\n<meta property=\"article:modified_time\" content=\"2025-07-24T14:47:54+00:00\" \/>\n<meta property=\"og:image\" content=\"https:\/\/integragen.com\/wp-content\/uploads\/2024\/09\/CliaCap.png\" \/>\n\t<meta property=\"og:image:width\" content=\"332\" \/>\n\t<meta property=\"og:image:height\" content=\"152\" \/>\n\t<meta property=\"og:image:type\" content=\"image\/png\" \/>\n<meta name=\"twitter:card\" content=\"summary_large_image\" \/>\n<meta name=\"twitter:label1\" content=\"Est. reading time\" \/>\n\t<meta name=\"twitter:data1\" content=\"3 minutes\" \/>\n<script type=\"application\/ld+json\" class=\"yoast-schema-graph\">{\"@context\":\"https:\\\/\\\/schema.org\",\"@graph\":[{\"@type\":\"WebPage\",\"@id\":\"https:\\\/\\\/integragen.com\\\/a-propos-de-nous\\\/certifications\\\/\",\"url\":\"https:\\\/\\\/integragen.com\\\/a-propos-de-nous\\\/certifications\\\/\",\"name\":\"Certifications &#8211; IntegraGen\",\"isPartOf\":{\"@id\":\"https:\\\/\\\/integragen.com\\\/#website\"},\"primaryImageOfPage\":{\"@id\":\"https:\\\/\\\/integragen.com\\\/a-propos-de-nous\\\/certifications\\\/#primaryimage\"},\"image\":{\"@id\":\"https:\\\/\\\/integragen.com\\\/a-propos-de-nous\\\/certifications\\\/#primaryimage\"},\"thumbnailUrl\":\"https:\\\/\\\/negargetni.com\\\/wp-content\\\/uploads\\\/2024\\\/09\\\/CliaCap.png\",\"datePublished\":\"2024-08-27T14:31:54+00:00\",\"dateModified\":\"2025-07-24T14:47:54+00:00\",\"breadcrumb\":{\"@id\":\"https:\\\/\\\/integragen.com\\\/a-propos-de-nous\\\/certifications\\\/#breadcrumb\"},\"inLanguage\":\"en-US\",\"potentialAction\":[{\"@type\":\"ReadAction\",\"target\":[\"https:\\\/\\\/integragen.com\\\/a-propos-de-nous\\\/certifications\\\/\"]}]},{\"@type\":\"ImageObject\",\"inLanguage\":\"en-US\",\"@id\":\"https:\\\/\\\/integragen.com\\\/a-propos-de-nous\\\/certifications\\\/#primaryimage\",\"url\":\"https:\\\/\\\/negargetni.com\\\/wp-content\\\/uploads\\\/2024\\\/09\\\/CliaCap.png\",\"contentUrl\":\"https:\\\/\\\/negargetni.com\\\/wp-content\\\/uploads\\\/2024\\\/09\\\/CliaCap.png\"},{\"@type\":\"BreadcrumbList\",\"@id\":\"https:\\\/\\\/integragen.com\\\/a-propos-de-nous\\\/certifications\\\/#breadcrumb\",\"itemListElement\":[{\"@type\":\"ListItem\",\"position\":1,\"name\":\"Accueil\",\"item\":\"https:\\\/\\\/integragen.com\\\/\"},{\"@type\":\"ListItem\",\"position\":2,\"name\":\"\u00c0 Propos de Nous\",\"item\":\"https:\\\/\\\/integragen.com\\\/a-propos-de-nous\\\/\"},{\"@type\":\"ListItem\",\"position\":3,\"name\":\"Certifications\"}]},{\"@type\":\"WebSite\",\"@id\":\"https:\\\/\\\/integragen.com\\\/#website\",\"url\":\"https:\\\/\\\/integragen.com\\\/\",\"name\":\"IntegraGen - Clinical Genomic Experts\",\"description\":\"NGS Sequencing &amp; Bioinformatics for Pharma, Biotech &amp; CRO\",\"publisher\":{\"@id\":\"https:\\\/\\\/integragen.com\\\/#organization\"},\"alternateName\":\"IntegraGen\",\"potentialAction\":[{\"@type\":\"SearchAction\",\"target\":{\"@type\":\"EntryPoint\",\"urlTemplate\":\"https:\\\/\\\/integragen.com\\\/?s={search_term_string}\"},\"query-input\":{\"@type\":\"PropertyValueSpecification\",\"valueRequired\":true,\"valueName\":\"search_term_string\"}}],\"inLanguage\":\"en-US\"},{\"@type\":\"Organization\",\"@id\":\"https:\\\/\\\/integragen.com\\\/#organization\",\"name\":\"IntegraGen\",\"url\":\"https:\\\/\\\/integragen.com\\\/\",\"logo\":{\"@type\":\"ImageObject\",\"inLanguage\":\"en-US\",\"@id\":\"https:\\\/\\\/integragen.com\\\/#\\\/schema\\\/logo\\\/image\\\/\",\"url\":\"https:\\\/\\\/integragen.com\\\/wp-content\\\/uploads\\\/2024\\\/09\\\/Logo_IntegraGen_OncoDNA.png\",\"contentUrl\":\"https:\\\/\\\/integragen.com\\\/wp-content\\\/uploads\\\/2024\\\/09\\\/Logo_IntegraGen_OncoDNA.png\",\"width\":2478,\"height\":684,\"caption\":\"IntegraGen\"},\"image\":{\"@id\":\"https:\\\/\\\/integragen.com\\\/#\\\/schema\\\/logo\\\/image\\\/\"},\"sameAs\":[\"https:\\\/\\\/www.linkedin.com\\\/company\\\/integragen\\\/\"]}]}<\/script>\n<!-- \/ Yoast SEO plugin. -->","yoast_head_json":{"title":"Certifications &#8211; IntegraGen","robots":{"index":"index","follow":"follow","max-snippet":"max-snippet:-1","max-image-preview":"max-image-preview:large","max-video-preview":"max-video-preview:-1"},"canonical":"https:\/\/integragen.com\/en\/a-propos-de-nous\/certifications\/","og_locale":"en_US","og_type":"article","og_title":"Certifications &#8211; IntegraGen","og_description":"Certifications CLINICAL LABORATORY IMPROVEMENT AMENDEMENTS (CLIA) IntegraGen a obtenu la certification CLIA en 2024.Cette certification garantit le respect des exigences de qualit\u00e9s et de r\u00e8glementation par les services de laboratoire d&rsquo;IntegraGen, fournissant des r\u00e9sultats de tests g\u00e9nomiques pr\u00e9cis et fiables, tant pour des fins cliniques que de recherche. THE COLLEGE OF AMERICAN PATHOLOGISTS (CAP) IntegraGen...","og_url":"https:\/\/integragen.com\/en\/a-propos-de-nous\/certifications\/","og_site_name":"IntegraGen","article_modified_time":"2025-07-24T14:47:54+00:00","og_image":[{"width":332,"height":152,"url":"https:\/\/integragen.com\/wp-content\/uploads\/2024\/09\/CliaCap.png","type":"image\/png"}],"twitter_card":"summary_large_image","twitter_misc":{"Est. reading time":"3 minutes"},"schema":{"@context":"https:\/\/schema.org","@graph":[{"@type":"WebPage","@id":"https:\/\/integragen.com\/a-propos-de-nous\/certifications\/","url":"https:\/\/integragen.com\/a-propos-de-nous\/certifications\/","name":"Certifications &#8211; IntegraGen","isPartOf":{"@id":"https:\/\/integragen.com\/#website"},"primaryImageOfPage":{"@id":"https:\/\/integragen.com\/a-propos-de-nous\/certifications\/#primaryimage"},"image":{"@id":"https:\/\/integragen.com\/a-propos-de-nous\/certifications\/#primaryimage"},"thumbnailUrl":"https:\/\/negargetni.com\/wp-content\/uploads\/2024\/09\/CliaCap.png","datePublished":"2024-08-27T14:31:54+00:00","dateModified":"2025-07-24T14:47:54+00:00","breadcrumb":{"@id":"https:\/\/integragen.com\/a-propos-de-nous\/certifications\/#breadcrumb"},"inLanguage":"en-US","potentialAction":[{"@type":"ReadAction","target":["https:\/\/integragen.com\/a-propos-de-nous\/certifications\/"]}]},{"@type":"ImageObject","inLanguage":"en-US","@id":"https:\/\/integragen.com\/a-propos-de-nous\/certifications\/#primaryimage","url":"https:\/\/negargetni.com\/wp-content\/uploads\/2024\/09\/CliaCap.png","contentUrl":"https:\/\/negargetni.com\/wp-content\/uploads\/2024\/09\/CliaCap.png"},{"@type":"BreadcrumbList","@id":"https:\/\/integragen.com\/a-propos-de-nous\/certifications\/#breadcrumb","itemListElement":[{"@type":"ListItem","position":1,"name":"Accueil","item":"https:\/\/integragen.com\/"},{"@type":"ListItem","position":2,"name":"\u00c0 Propos de Nous","item":"https:\/\/integragen.com\/a-propos-de-nous\/"},{"@type":"ListItem","position":3,"name":"Certifications"}]},{"@type":"WebSite","@id":"https:\/\/integragen.com\/#website","url":"https:\/\/integragen.com\/","name":"IntegraGen - Clinical Genomic Experts","description":"NGS Sequencing &amp; Bioinformatics for Pharma, Biotech &amp; CROs","publisher":{"@id":"https:\/\/integragen.com\/#organization"},"alternateName":"IntegraGen","potentialAction":[{"@type":"SearchAction","target":{"@type":"EntryPoint","urlTemplate":"https:\/\/integragen.com\/?s={search_term_string}"},"query-input":{"@type":"PropertyValueSpecification","valueRequired":true,"valueName":"search_term_string"}}],"inLanguage":"en-US"},{"@type":"Organization","@id":"https:\/\/integragen.com\/#organization","name":"IntegraGen","url":"https:\/\/integragen.com\/","logo":{"@type":"ImageObject","inLanguage":"en-US","@id":"https:\/\/integragen.com\/#\/schema\/logo\/image\/","url":"https:\/\/integragen.com\/wp-content\/uploads\/2024\/09\/Logo_IntegraGen_OncoDNA.png","contentUrl":"https:\/\/integragen.com\/wp-content\/uploads\/2024\/09\/Logo_IntegraGen_OncoDNA.png","width":2478,"height":684,"caption":"IntegraGen"},"image":{"@id":"https:\/\/integragen.com\/#\/schema\/logo\/image\/"},"sameAs":["https:\/\/www.linkedin.com\/company\/integragen\/"]}]}},"_links":{"self":[{"href":"https:\/\/integragen.com\/en\/wp-json\/wp\/v2\/pages\/2324","targetHints":{"allow":["GET"]}}],"collection":[{"href":"https:\/\/integragen.com\/en\/wp-json\/wp\/v2\/pages"}],"about":[{"href":"https:\/\/integragen.com\/en\/wp-json\/wp\/v2\/types\/page"}],"author":[{"embeddable":true,"href":"https:\/\/integragen.com\/en\/wp-json\/wp\/v2\/users\/2"}],"replies":[{"embeddable":true,"href":"https:\/\/integragen.com\/en\/wp-json\/wp\/v2\/comments?post=2324"}],"version-history":[{"count":10,"href":"https:\/\/integragen.com\/en\/wp-json\/wp\/v2\/pages\/2324\/revisions"}],"predecessor-version":[{"id":3211,"href":"https:\/\/integragen.com\/en\/wp-json\/wp\/v2\/pages\/2324\/revisions\/3211"}],"up":[{"embeddable":true,"href":"https:\/\/integragen.com\/en\/wp-json\/wp\/v2\/pages\/28"}],"wp:attachment":[{"href":"https:\/\/integragen.com\/en\/wp-json\/wp\/v2\/media?parent=2324"}],"curies":[{"name":"wp","href":"https:\/\/api.w.org\/{rel}","templated":true}]}}