{"id":2295,"date":"2024-08-27T13:14:18","date_gmt":"2024-08-27T13:14:18","guid":{"rendered":"https:\/\/negargetni.com\/?page_id=2295"},"modified":"2025-07-28T10:21:47","modified_gmt":"2025-07-28T08:21:47","slug":"methylation-par-puce-illumina-methepic","status":"publish","type":"page","link":"https:\/\/integragen.com\/en\/nos-services\/methylation\/methylation-par-puce-illumina-methepic\/","title":{"rendered":"Methylation using Illumina MethEPIC"},"content":{"rendered":"<div class=\"wp-block-group is-layout-constrained wp-container-core-group-is-layout-7a3688e9 wp-block-group-is-layout-constrained\">\n<div class=\"wp-block-cover alignfull\" style=\"margin-top:0;margin-bottom:0;padding-top:0;padding-right:0;padding-bottom:0;padding-left:0;min-height:600px;aspect-ratio:unset;\"><img loading=\"lazy\" decoding=\"async\" width=\"2560\" height=\"1716\" class=\"wp-block-cover__image-background wp-image-2979\" alt=\"\" src=\"https:\/\/negargetni.com\/wp-content\/uploads\/2024\/09\/Photo-methy-puce-achetee-scaled.jpg\" data-object-fit=\"cover\" srcset=\"https:\/\/integragen.com\/wp-content\/uploads\/2024\/09\/Photo-methy-puce-achetee-scaled.jpg 2560w, https:\/\/integragen.com\/wp-content\/uploads\/2024\/09\/Photo-methy-puce-achetee-300x201.jpg 300w, https:\/\/integragen.com\/wp-content\/uploads\/2024\/09\/Photo-methy-puce-achetee-1024x687.jpg 1024w, https:\/\/integragen.com\/wp-content\/uploads\/2024\/09\/Photo-methy-puce-achetee-768x515.jpg 768w, https:\/\/integragen.com\/wp-content\/uploads\/2024\/09\/Photo-methy-puce-achetee-1536x1030.jpg 1536w, https:\/\/integragen.com\/wp-content\/uploads\/2024\/09\/Photo-methy-puce-achetee-2048x1373.jpg 2048w, https:\/\/integragen.com\/wp-content\/uploads\/2024\/09\/Photo-methy-puce-achetee-18x12.jpg 18w\" sizes=\"auto, (max-width: 2560px) 100vw, 2560px\" \/><span aria-hidden=\"true\" class=\"wp-block-cover__background has-custom-couleur-1-background-color has-background-dim\"><\/span><div class=\"wp-block-cover__inner-container is-layout-flow wp-block-cover-is-layout-flow\">\n<div class=\"wp-block-group is-layout-constrained wp-container-core-group-is-layout-8809c702 wp-block-group-is-layout-constrained\" style=\"margin-top:0;margin-bottom:0;padding-top:80px;padding-right:16px;padding-bottom:80px;padding-left:16px\">\n<div class=\"wp-block-group has-text-color has-link-color wp-elements-032bee4531d4db53c9ac9bd2006d28a8 is-layout-constrained wp-container-core-group-is-layout-068c2f0c wp-block-group-is-layout-constrained\" style=\"color:#ebebeb;font-size:14px\"><link rel=\"stylesheet\" href=\"https:\/\/fonts.googleapis.com\/css2?family=Public+Sans:wght@400;500;600;700;800\" \/>\n<h2 class=\"wp-block-heading has-text-align-center has-text-color has-link-color wp-elements-0b9f2467183e6832e1405f5c80077378 cozy-animation__initialized\" style=\"color:#fffffe;font-size:clamp(27.894px, 1.743rem + ((1vw - 3.2px) * 1.226), 48px);font-style:normal;font-weight:600;line-height:1.3; font-family: 'Public Sans' !important;\" data-aos=\"flip-up\" data-aos-easing=\"ease-in\" data-aos-anchor-placement=\"top-center\" data-aos-duration=\"600\">Methylation by Illumina MethEPIC chip<\/h2>\n\n\n\n<div style=\"height:35px\" aria-hidden=\"true\" class=\"wp-block-spacer\"><\/div>\n\n\n\n<p class=\"has-text-align-center has-medium-font-size\">Illumina Infinium MethylationEPIC is a robust methylation profiling microarray that provides extensive coverage of CpG islands, genes, and enhancers. Ideal for genetic and rare disease research, cancer research, and classification.&nbsp;<\/p>\n<\/div>\n<\/div>\n<\/div><\/div>\n\n\n\n<div style=\"height:35px\" aria-hidden=\"true\" class=\"wp-block-spacer\"><\/div>\n\n\n\n<div class=\"wp-block-group is-layout-constrained wp-container-core-group-is-layout-7a3688e9 wp-block-group-is-layout-constrained\">\n<p>It is a genome-wide methylation analysis tool targeting around ~930K  unique methylation sites in the most biologically significant regions of the human methylome.&nbsp;<\/p>\n\n\n\n<p>A mouse version is also available.&nbsp;<\/p>\n\n\n\n<div class=\"wp-block-group is-vertical is-layout-flex wp-container-core-group-is-layout-fe9cc265 wp-block-group-is-layout-flex\">\n<h4 class=\"wp-block-heading\"><strong>WHAT MAKES INTEGRAGEN YOUR BEST PARTNER?<\/strong><\/h4>\n\n\n\n<div class=\"wp-block-columns is-layout-flex wp-container-core-columns-is-layout-28f84493 wp-block-columns-is-layout-flex\">\n<div class=\"wp-block-column is-layout-flow wp-block-column-is-layout-flow\" style=\"flex-basis:25%\">\n<hr class=\"wp-block-separator has-text-color has-custom-couleur-3-color has-alpha-channel-opacity has-custom-couleur-3-background-color has-background\"\/>\n<\/div>\n\n\n\n<div class=\"wp-block-column is-layout-flow wp-block-column-is-layout-flow\" style=\"flex-basis:25%\">\n<hr class=\"wp-block-separator has-text-color has-custom-couleur-3-color has-alpha-channel-opacity has-custom-couleur-3-background-color has-background\"\/>\n<\/div>\n\n\n\n<div class=\"wp-block-column is-layout-flow wp-block-column-is-layout-flow\" style=\"flex-basis:50%\"><\/div>\n<\/div>\n<\/div>\n\n\n\n<ul class=\"wp-block-list\">\n<li>Illumina Infinium \u00ae service Provider since 2006<\/li>\n\n\n\n<li>Expertise in design of methylation research projects, by microarrays or high-throughput sequencing<\/li>\n\n\n\n<li>Support in the handling and biostatistical processing of data<\/li>\n\n\n\n<li>High experience with FFPE samples<\/li>\n<\/ul>\n\n\n\n<div style=\"height:35px\" aria-hidden=\"true\" class=\"wp-block-spacer\"><\/div>\n\n\n\n<div class=\"wp-block-group is-vertical is-layout-flex wp-container-core-group-is-layout-fe9cc265 wp-block-group-is-layout-flex\">\n<h4 class=\"wp-block-heading\"><strong>TECHNICAL GUARANTEES<\/strong><\/h4>\n\n\n\n<div class=\"wp-block-columns is-layout-flex wp-container-core-columns-is-layout-28f84493 wp-block-columns-is-layout-flex\">\n<div class=\"wp-block-column is-layout-flow wp-block-column-is-layout-flow\" style=\"flex-basis:33.34%\">\n<hr class=\"wp-block-separator has-text-color has-custom-couleur-3-color has-alpha-channel-opacity has-custom-couleur-3-background-color has-background\"\/>\n<\/div>\n\n\n\n<div class=\"wp-block-column is-layout-flow wp-block-column-is-layout-flow\" style=\"flex-basis:33.34%\">\n<hr class=\"wp-block-separator has-text-color has-custom-couleur-3-color has-alpha-channel-opacity has-custom-couleur-3-background-color has-background\"\/>\n<\/div>\n\n\n\n<div class=\"wp-block-column is-layout-flow wp-block-column-is-layout-flow\" style=\"flex-basis:33.33%\"><\/div>\n<\/div>\n<\/div>\n\n\n\n<ul class=\"wp-block-list\">\n<li>Qualitative and quantitative quality controls for all DNA samples<\/li>\n\n\n\n<li>Data quality controls<\/li>\n<\/ul>\n\n\n\n<div style=\"height:35px\" aria-hidden=\"true\" class=\"wp-block-spacer\"><\/div>\n\n\n<div class=\"cozy-block-wrapper\">\n<ul class=\"cozy-block-icon-list vertical default fill\" id=\"cozyBlock_585e2dd2_6fcc_4e4a_912f_b20c1aa681c5\">\n<div class=\"list-inline-block\"><a href=\"\/en\/contact\/\" target=\"\" rel=\"noopener\"><li class=\"cozy-block-list-item\" id=\"cozyBlock_bb4ead17_67a5_4473_8afa_ee4cdc279fea\"><p>Contact us<\/p><div class=\"list-icon-wrapper\"><svg viewbox=\"0 0 24 24\" xmlns=\"http:\/\/www.w3.org\/2000\/svg\" aria-hidden=\"true\"><path d=\"M19.3651 12.56L14.3851 17.56C14.2251 17.72 14.0251 17.8 13.8251 17.8C13.6251 17.8 13.4251 17.72 13.2651 17.56C12.9451 17.24 12.9451 16.74 13.2651 16.42L16.8851 12.78H5.20511C4.76511 12.78 4.40511 12.42 4.40511 11.98C4.40511 11.54 4.76511 11.18 5.20511 11.18H16.8851L13.2651 7.54001C12.9451 7.22001 12.9451 6.72 13.2651 6.4C13.5851 6.08 14.0851 6.08 14.4051 6.4L19.3851 11.4C19.6851 11.74 19.6851 12.26 19.3651 12.56Z\"><\/path><\/svg><\/div><\/li><\/a><\/div>\n<\/ul>\n<\/div><\/div>\n<\/div>","protected":false},"excerpt":{"rendered":"<p>It is a genome-wide methylation analysis tool targeting around 930,000 unique methylation sites in the most biologically significant regions of the human methylome.  A mouse version is also available.  WHAT MAKES INTEGRAGEN YOUR BEST PARTNER TECHNICAL GUARANTEES<\/p>","protected":false},"author":2,"featured_media":0,"parent":2288,"menu_order":1,"comment_status":"closed","ping_status":"closed","template":"fullwidth-page-template","meta":{"ca_portfolio_gallery_project_year":"","ca_portfolio_gallery_client":"","ca_portfolio_gallery_skills":"","ca_portfolio_gallery_url":"","ca_portfolio_gallery_images":"","_eb_attr":"","footnotes":""},"class_list":["post-2295","page","type-page","status-publish","hentry"],"yoast_head":"<!-- This site is optimized with the Yoast SEO plugin v27.3 - https:\/\/yoast.com\/product\/yoast-seo-wordpress\/ -->\n<title>M\u00e9thylation par puce Illumina MethEPIC &#8211; IntegraGen<\/title>\n<meta name=\"robots\" content=\"index, follow, max-snippet:-1, max-image-preview:large, max-video-preview:-1\" \/>\n<link rel=\"canonical\" href=\"https:\/\/integragen.com\/en\/nos-services\/methylation\/methylation-par-puce-illumina-methepic\/\" \/>\n<meta property=\"og:locale\" content=\"en_US\" \/>\n<meta property=\"og:type\" content=\"article\" \/>\n<meta property=\"og:title\" content=\"M\u00e9thylation par puce Illumina MethEPIC &#8211; IntegraGen\" \/>\n<meta property=\"og:description\" content=\"C\u2019est un outil d\u2019analyse de la m\u00e9thylation \u00e0 l\u2019\u00e9chelle du g\u00e9nome ciblant environ 930 000 sites de m\u00e9thylation uniques dans les r\u00e9gions les plus biologiquement significatives du m\u00e9thylome humain.&nbsp; Une version pour souris est \u00e9galement disponible.&nbsp; CE QUI FAIT D\u2019INTEGRAGEN VOTRE MEILLEUR PARTENAIRE GARANTIES TECHNIQUES\" \/>\n<meta property=\"og:url\" content=\"https:\/\/integragen.com\/en\/nos-services\/methylation\/methylation-par-puce-illumina-methepic\/\" \/>\n<meta property=\"og:site_name\" content=\"IntegraGen\" \/>\n<meta property=\"article:modified_time\" content=\"2025-07-28T08:21:47+00:00\" \/>\n<meta property=\"og:image\" content=\"https:\/\/integragen.com\/wp-content\/uploads\/2024\/09\/Photo-methy-puce-achetee-scaled.jpg\" \/>\n\t<meta property=\"og:image:width\" content=\"2560\" \/>\n\t<meta property=\"og:image:height\" content=\"1716\" \/>\n\t<meta property=\"og:image:type\" content=\"image\/jpeg\" \/>\n<meta name=\"twitter:card\" content=\"summary_large_image\" \/>\n<meta name=\"twitter:label1\" content=\"Est. reading time\" \/>\n\t<meta name=\"twitter:data1\" content=\"1 minute\" \/>\n<script type=\"application\/ld+json\" class=\"yoast-schema-graph\">{\"@context\":\"https:\\\/\\\/schema.org\",\"@graph\":[{\"@type\":\"WebPage\",\"@id\":\"https:\\\/\\\/integragen.com\\\/nos-services\\\/methylation\\\/methylation-par-puce-illumina-methepic\\\/\",\"url\":\"https:\\\/\\\/integragen.com\\\/nos-services\\\/methylation\\\/methylation-par-puce-illumina-methepic\\\/\",\"name\":\"M\u00e9thylation par puce Illumina MethEPIC &#8211; IntegraGen\",\"isPartOf\":{\"@id\":\"https:\\\/\\\/integragen.com\\\/#website\"},\"primaryImageOfPage\":{\"@id\":\"https:\\\/\\\/integragen.com\\\/nos-services\\\/methylation\\\/methylation-par-puce-illumina-methepic\\\/#primaryimage\"},\"image\":{\"@id\":\"https:\\\/\\\/integragen.com\\\/nos-services\\\/methylation\\\/methylation-par-puce-illumina-methepic\\\/#primaryimage\"},\"thumbnailUrl\":\"https:\\\/\\\/negargetni.com\\\/wp-content\\\/uploads\\\/2024\\\/09\\\/Photo-methy-puce-achetee-scaled.jpg\",\"datePublished\":\"2024-08-27T13:14:18+00:00\",\"dateModified\":\"2025-07-28T08:21:47+00:00\",\"breadcrumb\":{\"@id\":\"https:\\\/\\\/integragen.com\\\/nos-services\\\/methylation\\\/methylation-par-puce-illumina-methepic\\\/#breadcrumb\"},\"inLanguage\":\"en-US\",\"potentialAction\":[{\"@type\":\"ReadAction\",\"target\":[\"https:\\\/\\\/integragen.com\\\/nos-services\\\/methylation\\\/methylation-par-puce-illumina-methepic\\\/\"]}]},{\"@type\":\"ImageObject\",\"inLanguage\":\"en-US\",\"@id\":\"https:\\\/\\\/integragen.com\\\/nos-services\\\/methylation\\\/methylation-par-puce-illumina-methepic\\\/#primaryimage\",\"url\":\"https:\\\/\\\/negargetni.com\\\/wp-content\\\/uploads\\\/2024\\\/09\\\/Photo-methy-puce-achetee-scaled.jpg\",\"contentUrl\":\"https:\\\/\\\/negargetni.com\\\/wp-content\\\/uploads\\\/2024\\\/09\\\/Photo-methy-puce-achetee-scaled.jpg\"},{\"@type\":\"BreadcrumbList\",\"@id\":\"https:\\\/\\\/integragen.com\\\/nos-services\\\/methylation\\\/methylation-par-puce-illumina-methepic\\\/#breadcrumb\",\"itemListElement\":[{\"@type\":\"ListItem\",\"position\":1,\"name\":\"Accueil\",\"item\":\"https:\\\/\\\/integragen.com\\\/\"},{\"@type\":\"ListItem\",\"position\":2,\"name\":\"Nos Services\",\"item\":\"https:\\\/\\\/integragen.com\\\/nos-services\\\/\"},{\"@type\":\"ListItem\",\"position\":3,\"name\":\"M\u00e9thylation\",\"item\":\"https:\\\/\\\/integragen.com\\\/nos-services\\\/methylation\\\/\"},{\"@type\":\"ListItem\",\"position\":4,\"name\":\"M\u00e9thylation par puce Illumina MethEPIC\"}]},{\"@type\":\"WebSite\",\"@id\":\"https:\\\/\\\/integragen.com\\\/#website\",\"url\":\"https:\\\/\\\/integragen.com\\\/\",\"name\":\"IntegraGen - Clinical Genomic Experts\",\"description\":\"NGS Sequencing &amp; Bioinformatics for Pharma, Biotech &amp; CRO\",\"publisher\":{\"@id\":\"https:\\\/\\\/integragen.com\\\/#organization\"},\"alternateName\":\"IntegraGen\",\"potentialAction\":[{\"@type\":\"SearchAction\",\"target\":{\"@type\":\"EntryPoint\",\"urlTemplate\":\"https:\\\/\\\/integragen.com\\\/?s={search_term_string}\"},\"query-input\":{\"@type\":\"PropertyValueSpecification\",\"valueRequired\":true,\"valueName\":\"search_term_string\"}}],\"inLanguage\":\"en-US\"},{\"@type\":\"Organization\",\"@id\":\"https:\\\/\\\/integragen.com\\\/#organization\",\"name\":\"IntegraGen\",\"url\":\"https:\\\/\\\/integragen.com\\\/\",\"logo\":{\"@type\":\"ImageObject\",\"inLanguage\":\"en-US\",\"@id\":\"https:\\\/\\\/integragen.com\\\/#\\\/schema\\\/logo\\\/image\\\/\",\"url\":\"https:\\\/\\\/integragen.com\\\/wp-content\\\/uploads\\\/2024\\\/09\\\/Logo_IntegraGen_OncoDNA.png\",\"contentUrl\":\"https:\\\/\\\/integragen.com\\\/wp-content\\\/uploads\\\/2024\\\/09\\\/Logo_IntegraGen_OncoDNA.png\",\"width\":2478,\"height\":684,\"caption\":\"IntegraGen\"},\"image\":{\"@id\":\"https:\\\/\\\/integragen.com\\\/#\\\/schema\\\/logo\\\/image\\\/\"},\"sameAs\":[\"https:\\\/\\\/www.linkedin.com\\\/company\\\/integragen\\\/\"]}]}<\/script>\n<!-- \/ Yoast SEO plugin. -->","yoast_head_json":{"title":"M\u00e9thylation par puce Illumina MethEPIC &#8211; IntegraGen","robots":{"index":"index","follow":"follow","max-snippet":"max-snippet:-1","max-image-preview":"max-image-preview:large","max-video-preview":"max-video-preview:-1"},"canonical":"https:\/\/integragen.com\/en\/nos-services\/methylation\/methylation-par-puce-illumina-methepic\/","og_locale":"en_US","og_type":"article","og_title":"M\u00e9thylation par puce Illumina MethEPIC &#8211; IntegraGen","og_description":"C\u2019est un outil d\u2019analyse de la m\u00e9thylation \u00e0 l\u2019\u00e9chelle du g\u00e9nome ciblant environ 930 000 sites de m\u00e9thylation uniques dans les r\u00e9gions les plus biologiquement significatives du m\u00e9thylome humain.&nbsp; Une version pour souris est \u00e9galement disponible.&nbsp; CE QUI FAIT D\u2019INTEGRAGEN VOTRE MEILLEUR PARTENAIRE GARANTIES TECHNIQUES","og_url":"https:\/\/integragen.com\/en\/nos-services\/methylation\/methylation-par-puce-illumina-methepic\/","og_site_name":"IntegraGen","article_modified_time":"2025-07-28T08:21:47+00:00","og_image":[{"width":2560,"height":1716,"url":"https:\/\/integragen.com\/wp-content\/uploads\/2024\/09\/Photo-methy-puce-achetee-scaled.jpg","type":"image\/jpeg"}],"twitter_card":"summary_large_image","twitter_misc":{"Est. reading time":"1 minute"},"schema":{"@context":"https:\/\/schema.org","@graph":[{"@type":"WebPage","@id":"https:\/\/integragen.com\/nos-services\/methylation\/methylation-par-puce-illumina-methepic\/","url":"https:\/\/integragen.com\/nos-services\/methylation\/methylation-par-puce-illumina-methepic\/","name":"M\u00e9thylation par puce Illumina MethEPIC &#8211; IntegraGen","isPartOf":{"@id":"https:\/\/integragen.com\/#website"},"primaryImageOfPage":{"@id":"https:\/\/integragen.com\/nos-services\/methylation\/methylation-par-puce-illumina-methepic\/#primaryimage"},"image":{"@id":"https:\/\/integragen.com\/nos-services\/methylation\/methylation-par-puce-illumina-methepic\/#primaryimage"},"thumbnailUrl":"https:\/\/negargetni.com\/wp-content\/uploads\/2024\/09\/Photo-methy-puce-achetee-scaled.jpg","datePublished":"2024-08-27T13:14:18+00:00","dateModified":"2025-07-28T08:21:47+00:00","breadcrumb":{"@id":"https:\/\/integragen.com\/nos-services\/methylation\/methylation-par-puce-illumina-methepic\/#breadcrumb"},"inLanguage":"en-US","potentialAction":[{"@type":"ReadAction","target":["https:\/\/integragen.com\/nos-services\/methylation\/methylation-par-puce-illumina-methepic\/"]}]},{"@type":"ImageObject","inLanguage":"en-US","@id":"https:\/\/integragen.com\/nos-services\/methylation\/methylation-par-puce-illumina-methepic\/#primaryimage","url":"https:\/\/negargetni.com\/wp-content\/uploads\/2024\/09\/Photo-methy-puce-achetee-scaled.jpg","contentUrl":"https:\/\/negargetni.com\/wp-content\/uploads\/2024\/09\/Photo-methy-puce-achetee-scaled.jpg"},{"@type":"BreadcrumbList","@id":"https:\/\/integragen.com\/nos-services\/methylation\/methylation-par-puce-illumina-methepic\/#breadcrumb","itemListElement":[{"@type":"ListItem","position":1,"name":"Accueil","item":"https:\/\/integragen.com\/"},{"@type":"ListItem","position":2,"name":"Nos Services","item":"https:\/\/integragen.com\/nos-services\/"},{"@type":"ListItem","position":3,"name":"M\u00e9thylation","item":"https:\/\/integragen.com\/nos-services\/methylation\/"},{"@type":"ListItem","position":4,"name":"M\u00e9thylation par puce Illumina MethEPIC"}]},{"@type":"WebSite","@id":"https:\/\/integragen.com\/#website","url":"https:\/\/integragen.com\/","name":"IntegraGen - Clinical Genomic Experts","description":"NGS Sequencing &amp; Bioinformatics for Pharma, Biotech &amp; CROs","publisher":{"@id":"https:\/\/integragen.com\/#organization"},"alternateName":"IntegraGen","potentialAction":[{"@type":"SearchAction","target":{"@type":"EntryPoint","urlTemplate":"https:\/\/integragen.com\/?s={search_term_string}"},"query-input":{"@type":"PropertyValueSpecification","valueRequired":true,"valueName":"search_term_string"}}],"inLanguage":"en-US"},{"@type":"Organization","@id":"https:\/\/integragen.com\/#organization","name":"IntegraGen","url":"https:\/\/integragen.com\/","logo":{"@type":"ImageObject","inLanguage":"en-US","@id":"https:\/\/integragen.com\/#\/schema\/logo\/image\/","url":"https:\/\/integragen.com\/wp-content\/uploads\/2024\/09\/Logo_IntegraGen_OncoDNA.png","contentUrl":"https:\/\/integragen.com\/wp-content\/uploads\/2024\/09\/Logo_IntegraGen_OncoDNA.png","width":2478,"height":684,"caption":"IntegraGen"},"image":{"@id":"https:\/\/integragen.com\/#\/schema\/logo\/image\/"},"sameAs":["https:\/\/www.linkedin.com\/company\/integragen\/"]}]}},"_links":{"self":[{"href":"https:\/\/integragen.com\/en\/wp-json\/wp\/v2\/pages\/2295","targetHints":{"allow":["GET"]}}],"collection":[{"href":"https:\/\/integragen.com\/en\/wp-json\/wp\/v2\/pages"}],"about":[{"href":"https:\/\/integragen.com\/en\/wp-json\/wp\/v2\/types\/page"}],"author":[{"embeddable":true,"href":"https:\/\/integragen.com\/en\/wp-json\/wp\/v2\/users\/2"}],"replies":[{"embeddable":true,"href":"https:\/\/integragen.com\/en\/wp-json\/wp\/v2\/comments?post=2295"}],"version-history":[{"count":13,"href":"https:\/\/integragen.com\/en\/wp-json\/wp\/v2\/pages\/2295\/revisions"}],"predecessor-version":[{"id":4422,"href":"https:\/\/integragen.com\/en\/wp-json\/wp\/v2\/pages\/2295\/revisions\/4422"}],"up":[{"embeddable":true,"href":"https:\/\/integragen.com\/en\/wp-json\/wp\/v2\/pages\/2288"}],"wp:attachment":[{"href":"https:\/\/integragen.com\/en\/wp-json\/wp\/v2\/media?parent=2295"}],"curies":[{"name":"wp","href":"https:\/\/api.w.org\/{rel}","templated":true}]}}