{"id":2288,"date":"2024-08-27T13:11:55","date_gmt":"2024-08-27T13:11:55","guid":{"rendered":"https:\/\/negargetni.com\/?page_id=2288"},"modified":"2025-07-28T10:20:39","modified_gmt":"2025-07-28T08:20:39","slug":"methylation","status":"publish","type":"page","link":"https:\/\/integragen.com\/en\/nos-services\/methylation\/","title":{"rendered":"Methylation"},"content":{"rendered":"<div class=\"wp-block-group is-layout-constrained wp-container-core-group-is-layout-12243e0f wp-block-group-is-layout-constrained\">\n<div class=\"wp-block-cover alignfull is-light\" style=\"margin-top:0;margin-bottom:0;padding-top:0;padding-right:0;padding-bottom:0;padding-left:0;min-height:622px;aspect-ratio:unset;\"><video class=\"wp-block-cover__video-background intrinsic-ignore\" autoplay muted loop playsinline src=\"https:\/\/negargetni.com\/wp-content\/uploads\/2024\/09\/Video-methy-achetee.mp4\" data-object-fit=\"cover\"><\/video><span aria-hidden=\"true\" class=\"wp-block-cover__background has-custom-couleur-1-background-color has-background-dim-40 has-background-dim\"><\/span><div class=\"wp-block-cover__inner-container is-layout-flow wp-block-cover-is-layout-flow\">\n<div class=\"wp-block-group is-layout-constrained wp-container-core-group-is-layout-8809c702 wp-block-group-is-layout-constrained\" style=\"margin-top:0;margin-bottom:0;padding-top:80px;padding-right:16px;padding-bottom:80px;padding-left:16px\">\n<div class=\"wp-block-group has-text-color has-link-color wp-elements-c443eb1edc8a42e2c79f766f4879580d is-layout-constrained wp-container-core-group-is-layout-068c2f0c wp-block-group-is-layout-constrained\" style=\"color:#ebebeb;font-size:14px\"><link rel=\"stylesheet\" href=\"https:\/\/fonts.googleapis.com\/css2?family=Public+Sans:wght@400;500;600;700;800\" \/>\n<h2 class=\"wp-block-heading has-text-align-center has-text-color has-link-color wp-elements-a69df63cd175daf3a9afc47a4e78c47c cozy-animation__initialized\" style=\"color:#fffffe;font-size:clamp(27.894px, 1.743rem + ((1vw - 3.2px) * 1.226), 48px);font-style:normal;font-weight:600;line-height:1.3; font-family: 'Public Sans' !important;\" data-aos=\"flip-up\" data-aos-easing=\"ease-in\" data-aos-anchor-placement=\"top-center\" data-aos-duration=\"600\">Methylation<\/h2>\n\n\n\n<div style=\"height:18px\" aria-hidden=\"true\" class=\"wp-block-spacer\"><\/div>\n\n\n\n<p class=\"has-text-align-center has-medium-font-size\"><strong>DNA methylation is one of the most studied epigenetic modifications due to their involvement in many diseases such as cancer, neurodegenerative disorders, developmental abnormalities, or metabolic diseases like diabetes. IntegraGen presents an overview of the most innovative and cost-effective sequencing or array techniques to guide you in the choice of the best method taking into consideration the type of project, the region of DNA to be explored, the type of tissue, the DNA quantity and quality, as well as your budget constraints.<\/strong><\/p>\n<\/div>\n<\/div>\n<\/div><\/div>\n\n\n\n<main class=\"wp-block-group has-light-color-background-color has-background is-layout-constrained wp-container-core-group-is-layout-e6f1036d wp-block-group-is-layout-constrained\" style=\"margin-top:0;margin-bottom:0;padding-top:0;padding-right:0;padding-bottom:0;padding-left:0\">\n<div class=\"wp-block-group has-light-color-background-color has-background is-layout-constrained wp-container-core-group-is-layout-44d86505 wp-block-group-is-layout-constrained\" style=\"margin-top:0;margin-bottom:0;padding-top:var(--wp--preset--spacing--80);padding-right:var(--wp--preset--spacing--40);padding-bottom:var(--wp--preset--spacing--80);padding-left:var(--wp--preset--spacing--40)\">\n<div style=\"height:46px\" aria-hidden=\"true\" class=\"wp-block-spacer\"><\/div>\n\n\n\n<div class=\"wp-block-columns are-vertically-aligned-center is-layout-flex wp-container-core-columns-is-layout-b3c35ca3 wp-block-columns-is-layout-flex\" style=\"margin-top:0px\">\n<div class=\"wp-block-column is-vertically-aligned-center is-layout-flow wp-block-column-is-layout-flow\" style=\"flex-basis:35%\">\n<figure class=\"wp-block-image size-full\"><img loading=\"lazy\" decoding=\"async\" width=\"2560\" height=\"1849\" src=\"https:\/\/negargetni.com\/wp-content\/uploads\/2024\/09\/Photo-methy-seq-achetee-scaled.jpg\" alt=\"\" class=\"wp-image-2972\" style=\"object-fit:cover\" srcset=\"https:\/\/integragen.com\/wp-content\/uploads\/2024\/09\/Photo-methy-seq-achetee-scaled.jpg 2560w, https:\/\/integragen.com\/wp-content\/uploads\/2024\/09\/Photo-methy-seq-achetee-300x217.jpg 300w\" sizes=\"auto, (max-width: 2560px) 100vw, 2560px\" \/><\/figure>\n<\/div>\n\n\n\n<div class=\"wp-block-column is-vertically-aligned-center is-layout-flow wp-block-column-is-layout-flow\">\n<h4 class=\"wp-block-heading\"><strong>Methylation using Sequencing<\/strong><\/h4>\n\n\n\n<p>Among the different existing methods to study methylation profiles, DNA sequencing is probably the most efficient to date. IntegraGen presents an overview of the most innovative and cost-effective sequencing techniques to guide you in the choice of the best method taking into consideration the type of project, the region of DNA to be explored, the type of samples (tissue or liquid biopsy), the DNA quantity and quality, as well as your budget constraints.<\/p>\n\n\n\n<div class=\"wp-block-buttons is-layout-flex wp-block-buttons-is-layout-flex\">\n<div class=\"wp-block-button cozy-button-hover-styles\" style=\"; --cozyButtonBgColorHover: #40c7ff; --cozyButtonColorHover: ; --cozyButtonBorderHover: ; \"><a class=\"wp-block-button__link has-custom-couleur-1-background-color has-background has-custom-font-size wp-element-button\" href=\"\/en\/nos-services\/methylation\/methylation-par-sequencage\/\" style=\"border-radius:60px;padding-top:var(--wp--preset--spacing--40);padding-right:var(--wp--preset--spacing--60);padding-bottom:var(--wp--preset--spacing--40);padding-left:var(--wp--preset--spacing--60);font-size:clamp(14px, 0.875rem + ((1vw - 3.2px) * 0.244), 18px);\">Find out more<\/a><\/div>\n<\/div>\n<\/div>\n<\/div>\n\n\n\n<div class=\"wp-block-columns are-vertically-aligned-center is-layout-flex wp-container-core-columns-is-layout-86065a23 wp-block-columns-is-layout-flex\" style=\"margin-top:120px\">\n<div class=\"wp-block-column is-vertically-aligned-center is-layout-flow wp-block-column-is-layout-flow\">\n<h4 class=\"wp-block-heading\"><strong>Methylation using Illumina MethEPIC<\/strong><\/h4>\n\n\n\n<p>Illumina Infinium MethylationEPIC is a robust methylation profiling microarray that provides extensive coverage of CpG islands, genes, and enhancers. Ideal for genetic and rare disease research, cancer research, and classification.&nbsp;<\/p>\n\n\n\n<div class=\"wp-block-buttons is-layout-flex wp-block-buttons-is-layout-flex\">\n<div class=\"wp-block-button cozy-button-hover-styles\" style=\"; --cozyButtonBgColorHover: #40c7ff; --cozyButtonColorHover: ; --cozyButtonBorderHover: ; \"><a class=\"wp-block-button__link has-custom-couleur-1-background-color has-background has-custom-font-size wp-element-button\" href=\"\/en\/nos-services\/methylation\/methylation-par-puce-illumina-methepic\/\" style=\"border-radius:60px;padding-top:var(--wp--preset--spacing--40);padding-right:var(--wp--preset--spacing--60);padding-bottom:var(--wp--preset--spacing--40);padding-left:var(--wp--preset--spacing--60);font-size:clamp(14px, 0.875rem + ((1vw - 3.2px) * 0.244), 18px);\">Find out more<\/a><\/div>\n<\/div>\n<\/div>\n\n\n\n<div class=\"wp-block-column is-vertically-aligned-center is-layout-flow wp-block-column-is-layout-flow\">\n<figure class=\"wp-block-image size-full\"><img loading=\"lazy\" decoding=\"async\" width=\"2560\" height=\"1716\" src=\"https:\/\/negargetni.com\/wp-content\/uploads\/2024\/09\/Photo-methy-puce-achetee-scaled.jpg\" alt=\"\" class=\"wp-image-2979\" srcset=\"https:\/\/integragen.com\/wp-content\/uploads\/2024\/09\/Photo-methy-puce-achetee-scaled.jpg 2560w, https:\/\/integragen.com\/wp-content\/uploads\/2024\/09\/Photo-methy-puce-achetee-300x201.jpg 300w, https:\/\/integragen.com\/wp-content\/uploads\/2024\/09\/Photo-methy-puce-achetee-1024x687.jpg 1024w, https:\/\/integragen.com\/wp-content\/uploads\/2024\/09\/Photo-methy-puce-achetee-768x515.jpg 768w, https:\/\/integragen.com\/wp-content\/uploads\/2024\/09\/Photo-methy-puce-achetee-1536x1030.jpg 1536w, https:\/\/integragen.com\/wp-content\/uploads\/2024\/09\/Photo-methy-puce-achetee-2048x1373.jpg 2048w, https:\/\/integragen.com\/wp-content\/uploads\/2024\/09\/Photo-methy-puce-achetee-18x12.jpg 18w\" sizes=\"auto, (max-width: 2560px) 100vw, 2560px\" \/><\/figure>\n<\/div>\n<\/div>\n<\/div>\n<\/main>\n<\/div>","protected":false},"excerpt":{"rendered":"<p>Methylation by Sequencing Of the various existing methods for studying methylation profiles, DNA sequencing is probably the most efficient to date. IntegraGen presents an overview of the most innovative and cost-effective sequencing techniques to guide you in choosing the best method, taking into account the type of...<\/p>","protected":false},"author":2,"featured_media":0,"parent":2080,"menu_order":3,"comment_status":"closed","ping_status":"closed","template":"fullwidth-page-template","meta":{"ca_portfolio_gallery_project_year":"","ca_portfolio_gallery_client":"","ca_portfolio_gallery_skills":"","ca_portfolio_gallery_url":"","ca_portfolio_gallery_images":"","_eb_attr":"","footnotes":""},"class_list":["post-2288","page","type-page","status-publish","hentry"],"yoast_head":"<!-- This site is optimized with the Yoast SEO plugin v27.3 - https:\/\/yoast.com\/product\/yoast-seo-wordpress\/ -->\n<title>M\u00e9thylation &#8211; IntegraGen<\/title>\n<meta name=\"robots\" content=\"index, follow, max-snippet:-1, max-image-preview:large, max-video-preview:-1\" \/>\n<link rel=\"canonical\" href=\"https:\/\/integragen.com\/en\/nos-services\/methylation\/\" \/>\n<meta property=\"og:locale\" content=\"en_US\" \/>\n<meta property=\"og:type\" content=\"article\" \/>\n<meta property=\"og:title\" content=\"M\u00e9thylation &#8211; IntegraGen\" \/>\n<meta property=\"og:description\" content=\"M\u00e9thylation par S\u00e9quen\u00e7age Parmi les diff\u00e9rentes m\u00e9thodes existantes pour \u00e9tudier les profils de m\u00e9thylation, le s\u00e9quen\u00e7age de l\u2019ADN est probablement la plus efficace \u00e0 ce jour. IntegraGen pr\u00e9sente un aper\u00e7u des techniques de s\u00e9quen\u00e7age les plus innovantes et rentables pour vous guider dans le choix de la meilleure m\u00e9thode en tenant compte du type de...\" \/>\n<meta property=\"og:url\" content=\"https:\/\/integragen.com\/en\/nos-services\/methylation\/\" \/>\n<meta property=\"og:site_name\" content=\"IntegraGen\" \/>\n<meta property=\"article:modified_time\" content=\"2025-07-28T08:20:39+00:00\" \/>\n<meta property=\"og:image\" content=\"https:\/\/integragen.com\/wp-content\/uploads\/2024\/09\/Photo-methy-seq-achetee-scaled.jpg\" \/>\n\t<meta property=\"og:image:width\" content=\"2560\" \/>\n\t<meta property=\"og:image:height\" content=\"1849\" \/>\n\t<meta property=\"og:image:type\" content=\"image\/jpeg\" \/>\n<meta name=\"twitter:card\" content=\"summary_large_image\" \/>\n<meta name=\"twitter:label1\" content=\"Est. reading time\" \/>\n\t<meta name=\"twitter:data1\" content=\"2 minutes\" \/>\n<script type=\"application\/ld+json\" class=\"yoast-schema-graph\">{\"@context\":\"https:\\\/\\\/schema.org\",\"@graph\":[{\"@type\":\"WebPage\",\"@id\":\"https:\\\/\\\/integragen.com\\\/nos-services\\\/methylation\\\/\",\"url\":\"https:\\\/\\\/integragen.com\\\/nos-services\\\/methylation\\\/\",\"name\":\"M\u00e9thylation &#8211; IntegraGen\",\"isPartOf\":{\"@id\":\"https:\\\/\\\/integragen.com\\\/#website\"},\"primaryImageOfPage\":{\"@id\":\"https:\\\/\\\/integragen.com\\\/nos-services\\\/methylation\\\/#primaryimage\"},\"image\":{\"@id\":\"https:\\\/\\\/integragen.com\\\/nos-services\\\/methylation\\\/#primaryimage\"},\"thumbnailUrl\":\"https:\\\/\\\/negargetni.com\\\/wp-content\\\/uploads\\\/2024\\\/09\\\/Photo-methy-seq-achetee-scaled.jpg\",\"datePublished\":\"2024-08-27T13:11:55+00:00\",\"dateModified\":\"2025-07-28T08:20:39+00:00\",\"breadcrumb\":{\"@id\":\"https:\\\/\\\/integragen.com\\\/nos-services\\\/methylation\\\/#breadcrumb\"},\"inLanguage\":\"en-US\",\"potentialAction\":[{\"@type\":\"ReadAction\",\"target\":[\"https:\\\/\\\/integragen.com\\\/nos-services\\\/methylation\\\/\"]}]},{\"@type\":\"ImageObject\",\"inLanguage\":\"en-US\",\"@id\":\"https:\\\/\\\/integragen.com\\\/nos-services\\\/methylation\\\/#primaryimage\",\"url\":\"https:\\\/\\\/negargetni.com\\\/wp-content\\\/uploads\\\/2024\\\/09\\\/Photo-methy-seq-achetee-scaled.jpg\",\"contentUrl\":\"https:\\\/\\\/negargetni.com\\\/wp-content\\\/uploads\\\/2024\\\/09\\\/Photo-methy-seq-achetee-scaled.jpg\"},{\"@type\":\"BreadcrumbList\",\"@id\":\"https:\\\/\\\/integragen.com\\\/nos-services\\\/methylation\\\/#breadcrumb\",\"itemListElement\":[{\"@type\":\"ListItem\",\"position\":1,\"name\":\"Accueil\",\"item\":\"https:\\\/\\\/integragen.com\\\/\"},{\"@type\":\"ListItem\",\"position\":2,\"name\":\"Nos Services\",\"item\":\"https:\\\/\\\/integragen.com\\\/nos-services\\\/\"},{\"@type\":\"ListItem\",\"position\":3,\"name\":\"M\u00e9thylation\"}]},{\"@type\":\"WebSite\",\"@id\":\"https:\\\/\\\/integragen.com\\\/#website\",\"url\":\"https:\\\/\\\/integragen.com\\\/\",\"name\":\"IntegraGen - Clinical Genomic Experts\",\"description\":\"NGS Sequencing &amp; Bioinformatics for Pharma, Biotech &amp; CRO\",\"publisher\":{\"@id\":\"https:\\\/\\\/integragen.com\\\/#organization\"},\"alternateName\":\"IntegraGen\",\"potentialAction\":[{\"@type\":\"SearchAction\",\"target\":{\"@type\":\"EntryPoint\",\"urlTemplate\":\"https:\\\/\\\/integragen.com\\\/?s={search_term_string}\"},\"query-input\":{\"@type\":\"PropertyValueSpecification\",\"valueRequired\":true,\"valueName\":\"search_term_string\"}}],\"inLanguage\":\"en-US\"},{\"@type\":\"Organization\",\"@id\":\"https:\\\/\\\/integragen.com\\\/#organization\",\"name\":\"IntegraGen\",\"url\":\"https:\\\/\\\/integragen.com\\\/\",\"logo\":{\"@type\":\"ImageObject\",\"inLanguage\":\"en-US\",\"@id\":\"https:\\\/\\\/integragen.com\\\/#\\\/schema\\\/logo\\\/image\\\/\",\"url\":\"https:\\\/\\\/integragen.com\\\/wp-content\\\/uploads\\\/2024\\\/09\\\/Logo_IntegraGen_OncoDNA.png\",\"contentUrl\":\"https:\\\/\\\/integragen.com\\\/wp-content\\\/uploads\\\/2024\\\/09\\\/Logo_IntegraGen_OncoDNA.png\",\"width\":2478,\"height\":684,\"caption\":\"IntegraGen\"},\"image\":{\"@id\":\"https:\\\/\\\/integragen.com\\\/#\\\/schema\\\/logo\\\/image\\\/\"},\"sameAs\":[\"https:\\\/\\\/www.linkedin.com\\\/company\\\/integragen\\\/\"]}]}<\/script>\n<!-- \/ Yoast SEO plugin. -->","yoast_head_json":{"title":"M\u00e9thylation &#8211; IntegraGen","robots":{"index":"index","follow":"follow","max-snippet":"max-snippet:-1","max-image-preview":"max-image-preview:large","max-video-preview":"max-video-preview:-1"},"canonical":"https:\/\/integragen.com\/en\/nos-services\/methylation\/","og_locale":"en_US","og_type":"article","og_title":"M\u00e9thylation &#8211; IntegraGen","og_description":"M\u00e9thylation par S\u00e9quen\u00e7age Parmi les diff\u00e9rentes m\u00e9thodes existantes pour \u00e9tudier les profils de m\u00e9thylation, le s\u00e9quen\u00e7age de l\u2019ADN est probablement la plus efficace \u00e0 ce jour. IntegraGen pr\u00e9sente un aper\u00e7u des techniques de s\u00e9quen\u00e7age les plus innovantes et rentables pour vous guider dans le choix de la meilleure m\u00e9thode en tenant compte du type de...","og_url":"https:\/\/integragen.com\/en\/nos-services\/methylation\/","og_site_name":"IntegraGen","article_modified_time":"2025-07-28T08:20:39+00:00","og_image":[{"width":2560,"height":1849,"url":"https:\/\/integragen.com\/wp-content\/uploads\/2024\/09\/Photo-methy-seq-achetee-scaled.jpg","type":"image\/jpeg"}],"twitter_card":"summary_large_image","twitter_misc":{"Est. reading time":"2 minutes"},"schema":{"@context":"https:\/\/schema.org","@graph":[{"@type":"WebPage","@id":"https:\/\/integragen.com\/nos-services\/methylation\/","url":"https:\/\/integragen.com\/nos-services\/methylation\/","name":"M\u00e9thylation &#8211; IntegraGen","isPartOf":{"@id":"https:\/\/integragen.com\/#website"},"primaryImageOfPage":{"@id":"https:\/\/integragen.com\/nos-services\/methylation\/#primaryimage"},"image":{"@id":"https:\/\/integragen.com\/nos-services\/methylation\/#primaryimage"},"thumbnailUrl":"https:\/\/negargetni.com\/wp-content\/uploads\/2024\/09\/Photo-methy-seq-achetee-scaled.jpg","datePublished":"2024-08-27T13:11:55+00:00","dateModified":"2025-07-28T08:20:39+00:00","breadcrumb":{"@id":"https:\/\/integragen.com\/nos-services\/methylation\/#breadcrumb"},"inLanguage":"en-US","potentialAction":[{"@type":"ReadAction","target":["https:\/\/integragen.com\/nos-services\/methylation\/"]}]},{"@type":"ImageObject","inLanguage":"en-US","@id":"https:\/\/integragen.com\/nos-services\/methylation\/#primaryimage","url":"https:\/\/negargetni.com\/wp-content\/uploads\/2024\/09\/Photo-methy-seq-achetee-scaled.jpg","contentUrl":"https:\/\/negargetni.com\/wp-content\/uploads\/2024\/09\/Photo-methy-seq-achetee-scaled.jpg"},{"@type":"BreadcrumbList","@id":"https:\/\/integragen.com\/nos-services\/methylation\/#breadcrumb","itemListElement":[{"@type":"ListItem","position":1,"name":"Accueil","item":"https:\/\/integragen.com\/"},{"@type":"ListItem","position":2,"name":"Nos Services","item":"https:\/\/integragen.com\/nos-services\/"},{"@type":"ListItem","position":3,"name":"M\u00e9thylation"}]},{"@type":"WebSite","@id":"https:\/\/integragen.com\/#website","url":"https:\/\/integragen.com\/","name":"IntegraGen - Clinical Genomic Experts","description":"NGS Sequencing &amp; Bioinformatics for Pharma, Biotech &amp; CROs","publisher":{"@id":"https:\/\/integragen.com\/#organization"},"alternateName":"IntegraGen","potentialAction":[{"@type":"SearchAction","target":{"@type":"EntryPoint","urlTemplate":"https:\/\/integragen.com\/?s={search_term_string}"},"query-input":{"@type":"PropertyValueSpecification","valueRequired":true,"valueName":"search_term_string"}}],"inLanguage":"en-US"},{"@type":"Organization","@id":"https:\/\/integragen.com\/#organization","name":"IntegraGen","url":"https:\/\/integragen.com\/","logo":{"@type":"ImageObject","inLanguage":"en-US","@id":"https:\/\/integragen.com\/#\/schema\/logo\/image\/","url":"https:\/\/integragen.com\/wp-content\/uploads\/2024\/09\/Logo_IntegraGen_OncoDNA.png","contentUrl":"https:\/\/integragen.com\/wp-content\/uploads\/2024\/09\/Logo_IntegraGen_OncoDNA.png","width":2478,"height":684,"caption":"IntegraGen"},"image":{"@id":"https:\/\/integragen.com\/#\/schema\/logo\/image\/"},"sameAs":["https:\/\/www.linkedin.com\/company\/integragen\/"]}]}},"_links":{"self":[{"href":"https:\/\/integragen.com\/en\/wp-json\/wp\/v2\/pages\/2288","targetHints":{"allow":["GET"]}}],"collection":[{"href":"https:\/\/integragen.com\/en\/wp-json\/wp\/v2\/pages"}],"about":[{"href":"https:\/\/integragen.com\/en\/wp-json\/wp\/v2\/types\/page"}],"author":[{"embeddable":true,"href":"https:\/\/integragen.com\/en\/wp-json\/wp\/v2\/users\/2"}],"replies":[{"embeddable":true,"href":"https:\/\/integragen.com\/en\/wp-json\/wp\/v2\/comments?post=2288"}],"version-history":[{"count":21,"href":"https:\/\/integragen.com\/en\/wp-json\/wp\/v2\/pages\/2288\/revisions"}],"predecessor-version":[{"id":4247,"href":"https:\/\/integragen.com\/en\/wp-json\/wp\/v2\/pages\/2288\/revisions\/4247"}],"up":[{"embeddable":true,"href":"https:\/\/integragen.com\/en\/wp-json\/wp\/v2\/pages\/2080"}],"wp:attachment":[{"href":"https:\/\/integragen.com\/en\/wp-json\/wp\/v2\/media?parent=2288"}],"curies":[{"name":"wp","href":"https:\/\/api.w.org\/{rel}","templated":true}]}}