{"id":1987,"date":"2024-08-07T10:08:42","date_gmt":"2024-08-07T10:08:42","guid":{"rendered":"https:\/\/negargetni.com\/?page_id=1987"},"modified":"2024-09-18T10:23:16","modified_gmt":"2024-09-18T08:23:16","slug":"celine-capera","status":"publish","type":"page","link":"https:\/\/integragen.com\/en\/a-propos-de-nous\/notre-equipe-dirigeante\/celine-capera\/","title":{"rendered":"C\u00e9line Cap\u00e9ra,"},"content":{"rendered":"<div style=\"height:16px\" aria-hidden=\"true\" class=\"wp-block-spacer\"><\/div>\n\n\n\n<div class=\"wp-block-group is-layout-constrained wp-container-core-group-is-layout-7a3688e9 wp-block-group-is-layout-constrained\">\n<div class=\"wp-block-group is-content-justification-space-between is-nowrap is-layout-flex wp-container-core-group-is-layout-cb46ffcb wp-block-group-is-layout-flex\"><div class=\"cozy-block-wrapper\">\n<ul class=\"cozy-block-icon-list vertical default fill\" id=\"cozyBlock_c6ec1e56_3967_4759_847c_77e8bff1bb9a\">\n<div class=\"list-inline-block\"><a href=\"\/en\/a-popos-de-nous\/notre-equipe-dirigeante-2\/\" target=\"\" rel=\"noopener\"><li class=\"cozy-block-list-item\" id=\"cozyBlock_b6a90d5d_48bf_4cfa_a506_e9b8a35dc38c\"><div class=\"list-icon-wrapper\"><svg viewbox=\"0 0 20 10\" xmlns=\"http:\/\/www.w3.org\/2000\/svg\" aria-hidden=\"true\"><path d=\"M15.1109 1.11091C15.5014 0.720385 16.1346 0.720385 16.5251 1.11091L19.7071 4.29289C20.0976 4.68341 20.0976 5.31658 19.7071 5.7071L16.5251 8.88908C16.1346 9.27961 15.5014 9.27961 15.1109 8.88908C14.7204 8.49856 14.7204 7.86539 15.1109 7.47487L16.5858 6H0.5V4H16.5858L15.1109 2.52512C14.7204 2.1346 14.7204 1.50143 15.1109 1.11091Z\"><\/path><\/svg><\/div><p>Back to Our Team<\/p><\/li><\/a><\/div>\n<\/ul>\n<\/div>\n\n\n<div class=\"wp-block-group is-nowrap is-layout-flex wp-container-core-group-is-layout-6c531013 wp-block-group-is-layout-flex\"><div class=\"cozy-block-wrapper\">\n<ul class=\"cozy-block-icon-list vertical default fill\" id=\"cozyBlock_fe9121ab_dae3_457a_b5e8_6907b779b566\">\n<div class=\"list-inline-block\"><a href=\"\/en\/a-popos-de-nous\/notre-equipe-dirigeante\/berengere-genin\/\" target=\"\" rel=\"noopener\"><li class=\"cozy-block-list-item\" id=\"cozyBlock_2c839205_45c6_4027_9781_0cb618a2f5f6\"><div class=\"list-icon-wrapper\"><svg viewbox=\"0 0 20 10\" xmlns=\"http:\/\/www.w3.org\/2000\/svg\" aria-hidden=\"true\"><path d=\"M15.1109 1.11091C15.5014 0.720385 16.1346 0.720385 16.5251 1.11091L19.7071 4.29289C20.0976 4.68341 20.0976 5.31658 19.7071 5.7071L16.5251 8.88908C16.1346 9.27961 15.5014 9.27961 15.1109 8.88908C14.7204 8.49856 14.7204 7.86539 15.1109 7.47487L16.5858 6H0.5V4H16.5858L15.1109 2.52512C14.7204 2.1346 14.7204 1.50143 15.1109 1.11091Z\"><\/path><\/svg><\/div><p>Previous<\/p><\/li><\/a><\/div>\n<\/ul>\n<\/div>\n\n<div class=\"cozy-block-wrapper\">\n<ul class=\"cozy-block-icon-list vertical default fill\" id=\"cozyBlock_0bd4cf57_5cd1_4afa_9e1d_cf700dc71fae\">\n<div class=\"list-inline-block\"><a href=\"\/en\/a-popos-de-nous\/notre-equipe-dirigeante\/severine-martin-lanneree\/\" target=\"\" rel=\"noopener\"><li class=\"cozy-block-list-item\" id=\"cozyBlock_32601aee_3a46_436a_ad99_09f69bfb1f1a\"><p>Next<\/p><div class=\"list-icon-wrapper\"><svg viewbox=\"0 0 20 10\" xmlns=\"http:\/\/www.w3.org\/2000\/svg\" aria-hidden=\"true\"><path d=\"M15.1109 1.11091C15.5014 0.720385 16.1346 0.720385 16.5251 1.11091L19.7071 4.29289C20.0976 4.68341 20.0976 5.31658 19.7071 5.7071L16.5251 8.88908C16.1346 9.27961 15.5014 9.27961 15.1109 8.88908C14.7204 8.49856 14.7204 7.86539 15.1109 7.47487L16.5858 6H0.5V4H16.5858L15.1109 2.52512C14.7204 2.1346 14.7204 1.50143 15.1109 1.11091Z\"><\/path><\/svg><\/div><\/li><\/a><\/div>\n<\/ul>\n<\/div><\/div>\n<\/div>\n\n\n\n<div style=\"height:16px\" aria-hidden=\"true\" class=\"wp-block-spacer\"><\/div>\n\n\n\n<div class=\"wp-block-group is-nowrap is-layout-flex wp-container-core-group-is-layout-6c531013 wp-block-group-is-layout-flex\">\n<figure class=\"wp-block-image size-full\"><img loading=\"lazy\" decoding=\"async\" width=\"446\" height=\"379\" src=\"https:\/\/integragen.com\/wp-content\/uploads\/2024\/09\/Celine-v5.png\" alt=\"\" class=\"wp-image-3577\" srcset=\"https:\/\/integragen.com\/wp-content\/uploads\/2024\/09\/Celine-v5.png 446w, https:\/\/integragen.com\/wp-content\/uploads\/2024\/09\/Celine-v5-300x255.png 300w, https:\/\/integragen.com\/wp-content\/uploads\/2024\/09\/Celine-v5-14x12.png 14w\" sizes=\"auto, (max-width: 446px) 100vw, 446px\" \/><\/figure>\n\n\n\n<h4 class=\"wp-block-heading\"><strong>C\u00e9line Cap\u00e9ra,<\/strong> Sales Manager<\/h4>\n<\/div>\n\n\n\n<p>C\u00e9line has headed the Sales department of IntegraGen since 2021, a team she joined in 2010, with the focus on building strong customer relationships and helping IntegraGen become an European leader of genomics services and precision medicine.<\/p>\n\n\n\n<p>Before joining IntegraGen, she experienced sales and BD roles in genomics and NGS sequencing services, for Genome Express, Cogenics, then Beckman Coulter Genomics.She holds a master in Biotechnology and engineering from I.N.S.A. Toulouse.<\/p>\n<\/div>\n\n\n\n<div style=\"height:130px\" aria-hidden=\"true\" class=\"wp-block-spacer\"><\/div>","protected":false},"excerpt":{"rendered":"<p>C\u00e9line Cap\u00e9ra, Head of Sales C\u00e9line has led IntegraGen's Sales department since 2021, a team she joined in 2010, with the aim of developing strong customer relationships and helping IntegraGen become a European leader in genomics services and precision medicine. Prior to joining IntegraGen, she...<\/p>","protected":false},"author":1,"featured_media":1111,"parent":912,"menu_order":0,"comment_status":"closed","ping_status":"closed","template":"fullwidth-page-template","meta":{"ca_portfolio_gallery_project_year":"","ca_portfolio_gallery_client":"","ca_portfolio_gallery_skills":"","ca_portfolio_gallery_url":"","ca_portfolio_gallery_images":"","_eb_attr":"","footnotes":""},"class_list":["post-1987","page","type-page","status-publish","has-post-thumbnail","hentry"],"yoast_head":"<!-- This site is optimized with the Yoast SEO plugin v27.3 - https:\/\/yoast.com\/product\/yoast-seo-wordpress\/ -->\n<title>C\u00e9line Cap\u00e9ra &#8211; IntegraGen<\/title>\n<meta name=\"robots\" content=\"index, follow, max-snippet:-1, max-image-preview:large, max-video-preview:-1\" \/>\n<link rel=\"canonical\" href=\"https:\/\/integragen.com\/en\/a-propos-de-nous\/notre-equipe-dirigeante\/celine-capera\/\" \/>\n<meta property=\"og:locale\" content=\"en_US\" \/>\n<meta property=\"og:type\" content=\"article\" \/>\n<meta property=\"og:title\" content=\"C\u00e9line Cap\u00e9ra &#8211; IntegraGen\" \/>\n<meta property=\"og:description\" content=\"C\u00e9line Cap\u00e9ra, Responsable des Ventes C\u00e9line dirige le d\u00e9partement des Ventes d&rsquo;IntegraGen depuis 2021, une \u00e9quipe qu&rsquo;elle a rejointe en 2010, avec pour objectif de d\u00e9velopper des relations solides avec les clients et d&rsquo;aider IntegraGen \u00e0 devenir un leader europ\u00e9en des services en g\u00e9nomique et de la m\u00e9decine de pr\u00e9cision. Avant de rejoindre IntegraGen, elle...\" \/>\n<meta property=\"og:url\" content=\"https:\/\/integragen.com\/en\/a-propos-de-nous\/notre-equipe-dirigeante\/celine-capera\/\" \/>\n<meta property=\"og:site_name\" content=\"IntegraGen\" \/>\n<meta property=\"article:modified_time\" content=\"2024-09-18T08:23:16+00:00\" \/>\n<meta property=\"og:image\" content=\"https:\/\/integragen.com\/wp-content\/uploads\/2024\/07\/Image4.jpg\" \/>\n\t<meta property=\"og:image:width\" content=\"213\" \/>\n\t<meta property=\"og:image:height\" content=\"258\" \/>\n\t<meta property=\"og:image:type\" content=\"image\/jpeg\" \/>\n<meta name=\"twitter:card\" content=\"summary_large_image\" \/>\n<meta name=\"twitter:label1\" content=\"Est. reading time\" \/>\n\t<meta name=\"twitter:data1\" content=\"1 minute\" \/>\n<script type=\"application\/ld+json\" class=\"yoast-schema-graph\">{\"@context\":\"https:\\\/\\\/schema.org\",\"@graph\":[{\"@type\":\"WebPage\",\"@id\":\"https:\\\/\\\/integragen.com\\\/a-propos-de-nous\\\/notre-equipe-dirigeante\\\/celine-capera\\\/\",\"url\":\"https:\\\/\\\/integragen.com\\\/a-propos-de-nous\\\/notre-equipe-dirigeante\\\/celine-capera\\\/\",\"name\":\"C\u00e9line Cap\u00e9ra &#8211; IntegraGen\",\"isPartOf\":{\"@id\":\"https:\\\/\\\/integragen.com\\\/#website\"},\"primaryImageOfPage\":{\"@id\":\"https:\\\/\\\/integragen.com\\\/a-propos-de-nous\\\/notre-equipe-dirigeante\\\/celine-capera\\\/#primaryimage\"},\"image\":{\"@id\":\"https:\\\/\\\/integragen.com\\\/a-propos-de-nous\\\/notre-equipe-dirigeante\\\/celine-capera\\\/#primaryimage\"},\"thumbnailUrl\":\"https:\\\/\\\/integragen.com\\\/wp-content\\\/uploads\\\/2024\\\/07\\\/Image4.jpg\",\"datePublished\":\"2024-08-07T10:08:42+00:00\",\"dateModified\":\"2024-09-18T08:23:16+00:00\",\"breadcrumb\":{\"@id\":\"https:\\\/\\\/integragen.com\\\/a-propos-de-nous\\\/notre-equipe-dirigeante\\\/celine-capera\\\/#breadcrumb\"},\"inLanguage\":\"en-US\",\"potentialAction\":[{\"@type\":\"ReadAction\",\"target\":[\"https:\\\/\\\/integragen.com\\\/a-propos-de-nous\\\/notre-equipe-dirigeante\\\/celine-capera\\\/\"]}]},{\"@type\":\"ImageObject\",\"inLanguage\":\"en-US\",\"@id\":\"https:\\\/\\\/integragen.com\\\/a-propos-de-nous\\\/notre-equipe-dirigeante\\\/celine-capera\\\/#primaryimage\",\"url\":\"https:\\\/\\\/integragen.com\\\/wp-content\\\/uploads\\\/2024\\\/07\\\/Image4.jpg\",\"contentUrl\":\"https:\\\/\\\/integragen.com\\\/wp-content\\\/uploads\\\/2024\\\/07\\\/Image4.jpg\",\"width\":213,\"height\":258},{\"@type\":\"BreadcrumbList\",\"@id\":\"https:\\\/\\\/integragen.com\\\/a-propos-de-nous\\\/notre-equipe-dirigeante\\\/celine-capera\\\/#breadcrumb\",\"itemListElement\":[{\"@type\":\"ListItem\",\"position\":1,\"name\":\"Accueil\",\"item\":\"https:\\\/\\\/integragen.com\\\/\"},{\"@type\":\"ListItem\",\"position\":2,\"name\":\"\u00c0 Propos de Nous\",\"item\":\"https:\\\/\\\/integragen.com\\\/a-propos-de-nous\\\/\"},{\"@type\":\"ListItem\",\"position\":3,\"name\":\"Notre Equipe Dirigeante\",\"item\":\"https:\\\/\\\/integragen.com\\\/a-propos-de-nous\\\/notre-equipe-dirigeante\\\/\"},{\"@type\":\"ListItem\",\"position\":4,\"name\":\"C\u00e9line Cap\u00e9ra\"}]},{\"@type\":\"WebSite\",\"@id\":\"https:\\\/\\\/integragen.com\\\/#website\",\"url\":\"https:\\\/\\\/integragen.com\\\/\",\"name\":\"IntegraGen - Clinical Genomic Experts\",\"description\":\"NGS Sequencing &amp; Bioinformatics for Pharma, Biotech &amp; CRO\",\"publisher\":{\"@id\":\"https:\\\/\\\/integragen.com\\\/#organization\"},\"alternateName\":\"IntegraGen\",\"potentialAction\":[{\"@type\":\"SearchAction\",\"target\":{\"@type\":\"EntryPoint\",\"urlTemplate\":\"https:\\\/\\\/integragen.com\\\/?s={search_term_string}\"},\"query-input\":{\"@type\":\"PropertyValueSpecification\",\"valueRequired\":true,\"valueName\":\"search_term_string\"}}],\"inLanguage\":\"en-US\"},{\"@type\":\"Organization\",\"@id\":\"https:\\\/\\\/integragen.com\\\/#organization\",\"name\":\"IntegraGen\",\"url\":\"https:\\\/\\\/integragen.com\\\/\",\"logo\":{\"@type\":\"ImageObject\",\"inLanguage\":\"en-US\",\"@id\":\"https:\\\/\\\/integragen.com\\\/#\\\/schema\\\/logo\\\/image\\\/\",\"url\":\"https:\\\/\\\/integragen.com\\\/wp-content\\\/uploads\\\/2024\\\/09\\\/Logo_IntegraGen_OncoDNA.png\",\"contentUrl\":\"https:\\\/\\\/integragen.com\\\/wp-content\\\/uploads\\\/2024\\\/09\\\/Logo_IntegraGen_OncoDNA.png\",\"width\":2478,\"height\":684,\"caption\":\"IntegraGen\"},\"image\":{\"@id\":\"https:\\\/\\\/integragen.com\\\/#\\\/schema\\\/logo\\\/image\\\/\"},\"sameAs\":[\"https:\\\/\\\/www.linkedin.com\\\/company\\\/integragen\\\/\"]}]}<\/script>\n<!-- \/ Yoast SEO plugin. -->","yoast_head_json":{"title":"C\u00e9line Cap\u00e9ra &#8211; IntegraGen","robots":{"index":"index","follow":"follow","max-snippet":"max-snippet:-1","max-image-preview":"max-image-preview:large","max-video-preview":"max-video-preview:-1"},"canonical":"https:\/\/integragen.com\/en\/a-propos-de-nous\/notre-equipe-dirigeante\/celine-capera\/","og_locale":"en_US","og_type":"article","og_title":"C\u00e9line Cap\u00e9ra &#8211; IntegraGen","og_description":"C\u00e9line Cap\u00e9ra, Responsable des Ventes C\u00e9line dirige le d\u00e9partement des Ventes d&rsquo;IntegraGen depuis 2021, une \u00e9quipe qu&rsquo;elle a rejointe en 2010, avec pour objectif de d\u00e9velopper des relations solides avec les clients et d&rsquo;aider IntegraGen \u00e0 devenir un leader europ\u00e9en des services en g\u00e9nomique et de la m\u00e9decine de pr\u00e9cision. Avant de rejoindre IntegraGen, elle...","og_url":"https:\/\/integragen.com\/en\/a-propos-de-nous\/notre-equipe-dirigeante\/celine-capera\/","og_site_name":"IntegraGen","article_modified_time":"2024-09-18T08:23:16+00:00","og_image":[{"width":213,"height":258,"url":"https:\/\/integragen.com\/wp-content\/uploads\/2024\/07\/Image4.jpg","type":"image\/jpeg"}],"twitter_card":"summary_large_image","twitter_misc":{"Est. reading time":"1 minute"},"schema":{"@context":"https:\/\/schema.org","@graph":[{"@type":"WebPage","@id":"https:\/\/integragen.com\/a-propos-de-nous\/notre-equipe-dirigeante\/celine-capera\/","url":"https:\/\/integragen.com\/a-propos-de-nous\/notre-equipe-dirigeante\/celine-capera\/","name":"C\u00e9line Cap\u00e9ra &#8211; IntegraGen","isPartOf":{"@id":"https:\/\/integragen.com\/#website"},"primaryImageOfPage":{"@id":"https:\/\/integragen.com\/a-propos-de-nous\/notre-equipe-dirigeante\/celine-capera\/#primaryimage"},"image":{"@id":"https:\/\/integragen.com\/a-propos-de-nous\/notre-equipe-dirigeante\/celine-capera\/#primaryimage"},"thumbnailUrl":"https:\/\/integragen.com\/wp-content\/uploads\/2024\/07\/Image4.jpg","datePublished":"2024-08-07T10:08:42+00:00","dateModified":"2024-09-18T08:23:16+00:00","breadcrumb":{"@id":"https:\/\/integragen.com\/a-propos-de-nous\/notre-equipe-dirigeante\/celine-capera\/#breadcrumb"},"inLanguage":"en-US","potentialAction":[{"@type":"ReadAction","target":["https:\/\/integragen.com\/a-propos-de-nous\/notre-equipe-dirigeante\/celine-capera\/"]}]},{"@type":"ImageObject","inLanguage":"en-US","@id":"https:\/\/integragen.com\/a-propos-de-nous\/notre-equipe-dirigeante\/celine-capera\/#primaryimage","url":"https:\/\/integragen.com\/wp-content\/uploads\/2024\/07\/Image4.jpg","contentUrl":"https:\/\/integragen.com\/wp-content\/uploads\/2024\/07\/Image4.jpg","width":213,"height":258},{"@type":"BreadcrumbList","@id":"https:\/\/integragen.com\/a-propos-de-nous\/notre-equipe-dirigeante\/celine-capera\/#breadcrumb","itemListElement":[{"@type":"ListItem","position":1,"name":"Accueil","item":"https:\/\/integragen.com\/"},{"@type":"ListItem","position":2,"name":"\u00c0 Propos de Nous","item":"https:\/\/integragen.com\/a-propos-de-nous\/"},{"@type":"ListItem","position":3,"name":"Notre Equipe Dirigeante","item":"https:\/\/integragen.com\/a-propos-de-nous\/notre-equipe-dirigeante\/"},{"@type":"ListItem","position":4,"name":"C\u00e9line Cap\u00e9ra"}]},{"@type":"WebSite","@id":"https:\/\/integragen.com\/#website","url":"https:\/\/integragen.com\/","name":"IntegraGen - Clinical Genomic Experts","description":"NGS Sequencing &amp; Bioinformatics for Pharma, Biotech &amp; CROs","publisher":{"@id":"https:\/\/integragen.com\/#organization"},"alternateName":"IntegraGen","potentialAction":[{"@type":"SearchAction","target":{"@type":"EntryPoint","urlTemplate":"https:\/\/integragen.com\/?s={search_term_string}"},"query-input":{"@type":"PropertyValueSpecification","valueRequired":true,"valueName":"search_term_string"}}],"inLanguage":"en-US"},{"@type":"Organization","@id":"https:\/\/integragen.com\/#organization","name":"IntegraGen","url":"https:\/\/integragen.com\/","logo":{"@type":"ImageObject","inLanguage":"en-US","@id":"https:\/\/integragen.com\/#\/schema\/logo\/image\/","url":"https:\/\/integragen.com\/wp-content\/uploads\/2024\/09\/Logo_IntegraGen_OncoDNA.png","contentUrl":"https:\/\/integragen.com\/wp-content\/uploads\/2024\/09\/Logo_IntegraGen_OncoDNA.png","width":2478,"height":684,"caption":"IntegraGen"},"image":{"@id":"https:\/\/integragen.com\/#\/schema\/logo\/image\/"},"sameAs":["https:\/\/www.linkedin.com\/company\/integragen\/"]}]}},"_links":{"self":[{"href":"https:\/\/integragen.com\/en\/wp-json\/wp\/v2\/pages\/1987","targetHints":{"allow":["GET"]}}],"collection":[{"href":"https:\/\/integragen.com\/en\/wp-json\/wp\/v2\/pages"}],"about":[{"href":"https:\/\/integragen.com\/en\/wp-json\/wp\/v2\/types\/page"}],"author":[{"embeddable":true,"href":"https:\/\/integragen.com\/en\/wp-json\/wp\/v2\/users\/1"}],"replies":[{"embeddable":true,"href":"https:\/\/integragen.com\/en\/wp-json\/wp\/v2\/comments?post=1987"}],"version-history":[{"count":3,"href":"https:\/\/integragen.com\/en\/wp-json\/wp\/v2\/pages\/1987\/revisions"}],"predecessor-version":[{"id":3614,"href":"https:\/\/integragen.com\/en\/wp-json\/wp\/v2\/pages\/1987\/revisions\/3614"}],"up":[{"embeddable":true,"href":"https:\/\/integragen.com\/en\/wp-json\/wp\/v2\/pages\/912"}],"wp:featuredmedia":[{"embeddable":true,"href":"https:\/\/integragen.com\/en\/wp-json\/wp\/v2\/media\/1111"}],"wp:attachment":[{"href":"https:\/\/integragen.com\/en\/wp-json\/wp\/v2\/media?parent=1987"}],"curies":[{"name":"wp","href":"https:\/\/api.w.org\/{rel}","templated":true}]}}