{"id":1985,"date":"2024-08-07T10:05:40","date_gmt":"2024-08-07T10:05:40","guid":{"rendered":"https:\/\/negargetni.com\/?page_id=1985"},"modified":"2024-09-18T10:26:06","modified_gmt":"2024-09-18T08:26:06","slug":"berengere-genin","status":"publish","type":"page","link":"https:\/\/integragen.com\/en\/a-propos-de-nous\/notre-equipe-dirigeante\/berengere-genin\/","title":{"rendered":"B\u00e9reng\u00e8re G\u00e9nin,"},"content":{"rendered":"<div style=\"height:16px\" aria-hidden=\"true\" class=\"wp-block-spacer\"><\/div>\n\n\n\n<div class=\"wp-block-group is-layout-constrained wp-container-core-group-is-layout-7a3688e9 wp-block-group-is-layout-constrained\">\n<div class=\"wp-block-group is-content-justification-space-between is-nowrap is-layout-flex wp-container-core-group-is-layout-cb46ffcb wp-block-group-is-layout-flex\"><div class=\"cozy-block-wrapper\">\n<ul class=\"cozy-block-icon-list vertical default fill\" id=\"cozyBlock_35bd01a6_c2b1_454c_9e4d_fb9ba14e2071\">\n<div class=\"list-inline-block\"><a href=\"\/en\/a-popos-de-nous\/notre-equipe-dirigeante-2\/\" target=\"\" rel=\"noopener\"><li class=\"cozy-block-list-item\" id=\"cozyBlock_2477d521_6a3d_492f_b29d_c4bca15e246b\"><div class=\"list-icon-wrapper\"><svg viewbox=\"0 0 20 10\" xmlns=\"http:\/\/www.w3.org\/2000\/svg\" aria-hidden=\"true\"><path d=\"M15.1109 1.11091C15.5014 0.720385 16.1346 0.720385 16.5251 1.11091L19.7071 4.29289C20.0976 4.68341 20.0976 5.31658 19.7071 5.7071L16.5251 8.88908C16.1346 9.27961 15.5014 9.27961 15.1109 8.88908C14.7204 8.49856 14.7204 7.86539 15.1109 7.47487L16.5858 6H0.5V4H16.5858L15.1109 2.52512C14.7204 2.1346 14.7204 1.50143 15.1109 1.11091Z\"><\/path><\/svg><\/div><p>Back to Our Team<\/p><\/li><\/a><\/div>\n<\/ul>\n<\/div>\n\n\n<div class=\"wp-block-group is-nowrap is-layout-flex wp-container-core-group-is-layout-6c531013 wp-block-group-is-layout-flex\"><div class=\"cozy-block-wrapper\">\n<ul class=\"cozy-block-icon-list vertical default fill\" id=\"cozyBlock_ed16b00e_1dfd_4364_b911_ef48bdd5c5d0\">\n<div class=\"list-inline-block\"><a href=\"\/en\/a-popos-de-nous\/notre-equipe-dirigeante\/virginie-de-coster\/\" target=\"\" rel=\"noopener\"><li class=\"cozy-block-list-item\" id=\"cozyBlock_3cb38fa8_0741_44d3_ac3c_8d08b43ef53d\"><div class=\"list-icon-wrapper\"><svg viewbox=\"0 0 20 10\" xmlns=\"http:\/\/www.w3.org\/2000\/svg\" aria-hidden=\"true\"><path d=\"M15.1109 1.11091C15.5014 0.720385 16.1346 0.720385 16.5251 1.11091L19.7071 4.29289C20.0976 4.68341 20.0976 5.31658 19.7071 5.7071L16.5251 8.88908C16.1346 9.27961 15.5014 9.27961 15.1109 8.88908C14.7204 8.49856 14.7204 7.86539 15.1109 7.47487L16.5858 6H0.5V4H16.5858L15.1109 2.52512C14.7204 2.1346 14.7204 1.50143 15.1109 1.11091Z\"><\/path><\/svg><\/div><p>Previous<\/p><\/li><\/a><\/div>\n<\/ul>\n<\/div>\n\n<div class=\"cozy-block-wrapper\">\n<ul class=\"cozy-block-icon-list vertical default fill\" id=\"cozyBlock_89650def_772b_416d_be24_cea647909576\">\n<div class=\"list-inline-block\"><a href=\"\/en\/a-popos-de-nous\/notre-equipe-dirigeante\/celine-capera\/\" target=\"\" rel=\"noopener\"><li class=\"cozy-block-list-item\" id=\"cozyBlock_d836deac_a8b3_45f5_870c_243305c6fcfc\"><p>Next<\/p><div class=\"list-icon-wrapper\"><svg viewbox=\"0 0 20 10\" xmlns=\"http:\/\/www.w3.org\/2000\/svg\" aria-hidden=\"true\"><path d=\"M15.1109 1.11091C15.5014 0.720385 16.1346 0.720385 16.5251 1.11091L19.7071 4.29289C20.0976 4.68341 20.0976 5.31658 19.7071 5.7071L16.5251 8.88908C16.1346 9.27961 15.5014 9.27961 15.1109 8.88908C14.7204 8.49856 14.7204 7.86539 15.1109 7.47487L16.5858 6H0.5V4H16.5858L15.1109 2.52512C14.7204 2.1346 14.7204 1.50143 15.1109 1.11091Z\"><\/path><\/svg><\/div><\/li><\/a><\/div>\n<\/ul>\n<\/div><\/div>\n<\/div>\n\n\n\n<div style=\"height:16px\" aria-hidden=\"true\" class=\"wp-block-spacer\"><\/div>\n\n\n\n<div class=\"wp-block-group is-nowrap is-layout-flex wp-container-core-group-is-layout-6c531013 wp-block-group-is-layout-flex\">\n<figure class=\"wp-block-image size-full\"><img loading=\"lazy\" decoding=\"async\" width=\"403\" height=\"381\" src=\"https:\/\/integragen.com\/wp-content\/uploads\/2024\/09\/Berengere-V5.png\" alt=\"\" class=\"wp-image-3573\" srcset=\"https:\/\/integragen.com\/wp-content\/uploads\/2024\/09\/Berengere-V5.png 403w, https:\/\/integragen.com\/wp-content\/uploads\/2024\/09\/Berengere-V5-300x284.png 300w, https:\/\/integragen.com\/wp-content\/uploads\/2024\/09\/Berengere-V5-13x12.png 13w\" sizes=\"auto, (max-width: 403px) 100vw, 403px\" \/><\/figure>\n\n\n\n<h4 class=\"wp-block-heading\"><strong>B\u00e9reng\u00e8re G\u00e9nin,<\/strong>Chief Operating Officer &amp; Commercial Officer<\/h4>\n<\/div>\n\n\n\n<p>B\u00e9reng\u00e8re leads operations at IntegraGen since 2024, covering sales, marketing, data management software development and bio-informatics. <\/p>\n\n\n\n<p>Prior to this B\u00e9reng\u00e8re was the  chief commercial officer for the entire OncoDNA Group, and head of IntegraGen digital (bio-informatics &amp; software development) at IntegraGen since her arrival in 2010.<\/p>\n\n\n\n<p>Prior to joining IG she was a bio-informatics specialist at the Sanofi Genome center in \u00c9vry and a project leader at Genome Quebec,  \nB\u00e9reng\u00e8re  holds an MS in genomics, informatics and a digital Officer from the \u00c9cole Centrale Paris.<br>B\u00e9reng\u00e8re holds a Master's degree in genomics and bioinformatics, and a Digital Officer diploma from \u00c9cole Centrale Paris.<\/p>\n<\/div>\n\n\n\n<div style=\"height:130px\" aria-hidden=\"true\" class=\"wp-block-spacer\"><\/div>","protected":false},"excerpt":{"rendered":"<p>B\u00e9reng\u00e8re G\u00e9nin, Director of Operations B\u00e9reng\u00e8re has headed operations at IntegraGen since 2024, covering sales, marketing, data management software development and bioinformatics. Prior to this, B\u00e9reng\u00e8re was Sales Director for the entire OncoDNA group, and has been responsible for IntegraGen's digital division (bioinformatics and software development) since her arrival...<\/p>","protected":false},"author":1,"featured_media":1122,"parent":912,"menu_order":0,"comment_status":"closed","ping_status":"closed","template":"fullwidth-page-template","meta":{"ca_portfolio_gallery_project_year":"","ca_portfolio_gallery_client":"","ca_portfolio_gallery_skills":"","ca_portfolio_gallery_url":"","ca_portfolio_gallery_images":"","_eb_attr":"","footnotes":""},"class_list":["post-1985","page","type-page","status-publish","has-post-thumbnail","hentry"],"yoast_head":"<!-- This site is optimized with the Yoast SEO plugin v27.4 - https:\/\/yoast.com\/product\/yoast-seo-wordpress\/ -->\n<title>B\u00e9reng\u00e8re G\u00e9nin &#8211; IntegraGen<\/title>\n<meta name=\"robots\" content=\"index, follow, max-snippet:-1, max-image-preview:large, max-video-preview:-1\" \/>\n<link rel=\"canonical\" href=\"https:\/\/integragen.com\/en\/a-propos-de-nous\/notre-equipe-dirigeante\/berengere-genin\/\" \/>\n<meta property=\"og:locale\" content=\"en_US\" \/>\n<meta property=\"og:type\" content=\"article\" \/>\n<meta property=\"og:title\" content=\"B\u00e9reng\u00e8re G\u00e9nin &#8211; IntegraGen\" \/>\n<meta property=\"og:description\" content=\"B\u00e9reng\u00e8re G\u00e9nin, Directrice des Op\u00e9rations B\u00e9reng\u00e8re dirige les op\u00e9rations chez IntegraGen depuis 2024, couvrant les ventes, le marketing, le d\u00e9veloppement de logiciels de gestion des donn\u00e9es et la bio-informatique. Avant cela, B\u00e9reng\u00e8re \u00e9tait Directrice Commerciale pour l&rsquo;ensemble du groupe OncoDNA, et responsable de la division num\u00e9rique d&rsquo;IntegraGen (bio-informatique et d\u00e9veloppement de logiciels) depuis son arriv\u00e9e...\" \/>\n<meta property=\"og:url\" content=\"https:\/\/integragen.com\/en\/a-propos-de-nous\/notre-equipe-dirigeante\/berengere-genin\/\" \/>\n<meta property=\"og:site_name\" content=\"IntegraGen\" \/>\n<meta property=\"article:modified_time\" content=\"2024-09-18T08:26:06+00:00\" \/>\n<meta property=\"og:image\" content=\"https:\/\/integragen.com\/wp-content\/uploads\/2024\/07\/Image3.jpg\" \/>\n\t<meta property=\"og:image:width\" content=\"284\" \/>\n\t<meta property=\"og:image:height\" content=\"284\" \/>\n\t<meta property=\"og:image:type\" content=\"image\/jpeg\" \/>\n<meta name=\"twitter:card\" content=\"summary_large_image\" \/>\n<meta name=\"twitter:label1\" content=\"Est. reading time\" \/>\n\t<meta name=\"twitter:data1\" content=\"1 minute\" \/>\n<script type=\"application\/ld+json\" class=\"yoast-schema-graph\">{\"@context\":\"https:\\\/\\\/schema.org\",\"@graph\":[{\"@type\":\"WebPage\",\"@id\":\"https:\\\/\\\/integragen.com\\\/a-propos-de-nous\\\/notre-equipe-dirigeante\\\/berengere-genin\\\/\",\"url\":\"https:\\\/\\\/integragen.com\\\/a-propos-de-nous\\\/notre-equipe-dirigeante\\\/berengere-genin\\\/\",\"name\":\"B\u00e9reng\u00e8re G\u00e9nin &#8211; IntegraGen\",\"isPartOf\":{\"@id\":\"https:\\\/\\\/integragen.com\\\/#website\"},\"primaryImageOfPage\":{\"@id\":\"https:\\\/\\\/integragen.com\\\/a-propos-de-nous\\\/notre-equipe-dirigeante\\\/berengere-genin\\\/#primaryimage\"},\"image\":{\"@id\":\"https:\\\/\\\/integragen.com\\\/a-propos-de-nous\\\/notre-equipe-dirigeante\\\/berengere-genin\\\/#primaryimage\"},\"thumbnailUrl\":\"https:\\\/\\\/integragen.com\\\/wp-content\\\/uploads\\\/2024\\\/07\\\/Image3.jpg\",\"datePublished\":\"2024-08-07T10:05:40+00:00\",\"dateModified\":\"2024-09-18T08:26:06+00:00\",\"breadcrumb\":{\"@id\":\"https:\\\/\\\/integragen.com\\\/a-propos-de-nous\\\/notre-equipe-dirigeante\\\/berengere-genin\\\/#breadcrumb\"},\"inLanguage\":\"en-US\",\"potentialAction\":[{\"@type\":\"ReadAction\",\"target\":[\"https:\\\/\\\/integragen.com\\\/a-propos-de-nous\\\/notre-equipe-dirigeante\\\/berengere-genin\\\/\"]}]},{\"@type\":\"ImageObject\",\"inLanguage\":\"en-US\",\"@id\":\"https:\\\/\\\/integragen.com\\\/a-propos-de-nous\\\/notre-equipe-dirigeante\\\/berengere-genin\\\/#primaryimage\",\"url\":\"https:\\\/\\\/integragen.com\\\/wp-content\\\/uploads\\\/2024\\\/07\\\/Image3.jpg\",\"contentUrl\":\"https:\\\/\\\/integragen.com\\\/wp-content\\\/uploads\\\/2024\\\/07\\\/Image3.jpg\",\"width\":284,\"height\":284},{\"@type\":\"BreadcrumbList\",\"@id\":\"https:\\\/\\\/integragen.com\\\/a-propos-de-nous\\\/notre-equipe-dirigeante\\\/berengere-genin\\\/#breadcrumb\",\"itemListElement\":[{\"@type\":\"ListItem\",\"position\":1,\"name\":\"Accueil\",\"item\":\"https:\\\/\\\/integragen.com\\\/\"},{\"@type\":\"ListItem\",\"position\":2,\"name\":\"\u00c0 Propos de Nous\",\"item\":\"https:\\\/\\\/integragen.com\\\/a-propos-de-nous\\\/\"},{\"@type\":\"ListItem\",\"position\":3,\"name\":\"Notre Equipe Dirigeante\",\"item\":\"https:\\\/\\\/integragen.com\\\/a-propos-de-nous\\\/notre-equipe-dirigeante\\\/\"},{\"@type\":\"ListItem\",\"position\":4,\"name\":\"B\u00e9reng\u00e8re G\u00e9nin\"}]},{\"@type\":\"WebSite\",\"@id\":\"https:\\\/\\\/integragen.com\\\/#website\",\"url\":\"https:\\\/\\\/integragen.com\\\/\",\"name\":\"IntegraGen - Clinical Genomic Experts\",\"description\":\"NGS Sequencing &amp; Bioinformatics for Pharma, Biotech &amp; CRO\",\"publisher\":{\"@id\":\"https:\\\/\\\/integragen.com\\\/#organization\"},\"alternateName\":\"IntegraGen\",\"potentialAction\":[{\"@type\":\"SearchAction\",\"target\":{\"@type\":\"EntryPoint\",\"urlTemplate\":\"https:\\\/\\\/integragen.com\\\/?s={search_term_string}\"},\"query-input\":{\"@type\":\"PropertyValueSpecification\",\"valueRequired\":true,\"valueName\":\"search_term_string\"}}],\"inLanguage\":\"en-US\"},{\"@type\":\"Organization\",\"@id\":\"https:\\\/\\\/integragen.com\\\/#organization\",\"name\":\"IntegraGen\",\"url\":\"https:\\\/\\\/integragen.com\\\/\",\"logo\":{\"@type\":\"ImageObject\",\"inLanguage\":\"en-US\",\"@id\":\"https:\\\/\\\/integragen.com\\\/#\\\/schema\\\/logo\\\/image\\\/\",\"url\":\"https:\\\/\\\/integragen.com\\\/wp-content\\\/uploads\\\/2024\\\/09\\\/Logo_IntegraGen_OncoDNA.png\",\"contentUrl\":\"https:\\\/\\\/integragen.com\\\/wp-content\\\/uploads\\\/2024\\\/09\\\/Logo_IntegraGen_OncoDNA.png\",\"width\":2478,\"height\":684,\"caption\":\"IntegraGen\"},\"image\":{\"@id\":\"https:\\\/\\\/integragen.com\\\/#\\\/schema\\\/logo\\\/image\\\/\"},\"sameAs\":[\"https:\\\/\\\/www.linkedin.com\\\/company\\\/integragen\\\/\"]}]}<\/script>\n<!-- \/ Yoast SEO plugin. -->","yoast_head_json":{"title":"B\u00e9reng\u00e8re G\u00e9nin &#8211; IntegraGen","robots":{"index":"index","follow":"follow","max-snippet":"max-snippet:-1","max-image-preview":"max-image-preview:large","max-video-preview":"max-video-preview:-1"},"canonical":"https:\/\/integragen.com\/en\/a-propos-de-nous\/notre-equipe-dirigeante\/berengere-genin\/","og_locale":"en_US","og_type":"article","og_title":"B\u00e9reng\u00e8re G\u00e9nin &#8211; IntegraGen","og_description":"B\u00e9reng\u00e8re G\u00e9nin, Directrice des Op\u00e9rations B\u00e9reng\u00e8re dirige les op\u00e9rations chez IntegraGen depuis 2024, couvrant les ventes, le marketing, le d\u00e9veloppement de logiciels de gestion des donn\u00e9es et la bio-informatique. Avant cela, B\u00e9reng\u00e8re \u00e9tait Directrice Commerciale pour l&rsquo;ensemble du groupe OncoDNA, et responsable de la division num\u00e9rique d&rsquo;IntegraGen (bio-informatique et d\u00e9veloppement de logiciels) depuis son arriv\u00e9e...","og_url":"https:\/\/integragen.com\/en\/a-propos-de-nous\/notre-equipe-dirigeante\/berengere-genin\/","og_site_name":"IntegraGen","article_modified_time":"2024-09-18T08:26:06+00:00","og_image":[{"width":284,"height":284,"url":"https:\/\/integragen.com\/wp-content\/uploads\/2024\/07\/Image3.jpg","type":"image\/jpeg"}],"twitter_card":"summary_large_image","twitter_misc":{"Est. reading time":"1 minute"},"schema":{"@context":"https:\/\/schema.org","@graph":[{"@type":"WebPage","@id":"https:\/\/integragen.com\/a-propos-de-nous\/notre-equipe-dirigeante\/berengere-genin\/","url":"https:\/\/integragen.com\/a-propos-de-nous\/notre-equipe-dirigeante\/berengere-genin\/","name":"B\u00e9reng\u00e8re G\u00e9nin &#8211; IntegraGen","isPartOf":{"@id":"https:\/\/integragen.com\/#website"},"primaryImageOfPage":{"@id":"https:\/\/integragen.com\/a-propos-de-nous\/notre-equipe-dirigeante\/berengere-genin\/#primaryimage"},"image":{"@id":"https:\/\/integragen.com\/a-propos-de-nous\/notre-equipe-dirigeante\/berengere-genin\/#primaryimage"},"thumbnailUrl":"https:\/\/integragen.com\/wp-content\/uploads\/2024\/07\/Image3.jpg","datePublished":"2024-08-07T10:05:40+00:00","dateModified":"2024-09-18T08:26:06+00:00","breadcrumb":{"@id":"https:\/\/integragen.com\/a-propos-de-nous\/notre-equipe-dirigeante\/berengere-genin\/#breadcrumb"},"inLanguage":"en-US","potentialAction":[{"@type":"ReadAction","target":["https:\/\/integragen.com\/a-propos-de-nous\/notre-equipe-dirigeante\/berengere-genin\/"]}]},{"@type":"ImageObject","inLanguage":"en-US","@id":"https:\/\/integragen.com\/a-propos-de-nous\/notre-equipe-dirigeante\/berengere-genin\/#primaryimage","url":"https:\/\/integragen.com\/wp-content\/uploads\/2024\/07\/Image3.jpg","contentUrl":"https:\/\/integragen.com\/wp-content\/uploads\/2024\/07\/Image3.jpg","width":284,"height":284},{"@type":"BreadcrumbList","@id":"https:\/\/integragen.com\/a-propos-de-nous\/notre-equipe-dirigeante\/berengere-genin\/#breadcrumb","itemListElement":[{"@type":"ListItem","position":1,"name":"Accueil","item":"https:\/\/integragen.com\/"},{"@type":"ListItem","position":2,"name":"\u00c0 Propos de Nous","item":"https:\/\/integragen.com\/a-propos-de-nous\/"},{"@type":"ListItem","position":3,"name":"Notre Equipe Dirigeante","item":"https:\/\/integragen.com\/a-propos-de-nous\/notre-equipe-dirigeante\/"},{"@type":"ListItem","position":4,"name":"B\u00e9reng\u00e8re G\u00e9nin"}]},{"@type":"WebSite","@id":"https:\/\/integragen.com\/#website","url":"https:\/\/integragen.com\/","name":"IntegraGen - Clinical Genomic Experts","description":"NGS Sequencing &amp; Bioinformatics for Pharma, Biotech &amp; CROs","publisher":{"@id":"https:\/\/integragen.com\/#organization"},"alternateName":"IntegraGen","potentialAction":[{"@type":"SearchAction","target":{"@type":"EntryPoint","urlTemplate":"https:\/\/integragen.com\/?s={search_term_string}"},"query-input":{"@type":"PropertyValueSpecification","valueRequired":true,"valueName":"search_term_string"}}],"inLanguage":"en-US"},{"@type":"Organization","@id":"https:\/\/integragen.com\/#organization","name":"IntegraGen","url":"https:\/\/integragen.com\/","logo":{"@type":"ImageObject","inLanguage":"en-US","@id":"https:\/\/integragen.com\/#\/schema\/logo\/image\/","url":"https:\/\/integragen.com\/wp-content\/uploads\/2024\/09\/Logo_IntegraGen_OncoDNA.png","contentUrl":"https:\/\/integragen.com\/wp-content\/uploads\/2024\/09\/Logo_IntegraGen_OncoDNA.png","width":2478,"height":684,"caption":"IntegraGen"},"image":{"@id":"https:\/\/integragen.com\/#\/schema\/logo\/image\/"},"sameAs":["https:\/\/www.linkedin.com\/company\/integragen\/"]}]}},"_links":{"self":[{"href":"https:\/\/integragen.com\/en\/wp-json\/wp\/v2\/pages\/1985","targetHints":{"allow":["GET"]}}],"collection":[{"href":"https:\/\/integragen.com\/en\/wp-json\/wp\/v2\/pages"}],"about":[{"href":"https:\/\/integragen.com\/en\/wp-json\/wp\/v2\/types\/page"}],"author":[{"embeddable":true,"href":"https:\/\/integragen.com\/en\/wp-json\/wp\/v2\/users\/1"}],"replies":[{"embeddable":true,"href":"https:\/\/integragen.com\/en\/wp-json\/wp\/v2\/comments?post=1985"}],"version-history":[{"count":3,"href":"https:\/\/integragen.com\/en\/wp-json\/wp\/v2\/pages\/1985\/revisions"}],"predecessor-version":[{"id":3617,"href":"https:\/\/integragen.com\/en\/wp-json\/wp\/v2\/pages\/1985\/revisions\/3617"}],"up":[{"embeddable":true,"href":"https:\/\/integragen.com\/en\/wp-json\/wp\/v2\/pages\/912"}],"wp:featuredmedia":[{"embeddable":true,"href":"https:\/\/integragen.com\/en\/wp-json\/wp\/v2\/media\/1122"}],"wp:attachment":[{"href":"https:\/\/integragen.com\/en\/wp-json\/wp\/v2\/media?parent=1985"}],"curies":[{"name":"wp","href":"https:\/\/api.w.org\/{rel}","templated":true}]}}