{"id":1983,"date":"2024-08-07T10:03:29","date_gmt":"2024-08-07T10:03:29","guid":{"rendered":"https:\/\/negargetni.com\/?page_id=1983"},"modified":"2024-09-18T10:25:19","modified_gmt":"2024-09-18T08:25:19","slug":"virginie-de-coster","status":"publish","type":"page","link":"https:\/\/integragen.com\/en\/a-propos-de-nous\/notre-equipe-dirigeante\/virginie-de-coster\/","title":{"rendered":"Virginie de Coster,"},"content":{"rendered":"<div style=\"height:16px\" aria-hidden=\"true\" class=\"wp-block-spacer\"><\/div>\n\n\n\n<div class=\"wp-block-group is-layout-constrained wp-container-core-group-is-layout-7a3688e9 wp-block-group-is-layout-constrained\">\n<div class=\"wp-block-group is-content-justification-space-between is-nowrap is-layout-flex wp-container-core-group-is-layout-cb46ffcb wp-block-group-is-layout-flex\"><div class=\"cozy-block-wrapper\">\n<ul class=\"cozy-block-icon-list vertical default fill\" id=\"cozyBlock_8ddd6e24_4a13_45e4_8777_baab63c56d21\">\n<div class=\"list-inline-block\"><a href=\"\/en\/a-popos-de-nous\/notre-equipe-dirigeante-2\/\" target=\"\" rel=\"noopener\"><li class=\"cozy-block-list-item\" id=\"cozyBlock_acf057dc_ba3b_41df_a3fc_5e11acae1b18\"><div class=\"list-icon-wrapper\"><svg viewbox=\"0 0 20 10\" xmlns=\"http:\/\/www.w3.org\/2000\/svg\" aria-hidden=\"true\"><path d=\"M15.1109 1.11091C15.5014 0.720385 16.1346 0.720385 16.5251 1.11091L19.7071 4.29289C20.0976 4.68341 20.0976 5.31658 19.7071 5.7071L16.5251 8.88908C16.1346 9.27961 15.5014 9.27961 15.1109 8.88908C14.7204 8.49856 14.7204 7.86539 15.1109 7.47487L16.5858 6H0.5V4H16.5858L15.1109 2.52512C14.7204 2.1346 14.7204 1.50143 15.1109 1.11091Z\"><\/path><\/svg><\/div><p>Back to Our Team<\/p><\/li><\/a><\/div>\n<\/ul>\n<\/div>\n\n\n<div class=\"wp-block-group is-nowrap is-layout-flex wp-container-core-group-is-layout-6c531013 wp-block-group-is-layout-flex\"><div class=\"cozy-block-wrapper\">\n<ul class=\"cozy-block-icon-list vertical default fill\" id=\"cozyBlock_07eedd6a_fa13_4647_bfd7_dd6f1ca3b664\">\n<div class=\"list-inline-block\"><a href=\"\/en\/a-popos-de-nous\/notre-equipe-dirigeante\/bernard-courtieu\/\" target=\"\" rel=\"noopener\"><li class=\"cozy-block-list-item\" id=\"cozyBlock_0719edec_3e68_40c6_a370_396e8872f17c\"><div class=\"list-icon-wrapper\"><svg viewbox=\"0 0 20 10\" xmlns=\"http:\/\/www.w3.org\/2000\/svg\" aria-hidden=\"true\"><path d=\"M15.1109 1.11091C15.5014 0.720385 16.1346 0.720385 16.5251 1.11091L19.7071 4.29289C20.0976 4.68341 20.0976 5.31658 19.7071 5.7071L16.5251 8.88908C16.1346 9.27961 15.5014 9.27961 15.1109 8.88908C14.7204 8.49856 14.7204 7.86539 15.1109 7.47487L16.5858 6H0.5V4H16.5858L15.1109 2.52512C14.7204 2.1346 14.7204 1.50143 15.1109 1.11091Z\"><\/path><\/svg><\/div><p>Previous<\/p><\/li><\/a><\/div>\n<\/ul>\n<\/div>\n\n<div class=\"cozy-block-wrapper\">\n<ul class=\"cozy-block-icon-list vertical default fill\" id=\"cozyBlock_958b4c52_de37_4671_b219_7451b8f9d47b\">\n<div class=\"list-inline-block\"><a href=\"\/en\/a-popos-de-nous\/notre-equipe-dirigeante\/berengere-genin\/\" target=\"\" rel=\"noopener\"><li class=\"cozy-block-list-item\" id=\"cozyBlock_d8c69cb2_ac93_4c73_ae88_185e618a96ea\"><p>Next<\/p><div class=\"list-icon-wrapper\"><svg viewbox=\"0 0 20 10\" xmlns=\"http:\/\/www.w3.org\/2000\/svg\" aria-hidden=\"true\"><path d=\"M15.1109 1.11091C15.5014 0.720385 16.1346 0.720385 16.5251 1.11091L19.7071 4.29289C20.0976 4.68341 20.0976 5.31658 19.7071 5.7071L16.5251 8.88908C16.1346 9.27961 15.5014 9.27961 15.1109 8.88908C14.7204 8.49856 14.7204 7.86539 15.1109 7.47487L16.5858 6H0.5V4H16.5858L15.1109 2.52512C14.7204 2.1346 14.7204 1.50143 15.1109 1.11091Z\"><\/path><\/svg><\/div><\/li><\/a><\/div>\n<\/ul>\n<\/div><\/div>\n<\/div>\n\n\n\n<div style=\"height:16px\" aria-hidden=\"true\" class=\"wp-block-spacer\"><\/div>\n\n\n\n<div class=\"wp-block-group is-nowrap is-layout-flex wp-container-core-group-is-layout-6c531013 wp-block-group-is-layout-flex\">\n<figure class=\"wp-block-image size-full\"><img loading=\"lazy\" decoding=\"async\" width=\"235\" height=\"235\" src=\"https:\/\/negargetni.com\/wp-content\/uploads\/2024\/07\/Image2.jpg\" alt=\"\" class=\"wp-image-1104\"\/><\/figure>\n\n\n\n<h4 class=\"wp-block-heading\"><strong>Virginie de Coster,<\/strong>Chief Financial Officer<\/h4>\n<\/div>\n\n\n\n<div style=\"height:16px\" aria-hidden=\"true\" class=\"wp-block-spacer\"><\/div>\n\n\n\n<p>Virginie has served as the CFO of IntegraGen since 2023, as well as CFO of OncoDNA.<\/p>\n\n\n\n<p>Prior to joining the OncoDNA Group, she led all financial and operation activities at Eumedica, held various finance roles at GSK after having started her career at Ernst &amp; Young in audit. \nVirginie holds an MBA From the UC Louvain (Belgium).<br>Virginie holds an MBA from UC Louvain (Belgium).<\/p>\n\n\n\n<p>Mother of two, she\u2019s an impressive golfer &amp; traveler.<\/p>\n<\/div>\n\n\n\n<div style=\"height:130px\" aria-hidden=\"true\" class=\"wp-block-spacer\"><\/div>","protected":false},"excerpt":{"rendered":"<p>Virginie de Coster, Chief Financial Officer Virginie has been Chief Financial Officer of IntegraGen since 2023, as well as Chief Financial Officer of OncoDNA. Before joining the OncoDNA group, she managed all financial and operational activities at Eumedica, held various financial positions at GSK after starting her career at Ernst &amp; Young in auditing.Virginie holds an MBA from the...<\/p>","protected":false},"author":1,"featured_media":1104,"parent":912,"menu_order":0,"comment_status":"closed","ping_status":"closed","template":"fullwidth-page-template","meta":{"ca_portfolio_gallery_project_year":"","ca_portfolio_gallery_client":"","ca_portfolio_gallery_skills":"","ca_portfolio_gallery_url":"","ca_portfolio_gallery_images":"","_eb_attr":"","footnotes":""},"class_list":["post-1983","page","type-page","status-publish","has-post-thumbnail","hentry"],"yoast_head":"<!-- This site is optimized with the Yoast SEO plugin v27.5 - https:\/\/yoast.com\/product\/yoast-seo-wordpress\/ -->\n<title>Virginie de Coster &#8211; IntegraGen<\/title>\n<meta name=\"robots\" content=\"index, follow, max-snippet:-1, max-image-preview:large, max-video-preview:-1\" \/>\n<link rel=\"canonical\" href=\"https:\/\/integragen.com\/en\/a-propos-de-nous\/notre-equipe-dirigeante\/virginie-de-coster\/\" \/>\n<meta property=\"og:locale\" content=\"en_US\" \/>\n<meta property=\"og:type\" content=\"article\" \/>\n<meta property=\"og:title\" content=\"Virginie de Coster &#8211; IntegraGen\" \/>\n<meta property=\"og:description\" content=\"Virginie de Coster, Directrice Financi\u00e8re Virginie est Directrice Financi\u00e8re d&rsquo;IntegraGen depuis 2023, ainsi que Directrice Financi\u00e8re d&rsquo;OncoDNA. Avant de rejoindre le groupe OncoDNA, elle a dirig\u00e9 toutes les activit\u00e9s financi\u00e8res et op\u00e9rationnelles chez Eumedica, occup\u00e9 divers postes financiers chez GSK apr\u00e8s avoir commenc\u00e9 sa carri\u00e8re chez Ernst &amp; Young en audit.Virginie est titulaire d&rsquo;un MBA...\" \/>\n<meta property=\"og:url\" content=\"https:\/\/integragen.com\/en\/a-propos-de-nous\/notre-equipe-dirigeante\/virginie-de-coster\/\" \/>\n<meta property=\"og:site_name\" content=\"IntegraGen\" \/>\n<meta property=\"article:modified_time\" content=\"2024-09-18T08:25:19+00:00\" \/>\n<meta property=\"og:image\" content=\"https:\/\/integragen.com\/wp-content\/uploads\/2024\/07\/Image2.jpg\" \/>\n\t<meta property=\"og:image:width\" content=\"235\" \/>\n\t<meta property=\"og:image:height\" content=\"235\" \/>\n\t<meta property=\"og:image:type\" content=\"image\/jpeg\" \/>\n<meta name=\"twitter:card\" content=\"summary_large_image\" \/>\n<meta name=\"twitter:label1\" content=\"Est. reading time\" \/>\n\t<meta name=\"twitter:data1\" content=\"1 minute\" \/>\n<script type=\"application\/ld+json\" class=\"yoast-schema-graph\">{\"@context\":\"https:\\\/\\\/schema.org\",\"@graph\":[{\"@type\":\"WebPage\",\"@id\":\"https:\\\/\\\/integragen.com\\\/a-propos-de-nous\\\/notre-equipe-dirigeante\\\/virginie-de-coster\\\/\",\"url\":\"https:\\\/\\\/integragen.com\\\/a-propos-de-nous\\\/notre-equipe-dirigeante\\\/virginie-de-coster\\\/\",\"name\":\"Virginie de Coster &#8211; IntegraGen\",\"isPartOf\":{\"@id\":\"https:\\\/\\\/integragen.com\\\/#website\"},\"primaryImageOfPage\":{\"@id\":\"https:\\\/\\\/integragen.com\\\/a-propos-de-nous\\\/notre-equipe-dirigeante\\\/virginie-de-coster\\\/#primaryimage\"},\"image\":{\"@id\":\"https:\\\/\\\/integragen.com\\\/a-propos-de-nous\\\/notre-equipe-dirigeante\\\/virginie-de-coster\\\/#primaryimage\"},\"thumbnailUrl\":\"https:\\\/\\\/integragen.com\\\/wp-content\\\/uploads\\\/2024\\\/07\\\/Image2.jpg\",\"datePublished\":\"2024-08-07T10:03:29+00:00\",\"dateModified\":\"2024-09-18T08:25:19+00:00\",\"breadcrumb\":{\"@id\":\"https:\\\/\\\/integragen.com\\\/a-propos-de-nous\\\/notre-equipe-dirigeante\\\/virginie-de-coster\\\/#breadcrumb\"},\"inLanguage\":\"en-US\",\"potentialAction\":[{\"@type\":\"ReadAction\",\"target\":[\"https:\\\/\\\/integragen.com\\\/a-propos-de-nous\\\/notre-equipe-dirigeante\\\/virginie-de-coster\\\/\"]}]},{\"@type\":\"ImageObject\",\"inLanguage\":\"en-US\",\"@id\":\"https:\\\/\\\/integragen.com\\\/a-propos-de-nous\\\/notre-equipe-dirigeante\\\/virginie-de-coster\\\/#primaryimage\",\"url\":\"https:\\\/\\\/integragen.com\\\/wp-content\\\/uploads\\\/2024\\\/07\\\/Image2.jpg\",\"contentUrl\":\"https:\\\/\\\/integragen.com\\\/wp-content\\\/uploads\\\/2024\\\/07\\\/Image2.jpg\",\"width\":235,\"height\":235},{\"@type\":\"BreadcrumbList\",\"@id\":\"https:\\\/\\\/integragen.com\\\/a-propos-de-nous\\\/notre-equipe-dirigeante\\\/virginie-de-coster\\\/#breadcrumb\",\"itemListElement\":[{\"@type\":\"ListItem\",\"position\":1,\"name\":\"Accueil\",\"item\":\"https:\\\/\\\/integragen.com\\\/\"},{\"@type\":\"ListItem\",\"position\":2,\"name\":\"\u00c0 Propos de Nous\",\"item\":\"https:\\\/\\\/integragen.com\\\/a-propos-de-nous\\\/\"},{\"@type\":\"ListItem\",\"position\":3,\"name\":\"Notre Equipe Dirigeante\",\"item\":\"https:\\\/\\\/integragen.com\\\/a-propos-de-nous\\\/notre-equipe-dirigeante\\\/\"},{\"@type\":\"ListItem\",\"position\":4,\"name\":\"Virginie de Coster\"}]},{\"@type\":\"WebSite\",\"@id\":\"https:\\\/\\\/integragen.com\\\/#website\",\"url\":\"https:\\\/\\\/integragen.com\\\/\",\"name\":\"IntegraGen - Clinical Genomic Experts\",\"description\":\"NGS Sequencing &amp; Bioinformatics for Pharma, Biotech &amp; CRO\",\"publisher\":{\"@id\":\"https:\\\/\\\/integragen.com\\\/#organization\"},\"alternateName\":\"IntegraGen\",\"potentialAction\":[{\"@type\":\"SearchAction\",\"target\":{\"@type\":\"EntryPoint\",\"urlTemplate\":\"https:\\\/\\\/integragen.com\\\/?s={search_term_string}\"},\"query-input\":{\"@type\":\"PropertyValueSpecification\",\"valueRequired\":true,\"valueName\":\"search_term_string\"}}],\"inLanguage\":\"en-US\"},{\"@type\":\"Organization\",\"@id\":\"https:\\\/\\\/integragen.com\\\/#organization\",\"name\":\"IntegraGen\",\"url\":\"https:\\\/\\\/integragen.com\\\/\",\"logo\":{\"@type\":\"ImageObject\",\"inLanguage\":\"en-US\",\"@id\":\"https:\\\/\\\/integragen.com\\\/#\\\/schema\\\/logo\\\/image\\\/\",\"url\":\"https:\\\/\\\/integragen.com\\\/wp-content\\\/uploads\\\/2024\\\/09\\\/Logo_IntegraGen_OncoDNA.png\",\"contentUrl\":\"https:\\\/\\\/integragen.com\\\/wp-content\\\/uploads\\\/2024\\\/09\\\/Logo_IntegraGen_OncoDNA.png\",\"width\":2478,\"height\":684,\"caption\":\"IntegraGen\"},\"image\":{\"@id\":\"https:\\\/\\\/integragen.com\\\/#\\\/schema\\\/logo\\\/image\\\/\"},\"sameAs\":[\"https:\\\/\\\/www.linkedin.com\\\/company\\\/integragen\\\/\"]}]}<\/script>\n<!-- \/ Yoast SEO plugin. -->","yoast_head_json":{"title":"Virginie de Coster &#8211; IntegraGen","robots":{"index":"index","follow":"follow","max-snippet":"max-snippet:-1","max-image-preview":"max-image-preview:large","max-video-preview":"max-video-preview:-1"},"canonical":"https:\/\/integragen.com\/en\/a-propos-de-nous\/notre-equipe-dirigeante\/virginie-de-coster\/","og_locale":"en_US","og_type":"article","og_title":"Virginie de Coster &#8211; IntegraGen","og_description":"Virginie de Coster, Directrice Financi\u00e8re Virginie est Directrice Financi\u00e8re d&rsquo;IntegraGen depuis 2023, ainsi que Directrice Financi\u00e8re d&rsquo;OncoDNA. Avant de rejoindre le groupe OncoDNA, elle a dirig\u00e9 toutes les activit\u00e9s financi\u00e8res et op\u00e9rationnelles chez Eumedica, occup\u00e9 divers postes financiers chez GSK apr\u00e8s avoir commenc\u00e9 sa carri\u00e8re chez Ernst &amp; Young en audit.Virginie est titulaire d&rsquo;un MBA...","og_url":"https:\/\/integragen.com\/en\/a-propos-de-nous\/notre-equipe-dirigeante\/virginie-de-coster\/","og_site_name":"IntegraGen","article_modified_time":"2024-09-18T08:25:19+00:00","og_image":[{"width":235,"height":235,"url":"https:\/\/integragen.com\/wp-content\/uploads\/2024\/07\/Image2.jpg","type":"image\/jpeg"}],"twitter_card":"summary_large_image","twitter_misc":{"Est. reading time":"1 minute"},"schema":{"@context":"https:\/\/schema.org","@graph":[{"@type":"WebPage","@id":"https:\/\/integragen.com\/a-propos-de-nous\/notre-equipe-dirigeante\/virginie-de-coster\/","url":"https:\/\/integragen.com\/a-propos-de-nous\/notre-equipe-dirigeante\/virginie-de-coster\/","name":"Virginie de Coster &#8211; IntegraGen","isPartOf":{"@id":"https:\/\/integragen.com\/#website"},"primaryImageOfPage":{"@id":"https:\/\/integragen.com\/a-propos-de-nous\/notre-equipe-dirigeante\/virginie-de-coster\/#primaryimage"},"image":{"@id":"https:\/\/integragen.com\/a-propos-de-nous\/notre-equipe-dirigeante\/virginie-de-coster\/#primaryimage"},"thumbnailUrl":"https:\/\/integragen.com\/wp-content\/uploads\/2024\/07\/Image2.jpg","datePublished":"2024-08-07T10:03:29+00:00","dateModified":"2024-09-18T08:25:19+00:00","breadcrumb":{"@id":"https:\/\/integragen.com\/a-propos-de-nous\/notre-equipe-dirigeante\/virginie-de-coster\/#breadcrumb"},"inLanguage":"en-US","potentialAction":[{"@type":"ReadAction","target":["https:\/\/integragen.com\/a-propos-de-nous\/notre-equipe-dirigeante\/virginie-de-coster\/"]}]},{"@type":"ImageObject","inLanguage":"en-US","@id":"https:\/\/integragen.com\/a-propos-de-nous\/notre-equipe-dirigeante\/virginie-de-coster\/#primaryimage","url":"https:\/\/integragen.com\/wp-content\/uploads\/2024\/07\/Image2.jpg","contentUrl":"https:\/\/integragen.com\/wp-content\/uploads\/2024\/07\/Image2.jpg","width":235,"height":235},{"@type":"BreadcrumbList","@id":"https:\/\/integragen.com\/a-propos-de-nous\/notre-equipe-dirigeante\/virginie-de-coster\/#breadcrumb","itemListElement":[{"@type":"ListItem","position":1,"name":"Accueil","item":"https:\/\/integragen.com\/"},{"@type":"ListItem","position":2,"name":"\u00c0 Propos de Nous","item":"https:\/\/integragen.com\/a-propos-de-nous\/"},{"@type":"ListItem","position":3,"name":"Notre Equipe Dirigeante","item":"https:\/\/integragen.com\/a-propos-de-nous\/notre-equipe-dirigeante\/"},{"@type":"ListItem","position":4,"name":"Virginie de Coster"}]},{"@type":"WebSite","@id":"https:\/\/integragen.com\/#website","url":"https:\/\/integragen.com\/","name":"IntegraGen - Clinical Genomic Experts","description":"NGS Sequencing &amp; Bioinformatics for Pharma, Biotech &amp; CROs","publisher":{"@id":"https:\/\/integragen.com\/#organization"},"alternateName":"IntegraGen","potentialAction":[{"@type":"SearchAction","target":{"@type":"EntryPoint","urlTemplate":"https:\/\/integragen.com\/?s={search_term_string}"},"query-input":{"@type":"PropertyValueSpecification","valueRequired":true,"valueName":"search_term_string"}}],"inLanguage":"en-US"},{"@type":"Organization","@id":"https:\/\/integragen.com\/#organization","name":"IntegraGen","url":"https:\/\/integragen.com\/","logo":{"@type":"ImageObject","inLanguage":"en-US","@id":"https:\/\/integragen.com\/#\/schema\/logo\/image\/","url":"https:\/\/integragen.com\/wp-content\/uploads\/2024\/09\/Logo_IntegraGen_OncoDNA.png","contentUrl":"https:\/\/integragen.com\/wp-content\/uploads\/2024\/09\/Logo_IntegraGen_OncoDNA.png","width":2478,"height":684,"caption":"IntegraGen"},"image":{"@id":"https:\/\/integragen.com\/#\/schema\/logo\/image\/"},"sameAs":["https:\/\/www.linkedin.com\/company\/integragen\/"]}]}},"_links":{"self":[{"href":"https:\/\/integragen.com\/en\/wp-json\/wp\/v2\/pages\/1983","targetHints":{"allow":["GET"]}}],"collection":[{"href":"https:\/\/integragen.com\/en\/wp-json\/wp\/v2\/pages"}],"about":[{"href":"https:\/\/integragen.com\/en\/wp-json\/wp\/v2\/types\/page"}],"author":[{"embeddable":true,"href":"https:\/\/integragen.com\/en\/wp-json\/wp\/v2\/users\/1"}],"replies":[{"embeddable":true,"href":"https:\/\/integragen.com\/en\/wp-json\/wp\/v2\/comments?post=1983"}],"version-history":[{"count":2,"href":"https:\/\/integragen.com\/en\/wp-json\/wp\/v2\/pages\/1983\/revisions"}],"predecessor-version":[{"id":3616,"href":"https:\/\/integragen.com\/en\/wp-json\/wp\/v2\/pages\/1983\/revisions\/3616"}],"up":[{"embeddable":true,"href":"https:\/\/integragen.com\/en\/wp-json\/wp\/v2\/pages\/912"}],"wp:featuredmedia":[{"embeddable":true,"href":"https:\/\/integragen.com\/en\/wp-json\/wp\/v2\/media\/1104"}],"wp:attachment":[{"href":"https:\/\/integragen.com\/en\/wp-json\/wp\/v2\/media?parent=1983"}],"curies":[{"name":"wp","href":"https:\/\/api.w.org\/{rel}","templated":true}]}}