{"id":1933,"date":"2024-08-06T14:40:05","date_gmt":"2024-08-06T14:40:05","guid":{"rendered":"https:\/\/negargetni.com\/?page_id=1933"},"modified":"2024-09-05T13:38:07","modified_gmt":"2024-09-05T13:38:07","slug":"bernard-courtieu","status":"publish","type":"page","link":"https:\/\/integragen.com\/en\/a-propos-de-nous\/notre-equipe-dirigeante\/bernard-courtieu\/","title":{"rendered":"Bernard Courtieu,"},"content":{"rendered":"<div style=\"height:16px\" aria-hidden=\"true\" class=\"wp-block-spacer\"><\/div>\n\n\n\n<div class=\"wp-block-group is-layout-constrained wp-container-core-group-is-layout-7a3688e9 wp-block-group-is-layout-constrained\">\n<div class=\"wp-block-group is-content-justification-space-between is-nowrap is-layout-flex wp-container-core-group-is-layout-cb46ffcb wp-block-group-is-layout-flex\"><div class=\"cozy-block-wrapper\">\n<ul class=\"cozy-block-icon-list vertical default fill\" id=\"cozyBlock_503ea1ff_fed2_4b40_9e96_6d3d47144f04\">\n<div class=\"list-inline-block\"><a href=\"\/en\/a-popos-de-nous\/notre-equipe-dirigeante\/\" target=\"\" rel=\"noopener\"><li class=\"cozy-block-list-item\" id=\"cozyBlock_22c24919_22b9_4f3f_ba64_e255727763af\"><div class=\"list-icon-wrapper\"><svg viewbox=\"0 0 20 10\" xmlns=\"http:\/\/www.w3.org\/2000\/svg\" aria-hidden=\"true\"><path d=\"M15.1109 1.11091C15.5014 0.720385 16.1346 0.720385 16.5251 1.11091L19.7071 4.29289C20.0976 4.68341 20.0976 5.31658 19.7071 5.7071L16.5251 8.88908C16.1346 9.27961 15.5014 9.27961 15.1109 8.88908C14.7204 8.49856 14.7204 7.86539 15.1109 7.47487L16.5858 6H0.5V4H16.5858L15.1109 2.52512C14.7204 2.1346 14.7204 1.50143 15.1109 1.11091Z\"><\/path><\/svg><\/div><p>Back to Our Team<\/p><\/li><\/a><\/div>\n<\/ul>\n<\/div>\n\n\n<div class=\"wp-block-group is-nowrap is-layout-flex wp-container-core-group-is-layout-6c531013 wp-block-group-is-layout-flex\"><div class=\"cozy-block-wrapper\">\n<ul class=\"cozy-block-icon-list vertical default fill\" id=\"cozyBlock_ce2e9f7b_9ba4_4264_9edc_5b8570939903\">\n<div class=\"list-inline-block\"><a href=\"\/en\/a-popos-de-nous\/notre-equipe-dirigeante\/virginie-de-coster\/\" target=\"\" rel=\"noopener\"><li class=\"cozy-block-list-item\" id=\"cozyBlock_41d28e62_ea9b_4dc0_aa39_1b8db82683df\"><p>Next<\/p><div class=\"list-icon-wrapper\"><svg viewbox=\"0 0 20 10\" xmlns=\"http:\/\/www.w3.org\/2000\/svg\" aria-hidden=\"true\"><path d=\"M15.1109 1.11091C15.5014 0.720385 16.1346 0.720385 16.5251 1.11091L19.7071 4.29289C20.0976 4.68341 20.0976 5.31658 19.7071 5.7071L16.5251 8.88908C16.1346 9.27961 15.5014 9.27961 15.1109 8.88908C14.7204 8.49856 14.7204 7.86539 15.1109 7.47487L16.5858 6H0.5V4H16.5858L15.1109 2.52512C14.7204 2.1346 14.7204 1.50143 15.1109 1.11091Z\"><\/path><\/svg><\/div><\/li><\/a><\/div>\n<\/ul>\n<\/div><\/div>\n<\/div>\n\n\n\n<div style=\"height:16px\" aria-hidden=\"true\" class=\"wp-block-spacer\"><\/div>\n\n\n\n<div class=\"wp-block-group is-nowrap is-layout-flex wp-container-core-group-is-layout-6c531013 wp-block-group-is-layout-flex\">\n<figure class=\"wp-block-image size-full\"><img loading=\"lazy\" decoding=\"async\" width=\"284\" height=\"284\" src=\"https:\/\/negargetni.com\/wp-content\/uploads\/2024\/07\/Image1.jpg\" alt=\"\" class=\"wp-image-1101\"\/><\/figure>\n\n\n\n<h4 class=\"wp-block-heading\"><strong>Bernard Courtieu,<\/strong>General Manager<\/h4>\n<\/div>\n\n\n\n<div style=\"height:16px\" aria-hidden=\"true\" class=\"wp-block-spacer\"><\/div>\n\n\n\n<p>Bernard has served as the CEO of IntegraGen since 2007. During his tenure, IntegraGen has grown from a biomarker discovery platform to an European leader of genomic services, with a listing on Euronext Growth in 2010, and a friendly takeover by OncoDNA in 2020.<\/p>\n\n\n\n<p>Before heading up IntegraGen, he was Head of Implementation and Sales in France for Ariba (later acquired by SAP), a leading provider of expense management software, and was Managing Partner of the Life Sciences department at CapGemini Consulting in France.<br>Prior to leading IntegraGen, he was Head of implementation and sales in France for Ariba (later acquired by SAP), a leading software editor for spend management, and was managing partner of the Life Sciences department of CapGemini consulting in France. \n\nBernard graduated from the \u00c9cole V\u00e9t\u00e9rinaire d\u2019Alfort in Paris as a Doctor in Veterinary Medicine and holds an MBA from IESE in Barcelona.<\/p>\n\n\n\n<p>Father of five, Bernard enjoys mostly running, playing (now mostly watching) rugby and is an avid reader.<\/p>\n<\/div>\n\n\n\n<div style=\"height:130px\" aria-hidden=\"true\" class=\"wp-block-spacer\"><\/div>","protected":false},"excerpt":{"rendered":"<p>Bernard Courtieu, Chief Executive Officer Bernard has been Chief Executive Officer of IntegraGen since 2007. Under his leadership, IntegraGen has grown from a biomarker discovery platform to a European leader in genomic services, with a listing on Euronext Growth in 2010, and a friendly takeover by OncoDNA in 2020. Prior to heading IntegraGen, he was Head...<\/p>","protected":false},"author":1,"featured_media":1101,"parent":912,"menu_order":0,"comment_status":"closed","ping_status":"closed","template":"fullwidth-page-template","meta":{"ca_portfolio_gallery_project_year":"","ca_portfolio_gallery_client":"","ca_portfolio_gallery_skills":"","ca_portfolio_gallery_url":"","ca_portfolio_gallery_images":"","_eb_attr":"","footnotes":""},"class_list":["post-1933","page","type-page","status-publish","has-post-thumbnail","hentry"],"yoast_head":"<!-- This site is optimized with the Yoast SEO plugin v27.5 - https:\/\/yoast.com\/product\/yoast-seo-wordpress\/ -->\n<title>Bernard Courtieu &#8211; IntegraGen<\/title>\n<meta name=\"robots\" content=\"index, follow, max-snippet:-1, max-image-preview:large, max-video-preview:-1\" \/>\n<link rel=\"canonical\" href=\"https:\/\/integragen.com\/en\/a-propos-de-nous\/notre-equipe-dirigeante\/bernard-courtieu\/\" \/>\n<meta property=\"og:locale\" content=\"en_US\" \/>\n<meta property=\"og:type\" content=\"article\" \/>\n<meta property=\"og:title\" content=\"Bernard Courtieu &#8211; IntegraGen\" \/>\n<meta property=\"og:description\" content=\"Bernard Courtieu, Directeur G\u00e9n\u00e9ral Bernard est Directeur G\u00e9n\u00e9ral d&rsquo;IntegraGen depuis 2007. Sous sa direction, IntegraGen est pass\u00e9e d&rsquo;une plateforme de d\u00e9couverte de biomarqueurs \u00e0 un leader europ\u00e9en des services g\u00e9nomiques, avec une cotation sur Euronext Growth en 2010, et une prise de contr\u00f4le amicale par OncoDNA en 2020. Avant de diriger IntegraGen, il \u00e9tait Responsable...\" \/>\n<meta property=\"og:url\" content=\"https:\/\/integragen.com\/en\/a-propos-de-nous\/notre-equipe-dirigeante\/bernard-courtieu\/\" \/>\n<meta property=\"og:site_name\" content=\"IntegraGen\" \/>\n<meta property=\"article:modified_time\" content=\"2024-09-05T13:38:07+00:00\" \/>\n<meta property=\"og:image\" content=\"https:\/\/integragen.com\/wp-content\/uploads\/2024\/07\/Image1.jpg\" \/>\n\t<meta property=\"og:image:width\" content=\"284\" \/>\n\t<meta property=\"og:image:height\" content=\"284\" \/>\n\t<meta property=\"og:image:type\" content=\"image\/jpeg\" \/>\n<meta name=\"twitter:card\" content=\"summary_large_image\" \/>\n<meta name=\"twitter:label1\" content=\"Est. reading time\" \/>\n\t<meta name=\"twitter:data1\" content=\"1 minute\" \/>\n<script type=\"application\/ld+json\" class=\"yoast-schema-graph\">{\"@context\":\"https:\\\/\\\/schema.org\",\"@graph\":[{\"@type\":\"WebPage\",\"@id\":\"https:\\\/\\\/integragen.com\\\/a-propos-de-nous\\\/notre-equipe-dirigeante\\\/bernard-courtieu\\\/\",\"url\":\"https:\\\/\\\/integragen.com\\\/a-propos-de-nous\\\/notre-equipe-dirigeante\\\/bernard-courtieu\\\/\",\"name\":\"Bernard Courtieu &#8211; IntegraGen\",\"isPartOf\":{\"@id\":\"https:\\\/\\\/integragen.com\\\/#website\"},\"primaryImageOfPage\":{\"@id\":\"https:\\\/\\\/integragen.com\\\/a-propos-de-nous\\\/notre-equipe-dirigeante\\\/bernard-courtieu\\\/#primaryimage\"},\"image\":{\"@id\":\"https:\\\/\\\/integragen.com\\\/a-propos-de-nous\\\/notre-equipe-dirigeante\\\/bernard-courtieu\\\/#primaryimage\"},\"thumbnailUrl\":\"https:\\\/\\\/integragen.com\\\/wp-content\\\/uploads\\\/2024\\\/07\\\/Image1.jpg\",\"datePublished\":\"2024-08-06T14:40:05+00:00\",\"dateModified\":\"2024-09-05T13:38:07+00:00\",\"breadcrumb\":{\"@id\":\"https:\\\/\\\/integragen.com\\\/a-propos-de-nous\\\/notre-equipe-dirigeante\\\/bernard-courtieu\\\/#breadcrumb\"},\"inLanguage\":\"en-US\",\"potentialAction\":[{\"@type\":\"ReadAction\",\"target\":[\"https:\\\/\\\/integragen.com\\\/a-propos-de-nous\\\/notre-equipe-dirigeante\\\/bernard-courtieu\\\/\"]}]},{\"@type\":\"ImageObject\",\"inLanguage\":\"en-US\",\"@id\":\"https:\\\/\\\/integragen.com\\\/a-propos-de-nous\\\/notre-equipe-dirigeante\\\/bernard-courtieu\\\/#primaryimage\",\"url\":\"https:\\\/\\\/integragen.com\\\/wp-content\\\/uploads\\\/2024\\\/07\\\/Image1.jpg\",\"contentUrl\":\"https:\\\/\\\/integragen.com\\\/wp-content\\\/uploads\\\/2024\\\/07\\\/Image1.jpg\",\"width\":284,\"height\":284},{\"@type\":\"BreadcrumbList\",\"@id\":\"https:\\\/\\\/integragen.com\\\/a-propos-de-nous\\\/notre-equipe-dirigeante\\\/bernard-courtieu\\\/#breadcrumb\",\"itemListElement\":[{\"@type\":\"ListItem\",\"position\":1,\"name\":\"Accueil\",\"item\":\"https:\\\/\\\/integragen.com\\\/\"},{\"@type\":\"ListItem\",\"position\":2,\"name\":\"\u00c0 Propos de Nous\",\"item\":\"https:\\\/\\\/integragen.com\\\/a-propos-de-nous\\\/\"},{\"@type\":\"ListItem\",\"position\":3,\"name\":\"Notre Equipe Dirigeante\",\"item\":\"https:\\\/\\\/integragen.com\\\/a-propos-de-nous\\\/notre-equipe-dirigeante\\\/\"},{\"@type\":\"ListItem\",\"position\":4,\"name\":\"Bernard Courtieu\"}]},{\"@type\":\"WebSite\",\"@id\":\"https:\\\/\\\/integragen.com\\\/#website\",\"url\":\"https:\\\/\\\/integragen.com\\\/\",\"name\":\"IntegraGen - Clinical Genomic Experts\",\"description\":\"NGS Sequencing &amp; Bioinformatics for Pharma, Biotech &amp; CRO\",\"publisher\":{\"@id\":\"https:\\\/\\\/integragen.com\\\/#organization\"},\"alternateName\":\"IntegraGen\",\"potentialAction\":[{\"@type\":\"SearchAction\",\"target\":{\"@type\":\"EntryPoint\",\"urlTemplate\":\"https:\\\/\\\/integragen.com\\\/?s={search_term_string}\"},\"query-input\":{\"@type\":\"PropertyValueSpecification\",\"valueRequired\":true,\"valueName\":\"search_term_string\"}}],\"inLanguage\":\"en-US\"},{\"@type\":\"Organization\",\"@id\":\"https:\\\/\\\/integragen.com\\\/#organization\",\"name\":\"IntegraGen\",\"url\":\"https:\\\/\\\/integragen.com\\\/\",\"logo\":{\"@type\":\"ImageObject\",\"inLanguage\":\"en-US\",\"@id\":\"https:\\\/\\\/integragen.com\\\/#\\\/schema\\\/logo\\\/image\\\/\",\"url\":\"https:\\\/\\\/integragen.com\\\/wp-content\\\/uploads\\\/2024\\\/09\\\/Logo_IntegraGen_OncoDNA.png\",\"contentUrl\":\"https:\\\/\\\/integragen.com\\\/wp-content\\\/uploads\\\/2024\\\/09\\\/Logo_IntegraGen_OncoDNA.png\",\"width\":2478,\"height\":684,\"caption\":\"IntegraGen\"},\"image\":{\"@id\":\"https:\\\/\\\/integragen.com\\\/#\\\/schema\\\/logo\\\/image\\\/\"},\"sameAs\":[\"https:\\\/\\\/www.linkedin.com\\\/company\\\/integragen\\\/\"]}]}<\/script>\n<!-- \/ Yoast SEO plugin. -->","yoast_head_json":{"title":"Bernard Courtieu &#8211; IntegraGen","robots":{"index":"index","follow":"follow","max-snippet":"max-snippet:-1","max-image-preview":"max-image-preview:large","max-video-preview":"max-video-preview:-1"},"canonical":"https:\/\/integragen.com\/en\/a-propos-de-nous\/notre-equipe-dirigeante\/bernard-courtieu\/","og_locale":"en_US","og_type":"article","og_title":"Bernard Courtieu &#8211; IntegraGen","og_description":"Bernard Courtieu, Directeur G\u00e9n\u00e9ral Bernard est Directeur G\u00e9n\u00e9ral d&rsquo;IntegraGen depuis 2007. Sous sa direction, IntegraGen est pass\u00e9e d&rsquo;une plateforme de d\u00e9couverte de biomarqueurs \u00e0 un leader europ\u00e9en des services g\u00e9nomiques, avec une cotation sur Euronext Growth en 2010, et une prise de contr\u00f4le amicale par OncoDNA en 2020. Avant de diriger IntegraGen, il \u00e9tait Responsable...","og_url":"https:\/\/integragen.com\/en\/a-propos-de-nous\/notre-equipe-dirigeante\/bernard-courtieu\/","og_site_name":"IntegraGen","article_modified_time":"2024-09-05T13:38:07+00:00","og_image":[{"width":284,"height":284,"url":"https:\/\/integragen.com\/wp-content\/uploads\/2024\/07\/Image1.jpg","type":"image\/jpeg"}],"twitter_card":"summary_large_image","twitter_misc":{"Est. reading time":"1 minute"},"schema":{"@context":"https:\/\/schema.org","@graph":[{"@type":"WebPage","@id":"https:\/\/integragen.com\/a-propos-de-nous\/notre-equipe-dirigeante\/bernard-courtieu\/","url":"https:\/\/integragen.com\/a-propos-de-nous\/notre-equipe-dirigeante\/bernard-courtieu\/","name":"Bernard Courtieu &#8211; IntegraGen","isPartOf":{"@id":"https:\/\/integragen.com\/#website"},"primaryImageOfPage":{"@id":"https:\/\/integragen.com\/a-propos-de-nous\/notre-equipe-dirigeante\/bernard-courtieu\/#primaryimage"},"image":{"@id":"https:\/\/integragen.com\/a-propos-de-nous\/notre-equipe-dirigeante\/bernard-courtieu\/#primaryimage"},"thumbnailUrl":"https:\/\/integragen.com\/wp-content\/uploads\/2024\/07\/Image1.jpg","datePublished":"2024-08-06T14:40:05+00:00","dateModified":"2024-09-05T13:38:07+00:00","breadcrumb":{"@id":"https:\/\/integragen.com\/a-propos-de-nous\/notre-equipe-dirigeante\/bernard-courtieu\/#breadcrumb"},"inLanguage":"en-US","potentialAction":[{"@type":"ReadAction","target":["https:\/\/integragen.com\/a-propos-de-nous\/notre-equipe-dirigeante\/bernard-courtieu\/"]}]},{"@type":"ImageObject","inLanguage":"en-US","@id":"https:\/\/integragen.com\/a-propos-de-nous\/notre-equipe-dirigeante\/bernard-courtieu\/#primaryimage","url":"https:\/\/integragen.com\/wp-content\/uploads\/2024\/07\/Image1.jpg","contentUrl":"https:\/\/integragen.com\/wp-content\/uploads\/2024\/07\/Image1.jpg","width":284,"height":284},{"@type":"BreadcrumbList","@id":"https:\/\/integragen.com\/a-propos-de-nous\/notre-equipe-dirigeante\/bernard-courtieu\/#breadcrumb","itemListElement":[{"@type":"ListItem","position":1,"name":"Accueil","item":"https:\/\/integragen.com\/"},{"@type":"ListItem","position":2,"name":"\u00c0 Propos de Nous","item":"https:\/\/integragen.com\/a-propos-de-nous\/"},{"@type":"ListItem","position":3,"name":"Notre Equipe Dirigeante","item":"https:\/\/integragen.com\/a-propos-de-nous\/notre-equipe-dirigeante\/"},{"@type":"ListItem","position":4,"name":"Bernard Courtieu"}]},{"@type":"WebSite","@id":"https:\/\/integragen.com\/#website","url":"https:\/\/integragen.com\/","name":"IntegraGen - Clinical Genomic Experts","description":"NGS Sequencing &amp; Bioinformatics for Pharma, Biotech &amp; CROs","publisher":{"@id":"https:\/\/integragen.com\/#organization"},"alternateName":"IntegraGen","potentialAction":[{"@type":"SearchAction","target":{"@type":"EntryPoint","urlTemplate":"https:\/\/integragen.com\/?s={search_term_string}"},"query-input":{"@type":"PropertyValueSpecification","valueRequired":true,"valueName":"search_term_string"}}],"inLanguage":"en-US"},{"@type":"Organization","@id":"https:\/\/integragen.com\/#organization","name":"IntegraGen","url":"https:\/\/integragen.com\/","logo":{"@type":"ImageObject","inLanguage":"en-US","@id":"https:\/\/integragen.com\/#\/schema\/logo\/image\/","url":"https:\/\/integragen.com\/wp-content\/uploads\/2024\/09\/Logo_IntegraGen_OncoDNA.png","contentUrl":"https:\/\/integragen.com\/wp-content\/uploads\/2024\/09\/Logo_IntegraGen_OncoDNA.png","width":2478,"height":684,"caption":"IntegraGen"},"image":{"@id":"https:\/\/integragen.com\/#\/schema\/logo\/image\/"},"sameAs":["https:\/\/www.linkedin.com\/company\/integragen\/"]}]}},"_links":{"self":[{"href":"https:\/\/integragen.com\/en\/wp-json\/wp\/v2\/pages\/1933","targetHints":{"allow":["GET"]}}],"collection":[{"href":"https:\/\/integragen.com\/en\/wp-json\/wp\/v2\/pages"}],"about":[{"href":"https:\/\/integragen.com\/en\/wp-json\/wp\/v2\/types\/page"}],"author":[{"embeddable":true,"href":"https:\/\/integragen.com\/en\/wp-json\/wp\/v2\/users\/1"}],"replies":[{"embeddable":true,"href":"https:\/\/integragen.com\/en\/wp-json\/wp\/v2\/comments?post=1933"}],"version-history":[{"count":2,"href":"https:\/\/integragen.com\/en\/wp-json\/wp\/v2\/pages\/1933\/revisions"}],"predecessor-version":[{"id":2912,"href":"https:\/\/integragen.com\/en\/wp-json\/wp\/v2\/pages\/1933\/revisions\/2912"}],"up":[{"embeddable":true,"href":"https:\/\/integragen.com\/en\/wp-json\/wp\/v2\/pages\/912"}],"wp:featuredmedia":[{"embeddable":true,"href":"https:\/\/integragen.com\/en\/wp-json\/wp\/v2\/media\/1101"}],"wp:attachment":[{"href":"https:\/\/integragen.com\/en\/wp-json\/wp\/v2\/media?parent=1933"}],"curies":[{"name":"wp","href":"https:\/\/api.w.org\/{rel}","templated":true}]}}