{"id":1874,"date":"2024-08-06T11:15:30","date_gmt":"2024-08-06T11:15:30","guid":{"rendered":"https:\/\/negargetni.com\/?page_id=1874"},"modified":"2025-07-28T10:24:09","modified_gmt":"2025-07-28T08:24:09","slug":"nos-solutions-danalyse-bioinformatique","status":"publish","type":"page","link":"https:\/\/integragen.com\/en\/nos-services\/nos-solutions-danalyse-bioinformatique\/","title":{"rendered":"Our Bioinformatics Analysis Services"},"content":{"rendered":"<div class=\"wp-block-group is-layout-constrained wp-container-core-group-is-layout-12243e0f wp-block-group-is-layout-constrained\">\n<div class=\"wp-block-cover alignfull\" style=\"margin-top:0;margin-bottom:0;padding-top:0;padding-right:0;padding-bottom:0;padding-left:0;min-height:622px;aspect-ratio:unset;\"><img loading=\"lazy\" decoding=\"async\" width=\"2560\" height=\"1707\" class=\"wp-block-cover__image-background wp-image-3010\" alt=\"\" src=\"https:\/\/negargetni.com\/wp-content\/uploads\/2024\/09\/Photo-Bioinf-achetee-scaled.jpg\" data-object-fit=\"cover\" srcset=\"https:\/\/integragen.com\/wp-content\/uploads\/2024\/09\/Photo-Bioinf-achetee-scaled.jpg 2560w, https:\/\/integragen.com\/wp-content\/uploads\/2024\/09\/Photo-Bioinf-achetee-300x200.jpg 300w, https:\/\/integragen.com\/wp-content\/uploads\/2024\/09\/Photo-Bioinf-achetee-1024x683.jpg 1024w, https:\/\/integragen.com\/wp-content\/uploads\/2024\/09\/Photo-Bioinf-achetee-768x512.jpg 768w, https:\/\/integragen.com\/wp-content\/uploads\/2024\/09\/Photo-Bioinf-achetee-1536x1024.jpg 1536w, https:\/\/integragen.com\/wp-content\/uploads\/2024\/09\/Photo-Bioinf-achetee-2048x1365.jpg 2048w, https:\/\/integragen.com\/wp-content\/uploads\/2024\/09\/Photo-Bioinf-achetee-18x12.jpg 18w\" sizes=\"auto, (max-width: 2560px) 100vw, 2560px\" \/><span aria-hidden=\"true\" class=\"wp-block-cover__background has-custom-couleur-1-background-color has-background-dim-40 has-background-dim\"><\/span><div class=\"wp-block-cover__inner-container is-layout-flow wp-block-cover-is-layout-flow\">\n<div class=\"wp-block-group is-layout-constrained wp-container-core-group-is-layout-8809c702 wp-block-group-is-layout-constrained\" style=\"margin-top:0;margin-bottom:0;padding-top:80px;padding-right:16px;padding-bottom:80px;padding-left:16px\">\n<div class=\"wp-block-group has-text-color has-link-color wp-elements-a20133130d97d239eeb319b2ef60734a is-layout-constrained wp-container-core-group-is-layout-068c2f0c wp-block-group-is-layout-constrained\" style=\"color:#ebebeb;font-size:14px\"><link rel=\"stylesheet\" href=\"https:\/\/fonts.googleapis.com\/css2?family=Public+Sans:wght@400;500;600;700;800\" \/>\n<h2 class=\"wp-block-heading has-text-align-center has-text-color has-link-color wp-elements-7653d67ce67c14c90f2ed917816befa4 cozy-animation__initialized\" style=\"color:#fffffe;font-size:clamp(27.894px, 1.743rem + ((1vw - 3.2px) * 1.226), 48px);font-style:normal;font-weight:600;line-height:1.3; font-family: 'Public Sans' !important;\" data-aos=\"flip-up\" data-aos-easing=\"ease-in\" data-aos-anchor-placement=\"top-center\" data-aos-duration=\"600\">Our Bio-Informatics Analysis services<\/h2>\n\n\n\n<div style=\"height:18px\" aria-hidden=\"true\" class=\"wp-block-spacer\"><\/div>\n\n\n\n<p class=\"has-text-align-center has-medium-font-size\">IntegraGen offers researchers innovative, customized biostatistical tools and services to analyze their genomic data.<\/p>\n<\/div>\n<\/div>\n<\/div><\/div>\n\n\n\n<main class=\"wp-block-group has-light-color-background-color has-background is-layout-constrained wp-container-core-group-is-layout-e6f1036d wp-block-group-is-layout-constrained\" style=\"margin-top:0;margin-bottom:0;padding-top:0;padding-right:0;padding-bottom:0;padding-left:0\">\n<div class=\"wp-block-group has-light-color-background-color has-background is-layout-constrained wp-container-core-group-is-layout-44d86505 wp-block-group-is-layout-constrained\" style=\"margin-top:0;margin-bottom:0;padding-top:var(--wp--preset--spacing--80);padding-right:var(--wp--preset--spacing--40);padding-bottom:var(--wp--preset--spacing--80);padding-left:var(--wp--preset--spacing--40)\">\n<div class=\"wp-block-columns are-vertically-aligned-center is-layout-flex wp-container-core-columns-is-layout-86065a23 wp-block-columns-is-layout-flex\" style=\"margin-top:120px\">\n<div class=\"wp-block-column is-vertically-aligned-top is-layout-flow wp-block-column-is-layout-flow\" style=\"flex-basis:35%\">\n<figure class=\"wp-block-image size-full\"><img loading=\"lazy\" decoding=\"async\" width=\"600\" height=\"142\" src=\"https:\/\/negargetni.com\/wp-content\/uploads\/2024\/07\/logo_mercury_orange-e1640781809815-2.png\" alt=\"\" class=\"wp-image-1325\" srcset=\"https:\/\/integragen.com\/wp-content\/uploads\/2024\/07\/logo_mercury_orange-e1640781809815-2.png 600w, https:\/\/integragen.com\/wp-content\/uploads\/2024\/07\/logo_mercury_orange-e1640781809815-2-300x71.png 300w\" sizes=\"auto, (max-width: 600px) 100vw, 600px\" \/><\/figure>\n<\/div>\n\n\n\n<div class=\"wp-block-column is-vertically-aligned-center is-layout-flow wp-block-column-is-layout-flow\">\n<h4 class=\"wp-block-heading\"><strong>Tumor Analysis<\/strong><\/h4>\n\n\n\n<p>MERCURY\u2122 is a tumor molecular profiling analysis software and online biological interpretation tool designed for oncology. It enables clinicians and researchers to transform raw data from high-throughput sequencing (WES, WGS, panel, RNAseq) into actionable molecular reports, facilitating translational and clinical research.&nbsp;<\/p>\n\n\n\n<div class=\"wp-block-buttons is-layout-flex wp-block-buttons-is-layout-flex\">\n<div class=\"wp-block-button cozy-button-hover-styles\" style=\"; --cozyButtonBgColorHover: #40c7ff; --cozyButtonColorHover: ; --cozyButtonBorderHover: ; \"><a class=\"wp-block-button__link has-custom-couleur-1-background-color has-background has-custom-font-size wp-element-button\" href=\"\/en\/nos-services-genomiques\/nos-solutions-danalyse-bioinformatique\/analyse-des-tumeurs-mercury\/\" style=\"border-radius:60px;padding-top:var(--wp--preset--spacing--40);padding-right:var(--wp--preset--spacing--60);padding-bottom:var(--wp--preset--spacing--40);padding-left:var(--wp--preset--spacing--60);font-size:clamp(14px, 0.875rem + ((1vw - 3.2px) * 0.244), 18px);\">Find out more<\/a><\/div>\n<\/div>\n<\/div>\n<\/div>\n\n\n\n<div class=\"wp-block-columns are-vertically-aligned-center is-layout-flex wp-container-core-columns-is-layout-86065a23 wp-block-columns-is-layout-flex\" style=\"margin-top:120px\">\n<div class=\"wp-block-column is-vertically-aligned-center is-layout-flow wp-block-column-is-layout-flow\">\n<h4 class=\"wp-block-heading\"><strong>Gene Expression Analysis<\/strong><\/h4>\n\n\n\n<p>Are you looking to explore and analyze easily and quickly your RNA-Seq expression data as often as needed and be able to add new samples throughout your project? Then <strong>Galileo<\/strong> software tool is made for you!<\/p>\n\n\n\n<div class=\"wp-block-buttons is-layout-flex wp-block-buttons-is-layout-flex\">\n<div class=\"wp-block-button cozy-button-hover-styles\" style=\"; --cozyButtonBgColorHover: #40c7ff; --cozyButtonColorHover: ; --cozyButtonBorderHover: ; \"><a class=\"wp-block-button__link has-custom-couleur-1-background-color has-background has-custom-font-size wp-element-button\" href=\"\/en\/nos-services-genomiques\/nos-solutions-danalyse-bioinformatique\/analyse-dexpression-des-genes-galileo\/\" style=\"border-radius:60px;padding-top:var(--wp--preset--spacing--40);padding-right:var(--wp--preset--spacing--60);padding-bottom:var(--wp--preset--spacing--40);padding-left:var(--wp--preset--spacing--60);font-size:clamp(14px, 0.875rem + ((1vw - 3.2px) * 0.244), 18px);\">Find out more<\/a><\/div>\n<\/div>\n<\/div>\n\n\n\n<div class=\"wp-block-column is-vertically-aligned-center is-layout-flow wp-block-column-is-layout-flow\" style=\"flex-basis:35%\">\n<figure class=\"wp-block-image size-full\"><img loading=\"lazy\" decoding=\"async\" width=\"400\" height=\"157\" src=\"https:\/\/negargetni.com\/wp-content\/uploads\/2024\/08\/logo_galileo_orange-e1640781770722.png\" alt=\"\" class=\"wp-image-1689\" srcset=\"https:\/\/integragen.com\/wp-content\/uploads\/2024\/08\/logo_galileo_orange-e1640781770722.png 400w, https:\/\/integragen.com\/wp-content\/uploads\/2024\/08\/logo_galileo_orange-e1640781770722-300x118.png 300w\" sizes=\"auto, (max-width: 400px) 100vw, 400px\" \/><\/figure>\n<\/div>\n<\/div>\n\n\n\n<div class=\"wp-block-columns are-vertically-aligned-center is-layout-flex wp-container-core-columns-is-layout-86065a23 wp-block-columns-is-layout-flex\" style=\"margin-top:120px\">\n<div class=\"wp-block-column is-vertically-aligned-center is-layout-flow wp-block-column-is-layout-flow\" style=\"flex-basis:35%\">\n<figure class=\"wp-block-image size-full\"><img loading=\"lazy\" decoding=\"async\" width=\"350\" height=\"260\" src=\"https:\/\/negargetni.com\/wp-content\/uploads\/2024\/08\/logo_geco_orange-e1640781893965.png\" alt=\"\" class=\"wp-image-1694\" srcset=\"https:\/\/integragen.com\/wp-content\/uploads\/2024\/08\/logo_geco_orange-e1640781893965.png 350w, https:\/\/integragen.com\/wp-content\/uploads\/2024\/08\/logo_geco_orange-e1640781893965-300x223.png 300w\" sizes=\"auto, (max-width: 350px) 100vw, 350px\" \/><\/figure>\n<\/div>\n\n\n\n<div class=\"wp-block-column is-vertically-aligned-center is-layout-flow wp-block-column-is-layout-flow\">\n<h4 class=\"wp-block-heading\"><strong>Advanced Genomic Analysis<\/strong><\/h4>\n\n\n\n<p>GeCo is a genomic consulting service that provides researchers with access to biostatistics and bioanalytics experts. GeCo is an advanced genomic consulting service that provides researchers with access to leading experts in the field of biostatistics and bioanalytics and offers them support for the advanced and personalized statistical analysis of genomic data ranging from the initial design of genomic research projects to the detailed evaluation of research results. <strong>GeCo<\/strong>In this way, researchers benefit from access to first-rate expertise to optimize their genomic studies and maximize the impact of their discoveries.<\/p>\n\n\n\n<div class=\"wp-block-buttons is-layout-flex wp-block-buttons-is-layout-flex\">\n<div class=\"wp-block-button cozy-button-hover-styles\" style=\"; --cozyButtonBgColorHover: #40c7ff; --cozyButtonColorHover: ; --cozyButtonBorderHover: ; \"><a class=\"wp-block-button__link has-custom-couleur-1-background-color has-background has-custom-font-size wp-element-button\" href=\"https:\/\/integragen.com\/en\/nos-services\/nos-solutions-danalyse-bioinformatique\/services-danalyses-genomiques-avancees-geco\/\" style=\"border-radius:60px;padding-top:var(--wp--preset--spacing--40);padding-right:var(--wp--preset--spacing--60);padding-bottom:var(--wp--preset--spacing--40);padding-left:var(--wp--preset--spacing--60);font-size:clamp(14px, 0.875rem + ((1vw - 3.2px) * 0.244), 18px);\">Find out more<\/a><\/div>\n<\/div>\n<\/div>\n<\/div>\n\n\n\n<div class=\"wp-block-columns are-vertically-aligned-center is-layout-flex wp-container-core-columns-is-layout-86065a23 wp-block-columns-is-layout-flex\" style=\"margin-top:120px\">\n<div class=\"wp-block-column is-vertically-aligned-center is-layout-flow wp-block-column-is-layout-flow\">\n<h4 class=\"wp-block-heading\"><strong>Constitutional Genomic Analysis<\/strong><\/h4>\n\n\n\n<p>The ideal tool for analyzing your sequencing data in constitutional genetics.<\/p>\n\n\n\n<div class=\"wp-block-buttons is-layout-flex wp-block-buttons-is-layout-flex\">\n<div class=\"wp-block-button cozy-button-hover-styles\" style=\"; --cozyButtonBgColorHover: #40c7ff; --cozyButtonColorHover: ; --cozyButtonBorderHover: ; \"><a class=\"wp-block-button__link has-custom-couleur-1-background-color has-background has-custom-font-size wp-element-button\" href=\"https:\/\/integragen.com\/en\/nos-services\/nos-solutions-danalyse-bioinformatique\/analyses-genomiques-constitutionnelles-varsome-clinical\/\" style=\"border-radius:60px;padding-top:var(--wp--preset--spacing--40);padding-right:var(--wp--preset--spacing--60);padding-bottom:var(--wp--preset--spacing--40);padding-left:var(--wp--preset--spacing--60);font-size:clamp(14px, 0.875rem + ((1vw - 3.2px) * 0.244), 18px);\">Find out more<\/a><\/div>\n<\/div>\n<\/div>\n\n\n\n<div class=\"wp-block-column is-vertically-aligned-center is-layout-flow wp-block-column-is-layout-flow\" style=\"flex-basis:35%\">\n<figure class=\"wp-block-image size-full\"><img loading=\"lazy\" decoding=\"async\" width=\"554\" height=\"122\" src=\"https:\/\/integragen.com\/wp-content\/uploads\/2024\/10\/VarSome-Clinical.png\" alt=\"\" class=\"wp-image-3763\" srcset=\"https:\/\/integragen.com\/wp-content\/uploads\/2024\/10\/VarSome-Clinical.png 554w, https:\/\/integragen.com\/wp-content\/uploads\/2024\/10\/VarSome-Clinical-300x66.png 300w, https:\/\/integragen.com\/wp-content\/uploads\/2024\/10\/VarSome-Clinical-18x4.png 18w\" sizes=\"auto, (max-width: 554px) 100vw, 554px\" \/><\/figure>\n<\/div>\n<\/div>\n\n\n\n<div style=\"height:100px\" aria-hidden=\"true\" class=\"wp-block-spacer\"><\/div>\n<\/div>\n<\/main>\n<\/div>\n\n\n\n<p><\/p>","protected":false},"excerpt":{"rendered":"<p>Tumor Analyses MERCURY\u2122 is a tumor molecular profiling analysis software and online biological interpretation tool designed for oncology. It enables clinicians and researchers to transform raw data from high-throughput sequencing (WES, WGS, panel, RNAseq) into actionable molecular reports, facilitating translational and clinical research. ...<\/p>","protected":false},"author":1,"featured_media":0,"parent":2080,"menu_order":7,"comment_status":"closed","ping_status":"closed","template":"fullwidth-page-template","meta":{"ca_portfolio_gallery_project_year":"","ca_portfolio_gallery_client":"","ca_portfolio_gallery_skills":"","ca_portfolio_gallery_url":"","ca_portfolio_gallery_images":"","_eb_attr":"","footnotes":""},"class_list":["post-1874","page","type-page","status-publish","hentry"],"yoast_head":"<!-- This site is optimized with the Yoast SEO plugin v27.3 - https:\/\/yoast.com\/product\/yoast-seo-wordpress\/ -->\n<title>Nos Services d&#039;Analyse Bioinformatique &#8211; IntegraGen<\/title>\n<meta name=\"robots\" content=\"index, follow, max-snippet:-1, max-image-preview:large, max-video-preview:-1\" \/>\n<link rel=\"canonical\" href=\"https:\/\/integragen.com\/en\/nos-services\/nos-solutions-danalyse-bioinformatique\/\" \/>\n<meta property=\"og:locale\" content=\"en_US\" \/>\n<meta property=\"og:type\" content=\"article\" \/>\n<meta property=\"og:title\" content=\"Nos Services d&#039;Analyse Bioinformatique &#8211; IntegraGen\" \/>\n<meta property=\"og:description\" content=\"Analyses des Tumeurs MERCURY\u2122&nbsp;est un logiciel d&rsquo;analyse de profilage mol\u00e9culaire des tumeurs et un outil en ligne d&rsquo;interpr\u00e9tation biologique con\u00e7u pour l&rsquo;oncologie. Il permet aux cliniciens et aux chercheurs de transformer les donn\u00e9es brutes issues du s\u00e9quen\u00e7age \u00e0 haut d\u00e9bit (WES, WGS, panel, RNAseq) en rapports mol\u00e9culaires exploitables, facilitant ainsi la recherche translationnelle et clinique.&nbsp;...\" \/>\n<meta property=\"og:url\" content=\"https:\/\/integragen.com\/en\/nos-services\/nos-solutions-danalyse-bioinformatique\/\" \/>\n<meta property=\"og:site_name\" content=\"IntegraGen\" \/>\n<meta property=\"article:modified_time\" content=\"2025-07-28T08:24:09+00:00\" \/>\n<meta property=\"og:image\" content=\"https:\/\/integragen.com\/wp-content\/uploads\/2024\/09\/Photo-Bioinf-achetee-scaled.jpg\" \/>\n\t<meta property=\"og:image:width\" content=\"2560\" \/>\n\t<meta property=\"og:image:height\" content=\"1707\" \/>\n\t<meta property=\"og:image:type\" content=\"image\/jpeg\" \/>\n<meta name=\"twitter:card\" content=\"summary_large_image\" \/>\n<meta name=\"twitter:label1\" content=\"Est. reading time\" \/>\n\t<meta name=\"twitter:data1\" content=\"3 minutes\" \/>\n<script type=\"application\/ld+json\" class=\"yoast-schema-graph\">{\"@context\":\"https:\\\/\\\/schema.org\",\"@graph\":[{\"@type\":\"WebPage\",\"@id\":\"https:\\\/\\\/integragen.com\\\/nos-services\\\/nos-solutions-danalyse-bioinformatique\\\/\",\"url\":\"https:\\\/\\\/integragen.com\\\/nos-services\\\/nos-solutions-danalyse-bioinformatique\\\/\",\"name\":\"Nos Services d'Analyse Bioinformatique &#8211; IntegraGen\",\"isPartOf\":{\"@id\":\"https:\\\/\\\/integragen.com\\\/#website\"},\"primaryImageOfPage\":{\"@id\":\"https:\\\/\\\/integragen.com\\\/nos-services\\\/nos-solutions-danalyse-bioinformatique\\\/#primaryimage\"},\"image\":{\"@id\":\"https:\\\/\\\/integragen.com\\\/nos-services\\\/nos-solutions-danalyse-bioinformatique\\\/#primaryimage\"},\"thumbnailUrl\":\"https:\\\/\\\/negargetni.com\\\/wp-content\\\/uploads\\\/2024\\\/09\\\/Photo-Bioinf-achetee-scaled.jpg\",\"datePublished\":\"2024-08-06T11:15:30+00:00\",\"dateModified\":\"2025-07-28T08:24:09+00:00\",\"breadcrumb\":{\"@id\":\"https:\\\/\\\/integragen.com\\\/nos-services\\\/nos-solutions-danalyse-bioinformatique\\\/#breadcrumb\"},\"inLanguage\":\"en-US\",\"potentialAction\":[{\"@type\":\"ReadAction\",\"target\":[\"https:\\\/\\\/integragen.com\\\/nos-services\\\/nos-solutions-danalyse-bioinformatique\\\/\"]}]},{\"@type\":\"ImageObject\",\"inLanguage\":\"en-US\",\"@id\":\"https:\\\/\\\/integragen.com\\\/nos-services\\\/nos-solutions-danalyse-bioinformatique\\\/#primaryimage\",\"url\":\"https:\\\/\\\/negargetni.com\\\/wp-content\\\/uploads\\\/2024\\\/09\\\/Photo-Bioinf-achetee-scaled.jpg\",\"contentUrl\":\"https:\\\/\\\/negargetni.com\\\/wp-content\\\/uploads\\\/2024\\\/09\\\/Photo-Bioinf-achetee-scaled.jpg\"},{\"@type\":\"BreadcrumbList\",\"@id\":\"https:\\\/\\\/integragen.com\\\/nos-services\\\/nos-solutions-danalyse-bioinformatique\\\/#breadcrumb\",\"itemListElement\":[{\"@type\":\"ListItem\",\"position\":1,\"name\":\"Accueil\",\"item\":\"https:\\\/\\\/integragen.com\\\/\"},{\"@type\":\"ListItem\",\"position\":2,\"name\":\"Nos Services\",\"item\":\"https:\\\/\\\/integragen.com\\\/nos-services\\\/\"},{\"@type\":\"ListItem\",\"position\":3,\"name\":\"Nos Services d&rsquo;Analyse Bioinformatique\"}]},{\"@type\":\"WebSite\",\"@id\":\"https:\\\/\\\/integragen.com\\\/#website\",\"url\":\"https:\\\/\\\/integragen.com\\\/\",\"name\":\"IntegraGen - Clinical Genomic Experts\",\"description\":\"NGS Sequencing &amp; Bioinformatics for Pharma, Biotech &amp; CRO\",\"publisher\":{\"@id\":\"https:\\\/\\\/integragen.com\\\/#organization\"},\"alternateName\":\"IntegraGen\",\"potentialAction\":[{\"@type\":\"SearchAction\",\"target\":{\"@type\":\"EntryPoint\",\"urlTemplate\":\"https:\\\/\\\/integragen.com\\\/?s={search_term_string}\"},\"query-input\":{\"@type\":\"PropertyValueSpecification\",\"valueRequired\":true,\"valueName\":\"search_term_string\"}}],\"inLanguage\":\"en-US\"},{\"@type\":\"Organization\",\"@id\":\"https:\\\/\\\/integragen.com\\\/#organization\",\"name\":\"IntegraGen\",\"url\":\"https:\\\/\\\/integragen.com\\\/\",\"logo\":{\"@type\":\"ImageObject\",\"inLanguage\":\"en-US\",\"@id\":\"https:\\\/\\\/integragen.com\\\/#\\\/schema\\\/logo\\\/image\\\/\",\"url\":\"https:\\\/\\\/integragen.com\\\/wp-content\\\/uploads\\\/2024\\\/09\\\/Logo_IntegraGen_OncoDNA.png\",\"contentUrl\":\"https:\\\/\\\/integragen.com\\\/wp-content\\\/uploads\\\/2024\\\/09\\\/Logo_IntegraGen_OncoDNA.png\",\"width\":2478,\"height\":684,\"caption\":\"IntegraGen\"},\"image\":{\"@id\":\"https:\\\/\\\/integragen.com\\\/#\\\/schema\\\/logo\\\/image\\\/\"},\"sameAs\":[\"https:\\\/\\\/www.linkedin.com\\\/company\\\/integragen\\\/\"]}]}<\/script>\n<!-- \/ Yoast SEO plugin. -->","yoast_head_json":{"title":"Nos Services d'Analyse Bioinformatique &#8211; IntegraGen","robots":{"index":"index","follow":"follow","max-snippet":"max-snippet:-1","max-image-preview":"max-image-preview:large","max-video-preview":"max-video-preview:-1"},"canonical":"https:\/\/integragen.com\/en\/nos-services\/nos-solutions-danalyse-bioinformatique\/","og_locale":"en_US","og_type":"article","og_title":"Nos Services d'Analyse Bioinformatique &#8211; IntegraGen","og_description":"Analyses des Tumeurs MERCURY\u2122&nbsp;est un logiciel d&rsquo;analyse de profilage mol\u00e9culaire des tumeurs et un outil en ligne d&rsquo;interpr\u00e9tation biologique con\u00e7u pour l&rsquo;oncologie. Il permet aux cliniciens et aux chercheurs de transformer les donn\u00e9es brutes issues du s\u00e9quen\u00e7age \u00e0 haut d\u00e9bit (WES, WGS, panel, RNAseq) en rapports mol\u00e9culaires exploitables, facilitant ainsi la recherche translationnelle et clinique.&nbsp;...","og_url":"https:\/\/integragen.com\/en\/nos-services\/nos-solutions-danalyse-bioinformatique\/","og_site_name":"IntegraGen","article_modified_time":"2025-07-28T08:24:09+00:00","og_image":[{"width":2560,"height":1707,"url":"https:\/\/integragen.com\/wp-content\/uploads\/2024\/09\/Photo-Bioinf-achetee-scaled.jpg","type":"image\/jpeg"}],"twitter_card":"summary_large_image","twitter_misc":{"Est. reading time":"3 minutes"},"schema":{"@context":"https:\/\/schema.org","@graph":[{"@type":"WebPage","@id":"https:\/\/integragen.com\/nos-services\/nos-solutions-danalyse-bioinformatique\/","url":"https:\/\/integragen.com\/nos-services\/nos-solutions-danalyse-bioinformatique\/","name":"Nos Services d'Analyse Bioinformatique &#8211; IntegraGen","isPartOf":{"@id":"https:\/\/integragen.com\/#website"},"primaryImageOfPage":{"@id":"https:\/\/integragen.com\/nos-services\/nos-solutions-danalyse-bioinformatique\/#primaryimage"},"image":{"@id":"https:\/\/integragen.com\/nos-services\/nos-solutions-danalyse-bioinformatique\/#primaryimage"},"thumbnailUrl":"https:\/\/negargetni.com\/wp-content\/uploads\/2024\/09\/Photo-Bioinf-achetee-scaled.jpg","datePublished":"2024-08-06T11:15:30+00:00","dateModified":"2025-07-28T08:24:09+00:00","breadcrumb":{"@id":"https:\/\/integragen.com\/nos-services\/nos-solutions-danalyse-bioinformatique\/#breadcrumb"},"inLanguage":"en-US","potentialAction":[{"@type":"ReadAction","target":["https:\/\/integragen.com\/nos-services\/nos-solutions-danalyse-bioinformatique\/"]}]},{"@type":"ImageObject","inLanguage":"en-US","@id":"https:\/\/integragen.com\/nos-services\/nos-solutions-danalyse-bioinformatique\/#primaryimage","url":"https:\/\/negargetni.com\/wp-content\/uploads\/2024\/09\/Photo-Bioinf-achetee-scaled.jpg","contentUrl":"https:\/\/negargetni.com\/wp-content\/uploads\/2024\/09\/Photo-Bioinf-achetee-scaled.jpg"},{"@type":"BreadcrumbList","@id":"https:\/\/integragen.com\/nos-services\/nos-solutions-danalyse-bioinformatique\/#breadcrumb","itemListElement":[{"@type":"ListItem","position":1,"name":"Accueil","item":"https:\/\/integragen.com\/"},{"@type":"ListItem","position":2,"name":"Nos Services","item":"https:\/\/integragen.com\/nos-services\/"},{"@type":"ListItem","position":3,"name":"Nos Services d&rsquo;Analyse Bioinformatique"}]},{"@type":"WebSite","@id":"https:\/\/integragen.com\/#website","url":"https:\/\/integragen.com\/","name":"IntegraGen - Clinical Genomic Experts","description":"NGS Sequencing &amp; Bioinformatics for Pharma, Biotech &amp; CROs","publisher":{"@id":"https:\/\/integragen.com\/#organization"},"alternateName":"IntegraGen","potentialAction":[{"@type":"SearchAction","target":{"@type":"EntryPoint","urlTemplate":"https:\/\/integragen.com\/?s={search_term_string}"},"query-input":{"@type":"PropertyValueSpecification","valueRequired":true,"valueName":"search_term_string"}}],"inLanguage":"en-US"},{"@type":"Organization","@id":"https:\/\/integragen.com\/#organization","name":"IntegraGen","url":"https:\/\/integragen.com\/","logo":{"@type":"ImageObject","inLanguage":"en-US","@id":"https:\/\/integragen.com\/#\/schema\/logo\/image\/","url":"https:\/\/integragen.com\/wp-content\/uploads\/2024\/09\/Logo_IntegraGen_OncoDNA.png","contentUrl":"https:\/\/integragen.com\/wp-content\/uploads\/2024\/09\/Logo_IntegraGen_OncoDNA.png","width":2478,"height":684,"caption":"IntegraGen"},"image":{"@id":"https:\/\/integragen.com\/#\/schema\/logo\/image\/"},"sameAs":["https:\/\/www.linkedin.com\/company\/integragen\/"]}]}},"_links":{"self":[{"href":"https:\/\/integragen.com\/en\/wp-json\/wp\/v2\/pages\/1874","targetHints":{"allow":["GET"]}}],"collection":[{"href":"https:\/\/integragen.com\/en\/wp-json\/wp\/v2\/pages"}],"about":[{"href":"https:\/\/integragen.com\/en\/wp-json\/wp\/v2\/types\/page"}],"author":[{"embeddable":true,"href":"https:\/\/integragen.com\/en\/wp-json\/wp\/v2\/users\/1"}],"replies":[{"embeddable":true,"href":"https:\/\/integragen.com\/en\/wp-json\/wp\/v2\/comments?post=1874"}],"version-history":[{"count":16,"href":"https:\/\/integragen.com\/en\/wp-json\/wp\/v2\/pages\/1874\/revisions"}],"predecessor-version":[{"id":4261,"href":"https:\/\/integragen.com\/en\/wp-json\/wp\/v2\/pages\/1874\/revisions\/4261"}],"up":[{"embeddable":true,"href":"https:\/\/integragen.com\/en\/wp-json\/wp\/v2\/pages\/2080"}],"wp:attachment":[{"href":"https:\/\/integragen.com\/en\/wp-json\/wp\/v2\/media?parent=1874"}],"curies":[{"name":"wp","href":"https:\/\/api.w.org\/{rel}","templated":true}]}}