{"id":1401,"date":"2024-07-31T14:19:09","date_gmt":"2024-07-31T14:19:09","guid":{"rendered":"https:\/\/negargetni.com\/?page_id=1401"},"modified":"2025-07-28T10:25:53","modified_gmt":"2025-07-28T08:25:53","slug":"services-danalyses-genomiques-avancees-geco","status":"publish","type":"page","link":"https:\/\/integragen.com\/en\/nos-services\/nos-solutions-danalyse-bioinformatique\/services-danalyses-genomiques-avancees-geco\/","title":{"rendered":"Advanced Genomic Analysis Service: GeCo"},"content":{"rendered":"<div class=\"wp-block-group is-layout-constrained wp-container-core-group-is-layout-7a3688e9 wp-block-group-is-layout-constrained\">\n<div class=\"wp-block-cover alignfull is-light\" style=\"margin-top:0;margin-bottom:0;padding-top:0;padding-right:0;padding-bottom:0;padding-left:0;min-height:600px;aspect-ratio:unset;\"><video class=\"wp-block-cover__video-background intrinsic-ignore\" autoplay muted loop playsinline src=\"https:\/\/negargetni.com\/wp-content\/uploads\/2024\/09\/Video-GeCo-achetee.mp4\" data-object-fit=\"cover\"><\/video><span aria-hidden=\"true\" class=\"wp-block-cover__background has-custom-couleur-1-background-color has-background-dim-60 has-background-dim\"><\/span><div class=\"wp-block-cover__inner-container is-layout-flow wp-block-cover-is-layout-flow\">\n<div class=\"wp-block-group is-layout-constrained wp-container-core-group-is-layout-8809c702 wp-block-group-is-layout-constrained\" style=\"margin-top:0;margin-bottom:0;padding-top:80px;padding-right:16px;padding-bottom:80px;padding-left:16px\">\n<div class=\"wp-block-group has-text-color has-link-color wp-elements-e4f7f526bfc3e03bf01429cb9161108b is-layout-constrained wp-container-core-group-is-layout-068c2f0c wp-block-group-is-layout-constrained\" style=\"color:#ebebeb;font-size:14px\"><link rel=\"stylesheet\" href=\"https:\/\/fonts.googleapis.com\/css2?family=Public+Sans:wght@400;500;600;700;800\" \/>\n<h2 class=\"wp-block-heading has-text-align-center has-text-color has-link-color wp-elements-afbffacc541c53e708c6fc9794d0b8a9 cozy-animation__initialized\" style=\"color:#fffffe;font-size:clamp(27.894px, 1.743rem + ((1vw - 3.2px) * 1.226), 48px);font-style:normal;font-weight:600;line-height:1.3; font-family: 'Public Sans' !important;\" data-aos=\"flip-up\" data-aos-easing=\"ease-in\" data-aos-anchor-placement=\"top-center\" data-aos-duration=\"600\">Advanced Genomic Analysis Service: GeCo<\/h2>\n\n\n\n<div style=\"height:35px\" aria-hidden=\"true\" class=\"wp-block-spacer\"><\/div>\n\n\n\n<p class=\"has-text-align-center has-medium-font-size\">GeCo is a genomic consulting service that provides researchers with access to biostatistics and bioanalytics experts. GeCo is an advanced genomic consulting service that provides researchers with access to leading experts in the field of biostatistics and bioanalytics and offers them support for the advanced and personalized statistical analysis of genomic data ranging from the initial design of genomic research projects to the detailed evaluation of research results. <strong>GeCo<\/strong>In this way, researchers benefit from access to first-rate expertise to optimize their genomic studies and maximize the impact of their discoveries.<\/p>\n<\/div>\n<\/div>\n<\/div><\/div>\n\n\n\n<div class=\"wp-block-group is-layout-constrained wp-container-core-group-is-layout-7a3688e9 wp-block-group-is-layout-constrained\">\n<div style=\"height:32px\" aria-hidden=\"true\" class=\"wp-block-spacer\"><\/div>\n\n\n\n<h4 class=\"wp-block-heading\">A COMPLETE SOLUTION FOR GENOMIC DATA ANALYSIS<\/h4>\n\n\n\n<div style=\"height:32px\" aria-hidden=\"true\" class=\"wp-block-spacer\"><\/div>\n\n\n\n<figure class=\"wp-block-image size-full is-resized\"><img loading=\"lazy\" decoding=\"async\" width=\"605\" height=\"130\" src=\"https:\/\/integragen.com\/wp-content\/uploads\/2024\/09\/GeCo-1.png\" alt=\"\" class=\"wp-image-3120\" style=\"width:1022px;height:auto\" srcset=\"https:\/\/integragen.com\/wp-content\/uploads\/2024\/09\/GeCo-1.png 605w, https:\/\/integragen.com\/wp-content\/uploads\/2024\/09\/GeCo-1-300x64.png 300w, https:\/\/integragen.com\/wp-content\/uploads\/2024\/09\/GeCo-1-18x4.png 18w\" sizes=\"auto, (max-width: 605px) 100vw, 605px\" \/><\/figure>\n\n\n\n<figure class=\"wp-block-image size-full is-resized\"><img loading=\"lazy\" decoding=\"async\" width=\"1386\" height=\"300\" src=\"https:\/\/integragen.com\/wp-content\/uploads\/2024\/09\/GeCo-2.jpg\" alt=\"\" class=\"wp-image-3121\" style=\"width:1022px;height:auto\" srcset=\"https:\/\/integragen.com\/wp-content\/uploads\/2024\/09\/GeCo-2.jpg 1386w, https:\/\/integragen.com\/wp-content\/uploads\/2024\/09\/GeCo-2-300x65.jpg 300w, https:\/\/integragen.com\/wp-content\/uploads\/2024\/09\/GeCo-2-1024x222.jpg 1024w, https:\/\/integragen.com\/wp-content\/uploads\/2024\/09\/GeCo-2-768x166.jpg 768w, https:\/\/integragen.com\/wp-content\/uploads\/2024\/09\/GeCo-2-18x4.jpg 18w\" sizes=\"auto, (max-width: 1386px) 100vw, 1386px\" \/><\/figure>\n\n\n\n<div style=\"height:32px\" aria-hidden=\"true\" class=\"wp-block-spacer\"><\/div>\n\n\n\n<div class=\"wp-block-group is-vertical is-layout-flex wp-container-core-group-is-layout-fe9cc265 wp-block-group-is-layout-flex\">\n<h4 class=\"wp-block-heading\">WHY CHOOSE GeCo?<\/h4>\n\n\n\n<div class=\"wp-block-columns is-layout-flex wp-container-core-columns-is-layout-28f84493 wp-block-columns-is-layout-flex\">\n<div class=\"wp-block-column is-layout-flow wp-block-column-is-layout-flow\" style=\"flex-basis:25%\">\n<hr class=\"wp-block-separator has-text-color has-custom-couleur-3-color has-alpha-channel-opacity has-custom-couleur-3-background-color has-background\"\/>\n<\/div>\n\n\n\n<div class=\"wp-block-column is-layout-flow wp-block-column-is-layout-flow\">\n<hr class=\"wp-block-separator has-text-color has-custom-couleur-3-color has-alpha-channel-opacity has-custom-couleur-3-background-color has-background\"\/>\n<\/div>\n\n\n\n<div class=\"wp-block-column is-layout-flow wp-block-column-is-layout-flow\" style=\"flex-basis:25%\"><\/div>\n<\/div>\n<\/div>\n\n\n\n<ul class=\"wp-block-list\">\n<li>Expert scientific advice\n<ul class=\"wp-block-list\">\n<li>Design of statistical analysis plan<\/li>\n\n\n\n<li>Long-term follow-up of the projects (first client works with us since 2013!)<\/li>\n<\/ul>\n<\/li>\n<\/ul>\n\n\n\n<div style=\"height:35px\" aria-hidden=\"true\" class=\"wp-block-spacer\"><\/div>\n\n\n\n<ul class=\"wp-block-list\">\n<li>Commitment\n<ul class=\"wp-block-list\">\n<li>Use of the state-of-the-art computational tools, validated by international consortiums<\/li>\n\n\n\n<li>Timeliness of results delivery guaranteed by contract (delivery date planned at project start)<\/li>\n<\/ul>\n<\/li>\n<\/ul>\n\n\n\n<div style=\"height:35px\" aria-hidden=\"true\" class=\"wp-block-spacer\"><\/div>\n\n\n\n<ul class=\"wp-block-list\">\n<li>Deliverables\n<ul class=\"wp-block-list\">\n<li>Tables and figures in publication format<\/li>\n\n\n\n<li>Complete report including referenced Materials and Methods<\/li>\n\n\n\n<li>Presentation and discussion of the results with our experts<\/li>\n<\/ul>\n<\/li>\n<\/ul>\n\n\n\n<div style=\"height:35px\" aria-hidden=\"true\" class=\"wp-block-spacer\"><\/div>\n\n\n\n<div class=\"wp-block-group is-vertical is-layout-flex wp-container-core-group-is-layout-fe9cc265 wp-block-group-is-layout-flex\">\n<h4 class=\"wp-block-heading\">GeCo EXPERTISE :<\/h4>\n\n\n\n<div class=\"wp-block-columns is-layout-flex wp-container-core-columns-is-layout-28f84493 wp-block-columns-is-layout-flex\">\n<div class=\"wp-block-column is-layout-flow wp-block-column-is-layout-flow\" style=\"flex-basis:25%\">\n<hr class=\"wp-block-separator has-text-color has-custom-couleur-3-color has-alpha-channel-opacity has-custom-couleur-3-background-color has-background\"\/>\n<\/div>\n\n\n\n<div class=\"wp-block-column is-layout-flow wp-block-column-is-layout-flow\" style=\"flex-basis:25%\">\n<hr class=\"wp-block-separator has-text-color has-custom-couleur-3-color has-alpha-channel-opacity has-custom-couleur-3-background-color has-background\"\/>\n<\/div>\n\n\n\n<div class=\"wp-block-column is-layout-flow wp-block-column-is-layout-flow\" style=\"flex-basis:50%\"><\/div>\n<\/div>\n<\/div>\n\n\n\n<p><strong>Cancer Genomic and multiomic analysis:<\/strong><\/p>\n\n\n\n<ul class=\"wp-block-list\">\n<li>if you need to integrate results from multiple samples (WES, WGS, RNASeq...)<\/li>\n\n\n\n<li>if you require advanced computational analysis (driver genes, mutational signatures, tumor progression trees)<\/li>\n\n\n\n<li>if you need advice from a cancer genomics expert to interpret your data<\/li>\n\n\n\n<li>if you want 'read-to-use' results files for publication (Excel tables, Figures, Material and Methods)<\/li>\n<\/ul>\n\n\n\n<p>Technical application: <a href=\"https:\/\/negargetni.com\/wp-content\/uploads\/2024\/09\/geco-whole-genome-sequencing-for-oncology.pdf\">Whole genome sequencing analysis for oncology<\/a><\/p>\n\n\n\n<div style=\"height:35px\" aria-hidden=\"true\" class=\"wp-block-spacer\"><\/div>\n\n\n\n<p><strong>DNA methylation<\/strong><\/p>\n\n\n\n<p>Technical application: <a href=\"https:\/\/negargetni.com\/wp-content\/uploads\/2024\/09\/GeCo_DNA-Methylation.pdf\">Analysis of DNA methylation by sequencing or microarray approaches<\/a><\/p>\n\n\n\n<div style=\"height:35px\" aria-hidden=\"true\" class=\"wp-block-spacer\"><\/div>\n\n\n\n<div class=\"wp-block-group is-layout-flow wp-block-group-is-layout-flow cozy-animation__initialized\" data-aos=\"fade-up\" data-aos-easing=\"ease-in\" data-aos-anchor-placement=\"top-center\" data-aos-duration=\"800\" style=\"margin-top:26px\"><div class=\"cozy-block-wrapper\">\n<ul class=\"cozy-block-icon-list vertical default fill\" id=\"cozyBlock_395d7aad_5dd8_4527_981d_b0faf77d7f50\">\n<div class=\"list-inline-block\"><a href=\"\/en\/contact\/\" target=\"\" rel=\"noopener\"><li class=\"cozy-block-list-item\" id=\"cozyBlock_29131afb_8949_42a5_b662_c4d2fe79731c\"><p>Contact us <\/p><div class=\"list-icon-wrapper\"><svg viewbox=\"0 0 24 24\" xmlns=\"http:\/\/www.w3.org\/2000\/svg\" aria-hidden=\"true\"><path d=\"M19.3651 12.56L14.3851 17.56C14.2251 17.72 14.0251 17.8 13.8251 17.8C13.6251 17.8 13.4251 17.72 13.2651 17.56C12.9451 17.24 12.9451 16.74 13.2651 16.42L16.8851 12.78H5.20511C4.76511 12.78 4.40511 12.42 4.40511 11.98C4.40511 11.54 4.76511 11.18 5.20511 11.18H16.8851L13.2651 7.54001C12.9451 7.22001 12.9451 6.72 13.2651 6.4C13.5851 6.08 14.0851 6.08 14.4051 6.4L19.3851 11.4C19.6851 11.74 19.6851 12.26 19.3651 12.56Z\"><\/path><\/svg><\/div><\/li><\/a><\/div>\n<\/ul>\n<\/div><\/div>\n<\/div>\n<\/div>","protected":false},"excerpt":{"rendered":"<p>A COMPLETE SOLUTION FOR GENOMIC DATA ANALYSIS WHY CHOOSE GeCo? GeCo EXPERTISE: Genomic and multiomic analysis of cancer Technical application: Whole genome sequencing analysis for oncology DNA methylation Technical application: DNA methylation analysis using sequencing or microarray approaches<\/p>","protected":false},"author":1,"featured_media":0,"parent":1874,"menu_order":2,"comment_status":"closed","ping_status":"closed","template":"fullwidth-page-template","meta":{"ca_portfolio_gallery_project_year":"","ca_portfolio_gallery_client":"","ca_portfolio_gallery_skills":"","ca_portfolio_gallery_url":"","ca_portfolio_gallery_images":"","_eb_attr":"","footnotes":""},"class_list":["post-1401","page","type-page","status-publish","hentry"],"yoast_head":"<!-- This site is optimized with the Yoast SEO plugin v27.3 - https:\/\/yoast.com\/product\/yoast-seo-wordpress\/ -->\n<title>Analyses G\u00e9nomiques Avanc\u00e9es : GeCo &#8211; IntegraGen<\/title>\n<meta name=\"robots\" content=\"index, follow, max-snippet:-1, max-image-preview:large, max-video-preview:-1\" \/>\n<link rel=\"canonical\" href=\"https:\/\/integragen.com\/en\/nos-services\/nos-solutions-danalyse-bioinformatique\/services-danalyses-genomiques-avancees-geco\/\" \/>\n<meta property=\"og:locale\" content=\"en_US\" \/>\n<meta property=\"og:type\" content=\"article\" \/>\n<meta property=\"og:title\" content=\"Analyses G\u00e9nomiques Avanc\u00e9es : GeCo &#8211; IntegraGen\" \/>\n<meta property=\"og:description\" content=\"UNE SOLUTION COMPL\u00c8TE POUR L\u2019ANALYSE DE DONN\u00c9ES G\u00c9NOMIQUES POURQUOI CHOISIR GeCo ? L&rsquo;EXPERTISE GeCo : Analyse g\u00e9nomique et multiomique du cancer Application technique : Analyse du s\u00e9quen\u00e7age du g\u00e9nome entier pour l&rsquo;oncologie M\u00e9thylation de l&rsquo;ADN Application technique : Analyse de la m\u00e9thylation de l&rsquo;ADN par des approches de s\u00e9quen\u00e7age ou de microarrays\" \/>\n<meta property=\"og:url\" content=\"https:\/\/integragen.com\/en\/nos-services\/nos-solutions-danalyse-bioinformatique\/services-danalyses-genomiques-avancees-geco\/\" \/>\n<meta property=\"og:site_name\" content=\"IntegraGen\" \/>\n<meta property=\"article:modified_time\" content=\"2025-07-28T08:25:53+00:00\" \/>\n<meta property=\"og:image\" content=\"https:\/\/integragen.com\/wp-content\/uploads\/2024\/09\/GeCo-1.png\" \/>\n\t<meta property=\"og:image:width\" content=\"605\" \/>\n\t<meta property=\"og:image:height\" content=\"130\" \/>\n\t<meta property=\"og:image:type\" content=\"image\/png\" \/>\n<meta name=\"twitter:card\" content=\"summary_large_image\" \/>\n<meta name=\"twitter:label1\" content=\"Est. reading time\" \/>\n\t<meta name=\"twitter:data1\" content=\"2 minutes\" \/>\n<script type=\"application\/ld+json\" class=\"yoast-schema-graph\">{\"@context\":\"https:\\\/\\\/schema.org\",\"@graph\":[{\"@type\":\"WebPage\",\"@id\":\"https:\\\/\\\/integragen.com\\\/nos-services\\\/nos-solutions-danalyse-bioinformatique\\\/services-danalyses-genomiques-avancees-geco\\\/\",\"url\":\"https:\\\/\\\/integragen.com\\\/nos-services\\\/nos-solutions-danalyse-bioinformatique\\\/services-danalyses-genomiques-avancees-geco\\\/\",\"name\":\"Analyses G\u00e9nomiques Avanc\u00e9es : GeCo &#8211; IntegraGen\",\"isPartOf\":{\"@id\":\"https:\\\/\\\/integragen.com\\\/#website\"},\"primaryImageOfPage\":{\"@id\":\"https:\\\/\\\/integragen.com\\\/nos-services\\\/nos-solutions-danalyse-bioinformatique\\\/services-danalyses-genomiques-avancees-geco\\\/#primaryimage\"},\"image\":{\"@id\":\"https:\\\/\\\/integragen.com\\\/nos-services\\\/nos-solutions-danalyse-bioinformatique\\\/services-danalyses-genomiques-avancees-geco\\\/#primaryimage\"},\"thumbnailUrl\":\"https:\\\/\\\/integragen.com\\\/wp-content\\\/uploads\\\/2024\\\/09\\\/GeCo-1.png\",\"datePublished\":\"2024-07-31T14:19:09+00:00\",\"dateModified\":\"2025-07-28T08:25:53+00:00\",\"breadcrumb\":{\"@id\":\"https:\\\/\\\/integragen.com\\\/nos-services\\\/nos-solutions-danalyse-bioinformatique\\\/services-danalyses-genomiques-avancees-geco\\\/#breadcrumb\"},\"inLanguage\":\"en-US\",\"potentialAction\":[{\"@type\":\"ReadAction\",\"target\":[\"https:\\\/\\\/integragen.com\\\/nos-services\\\/nos-solutions-danalyse-bioinformatique\\\/services-danalyses-genomiques-avancees-geco\\\/\"]}]},{\"@type\":\"ImageObject\",\"inLanguage\":\"en-US\",\"@id\":\"https:\\\/\\\/integragen.com\\\/nos-services\\\/nos-solutions-danalyse-bioinformatique\\\/services-danalyses-genomiques-avancees-geco\\\/#primaryimage\",\"url\":\"https:\\\/\\\/integragen.com\\\/wp-content\\\/uploads\\\/2024\\\/09\\\/GeCo-1.png\",\"contentUrl\":\"https:\\\/\\\/integragen.com\\\/wp-content\\\/uploads\\\/2024\\\/09\\\/GeCo-1.png\"},{\"@type\":\"BreadcrumbList\",\"@id\":\"https:\\\/\\\/integragen.com\\\/nos-services\\\/nos-solutions-danalyse-bioinformatique\\\/services-danalyses-genomiques-avancees-geco\\\/#breadcrumb\",\"itemListElement\":[{\"@type\":\"ListItem\",\"position\":1,\"name\":\"Accueil\",\"item\":\"https:\\\/\\\/integragen.com\\\/\"},{\"@type\":\"ListItem\",\"position\":2,\"name\":\"Nos Services\",\"item\":\"https:\\\/\\\/integragen.com\\\/nos-services\\\/\"},{\"@type\":\"ListItem\",\"position\":3,\"name\":\"Nos Services d&rsquo;Analyse Bioinformatique\",\"item\":\"https:\\\/\\\/integragen.com\\\/nos-services\\\/nos-solutions-danalyse-bioinformatique\\\/\"},{\"@type\":\"ListItem\",\"position\":4,\"name\":\"Analyses G\u00e9nomiques Avanc\u00e9es : GeCo\"}]},{\"@type\":\"WebSite\",\"@id\":\"https:\\\/\\\/integragen.com\\\/#website\",\"url\":\"https:\\\/\\\/integragen.com\\\/\",\"name\":\"IntegraGen - Clinical Genomic Experts\",\"description\":\"NGS Sequencing &amp; Bioinformatics for Pharma, Biotech &amp; CRO\",\"publisher\":{\"@id\":\"https:\\\/\\\/integragen.com\\\/#organization\"},\"alternateName\":\"IntegraGen\",\"potentialAction\":[{\"@type\":\"SearchAction\",\"target\":{\"@type\":\"EntryPoint\",\"urlTemplate\":\"https:\\\/\\\/integragen.com\\\/?s={search_term_string}\"},\"query-input\":{\"@type\":\"PropertyValueSpecification\",\"valueRequired\":true,\"valueName\":\"search_term_string\"}}],\"inLanguage\":\"en-US\"},{\"@type\":\"Organization\",\"@id\":\"https:\\\/\\\/integragen.com\\\/#organization\",\"name\":\"IntegraGen\",\"url\":\"https:\\\/\\\/integragen.com\\\/\",\"logo\":{\"@type\":\"ImageObject\",\"inLanguage\":\"en-US\",\"@id\":\"https:\\\/\\\/integragen.com\\\/#\\\/schema\\\/logo\\\/image\\\/\",\"url\":\"https:\\\/\\\/integragen.com\\\/wp-content\\\/uploads\\\/2024\\\/09\\\/Logo_IntegraGen_OncoDNA.png\",\"contentUrl\":\"https:\\\/\\\/integragen.com\\\/wp-content\\\/uploads\\\/2024\\\/09\\\/Logo_IntegraGen_OncoDNA.png\",\"width\":2478,\"height\":684,\"caption\":\"IntegraGen\"},\"image\":{\"@id\":\"https:\\\/\\\/integragen.com\\\/#\\\/schema\\\/logo\\\/image\\\/\"},\"sameAs\":[\"https:\\\/\\\/www.linkedin.com\\\/company\\\/integragen\\\/\"]}]}<\/script>\n<!-- \/ Yoast SEO plugin. -->","yoast_head_json":{"title":"Analyses G\u00e9nomiques Avanc\u00e9es : GeCo &#8211; IntegraGen","robots":{"index":"index","follow":"follow","max-snippet":"max-snippet:-1","max-image-preview":"max-image-preview:large","max-video-preview":"max-video-preview:-1"},"canonical":"https:\/\/integragen.com\/en\/nos-services\/nos-solutions-danalyse-bioinformatique\/services-danalyses-genomiques-avancees-geco\/","og_locale":"en_US","og_type":"article","og_title":"Analyses G\u00e9nomiques Avanc\u00e9es : GeCo &#8211; IntegraGen","og_description":"UNE SOLUTION COMPL\u00c8TE POUR L\u2019ANALYSE DE DONN\u00c9ES G\u00c9NOMIQUES POURQUOI CHOISIR GeCo ? L&rsquo;EXPERTISE GeCo : Analyse g\u00e9nomique et multiomique du cancer Application technique : Analyse du s\u00e9quen\u00e7age du g\u00e9nome entier pour l&rsquo;oncologie M\u00e9thylation de l&rsquo;ADN Application technique : Analyse de la m\u00e9thylation de l&rsquo;ADN par des approches de s\u00e9quen\u00e7age ou de microarrays","og_url":"https:\/\/integragen.com\/en\/nos-services\/nos-solutions-danalyse-bioinformatique\/services-danalyses-genomiques-avancees-geco\/","og_site_name":"IntegraGen","article_modified_time":"2025-07-28T08:25:53+00:00","og_image":[{"width":605,"height":130,"url":"https:\/\/integragen.com\/wp-content\/uploads\/2024\/09\/GeCo-1.png","type":"image\/png"}],"twitter_card":"summary_large_image","twitter_misc":{"Est. reading time":"2 minutes"},"schema":{"@context":"https:\/\/schema.org","@graph":[{"@type":"WebPage","@id":"https:\/\/integragen.com\/nos-services\/nos-solutions-danalyse-bioinformatique\/services-danalyses-genomiques-avancees-geco\/","url":"https:\/\/integragen.com\/nos-services\/nos-solutions-danalyse-bioinformatique\/services-danalyses-genomiques-avancees-geco\/","name":"Analyses G\u00e9nomiques Avanc\u00e9es : GeCo &#8211; IntegraGen","isPartOf":{"@id":"https:\/\/integragen.com\/#website"},"primaryImageOfPage":{"@id":"https:\/\/integragen.com\/nos-services\/nos-solutions-danalyse-bioinformatique\/services-danalyses-genomiques-avancees-geco\/#primaryimage"},"image":{"@id":"https:\/\/integragen.com\/nos-services\/nos-solutions-danalyse-bioinformatique\/services-danalyses-genomiques-avancees-geco\/#primaryimage"},"thumbnailUrl":"https:\/\/integragen.com\/wp-content\/uploads\/2024\/09\/GeCo-1.png","datePublished":"2024-07-31T14:19:09+00:00","dateModified":"2025-07-28T08:25:53+00:00","breadcrumb":{"@id":"https:\/\/integragen.com\/nos-services\/nos-solutions-danalyse-bioinformatique\/services-danalyses-genomiques-avancees-geco\/#breadcrumb"},"inLanguage":"en-US","potentialAction":[{"@type":"ReadAction","target":["https:\/\/integragen.com\/nos-services\/nos-solutions-danalyse-bioinformatique\/services-danalyses-genomiques-avancees-geco\/"]}]},{"@type":"ImageObject","inLanguage":"en-US","@id":"https:\/\/integragen.com\/nos-services\/nos-solutions-danalyse-bioinformatique\/services-danalyses-genomiques-avancees-geco\/#primaryimage","url":"https:\/\/integragen.com\/wp-content\/uploads\/2024\/09\/GeCo-1.png","contentUrl":"https:\/\/integragen.com\/wp-content\/uploads\/2024\/09\/GeCo-1.png"},{"@type":"BreadcrumbList","@id":"https:\/\/integragen.com\/nos-services\/nos-solutions-danalyse-bioinformatique\/services-danalyses-genomiques-avancees-geco\/#breadcrumb","itemListElement":[{"@type":"ListItem","position":1,"name":"Accueil","item":"https:\/\/integragen.com\/"},{"@type":"ListItem","position":2,"name":"Nos Services","item":"https:\/\/integragen.com\/nos-services\/"},{"@type":"ListItem","position":3,"name":"Nos Services d&rsquo;Analyse Bioinformatique","item":"https:\/\/integragen.com\/nos-services\/nos-solutions-danalyse-bioinformatique\/"},{"@type":"ListItem","position":4,"name":"Analyses G\u00e9nomiques Avanc\u00e9es : GeCo"}]},{"@type":"WebSite","@id":"https:\/\/integragen.com\/#website","url":"https:\/\/integragen.com\/","name":"IntegraGen - Clinical Genomic Experts","description":"NGS Sequencing &amp; Bioinformatics for Pharma, Biotech &amp; CROs","publisher":{"@id":"https:\/\/integragen.com\/#organization"},"alternateName":"IntegraGen","potentialAction":[{"@type":"SearchAction","target":{"@type":"EntryPoint","urlTemplate":"https:\/\/integragen.com\/?s={search_term_string}"},"query-input":{"@type":"PropertyValueSpecification","valueRequired":true,"valueName":"search_term_string"}}],"inLanguage":"en-US"},{"@type":"Organization","@id":"https:\/\/integragen.com\/#organization","name":"IntegraGen","url":"https:\/\/integragen.com\/","logo":{"@type":"ImageObject","inLanguage":"en-US","@id":"https:\/\/integragen.com\/#\/schema\/logo\/image\/","url":"https:\/\/integragen.com\/wp-content\/uploads\/2024\/09\/Logo_IntegraGen_OncoDNA.png","contentUrl":"https:\/\/integragen.com\/wp-content\/uploads\/2024\/09\/Logo_IntegraGen_OncoDNA.png","width":2478,"height":684,"caption":"IntegraGen"},"image":{"@id":"https:\/\/integragen.com\/#\/schema\/logo\/image\/"},"sameAs":["https:\/\/www.linkedin.com\/company\/integragen\/"]}]}},"_links":{"self":[{"href":"https:\/\/integragen.com\/en\/wp-json\/wp\/v2\/pages\/1401","targetHints":{"allow":["GET"]}}],"collection":[{"href":"https:\/\/integragen.com\/en\/wp-json\/wp\/v2\/pages"}],"about":[{"href":"https:\/\/integragen.com\/en\/wp-json\/wp\/v2\/types\/page"}],"author":[{"embeddable":true,"href":"https:\/\/integragen.com\/en\/wp-json\/wp\/v2\/users\/1"}],"replies":[{"embeddable":true,"href":"https:\/\/integragen.com\/en\/wp-json\/wp\/v2\/comments?post=1401"}],"version-history":[{"count":17,"href":"https:\/\/integragen.com\/en\/wp-json\/wp\/v2\/pages\/1401\/revisions"}],"predecessor-version":[{"id":4428,"href":"https:\/\/integragen.com\/en\/wp-json\/wp\/v2\/pages\/1401\/revisions\/4428"}],"up":[{"embeddable":true,"href":"https:\/\/integragen.com\/en\/wp-json\/wp\/v2\/pages\/1874"}],"wp:attachment":[{"href":"https:\/\/integragen.com\/en\/wp-json\/wp\/v2\/media?parent=1401"}],"curies":[{"name":"wp","href":"https:\/\/api.w.org\/{rel}","templated":true}]}}