{"id":1392,"date":"2024-07-31T14:08:05","date_gmt":"2024-07-31T14:08:05","guid":{"rendered":"https:\/\/negargetni.com\/?page_id=1392"},"modified":"2025-07-28T10:25:20","modified_gmt":"2025-07-28T08:25:20","slug":"analyse-dexpression-des-genes-galileo","status":"publish","type":"page","link":"https:\/\/integragen.com\/en\/nos-services\/nos-solutions-danalyse-bioinformatique\/analyse-dexpression-des-genes-galileo\/","title":{"rendered":"Gene Expression Analysis: Galileo"},"content":{"rendered":"<div class=\"wp-block-group is-layout-constrained wp-container-core-group-is-layout-7a3688e9 wp-block-group-is-layout-constrained\">\n<div class=\"wp-block-cover alignfull is-light\" style=\"margin-top:0;margin-bottom:0;padding-top:0;padding-right:0;padding-bottom:0;padding-left:0;min-height:600px;aspect-ratio:unset;\"><video class=\"wp-block-cover__video-background intrinsic-ignore\" autoplay muted loop playsinline src=\"https:\/\/negargetni.com\/wp-content\/uploads\/2024\/09\/Video-Galileo-achetee.mp4\" data-object-fit=\"cover\"><\/video><span aria-hidden=\"true\" class=\"wp-block-cover__background has-custom-couleur-1-background-color has-background-dim-40 has-background-dim\"><\/span><div class=\"wp-block-cover__inner-container is-layout-flow wp-block-cover-is-layout-flow\">\n<div class=\"wp-block-group is-layout-constrained wp-container-core-group-is-layout-8809c702 wp-block-group-is-layout-constrained\" style=\"margin-top:0;margin-bottom:0;padding-top:80px;padding-right:16px;padding-bottom:80px;padding-left:16px\">\n<div class=\"wp-block-group has-text-color has-link-color wp-elements-cf13fec89f044596d809ebbca9caf7cd is-layout-constrained wp-container-core-group-is-layout-068c2f0c wp-block-group-is-layout-constrained\" style=\"color:#ebebeb;font-size:14px\"><link rel=\"stylesheet\" href=\"https:\/\/fonts.googleapis.com\/css2?family=Public+Sans:wght@400;500;600;700;800\" \/>\n<h2 class=\"wp-block-heading has-text-align-center has-text-color has-link-color wp-elements-1ebf8b6e79d8614ebb48586422bcf34f cozy-animation__initialized\" style=\"color:#fffffe;font-size:clamp(27.894px, 1.743rem + ((1vw - 3.2px) * 1.226), 48px);font-style:normal;font-weight:600;line-height:1.3; font-family: 'Public Sans' !important;\" data-aos=\"flip-up\" data-aos-easing=\"ease-in\" data-aos-anchor-placement=\"top-center\" data-aos-duration=\"600\">Gene Expression Analysis: Galileo<\/h2>\n\n\n\n<div style=\"height:35px\" aria-hidden=\"true\" class=\"wp-block-spacer\"><\/div>\n\n\n\n<p class=\"has-text-align-center has-medium-font-size\">Are you looking to explore and analyze easily and quickly your RNA-Seq expression data as often as needed and be able to add new samples throughout your project? Then <strong>Galileo<\/strong> software tool is made for you!&nbsp;<\/p>\n<\/div>\n<\/div>\n<\/div><\/div>\n\n\n\n<div class=\"wp-block-group is-layout-constrained wp-container-core-group-is-layout-7a3688e9 wp-block-group-is-layout-constrained\">\n<div style=\"height:35px\" aria-hidden=\"true\" class=\"wp-block-spacer\"><\/div>\n\n\n\n<div class=\"wp-block-group is-layout-constrained wp-container-core-group-is-layout-12243e0f wp-block-group-is-layout-constrained\">\n<div class=\"wp-block-columns is-layout-flex wp-container-core-columns-is-layout-28f84493 wp-block-columns-is-layout-flex\">\n<div class=\"wp-block-column is-vertically-aligned-center is-layout-flow wp-block-column-is-layout-flow\">\n<p>Galil\u00e9o is a cloud-based application for dynamic exploration of RNA-Seq expression data. It enables :&nbsp;&nbsp;<\/p>\n\n\n\n<ul class=\"wp-block-list\">\n<li>Intuitive navigation of RNA-seq expression profile data<\/li>\n\n\n\n<li>Rapid differential expression analysis<\/li>\n\n\n\n<li>Generate tables and figures for publications - also includes the ability to modify scale and color<\/li>\n\n\n\n<li>Re-analyze and re-analyze your data as you wish - add or remove samples from existing projects and re-analyze as required.<\/li>\n<\/ul>\n<\/div>\n\n\n\n<div class=\"wp-block-column is-vertically-aligned-center is-layout-flow wp-block-column-is-layout-flow\">\n<figure class=\"wp-block-embed is-type-video is-provider-vimeo wp-block-embed-vimeo wp-embed-aspect-16-9 wp-has-aspect-ratio\"><div class=\"wp-block-embed__wrapper\">\n<iframe loading=\"lazy\" title=\"Galileo overview\" src=\"https:\/\/player.vimeo.com\/video\/381551477?dnt=1&amp;app_id=122963\" width=\"500\" height=\"281\" frameborder=\"0\" allow=\"autoplay; fullscreen; picture-in-picture; clipboard-write; encrypted-media; web-share\"><\/iframe>\n<\/div><\/figure>\n<\/div>\n<\/div>\n\n\n\n<div style=\"height:35px\" aria-hidden=\"true\" class=\"wp-block-spacer\"><\/div>\n<\/div>\n\n\n\n<div class=\"wp-block-group is-vertical is-layout-flex wp-container-core-group-is-layout-fe9cc265 wp-block-group-is-layout-flex\">\n<h4 class=\"wp-block-heading\">ANALYSIS PIPELINES BASED ON STATE-OF-THE-ART ALGORITHMS<\/h4>\n\n\n\n<div class=\"wp-block-columns is-layout-flex wp-container-core-columns-is-layout-28f84493 wp-block-columns-is-layout-flex\">\n<div class=\"wp-block-column is-layout-flow wp-block-column-is-layout-flow\" style=\"flex-basis:25%\">\n<hr class=\"wp-block-separator has-text-color has-custom-couleur-3-color has-alpha-channel-opacity has-custom-couleur-3-background-color has-background\"\/>\n<\/div>\n\n\n\n<div class=\"wp-block-column is-layout-flow wp-block-column-is-layout-flow\" style=\"flex-basis:25%\">\n<hr class=\"wp-block-separator has-text-color has-custom-couleur-3-color has-alpha-channel-opacity has-custom-couleur-3-background-color has-background\"\/>\n<\/div>\n\n\n\n<div class=\"wp-block-column is-layout-flow wp-block-column-is-layout-flow\" style=\"flex-basis:50%\"><\/div>\n<\/div>\n<\/div>\n\n\n\n<p>The analysis pipelines in Galileo have been developed by leading experts in biostatistics and bioanalysis, with advanced expertise in genomic data analysis. The pipelines are regularly updated.<\/p>\n\n\n\n<div style=\"height:35px\" aria-hidden=\"true\" class=\"wp-block-spacer\"><\/div>\n\n\n\n<div class=\"wp-block-group is-vertical is-layout-flex wp-container-core-group-is-layout-fe9cc265 wp-block-group-is-layout-flex\">\n<h4 class=\"wp-block-heading\">WHAT CAN I DO WITH GALILEO?<\/h4>\n\n\n\n<div class=\"wp-block-columns is-layout-flex wp-container-core-columns-is-layout-28f84493 wp-block-columns-is-layout-flex\">\n<div class=\"wp-block-column is-layout-flow wp-block-column-is-layout-flow\" style=\"flex-basis:25%\">\n<hr class=\"wp-block-separator has-text-color has-custom-couleur-3-color has-alpha-channel-opacity has-custom-couleur-3-background-color has-background\"\/>\n<\/div>\n\n\n\n<div class=\"wp-block-column is-layout-flow wp-block-column-is-layout-flow\" style=\"flex-basis:25%\">\n<hr class=\"wp-block-separator has-text-color has-custom-couleur-3-color has-alpha-channel-opacity has-custom-couleur-3-background-color has-background\"\/>\n<\/div>\n\n\n\n<div class=\"wp-block-column is-layout-flow wp-block-column-is-layout-flow\" style=\"flex-basis:50%\"><\/div>\n<\/div>\n<\/div>\n\n\n\n<figure class=\"wp-block-image size-full\"><img loading=\"lazy\" decoding=\"async\" width=\"514\" height=\"415\" src=\"https:\/\/negargetni.com\/wp-content\/uploads\/2024\/08\/Galileo-pres2.png\" alt=\"\" class=\"wp-image-2617\" srcset=\"https:\/\/integragen.com\/wp-content\/uploads\/2024\/08\/Galileo-pres2.png 514w, https:\/\/integragen.com\/wp-content\/uploads\/2024\/08\/Galileo-pres2-300x242.png 300w, https:\/\/integragen.com\/wp-content\/uploads\/2024\/08\/Galileo-pres2-15x12.png 15w\" sizes=\"auto, (max-width: 514px) 100vw, 514px\" \/><\/figure>\n\n\n\n<div class=\"wp-block-group is-vertical is-layout-flex wp-container-core-group-is-layout-fe9cc265 wp-block-group-is-layout-flex\">\n<h4 class=\"wp-block-heading\">WHY GALILEO?<\/h4>\n\n\n\n<div class=\"wp-block-columns is-layout-flex wp-container-core-columns-is-layout-28f84493 wp-block-columns-is-layout-flex\">\n<div class=\"wp-block-column is-layout-flow wp-block-column-is-layout-flow\" style=\"flex-basis:25%\">\n<hr class=\"wp-block-separator has-text-color has-custom-couleur-3-color has-alpha-channel-opacity has-custom-couleur-3-background-color has-background\"\/>\n<\/div>\n\n\n\n<div class=\"wp-block-column is-layout-flow wp-block-column-is-layout-flow\" style=\"flex-basis:25%\">\n<hr class=\"wp-block-separator has-text-color has-custom-couleur-3-color has-alpha-channel-opacity has-custom-couleur-3-background-color has-background\"\/>\n<\/div>\n\n\n\n<div class=\"wp-block-column is-layout-flow wp-block-column-is-layout-flow\" style=\"flex-basis:50%\"><\/div>\n<\/div>\n<\/div>\n\n\n\n<figure class=\"wp-block-image size-full\"><img loading=\"lazy\" decoding=\"async\" width=\"554\" height=\"463\" src=\"https:\/\/negargetni.com\/wp-content\/uploads\/2024\/08\/Galileo-pres.png\" alt=\"\" class=\"wp-image-2614\" srcset=\"https:\/\/integragen.com\/wp-content\/uploads\/2024\/08\/Galileo-pres.png 554w, https:\/\/integragen.com\/wp-content\/uploads\/2024\/08\/Galileo-pres-300x251.png 300w, https:\/\/integragen.com\/wp-content\/uploads\/2024\/08\/Galileo-pres-14x12.png 14w\" sizes=\"auto, (max-width: 554px) 100vw, 554px\" \/><\/figure>\n\n\n\n<div style=\"height:35px\" aria-hidden=\"true\" class=\"wp-block-spacer\"><\/div>\n\n\n\n<div class=\"wp-block-group is-vertical is-layout-flex wp-container-core-group-is-layout-fe9cc265 wp-block-group-is-layout-flex\">\n<h4 class=\"wp-block-heading\">RELEASE NOTES<\/h4>\n\n\n\n<div class=\"wp-block-columns is-layout-flex wp-container-core-columns-is-layout-28f84493 wp-block-columns-is-layout-flex\">\n<div class=\"wp-block-column is-layout-flow wp-block-column-is-layout-flow\" style=\"flex-basis:25%\">\n<hr class=\"wp-block-separator has-text-color has-custom-couleur-3-color has-alpha-channel-opacity has-custom-couleur-3-background-color has-background\"\/>\n<\/div>\n\n\n\n<div class=\"wp-block-column is-layout-flow wp-block-column-is-layout-flow\" style=\"flex-basis:25%\">\n<hr class=\"wp-block-separator has-text-color has-custom-couleur-3-color has-alpha-channel-opacity has-custom-couleur-3-background-color has-background\"\/>\n<\/div>\n\n\n\n<div class=\"wp-block-column is-layout-flow wp-block-column-is-layout-flow\" style=\"flex-basis:50%\"><\/div>\n<\/div>\n<\/div>\n\n\n\n<p>Release Note :&nbsp;<strong><a href=\"https:\/\/integragen.com\/wp-content\/uploads\/2025\/02\/Release-note-Galileo-v2.0.pdf\" target=\"_blank\" rel=\"noreferrer noopener\">\"Galileo V2.0<\/a><\/strong><\/p>\n\n\n\n<div style=\"height:35px\" aria-hidden=\"true\" class=\"wp-block-spacer\"><\/div>\n\n\n\n<div class=\"wp-block-group is-vertical is-layout-flex wp-container-core-group-is-layout-fe9cc265 wp-block-group-is-layout-flex\">\n<h4 class=\"wp-block-heading\">WEBINARS<\/h4>\n\n\n\n<div class=\"wp-block-columns is-layout-flex wp-container-core-columns-is-layout-28f84493 wp-block-columns-is-layout-flex\">\n<div class=\"wp-block-column is-layout-flow wp-block-column-is-layout-flow\" style=\"flex-basis:25%\">\n<hr class=\"wp-block-separator has-text-color has-custom-couleur-3-color has-alpha-channel-opacity has-custom-couleur-3-background-color has-background\"\/>\n<\/div>\n\n\n\n<div class=\"wp-block-column is-layout-flow wp-block-column-is-layout-flow\" style=\"flex-basis:25%\">\n<hr class=\"wp-block-separator has-text-color has-custom-couleur-3-color has-alpha-channel-opacity has-custom-couleur-3-background-color has-background\"\/>\n<\/div>\n\n\n\n<div class=\"wp-block-column is-layout-flow wp-block-column-is-layout-flow\" style=\"flex-basis:50%\"><\/div>\n<\/div>\n<\/div>\n\n\n\n<p>Want to find out how Galileo can help you visualize and analyze complex expression data from RNA-seq experiments? Watch our dedicated webinars and schedule a demonstration with our experts to discuss your project.<\/p>\n\n\n\n<p>Webinar (FR) :&nbsp;<strong><a href=\"https:\/\/attendee.gotowebinar.com\/recording\/2189258911165641474\" target=\"_blank\" rel=\"noreferrer noopener\">\"Galileo: Analyze your RNA-seq expression data autonomously and interactively\"<\/a><\/strong><\/p>\n\n\n\n<p>Webinar (FR) :&nbsp;<strong><a href=\"https:\/\/register.gotowebinar.com\/recording\/2772742241604962305\" target=\"_blank\" rel=\"noreferrer noopener\">\"Expression analysis of RNA-Seq data: Galileo use case\".<\/a><\/strong><\/p>\n\n\n\n<div style=\"height:25px\" aria-hidden=\"true\" class=\"wp-block-spacer\"><\/div>\n<\/div>\n\n\n<div class=\"cozy-block-wrapper\">\n<ul class=\"cozy-block-icon-list vertical default fill\" id=\"cozyBlock_c276d502_1e4a_45ee_a216_b18c99f9dc04\">\n<div class=\"list-inline-block\"><a href=\"\/en\/contact\/\" target=\"\" rel=\"noopener\"><li class=\"cozy-block-list-item\" id=\"cozyBlock_1031c1bf_2853_4c10_8c96_5521b94a97fb\"><p>Contact Us For a demo<\/p><div class=\"list-icon-wrapper\"><svg viewbox=\"0 0 24 24\" xmlns=\"http:\/\/www.w3.org\/2000\/svg\" aria-hidden=\"true\"><path d=\"M19.3651 12.56L14.3851 17.56C14.2251 17.72 14.0251 17.8 13.8251 17.8C13.6251 17.8 13.4251 17.72 13.2651 17.56C12.9451 17.24 12.9451 16.74 13.2651 16.42L16.8851 12.78H5.20511C4.76511 12.78 4.40511 12.42 4.40511 11.98C4.40511 11.54 4.76511 11.18 5.20511 11.18H16.8851L13.2651 7.54001C12.9451 7.22001 12.9451 6.72 13.2651 6.4C13.5851 6.08 14.0851 6.08 14.4051 6.4L19.3851 11.4C19.6851 11.74 19.6851 12.26 19.3651 12.56Z\"><\/path><\/svg><\/div><\/li><\/a><\/div>\n<\/ul>\n<\/div><\/div>","protected":false},"excerpt":{"rendered":"<p>Galileo is a cloud-based application for dynamic exploration of RNA-Seq expression data. It enables: ANALYSIS PIPELINES BASED ON ADVANCED ALGORITHMS The analysis pipelines in Galileo have been developed by leading experts in the field of biostatistics and bioanalysis, with advanced expertise in...<\/p>","protected":false},"author":1,"featured_media":0,"parent":1874,"menu_order":1,"comment_status":"closed","ping_status":"closed","template":"fullwidth-page-template","meta":{"ca_portfolio_gallery_project_year":"","ca_portfolio_gallery_client":"","ca_portfolio_gallery_skills":"","ca_portfolio_gallery_url":"","ca_portfolio_gallery_images":"","_eb_attr":"","footnotes":""},"class_list":["post-1392","page","type-page","status-publish","hentry"],"yoast_head":"<!-- This site is optimized with the Yoast SEO plugin v27.3 - https:\/\/yoast.com\/product\/yoast-seo-wordpress\/ -->\n<title>Analyses d&#039;Expression des G\u00e8nes : Galil\u00e9o &#8211; IntegraGen<\/title>\n<meta name=\"robots\" content=\"index, follow, max-snippet:-1, max-image-preview:large, max-video-preview:-1\" \/>\n<link rel=\"canonical\" href=\"https:\/\/integragen.com\/en\/nos-services\/nos-solutions-danalyse-bioinformatique\/analyse-dexpression-des-genes-galileo\/\" \/>\n<meta property=\"og:locale\" content=\"en_US\" \/>\n<meta property=\"og:type\" content=\"article\" \/>\n<meta property=\"og:title\" content=\"Analyses d&#039;Expression des G\u00e8nes : Galil\u00e9o &#8211; IntegraGen\" \/>\n<meta property=\"og:description\" content=\"Galil\u00e9o est une application bas\u00e9e sur le cloud pour l\u2019exploration dynamique des donn\u00e9es d\u2019expression RNA-Seq. Elle permet de\u202f:&nbsp;&nbsp; PIPELINES D\u2019ANALYSE BAS\u00c9S SUR DES ALGORITHMES DE POINTE Les pipelines d\u2019analyse dans Galileo ont \u00e9t\u00e9 d\u00e9velopp\u00e9s par des experts de premier plan dans le domaine de la biostatistique et de la bioanalyse, avec une expertise avanc\u00e9e dans...\" \/>\n<meta property=\"og:url\" content=\"https:\/\/integragen.com\/en\/nos-services\/nos-solutions-danalyse-bioinformatique\/analyse-dexpression-des-genes-galileo\/\" \/>\n<meta property=\"og:site_name\" content=\"IntegraGen\" \/>\n<meta property=\"article:modified_time\" content=\"2025-07-28T08:25:20+00:00\" \/>\n<meta property=\"og:image\" content=\"https:\/\/integragen.com\/wp-content\/uploads\/2024\/08\/Galileo-pres2.png\" \/>\n\t<meta property=\"og:image:width\" content=\"514\" \/>\n\t<meta property=\"og:image:height\" content=\"415\" \/>\n\t<meta property=\"og:image:type\" content=\"image\/png\" \/>\n<meta name=\"twitter:card\" content=\"summary_large_image\" \/>\n<meta name=\"twitter:label1\" content=\"Est. reading time\" \/>\n\t<meta name=\"twitter:data1\" content=\"2 minutes\" \/>\n<script type=\"application\/ld+json\" class=\"yoast-schema-graph\">{\"@context\":\"https:\\\/\\\/schema.org\",\"@graph\":[{\"@type\":\"WebPage\",\"@id\":\"https:\\\/\\\/integragen.com\\\/nos-services\\\/nos-solutions-danalyse-bioinformatique\\\/analyse-dexpression-des-genes-galileo\\\/\",\"url\":\"https:\\\/\\\/integragen.com\\\/nos-services\\\/nos-solutions-danalyse-bioinformatique\\\/analyse-dexpression-des-genes-galileo\\\/\",\"name\":\"Analyses d'Expression des G\u00e8nes : Galil\u00e9o &#8211; IntegraGen\",\"isPartOf\":{\"@id\":\"https:\\\/\\\/integragen.com\\\/#website\"},\"primaryImageOfPage\":{\"@id\":\"https:\\\/\\\/integragen.com\\\/nos-services\\\/nos-solutions-danalyse-bioinformatique\\\/analyse-dexpression-des-genes-galileo\\\/#primaryimage\"},\"image\":{\"@id\":\"https:\\\/\\\/integragen.com\\\/nos-services\\\/nos-solutions-danalyse-bioinformatique\\\/analyse-dexpression-des-genes-galileo\\\/#primaryimage\"},\"thumbnailUrl\":\"https:\\\/\\\/negargetni.com\\\/wp-content\\\/uploads\\\/2024\\\/08\\\/Galileo-pres2.png\",\"datePublished\":\"2024-07-31T14:08:05+00:00\",\"dateModified\":\"2025-07-28T08:25:20+00:00\",\"breadcrumb\":{\"@id\":\"https:\\\/\\\/integragen.com\\\/nos-services\\\/nos-solutions-danalyse-bioinformatique\\\/analyse-dexpression-des-genes-galileo\\\/#breadcrumb\"},\"inLanguage\":\"en-US\",\"potentialAction\":[{\"@type\":\"ReadAction\",\"target\":[\"https:\\\/\\\/integragen.com\\\/nos-services\\\/nos-solutions-danalyse-bioinformatique\\\/analyse-dexpression-des-genes-galileo\\\/\"]}]},{\"@type\":\"ImageObject\",\"inLanguage\":\"en-US\",\"@id\":\"https:\\\/\\\/integragen.com\\\/nos-services\\\/nos-solutions-danalyse-bioinformatique\\\/analyse-dexpression-des-genes-galileo\\\/#primaryimage\",\"url\":\"https:\\\/\\\/negargetni.com\\\/wp-content\\\/uploads\\\/2024\\\/08\\\/Galileo-pres2.png\",\"contentUrl\":\"https:\\\/\\\/negargetni.com\\\/wp-content\\\/uploads\\\/2024\\\/08\\\/Galileo-pres2.png\"},{\"@type\":\"BreadcrumbList\",\"@id\":\"https:\\\/\\\/integragen.com\\\/nos-services\\\/nos-solutions-danalyse-bioinformatique\\\/analyse-dexpression-des-genes-galileo\\\/#breadcrumb\",\"itemListElement\":[{\"@type\":\"ListItem\",\"position\":1,\"name\":\"Accueil\",\"item\":\"https:\\\/\\\/integragen.com\\\/\"},{\"@type\":\"ListItem\",\"position\":2,\"name\":\"Nos Services\",\"item\":\"https:\\\/\\\/integragen.com\\\/nos-services\\\/\"},{\"@type\":\"ListItem\",\"position\":3,\"name\":\"Nos Services d&rsquo;Analyse Bioinformatique\",\"item\":\"https:\\\/\\\/integragen.com\\\/nos-services\\\/nos-solutions-danalyse-bioinformatique\\\/\"},{\"@type\":\"ListItem\",\"position\":4,\"name\":\"Analyses d&rsquo;Expression des G\u00e8nes : Galil\u00e9o\"}]},{\"@type\":\"WebSite\",\"@id\":\"https:\\\/\\\/integragen.com\\\/#website\",\"url\":\"https:\\\/\\\/integragen.com\\\/\",\"name\":\"IntegraGen - Clinical Genomic Experts\",\"description\":\"NGS Sequencing &amp; Bioinformatics for Pharma, Biotech &amp; CRO\",\"publisher\":{\"@id\":\"https:\\\/\\\/integragen.com\\\/#organization\"},\"alternateName\":\"IntegraGen\",\"potentialAction\":[{\"@type\":\"SearchAction\",\"target\":{\"@type\":\"EntryPoint\",\"urlTemplate\":\"https:\\\/\\\/integragen.com\\\/?s={search_term_string}\"},\"query-input\":{\"@type\":\"PropertyValueSpecification\",\"valueRequired\":true,\"valueName\":\"search_term_string\"}}],\"inLanguage\":\"en-US\"},{\"@type\":\"Organization\",\"@id\":\"https:\\\/\\\/integragen.com\\\/#organization\",\"name\":\"IntegraGen\",\"url\":\"https:\\\/\\\/integragen.com\\\/\",\"logo\":{\"@type\":\"ImageObject\",\"inLanguage\":\"en-US\",\"@id\":\"https:\\\/\\\/integragen.com\\\/#\\\/schema\\\/logo\\\/image\\\/\",\"url\":\"https:\\\/\\\/integragen.com\\\/wp-content\\\/uploads\\\/2024\\\/09\\\/Logo_IntegraGen_OncoDNA.png\",\"contentUrl\":\"https:\\\/\\\/integragen.com\\\/wp-content\\\/uploads\\\/2024\\\/09\\\/Logo_IntegraGen_OncoDNA.png\",\"width\":2478,\"height\":684,\"caption\":\"IntegraGen\"},\"image\":{\"@id\":\"https:\\\/\\\/integragen.com\\\/#\\\/schema\\\/logo\\\/image\\\/\"},\"sameAs\":[\"https:\\\/\\\/www.linkedin.com\\\/company\\\/integragen\\\/\"]}]}<\/script>\n<!-- \/ Yoast SEO plugin. -->","yoast_head_json":{"title":"Analyses d'Expression des G\u00e8nes : Galil\u00e9o &#8211; IntegraGen","robots":{"index":"index","follow":"follow","max-snippet":"max-snippet:-1","max-image-preview":"max-image-preview:large","max-video-preview":"max-video-preview:-1"},"canonical":"https:\/\/integragen.com\/en\/nos-services\/nos-solutions-danalyse-bioinformatique\/analyse-dexpression-des-genes-galileo\/","og_locale":"en_US","og_type":"article","og_title":"Analyses d'Expression des G\u00e8nes : Galil\u00e9o &#8211; IntegraGen","og_description":"Galil\u00e9o est une application bas\u00e9e sur le cloud pour l\u2019exploration dynamique des donn\u00e9es d\u2019expression RNA-Seq. Elle permet de\u202f:&nbsp;&nbsp; PIPELINES D\u2019ANALYSE BAS\u00c9S SUR DES ALGORITHMES DE POINTE Les pipelines d\u2019analyse dans Galileo ont \u00e9t\u00e9 d\u00e9velopp\u00e9s par des experts de premier plan dans le domaine de la biostatistique et de la bioanalyse, avec une expertise avanc\u00e9e dans...","og_url":"https:\/\/integragen.com\/en\/nos-services\/nos-solutions-danalyse-bioinformatique\/analyse-dexpression-des-genes-galileo\/","og_site_name":"IntegraGen","article_modified_time":"2025-07-28T08:25:20+00:00","og_image":[{"width":514,"height":415,"url":"https:\/\/integragen.com\/wp-content\/uploads\/2024\/08\/Galileo-pres2.png","type":"image\/png"}],"twitter_card":"summary_large_image","twitter_misc":{"Est. reading time":"2 minutes"},"schema":{"@context":"https:\/\/schema.org","@graph":[{"@type":"WebPage","@id":"https:\/\/integragen.com\/nos-services\/nos-solutions-danalyse-bioinformatique\/analyse-dexpression-des-genes-galileo\/","url":"https:\/\/integragen.com\/nos-services\/nos-solutions-danalyse-bioinformatique\/analyse-dexpression-des-genes-galileo\/","name":"Analyses d'Expression des G\u00e8nes : Galil\u00e9o &#8211; IntegraGen","isPartOf":{"@id":"https:\/\/integragen.com\/#website"},"primaryImageOfPage":{"@id":"https:\/\/integragen.com\/nos-services\/nos-solutions-danalyse-bioinformatique\/analyse-dexpression-des-genes-galileo\/#primaryimage"},"image":{"@id":"https:\/\/integragen.com\/nos-services\/nos-solutions-danalyse-bioinformatique\/analyse-dexpression-des-genes-galileo\/#primaryimage"},"thumbnailUrl":"https:\/\/negargetni.com\/wp-content\/uploads\/2024\/08\/Galileo-pres2.png","datePublished":"2024-07-31T14:08:05+00:00","dateModified":"2025-07-28T08:25:20+00:00","breadcrumb":{"@id":"https:\/\/integragen.com\/nos-services\/nos-solutions-danalyse-bioinformatique\/analyse-dexpression-des-genes-galileo\/#breadcrumb"},"inLanguage":"en-US","potentialAction":[{"@type":"ReadAction","target":["https:\/\/integragen.com\/nos-services\/nos-solutions-danalyse-bioinformatique\/analyse-dexpression-des-genes-galileo\/"]}]},{"@type":"ImageObject","inLanguage":"en-US","@id":"https:\/\/integragen.com\/nos-services\/nos-solutions-danalyse-bioinformatique\/analyse-dexpression-des-genes-galileo\/#primaryimage","url":"https:\/\/negargetni.com\/wp-content\/uploads\/2024\/08\/Galileo-pres2.png","contentUrl":"https:\/\/negargetni.com\/wp-content\/uploads\/2024\/08\/Galileo-pres2.png"},{"@type":"BreadcrumbList","@id":"https:\/\/integragen.com\/nos-services\/nos-solutions-danalyse-bioinformatique\/analyse-dexpression-des-genes-galileo\/#breadcrumb","itemListElement":[{"@type":"ListItem","position":1,"name":"Accueil","item":"https:\/\/integragen.com\/"},{"@type":"ListItem","position":2,"name":"Nos Services","item":"https:\/\/integragen.com\/nos-services\/"},{"@type":"ListItem","position":3,"name":"Nos Services d&rsquo;Analyse Bioinformatique","item":"https:\/\/integragen.com\/nos-services\/nos-solutions-danalyse-bioinformatique\/"},{"@type":"ListItem","position":4,"name":"Analyses d&rsquo;Expression des G\u00e8nes : Galil\u00e9o"}]},{"@type":"WebSite","@id":"https:\/\/integragen.com\/#website","url":"https:\/\/integragen.com\/","name":"IntegraGen - Clinical Genomic Experts","description":"NGS Sequencing &amp; Bioinformatics for Pharma, Biotech &amp; CROs","publisher":{"@id":"https:\/\/integragen.com\/#organization"},"alternateName":"IntegraGen","potentialAction":[{"@type":"SearchAction","target":{"@type":"EntryPoint","urlTemplate":"https:\/\/integragen.com\/?s={search_term_string}"},"query-input":{"@type":"PropertyValueSpecification","valueRequired":true,"valueName":"search_term_string"}}],"inLanguage":"en-US"},{"@type":"Organization","@id":"https:\/\/integragen.com\/#organization","name":"IntegraGen","url":"https:\/\/integragen.com\/","logo":{"@type":"ImageObject","inLanguage":"en-US","@id":"https:\/\/integragen.com\/#\/schema\/logo\/image\/","url":"https:\/\/integragen.com\/wp-content\/uploads\/2024\/09\/Logo_IntegraGen_OncoDNA.png","contentUrl":"https:\/\/integragen.com\/wp-content\/uploads\/2024\/09\/Logo_IntegraGen_OncoDNA.png","width":2478,"height":684,"caption":"IntegraGen"},"image":{"@id":"https:\/\/integragen.com\/#\/schema\/logo\/image\/"},"sameAs":["https:\/\/www.linkedin.com\/company\/integragen\/"]}]}},"_links":{"self":[{"href":"https:\/\/integragen.com\/en\/wp-json\/wp\/v2\/pages\/1392","targetHints":{"allow":["GET"]}}],"collection":[{"href":"https:\/\/integragen.com\/en\/wp-json\/wp\/v2\/pages"}],"about":[{"href":"https:\/\/integragen.com\/en\/wp-json\/wp\/v2\/types\/page"}],"author":[{"embeddable":true,"href":"https:\/\/integragen.com\/en\/wp-json\/wp\/v2\/users\/1"}],"replies":[{"embeddable":true,"href":"https:\/\/integragen.com\/en\/wp-json\/wp\/v2\/comments?post=1392"}],"version-history":[{"count":18,"href":"https:\/\/integragen.com\/en\/wp-json\/wp\/v2\/pages\/1392\/revisions"}],"predecessor-version":[{"id":4427,"href":"https:\/\/integragen.com\/en\/wp-json\/wp\/v2\/pages\/1392\/revisions\/4427"}],"up":[{"embeddable":true,"href":"https:\/\/integragen.com\/en\/wp-json\/wp\/v2\/pages\/1874"}],"wp:attachment":[{"href":"https:\/\/integragen.com\/en\/wp-json\/wp\/v2\/media?parent=1392"}],"curies":[{"name":"wp","href":"https:\/\/api.w.org\/{rel}","templated":true}]}}