{"id":1379,"date":"2024-07-31T13:44:31","date_gmt":"2024-07-31T13:44:31","guid":{"rendered":"https:\/\/negargetni.com\/?page_id=1379"},"modified":"2025-07-28T10:24:50","modified_gmt":"2025-07-28T08:24:50","slug":"analyse-des-tumeurs-mercury","status":"publish","type":"page","link":"https:\/\/integragen.com\/en\/nos-services\/nos-solutions-danalyse-bioinformatique\/analyse-des-tumeurs-mercury\/","title":{"rendered":"Tumor analysis: Mercury"},"content":{"rendered":"<div class=\"wp-block-group is-layout-constrained wp-container-core-group-is-layout-7a3688e9 wp-block-group-is-layout-constrained\">\n<div class=\"wp-block-cover alignfull is-light\" style=\"margin-top:0;margin-bottom:0;padding-top:0;padding-right:0;padding-bottom:0;padding-left:0;min-height:600px;aspect-ratio:unset;\"><video class=\"wp-block-cover__video-background intrinsic-ignore\" autoplay muted loop playsinline src=\"https:\/\/negargetni.com\/wp-content\/uploads\/2024\/09\/Video-Mercury-achetee.mp4\" data-object-fit=\"cover\"><\/video><span aria-hidden=\"true\" class=\"wp-block-cover__background has-custom-couleur-1-background-color has-background-dim-40 has-background-dim\"><\/span><div class=\"wp-block-cover__inner-container is-layout-flow wp-block-cover-is-layout-flow\">\n<div class=\"wp-block-group is-layout-constrained wp-container-core-group-is-layout-8809c702 wp-block-group-is-layout-constrained\" style=\"margin-top:0;margin-bottom:0;padding-top:80px;padding-right:16px;padding-bottom:80px;padding-left:16px\">\n<div class=\"wp-block-group has-text-color has-link-color wp-elements-d4486591f1d06247ac4eab6a98e63b27 is-layout-constrained wp-container-core-group-is-layout-068c2f0c wp-block-group-is-layout-constrained\" style=\"color:#ebebeb;font-size:14px\"><link rel=\"stylesheet\" href=\"https:\/\/fonts.googleapis.com\/css2?family=Public+Sans:wght@400;500;600;700;800\" \/>\n<h2 class=\"wp-block-heading has-text-align-center has-text-color has-link-color wp-elements-13369e44123aba08928dbdab42fbf9f2 cozy-animation__initialized\" style=\"color:#fffffe;font-size:clamp(27.894px, 1.743rem + ((1vw - 3.2px) * 1.226), 48px);font-style:normal;font-weight:600;line-height:1.3; font-family: 'Public Sans' !important;\" data-aos=\"flip-up\" data-aos-easing=\"ease-in\" data-aos-anchor-placement=\"top-center\" data-aos-duration=\"600\">Genomic analysis of tumors: MERCURY<strong><sup>\u2122<\/sup><\/strong><\/h2>\n\n\n\n<div style=\"height:35px\" aria-hidden=\"true\" class=\"wp-block-spacer\"><\/div>\n\n\n\n<p class=\"has-text-align-center has-medium-font-size\">MERCURY\u2122 is a tumor molecular profiling analysis software and online biological interpretation tool designed for oncology. It enables clinicians and researchers to transform raw data from high-throughput sequencing (WES, WGS, panel, RNAseq) into actionable molecular reports, facilitating translational and clinical research.&nbsp;<\/p>\n<\/div>\n<\/div>\n<\/div><\/div>\n\n\n\n<div class=\"wp-block-group is-layout-constrained wp-container-core-group-is-layout-7a3688e9 wp-block-group-is-layout-constrained\">\n<div style=\"height:32px\" aria-hidden=\"true\" class=\"wp-block-spacer\"><\/div>\n\n\n\n<div class=\"wp-block-group is-vertical is-layout-flex wp-container-core-group-is-layout-fe9cc265 wp-block-group-is-layout-flex\">\n<h4 class=\"wp-block-heading\"><strong>MOLECULAR PROFILING OF TUMORS FOR TRANSLATIONAL &amp; CLINICAL RESEARCH<\/strong><\/h4>\n\n\n\n<div class=\"wp-block-columns is-layout-flex wp-container-core-columns-is-layout-28f84493 wp-block-columns-is-layout-flex\">\n<div class=\"wp-block-column is-layout-flow wp-block-column-is-layout-flow\" style=\"flex-basis:25%\">\n<hr class=\"wp-block-separator has-text-color has-custom-couleur-3-color has-alpha-channel-opacity has-custom-couleur-3-background-color has-background\"\/>\n<\/div>\n\n\n\n<div class=\"wp-block-column is-layout-flow wp-block-column-is-layout-flow\" style=\"flex-basis:25%\">\n<hr class=\"wp-block-separator has-text-color has-custom-couleur-3-color has-alpha-channel-opacity has-custom-couleur-3-background-color has-background\"\/>\n<\/div>\n\n\n\n<div class=\"wp-block-column is-layout-flow wp-block-column-is-layout-flow\" style=\"flex-basis:50%\"><\/div>\n<\/div>\n<\/div>\n\n\n\n<div style=\"height:32px\" aria-hidden=\"true\" class=\"wp-block-spacer\"><\/div>\n\n\n\n<div class=\"wp-block-group is-layout-constrained wp-container-core-group-is-layout-12243e0f wp-block-group-is-layout-constrained\">\n<div class=\"wp-block-columns is-layout-flex wp-container-core-columns-is-layout-28f84493 wp-block-columns-is-layout-flex\">\n<div class=\"wp-block-column is-vertically-aligned-center is-layout-flow wp-block-column-is-layout-flow\">\n<p><strong>The intuitive MERCURY\u2122 interface<\/strong>&nbsp;enables users to quickly visualize an accurate and comprehensive molecular tumor profile for cancer patients after rapid analysis of their sequencing data (constitutional tumor DNA and tumor RNA).<\/p>\n<\/div>\n\n\n\n<div class=\"wp-block-column is-layout-flow wp-block-column-is-layout-flow\">\n<figure class=\"wp-block-embed is-type-video is-provider-vimeo wp-block-embed-vimeo wp-embed-aspect-16-9 wp-has-aspect-ratio\"><div class=\"wp-block-embed__wrapper\">\n<iframe loading=\"lazy\" title=\"MERCURY Overview\" src=\"https:\/\/player.vimeo.com\/video\/459866679?dnt=1&amp;app_id=122963\" width=\"500\" height=\"281\" frameborder=\"0\" allow=\"autoplay; fullscreen; picture-in-picture; clipboard-write; encrypted-media; web-share\"><\/iframe>\n<\/div><\/figure>\n<\/div>\n<\/div>\n<\/div>\n\n\n\n<p><br><br><strong>MERCURY\u2122<\/strong>&nbsp;also provides users with access to numerous annotation databases, links to potential clinical trials and treatment options based on identified variants, as well as the ability to create and export a customizable report.<br><\/p>\n\n\n\n<figure class=\"wp-block-image alignright\"><img decoding=\"async\" src=\"https:\/\/integragen.com\/wp-content\/uploads\/mercury-key-benefits1-1.jpg\" alt=\"\" class=\"wp-image-950\"\/><\/figure>\n\n\n\n<div style=\"height:32px\" aria-hidden=\"true\" class=\"wp-block-spacer\"><\/div>\n\n\n\n<div class=\"wp-block-group is-vertical is-layout-flex wp-container-core-group-is-layout-fe9cc265 wp-block-group-is-layout-flex\">\n<h4 class=\"wp-block-heading\"><strong>TRANSFORMING SEQUENCING DATA INTO KNOWLEDGE<\/strong><\/h4>\n\n\n\n<div class=\"wp-block-columns is-layout-flex wp-container-core-columns-is-layout-28f84493 wp-block-columns-is-layout-flex\">\n<div class=\"wp-block-column is-layout-flow wp-block-column-is-layout-flow\" style=\"flex-basis:25%\">\n<hr class=\"wp-block-separator has-text-color has-custom-couleur-3-color has-alpha-channel-opacity has-custom-couleur-3-background-color has-background\"\/>\n<\/div>\n\n\n\n<div class=\"wp-block-column is-layout-flow wp-block-column-is-layout-flow\" style=\"flex-basis:25%\">\n<hr class=\"wp-block-separator has-text-color has-custom-couleur-3-color has-alpha-channel-opacity has-custom-couleur-3-background-color has-background\"\/>\n<\/div>\n\n\n\n<div class=\"wp-block-column is-layout-flow wp-block-column-is-layout-flow\" style=\"flex-basis:50%\"><\/div>\n<\/div>\n<\/div>\n\n\n\n<figure class=\"wp-block-image aligncenter\"><img decoding=\"async\" src=\"https:\/\/integragen.com\/wp-content\/uploads\/mercury-list2-1.jpg\" alt=\"\" class=\"wp-image-949\"\/><\/figure>\n\n\n\n<p><a href=\"https:\/\/www.integragen-genomics.com\/wp-content\/uploads\/2018\/03\/mercury-list2.jpg\"><br><\/a><\/p>\n\n\n\n<div class=\"wp-block-group is-vertical is-layout-flex wp-container-core-group-is-layout-fe9cc265 wp-block-group-is-layout-flex\">\n<h4 class=\"wp-block-heading\"><strong>MERCURY\u2122 IS NOW CUSTOMIZABLE FOR LARGE AND SMALL GENE PANELS<\/strong><\/h4>\n\n\n\n<div class=\"wp-block-columns is-layout-flex wp-container-core-columns-is-layout-28f84493 wp-block-columns-is-layout-flex\">\n<div class=\"wp-block-column is-layout-flow wp-block-column-is-layout-flow\" style=\"flex-basis:25%\">\n<hr class=\"wp-block-separator has-text-color has-custom-couleur-3-color has-alpha-channel-opacity has-custom-couleur-3-background-color has-background\"\/>\n<\/div>\n\n\n\n<div class=\"wp-block-column is-layout-flow wp-block-column-is-layout-flow\" style=\"flex-basis:25%\">\n<hr class=\"wp-block-separator has-text-color has-custom-couleur-3-color has-alpha-channel-opacity has-custom-couleur-3-background-color has-background\"\/>\n<\/div>\n\n\n\n<div class=\"wp-block-column is-layout-flow wp-block-column-is-layout-flow\" style=\"flex-basis:50%\"><\/div>\n<\/div>\n<\/div>\n\n\n\n<p>MERCURY\u2122 is now fully adaptable to your data analysis needs with the ability to handle oncology sequencing data ranging from broad sequencing (WES, RNA-Seq, WGS) to large gene panels and all the way to targeted gene panels. Whether you use a third-party panel available on the market or have developed your own, IntegraGen will work with you to customize the data analysis and reporting pipeline for the clinical sequencing you perform.<\/p>\n\n\n\n<figure class=\"wp-block-image aligncenter\"><img decoding=\"async\" src=\"https:\/\/integragen.com\/wp-content\/uploads\/mercury-tour-1024x656-1.jpg\" alt=\"\" class=\"wp-image-933\"\/><\/figure>\n\n\n\n<div style=\"height:32px\" aria-hidden=\"true\" class=\"wp-block-spacer\"><\/div>\n\n\n\n<div class=\"wp-block-group is-vertical is-layout-flex wp-container-core-group-is-layout-fe9cc265 wp-block-group-is-layout-flex\">\n<h4 class=\"wp-block-heading\"><strong>MERCURY\u2122 TO IDENTIFY DIFFICULT SOMATIC MUTATIONS<\/strong><\/h4>\n\n\n\n<div class=\"wp-block-columns is-layout-flex wp-container-core-columns-is-layout-28f84493 wp-block-columns-is-layout-flex\">\n<div class=\"wp-block-column is-layout-flow wp-block-column-is-layout-flow\" style=\"flex-basis:25%\">\n<hr class=\"wp-block-separator has-text-color has-custom-couleur-3-color has-alpha-channel-opacity has-custom-couleur-3-background-color has-background\"\/>\n<\/div>\n\n\n\n<div class=\"wp-block-column is-layout-flow wp-block-column-is-layout-flow\" style=\"flex-basis:25%\">\n<hr class=\"wp-block-separator has-text-color has-custom-couleur-3-color has-alpha-channel-opacity has-custom-couleur-3-background-color has-background\"\/>\n<\/div>\n\n\n\n<div class=\"wp-block-column is-layout-flow wp-block-column-is-layout-flow\" style=\"flex-basis:50%\"><\/div>\n<\/div>\n<\/div>\n\n\n\n<figure class=\"wp-block-embed is-type-rich is-provider-prise-en-charge-des-contenus-embarqu-s wp-block-embed-prise-en-charge-des-contenus-embarqu-s wp-embed-aspect-16-9 wp-has-aspect-ratio\"><div class=\"wp-block-embed__wrapper\">\n<iframe loading=\"lazy\" title=\"Integragen&#039;s role in RHU-COSY\" width=\"500\" height=\"281\" src=\"https:\/\/www.youtube.com\/embed\/kiA2hhfc-pg?feature=oembed\" frameborder=\"0\" allow=\"accelerometer; autoplay; clipboard-write; encrypted-media; gyroscope; picture-in-picture; web-share\" referrerpolicy=\"strict-origin-when-cross-origin\" allowfullscreen><\/iframe>\n<\/div><\/figure>\n\n\n\n<div style=\"height:25px\" aria-hidden=\"true\" class=\"wp-block-spacer\"><\/div>\n<\/div>\n\n\n\n<div class=\"wp-block-group is-content-justification-left is-layout-constrained wp-container-core-group-is-layout-12dd3699 wp-block-group-is-layout-constrained\"><div class=\"cozy-block-wrapper\">\n<ul class=\"cozy-block-icon-list vertical default fill\" id=\"cozyBlock_3cec5a0c_9b20_45b1_90af_24a1c5fb4946\">\n<div class=\"list-inline-block\"><a href=\"\/en\/contact\/\" target=\"\" rel=\"noopener\"><li class=\"cozy-block-list-item\" id=\"cozyBlock_6d381c22_6b0d_465c_8a60_94a8f94244de\"><p>Contact Us For a demo<\/p><div class=\"list-icon-wrapper\"><svg viewbox=\"0 0 24 24\" xmlns=\"http:\/\/www.w3.org\/2000\/svg\" aria-hidden=\"true\"><path d=\"M19.3651 12.56L14.3851 17.56C14.2251 17.72 14.0251 17.8 13.8251 17.8C13.6251 17.8 13.4251 17.72 13.2651 17.56C12.9451 17.24 12.9451 16.74 13.2651 16.42L16.8851 12.78H5.20511C4.76511 12.78 4.40511 12.42 4.40511 11.98C4.40511 11.54 4.76511 11.18 5.20511 11.18H16.8851L13.2651 7.54001C12.9451 7.22001 12.9451 6.72 13.2651 6.4C13.5851 6.08 14.0851 6.08 14.4051 6.4L19.3851 11.4C19.6851 11.74 19.6851 12.26 19.3651 12.56Z\"><\/path><\/svg><\/div><\/li><\/a><\/div>\n<\/ul>\n<\/div><\/div>\n<\/div>","protected":false},"excerpt":{"rendered":"<p>MOLECULAR PROFILING OF TUMORS FOR TRANSLATIONAL &amp; CLINICAL RESEARCH MERCURY\u2122's intuitive interface enables users to quickly visualize an accurate and comprehensive molecular profile of tumors for cancer patients after rapid analysis of their sequencing data (constitutional tumor DNA and tumor RNA). MERCURY\u2122 also provides users with access to de...<\/p>","protected":false},"author":1,"featured_media":0,"parent":1874,"menu_order":0,"comment_status":"closed","ping_status":"closed","template":"fullwidth-page-template","meta":{"ca_portfolio_gallery_project_year":"","ca_portfolio_gallery_client":"","ca_portfolio_gallery_skills":"","ca_portfolio_gallery_url":"","ca_portfolio_gallery_images":"","_eb_attr":"","footnotes":""},"class_list":["post-1379","page","type-page","status-publish","hentry"],"yoast_head":"<!-- This site is optimized with the Yoast SEO plugin v27.3 - https:\/\/yoast.com\/product\/yoast-seo-wordpress\/ -->\n<title>Analyses des Tumeurs : Mercury &#8211; IntegraGen<\/title>\n<meta name=\"robots\" content=\"index, follow, max-snippet:-1, max-image-preview:large, max-video-preview:-1\" \/>\n<link rel=\"canonical\" href=\"https:\/\/integragen.com\/en\/nos-services\/nos-solutions-danalyse-bioinformatique\/analyse-des-tumeurs-mercury\/\" \/>\n<meta property=\"og:locale\" content=\"en_US\" \/>\n<meta property=\"og:type\" content=\"article\" \/>\n<meta property=\"og:title\" content=\"Analyses des Tumeurs : Mercury &#8211; IntegraGen\" \/>\n<meta property=\"og:description\" content=\"PROFILAGE MOL\u00c9CULAIRE DES TUMEURS POUR LA RECHERCHE TRANSLATIONNELLE &amp; CLINIQUE L\u2019interface intuitive de MERCURY\u2122&nbsp;permet aux utilisateurs de visualiser rapidement un profil mol\u00e9culaire pr\u00e9cis et complet des tumeurs pour les patients atteints de cancer apr\u00e8s une analyse rapide de leurs donn\u00e9es de s\u00e9quen\u00e7age (ADN tumoral constitutionnel et ARN tumoral). MERCURY\u2122&nbsp;fournit \u00e9galement aux utilisateurs l\u2019acc\u00e8s \u00e0 de...\" \/>\n<meta property=\"og:url\" content=\"https:\/\/integragen.com\/en\/nos-services\/nos-solutions-danalyse-bioinformatique\/analyse-des-tumeurs-mercury\/\" \/>\n<meta property=\"og:site_name\" content=\"IntegraGen\" \/>\n<meta property=\"article:modified_time\" content=\"2025-07-28T08:24:50+00:00\" \/>\n<meta property=\"og:image\" content=\"https:\/\/integragen.com\/wp-content\/uploads\/2024\/07\/image-1.png\" \/>\n\t<meta property=\"og:image:width\" content=\"2478\" \/>\n\t<meta property=\"og:image:height\" content=\"684\" \/>\n\t<meta property=\"og:image:type\" content=\"image\/png\" \/>\n<meta name=\"twitter:card\" content=\"summary_large_image\" \/>\n<meta name=\"twitter:label1\" content=\"Est. reading time\" \/>\n\t<meta name=\"twitter:data1\" content=\"2 minutes\" \/>\n<script type=\"application\/ld+json\" class=\"yoast-schema-graph\">{\"@context\":\"https:\\\/\\\/schema.org\",\"@graph\":[{\"@type\":\"WebPage\",\"@id\":\"https:\\\/\\\/integragen.com\\\/nos-services\\\/nos-solutions-danalyse-bioinformatique\\\/analyse-des-tumeurs-mercury\\\/\",\"url\":\"https:\\\/\\\/integragen.com\\\/nos-services\\\/nos-solutions-danalyse-bioinformatique\\\/analyse-des-tumeurs-mercury\\\/\",\"name\":\"Analyses des Tumeurs : Mercury &#8211; IntegraGen\",\"isPartOf\":{\"@id\":\"https:\\\/\\\/integragen.com\\\/#website\"},\"primaryImageOfPage\":{\"@id\":\"https:\\\/\\\/integragen.com\\\/nos-services\\\/nos-solutions-danalyse-bioinformatique\\\/analyse-des-tumeurs-mercury\\\/#primaryimage\"},\"image\":{\"@id\":\"https:\\\/\\\/integragen.com\\\/nos-services\\\/nos-solutions-danalyse-bioinformatique\\\/analyse-des-tumeurs-mercury\\\/#primaryimage\"},\"thumbnailUrl\":\"https:\\\/\\\/integragen.com\\\/wp-content\\\/uploads\\\/mercury-key-benefits1-1.jpg\",\"datePublished\":\"2024-07-31T13:44:31+00:00\",\"dateModified\":\"2025-07-28T08:24:50+00:00\",\"breadcrumb\":{\"@id\":\"https:\\\/\\\/integragen.com\\\/nos-services\\\/nos-solutions-danalyse-bioinformatique\\\/analyse-des-tumeurs-mercury\\\/#breadcrumb\"},\"inLanguage\":\"en-US\",\"potentialAction\":[{\"@type\":\"ReadAction\",\"target\":[\"https:\\\/\\\/integragen.com\\\/nos-services\\\/nos-solutions-danalyse-bioinformatique\\\/analyse-des-tumeurs-mercury\\\/\"]}]},{\"@type\":\"ImageObject\",\"inLanguage\":\"en-US\",\"@id\":\"https:\\\/\\\/integragen.com\\\/nos-services\\\/nos-solutions-danalyse-bioinformatique\\\/analyse-des-tumeurs-mercury\\\/#primaryimage\",\"url\":\"https:\\\/\\\/integragen.com\\\/wp-content\\\/uploads\\\/mercury-key-benefits1-1.jpg\",\"contentUrl\":\"https:\\\/\\\/integragen.com\\\/wp-content\\\/uploads\\\/mercury-key-benefits1-1.jpg\"},{\"@type\":\"BreadcrumbList\",\"@id\":\"https:\\\/\\\/integragen.com\\\/nos-services\\\/nos-solutions-danalyse-bioinformatique\\\/analyse-des-tumeurs-mercury\\\/#breadcrumb\",\"itemListElement\":[{\"@type\":\"ListItem\",\"position\":1,\"name\":\"Accueil\",\"item\":\"https:\\\/\\\/integragen.com\\\/\"},{\"@type\":\"ListItem\",\"position\":2,\"name\":\"Nos Services\",\"item\":\"https:\\\/\\\/integragen.com\\\/nos-services\\\/\"},{\"@type\":\"ListItem\",\"position\":3,\"name\":\"Nos Services d&rsquo;Analyse Bioinformatique\",\"item\":\"https:\\\/\\\/integragen.com\\\/nos-services\\\/nos-solutions-danalyse-bioinformatique\\\/\"},{\"@type\":\"ListItem\",\"position\":4,\"name\":\"Analyses des Tumeurs : Mercury\"}]},{\"@type\":\"WebSite\",\"@id\":\"https:\\\/\\\/integragen.com\\\/#website\",\"url\":\"https:\\\/\\\/integragen.com\\\/\",\"name\":\"IntegraGen - Clinical Genomic Experts\",\"description\":\"NGS Sequencing &amp; Bioinformatics for Pharma, Biotech &amp; CRO\",\"publisher\":{\"@id\":\"https:\\\/\\\/integragen.com\\\/#organization\"},\"alternateName\":\"IntegraGen\",\"potentialAction\":[{\"@type\":\"SearchAction\",\"target\":{\"@type\":\"EntryPoint\",\"urlTemplate\":\"https:\\\/\\\/integragen.com\\\/?s={search_term_string}\"},\"query-input\":{\"@type\":\"PropertyValueSpecification\",\"valueRequired\":true,\"valueName\":\"search_term_string\"}}],\"inLanguage\":\"en-US\"},{\"@type\":\"Organization\",\"@id\":\"https:\\\/\\\/integragen.com\\\/#organization\",\"name\":\"IntegraGen\",\"url\":\"https:\\\/\\\/integragen.com\\\/\",\"logo\":{\"@type\":\"ImageObject\",\"inLanguage\":\"en-US\",\"@id\":\"https:\\\/\\\/integragen.com\\\/#\\\/schema\\\/logo\\\/image\\\/\",\"url\":\"https:\\\/\\\/integragen.com\\\/wp-content\\\/uploads\\\/2024\\\/09\\\/Logo_IntegraGen_OncoDNA.png\",\"contentUrl\":\"https:\\\/\\\/integragen.com\\\/wp-content\\\/uploads\\\/2024\\\/09\\\/Logo_IntegraGen_OncoDNA.png\",\"width\":2478,\"height\":684,\"caption\":\"IntegraGen\"},\"image\":{\"@id\":\"https:\\\/\\\/integragen.com\\\/#\\\/schema\\\/logo\\\/image\\\/\"},\"sameAs\":[\"https:\\\/\\\/www.linkedin.com\\\/company\\\/integragen\\\/\"]}]}<\/script>\n<!-- \/ Yoast SEO plugin. -->","yoast_head_json":{"title":"Analyses des Tumeurs : Mercury &#8211; IntegraGen","robots":{"index":"index","follow":"follow","max-snippet":"max-snippet:-1","max-image-preview":"max-image-preview:large","max-video-preview":"max-video-preview:-1"},"canonical":"https:\/\/integragen.com\/en\/nos-services\/nos-solutions-danalyse-bioinformatique\/analyse-des-tumeurs-mercury\/","og_locale":"en_US","og_type":"article","og_title":"Analyses des Tumeurs : Mercury &#8211; IntegraGen","og_description":"PROFILAGE MOL\u00c9CULAIRE DES TUMEURS POUR LA RECHERCHE TRANSLATIONNELLE &amp; CLINIQUE L\u2019interface intuitive de MERCURY\u2122&nbsp;permet aux utilisateurs de visualiser rapidement un profil mol\u00e9culaire pr\u00e9cis et complet des tumeurs pour les patients atteints de cancer apr\u00e8s une analyse rapide de leurs donn\u00e9es de s\u00e9quen\u00e7age (ADN tumoral constitutionnel et ARN tumoral). MERCURY\u2122&nbsp;fournit \u00e9galement aux utilisateurs l\u2019acc\u00e8s \u00e0 de...","og_url":"https:\/\/integragen.com\/en\/nos-services\/nos-solutions-danalyse-bioinformatique\/analyse-des-tumeurs-mercury\/","og_site_name":"IntegraGen","article_modified_time":"2025-07-28T08:24:50+00:00","og_image":[{"width":2478,"height":684,"url":"https:\/\/integragen.com\/wp-content\/uploads\/2024\/07\/image-1.png","type":"image\/png"}],"twitter_card":"summary_large_image","twitter_misc":{"Est. reading time":"2 minutes"},"schema":{"@context":"https:\/\/schema.org","@graph":[{"@type":"WebPage","@id":"https:\/\/integragen.com\/nos-services\/nos-solutions-danalyse-bioinformatique\/analyse-des-tumeurs-mercury\/","url":"https:\/\/integragen.com\/nos-services\/nos-solutions-danalyse-bioinformatique\/analyse-des-tumeurs-mercury\/","name":"Analyses des Tumeurs : Mercury &#8211; IntegraGen","isPartOf":{"@id":"https:\/\/integragen.com\/#website"},"primaryImageOfPage":{"@id":"https:\/\/integragen.com\/nos-services\/nos-solutions-danalyse-bioinformatique\/analyse-des-tumeurs-mercury\/#primaryimage"},"image":{"@id":"https:\/\/integragen.com\/nos-services\/nos-solutions-danalyse-bioinformatique\/analyse-des-tumeurs-mercury\/#primaryimage"},"thumbnailUrl":"https:\/\/integragen.com\/wp-content\/uploads\/mercury-key-benefits1-1.jpg","datePublished":"2024-07-31T13:44:31+00:00","dateModified":"2025-07-28T08:24:50+00:00","breadcrumb":{"@id":"https:\/\/integragen.com\/nos-services\/nos-solutions-danalyse-bioinformatique\/analyse-des-tumeurs-mercury\/#breadcrumb"},"inLanguage":"en-US","potentialAction":[{"@type":"ReadAction","target":["https:\/\/integragen.com\/nos-services\/nos-solutions-danalyse-bioinformatique\/analyse-des-tumeurs-mercury\/"]}]},{"@type":"ImageObject","inLanguage":"en-US","@id":"https:\/\/integragen.com\/nos-services\/nos-solutions-danalyse-bioinformatique\/analyse-des-tumeurs-mercury\/#primaryimage","url":"https:\/\/integragen.com\/wp-content\/uploads\/mercury-key-benefits1-1.jpg","contentUrl":"https:\/\/integragen.com\/wp-content\/uploads\/mercury-key-benefits1-1.jpg"},{"@type":"BreadcrumbList","@id":"https:\/\/integragen.com\/nos-services\/nos-solutions-danalyse-bioinformatique\/analyse-des-tumeurs-mercury\/#breadcrumb","itemListElement":[{"@type":"ListItem","position":1,"name":"Accueil","item":"https:\/\/integragen.com\/"},{"@type":"ListItem","position":2,"name":"Nos Services","item":"https:\/\/integragen.com\/nos-services\/"},{"@type":"ListItem","position":3,"name":"Nos Services d&rsquo;Analyse Bioinformatique","item":"https:\/\/integragen.com\/nos-services\/nos-solutions-danalyse-bioinformatique\/"},{"@type":"ListItem","position":4,"name":"Analyses des Tumeurs : Mercury"}]},{"@type":"WebSite","@id":"https:\/\/integragen.com\/#website","url":"https:\/\/integragen.com\/","name":"IntegraGen - Clinical Genomic Experts","description":"NGS Sequencing &amp; Bioinformatics for Pharma, Biotech &amp; CROs","publisher":{"@id":"https:\/\/integragen.com\/#organization"},"alternateName":"IntegraGen","potentialAction":[{"@type":"SearchAction","target":{"@type":"EntryPoint","urlTemplate":"https:\/\/integragen.com\/?s={search_term_string}"},"query-input":{"@type":"PropertyValueSpecification","valueRequired":true,"valueName":"search_term_string"}}],"inLanguage":"en-US"},{"@type":"Organization","@id":"https:\/\/integragen.com\/#organization","name":"IntegraGen","url":"https:\/\/integragen.com\/","logo":{"@type":"ImageObject","inLanguage":"en-US","@id":"https:\/\/integragen.com\/#\/schema\/logo\/image\/","url":"https:\/\/integragen.com\/wp-content\/uploads\/2024\/09\/Logo_IntegraGen_OncoDNA.png","contentUrl":"https:\/\/integragen.com\/wp-content\/uploads\/2024\/09\/Logo_IntegraGen_OncoDNA.png","width":2478,"height":684,"caption":"IntegraGen"},"image":{"@id":"https:\/\/integragen.com\/#\/schema\/logo\/image\/"},"sameAs":["https:\/\/www.linkedin.com\/company\/integragen\/"]}]}},"_links":{"self":[{"href":"https:\/\/integragen.com\/en\/wp-json\/wp\/v2\/pages\/1379","targetHints":{"allow":["GET"]}}],"collection":[{"href":"https:\/\/integragen.com\/en\/wp-json\/wp\/v2\/pages"}],"about":[{"href":"https:\/\/integragen.com\/en\/wp-json\/wp\/v2\/types\/page"}],"author":[{"embeddable":true,"href":"https:\/\/integragen.com\/en\/wp-json\/wp\/v2\/users\/1"}],"replies":[{"embeddable":true,"href":"https:\/\/integragen.com\/en\/wp-json\/wp\/v2\/comments?post=1379"}],"version-history":[{"count":19,"href":"https:\/\/integragen.com\/en\/wp-json\/wp\/v2\/pages\/1379\/revisions"}],"predecessor-version":[{"id":4426,"href":"https:\/\/integragen.com\/en\/wp-json\/wp\/v2\/pages\/1379\/revisions\/4426"}],"up":[{"embeddable":true,"href":"https:\/\/integragen.com\/en\/wp-json\/wp\/v2\/pages\/1874"}],"wp:attachment":[{"href":"https:\/\/integragen.com\/en\/wp-json\/wp\/v2\/media?parent=1379"}],"curies":[{"name":"wp","href":"https:\/\/api.w.org\/{rel}","templated":true}]}}