{"id":1359,"date":"2024-07-31T13:03:28","date_gmt":"2024-07-31T13:03:28","guid":{"rendered":"https:\/\/negargetni.com\/?page_id=1359"},"modified":"2025-07-28T10:21:14","modified_gmt":"2025-07-28T08:21:14","slug":"methylation-par-sequencage","status":"publish","type":"page","link":"https:\/\/integragen.com\/en\/nos-services\/methylation\/methylation-par-sequencage\/","title":{"rendered":"Methylation by sequencing"},"content":{"rendered":"<div class=\"wp-block-group is-layout-constrained wp-container-core-group-is-layout-7a3688e9 wp-block-group-is-layout-constrained\">\n<div class=\"wp-block-cover alignfull\" style=\"margin-top:0;margin-bottom:0;padding-top:0;padding-right:0;padding-bottom:0;padding-left:0;min-height:600px;aspect-ratio:unset;\"><img loading=\"lazy\" decoding=\"async\" width=\"2560\" height=\"1849\" class=\"wp-block-cover__image-background wp-image-2972\" alt=\"\" src=\"https:\/\/negargetni.com\/wp-content\/uploads\/2024\/09\/Photo-methy-seq-achetee-scaled.jpg\" data-object-fit=\"cover\" srcset=\"https:\/\/integragen.com\/wp-content\/uploads\/2024\/09\/Photo-methy-seq-achetee-scaled.jpg 2560w, https:\/\/integragen.com\/wp-content\/uploads\/2024\/09\/Photo-methy-seq-achetee-300x217.jpg 300w\" sizes=\"auto, (max-width: 2560px) 100vw, 2560px\" \/><span aria-hidden=\"true\" class=\"wp-block-cover__background has-custom-couleur-1-background-color has-background-dim\"><\/span><div class=\"wp-block-cover__inner-container is-layout-flow wp-block-cover-is-layout-flow\">\n<div class=\"wp-block-group is-layout-constrained wp-container-core-group-is-layout-8809c702 wp-block-group-is-layout-constrained\" style=\"margin-top:0;margin-bottom:0;padding-top:80px;padding-right:16px;padding-bottom:80px;padding-left:16px\">\n<div class=\"wp-block-group has-text-color has-link-color wp-elements-8b2788124a1a75a3b2dd599a262945f2 is-layout-constrained wp-container-core-group-is-layout-068c2f0c wp-block-group-is-layout-constrained\" style=\"color:#ebebeb;font-size:14px\"><link rel=\"stylesheet\" href=\"https:\/\/fonts.googleapis.com\/css2?family=Public+Sans:wght@400;500;600;700;800\" \/>\n<h2 class=\"wp-block-heading has-text-align-center has-text-color has-link-color wp-elements-c039bf43f0678c7e6d1212337b1000b9 cozy-animation__initialized\" style=\"color:#fffffe;font-size:clamp(27.894px, 1.743rem + ((1vw - 3.2px) * 1.226), 48px);font-style:normal;font-weight:600;line-height:1.3; font-family: 'Public Sans' !important;\" data-aos=\"flip-up\" data-aos-easing=\"ease-in\" data-aos-anchor-placement=\"top-center\" data-aos-duration=\"600\">Methylation using Sequencing<\/h2>\n\n\n\n<div style=\"height:35px\" aria-hidden=\"true\" class=\"wp-block-spacer\"><\/div>\n\n\n\n<p class=\"has-text-align-center has-medium-font-size\">Among the different existing methods to study methylation profiles, DNA sequencing is probably the most efficient to date. IntegraGen presents an overview of the most innovative and cost-effective sequencing techniques to guide you in the choice of the best method taking into consideration the type of project, the region of DNA to be explored, the type of samples (tissue or liquid biopsy), the DNA quantity and quality, as well as your budget constraints.<\/p>\n<\/div>\n<\/div>\n<\/div><\/div>\n\n\n\n<div style=\"height:35px\" aria-hidden=\"true\" class=\"wp-block-spacer\"><\/div>\n\n\n\n<div class=\"wp-block-group is-vertical is-layout-flex wp-container-core-group-is-layout-fe9cc265 wp-block-group-is-layout-flex\">\n<h4 class=\"wp-block-heading\"><strong>HOW TO CHOOSE THE RIGHT METHYLATION TECHNIQUE?  <\/strong><\/h4>\n\n\n\n<div class=\"wp-block-columns is-layout-flex wp-container-core-columns-is-layout-28f84493 wp-block-columns-is-layout-flex\">\n<div class=\"wp-block-column is-layout-flow wp-block-column-is-layout-flow\" style=\"flex-basis:25%\">\n<hr class=\"wp-block-separator has-text-color has-custom-couleur-3-color has-alpha-channel-opacity has-custom-couleur-3-background-color has-background\"\/>\n<\/div>\n\n\n\n<div class=\"wp-block-column is-layout-flow wp-block-column-is-layout-flow\" style=\"flex-basis:25%\">\n<hr class=\"wp-block-separator has-text-color has-custom-couleur-3-color has-alpha-channel-opacity has-custom-couleur-3-background-color has-background\"\/>\n<\/div>\n\n\n\n<div class=\"wp-block-column is-layout-flow wp-block-column-is-layout-flow\" style=\"flex-basis:50%\"><\/div>\n<\/div>\n\n\n\n<p>While whole genome sequencing still faces cost constraints, reduced representation sequencing methods cover mostly CpG islands. In addition, by offering DNA capture method, IntegraGen offers the newest and best sequencing technique to study methylation profiles in all the DNA methylated regions that matter (not only CpG islands, but also, shelves, shores, and open sea regions).<\/p>\n\n\n\n<p class=\"has-text-align-center\"><\/p>\n\n\n\n<div class=\"wp-block-group is-nowrap is-layout-flex wp-container-core-group-is-layout-6c531013 wp-block-group-is-layout-flex\">\n<figure class=\"wp-block-image size-full\"><img loading=\"lazy\" decoding=\"async\" width=\"846\" height=\"451\" src=\"https:\/\/negargetni.com\/wp-content\/uploads\/2024\/08\/image-1.png\" alt=\"\" class=\"wp-image-2509\" srcset=\"https:\/\/integragen.com\/wp-content\/uploads\/2024\/08\/image-1.png 846w, https:\/\/integragen.com\/wp-content\/uploads\/2024\/08\/image-1-300x160.png 300w, https:\/\/integragen.com\/wp-content\/uploads\/2024\/08\/image-1-768x409.png 768w, https:\/\/integragen.com\/wp-content\/uploads\/2024\/08\/image-1-18x10.png 18w\" sizes=\"auto, (max-width: 846px) 100vw, 846px\" \/><\/figure>\n<\/div>\n\n\n\n<div style=\"height:0px\" aria-hidden=\"true\" class=\"wp-block-spacer wp-container-content-b6ea3432\"><\/div>\n\n\n\n<h4 class=\"wp-block-heading\"><strong>OUR EXPERIENCE<\/strong><\/h4>\n\n\n\n<div class=\"wp-block-columns is-layout-flex wp-container-core-columns-is-layout-28f84493 wp-block-columns-is-layout-flex\">\n<div class=\"wp-block-column is-layout-flow wp-block-column-is-layout-flow\" style=\"flex-basis:25%\">\n<hr class=\"wp-block-separator has-text-color has-custom-couleur-3-color has-alpha-channel-opacity has-custom-couleur-3-background-color has-background\"\/>\n<\/div>\n\n\n\n<div class=\"wp-block-column is-layout-flow wp-block-column-is-layout-flow\" style=\"flex-basis:25%\">\n<hr class=\"wp-block-separator has-text-color has-custom-couleur-3-color has-alpha-channel-opacity has-custom-couleur-3-background-color has-background\"\/>\n<\/div>\n\n\n\n<div class=\"wp-block-column is-layout-flow wp-block-column-is-layout-flow\" style=\"flex-basis:50%\"><\/div>\n<\/div>\n\n\n\n<ul class=\"wp-block-list\">\n<li>Develop large scale methylation analysis using high throughput sequencing since 2011, and using methylation arrays since 2006.<\/li>\n<\/ul>\n\n\n\n<div style=\"height:0px\" aria-hidden=\"true\" class=\"wp-block-spacer wp-container-content-b6ea3432\"><\/div>\n\n\n\n<h4 class=\"wp-block-heading\"><strong>WHAT MAKES INTEGRAGEN YOUR BEST PARTNER? <\/strong><\/h4>\n\n\n\n<div class=\"wp-block-columns is-layout-flex wp-container-core-columns-is-layout-28f84493 wp-block-columns-is-layout-flex\">\n<div class=\"wp-block-column is-layout-flow wp-block-column-is-layout-flow\" style=\"flex-basis:25%\">\n<hr class=\"wp-block-separator has-text-color has-custom-couleur-3-color has-alpha-channel-opacity has-custom-couleur-3-background-color has-background\"\/>\n<\/div>\n\n\n\n<div class=\"wp-block-column is-layout-flow wp-block-column-is-layout-flow\" style=\"flex-basis:25%\">\n<hr class=\"wp-block-separator has-text-color has-custom-couleur-3-color has-alpha-channel-opacity has-custom-couleur-3-background-color has-background\"\/>\n<\/div>\n\n\n\n<div class=\"wp-block-column is-layout-flow wp-block-column-is-layout-flow\" style=\"flex-basis:50%\"><\/div>\n<\/div>\n\n\n\n<ul class=\"wp-block-list\">\n<li>Expertise in project design and analysis plan implementation<\/li>\n\n\n\n<li>Protocol available for circulating free DNA<\/li>\n\n\n\n<li>Protocol available for free circulating DNA<\/li>\n\n\n\n<li>Extraction available from tissues or liquid biopsies<\/li>\n\n\n\n<li>Bioinformatic analysis available<\/li>\n<\/ul>\n\n\n\n<div style=\"height:0px\" aria-hidden=\"true\" class=\"wp-block-spacer wp-container-content-b6ea3432\"><\/div>\n\n\n\n<h4 class=\"wp-block-heading\"><strong>OUR GUARANTEES  <\/strong><\/h4>\n\n\n\n<div class=\"wp-block-columns is-layout-flex wp-container-core-columns-is-layout-28f84493 wp-block-columns-is-layout-flex\">\n<div class=\"wp-block-column is-layout-flow wp-block-column-is-layout-flow\" style=\"flex-basis:25%\">\n<hr class=\"wp-block-separator has-text-color has-custom-couleur-3-color has-alpha-channel-opacity has-custom-couleur-3-background-color has-background\"\/>\n<\/div>\n\n\n\n<div class=\"wp-block-column is-layout-flow wp-block-column-is-layout-flow\" style=\"flex-basis:25%\">\n<hr class=\"wp-block-separator has-text-color has-custom-couleur-3-color has-alpha-channel-opacity has-custom-couleur-3-background-color has-background\"\/>\n<\/div>\n\n\n\n<div class=\"wp-block-column is-layout-flow wp-block-column-is-layout-flow\" style=\"flex-basis:50%\"><\/div>\n<\/div>\n\n\n\n<ul class=\"wp-block-list\">\n<li>High-quality data, read number guaranteed<\/li>\n\n\n\n<li>Conversion efficiency &gt; 99.5%<\/li>\n<\/ul>\n\n\n\n<div style=\"height:0px\" aria-hidden=\"true\" class=\"wp-block-spacer wp-container-content-b6ea3432\"><\/div>\n\n\n\n<h4 class=\"wp-block-heading\"><strong>WHY IS ENZYMATIC CONVERSION PREFERED OVER BISULFITE CONVERSION? <\/strong><\/h4>\n\n\n\n<div class=\"wp-block-columns is-layout-flex wp-container-core-columns-is-layout-28f84493 wp-block-columns-is-layout-flex\">\n<div class=\"wp-block-column is-layout-flow wp-block-column-is-layout-flow\" style=\"flex-basis:25%\">\n<hr class=\"wp-block-separator has-text-color has-custom-couleur-3-color has-alpha-channel-opacity has-custom-couleur-3-background-color has-background\"\/>\n<\/div>\n\n\n\n<div class=\"wp-block-column is-layout-flow wp-block-column-is-layout-flow\" style=\"flex-basis:25%\">\n<hr class=\"wp-block-separator has-text-color has-custom-couleur-3-color has-alpha-channel-opacity has-custom-couleur-3-background-color has-background\"\/>\n<\/div>\n\n\n\n<div class=\"wp-block-column is-layout-flow wp-block-column-is-layout-flow\" style=\"flex-basis:50%\"><\/div>\n<\/div>\n\n\n\n<p>Although the sodium bisulfite conversion of DNA is considered as the gold standard for DNA methylation, this method has some biases compared to enzymatic conversion. Indeed, the chemical reaction with sodium bisulfite damages and degrades the DNA, leading to its fragmentation and loss. The resulting reduced DNA quantity will further bias sequencing data by affecting the DNA quality and CpG coverage. The enzymatic conversion method chosen by IntegraGen leads to less DNA damage, ensuring higher DNA quality and yield, as well as a greater conversion efficiency (higher CpG coverage and alignment quality). This technique is entirely appropriate for the methylome analysis of samples containing a low amount of starting DNA (e.g. cfDNA), amplification of long DNA fragments, and is applicable to DNA capture method.<\/p>\n\n\n\n<div style=\"height:0px\" aria-hidden=\"true\" class=\"wp-block-spacer wp-container-content-b6ea3432\"><\/div>\n\n\n\n<figure class=\"wp-block-image size-full\"><img loading=\"lazy\" decoding=\"async\" width=\"913\" height=\"473\" src=\"https:\/\/negargetni.com\/wp-content\/uploads\/2024\/08\/image-2.png\" alt=\"\" class=\"wp-image-2511\" srcset=\"https:\/\/integragen.com\/wp-content\/uploads\/2024\/08\/image-2.png 913w, https:\/\/integragen.com\/wp-content\/uploads\/2024\/08\/image-2-300x155.png 300w, https:\/\/integragen.com\/wp-content\/uploads\/2024\/08\/image-2-768x398.png 768w, https:\/\/integragen.com\/wp-content\/uploads\/2024\/08\/image-2-18x9.png 18w\" sizes=\"auto, (max-width: 913px) 100vw, 913px\" \/><\/figure>\n\n\n\n<div style=\"height:0px\" aria-hidden=\"true\" class=\"wp-block-spacer wp-container-content-b6ea3432\"><\/div>\n<\/div>\n\n\n<div class=\"cozy-block-wrapper\">\n<ul class=\"cozy-block-icon-list vertical default fill\" id=\"cozyBlock_8152e8bd_69c6_457c_b09b_941e92f49a43\">\n<div class=\"list-inline-block\"><a href=\"\/en\/contact\/\" target=\"\" rel=\"noopener\"><li class=\"cozy-block-list-item\" id=\"cozyBlock_7ea1e421_d2a2_4d34_aa17_b7a0dcc09fc5\"><p>Contact us<\/p><div class=\"list-icon-wrapper\"><svg viewbox=\"0 0 24 24\" xmlns=\"http:\/\/www.w3.org\/2000\/svg\" aria-hidden=\"true\"><path d=\"M19.3651 12.56L14.3851 17.56C14.2251 17.72 14.0251 17.8 13.8251 17.8C13.6251 17.8 13.4251 17.72 13.2651 17.56C12.9451 17.24 12.9451 16.74 13.2651 16.42L16.8851 12.78H5.20511C4.76511 12.78 4.40511 12.42 4.40511 11.98C4.40511 11.54 4.76511 11.18 5.20511 11.18H16.8851L13.2651 7.54001C12.9451 7.22001 12.9451 6.72 13.2651 6.4C13.5851 6.08 14.0851 6.08 14.4051 6.4L19.3851 11.4C19.6851 11.74 19.6851 12.26 19.3651 12.56Z\"><\/path><\/svg><\/div><\/li><\/a><\/div>\n<\/ul>\n<\/div><\/div>","protected":false},"excerpt":{"rendered":"<p>HOW TO CHOOSE THE RIGHT METHYLATION TECHNIQUE? While whole-genome sequencing still faces cost constraints, reduced-representation sequencing methods mainly cover CpG islands. By offering the DNA capture method, IntegraGen offers the latest and best sequencing technique...<\/p>","protected":false},"author":1,"featured_media":0,"parent":2288,"menu_order":0,"comment_status":"closed","ping_status":"closed","template":"fullwidth-page-template","meta":{"ca_portfolio_gallery_project_year":"","ca_portfolio_gallery_client":"","ca_portfolio_gallery_skills":"","ca_portfolio_gallery_url":"","ca_portfolio_gallery_images":"","_eb_attr":"","footnotes":""},"class_list":["post-1359","page","type-page","status-publish","hentry"],"yoast_head":"<!-- This site is optimized with the Yoast SEO plugin v27.5 - https:\/\/yoast.com\/product\/yoast-seo-wordpress\/ -->\n<title>M\u00e9thylation par s\u00e9quen\u00e7age &#8211; IntegraGen<\/title>\n<meta name=\"robots\" content=\"index, follow, max-snippet:-1, max-image-preview:large, max-video-preview:-1\" \/>\n<link rel=\"canonical\" href=\"https:\/\/integragen.com\/en\/nos-services\/methylation\/methylation-par-sequencage\/\" \/>\n<meta property=\"og:locale\" content=\"en_US\" \/>\n<meta property=\"og:type\" content=\"article\" \/>\n<meta property=\"og:title\" content=\"M\u00e9thylation par s\u00e9quen\u00e7age &#8211; IntegraGen\" \/>\n<meta property=\"og:description\" content=\"COMMENT CHOISIR LA BONNE TECHNIQUE DE M\u00c9THYLATION ? Alors que le s\u00e9quen\u00e7age du g\u00e9nome entier se heurte encore \u00e0 des contraintes de co\u00fbt, les m\u00e9thodes de s\u00e9quen\u00e7age \u00e0 repr\u00e9sentation r\u00e9duite couvrent principalement les \u00eelots CpG. En proposant la m\u00e9thode de capture de l&rsquo;ADN, IntegraGen offre la technique de s\u00e9quen\u00e7age la plus r\u00e9cente et la mieux...\" \/>\n<meta property=\"og:url\" content=\"https:\/\/integragen.com\/en\/nos-services\/methylation\/methylation-par-sequencage\/\" \/>\n<meta property=\"og:site_name\" content=\"IntegraGen\" \/>\n<meta property=\"article:modified_time\" content=\"2025-07-28T08:21:14+00:00\" \/>\n<meta property=\"og:image\" content=\"https:\/\/integragen.com\/wp-content\/uploads\/2024\/09\/Photo-methy-seq-achetee-scaled.jpg\" \/>\n\t<meta property=\"og:image:width\" content=\"2560\" \/>\n\t<meta property=\"og:image:height\" content=\"1849\" \/>\n\t<meta property=\"og:image:type\" content=\"image\/jpeg\" \/>\n<meta name=\"twitter:card\" content=\"summary_large_image\" \/>\n<meta name=\"twitter:label1\" content=\"Est. reading time\" \/>\n\t<meta name=\"twitter:data1\" content=\"3 minutes\" \/>\n<script type=\"application\/ld+json\" class=\"yoast-schema-graph\">{\"@context\":\"https:\\\/\\\/schema.org\",\"@graph\":[{\"@type\":\"WebPage\",\"@id\":\"https:\\\/\\\/integragen.com\\\/nos-services\\\/methylation\\\/methylation-par-sequencage\\\/\",\"url\":\"https:\\\/\\\/integragen.com\\\/nos-services\\\/methylation\\\/methylation-par-sequencage\\\/\",\"name\":\"M\u00e9thylation par s\u00e9quen\u00e7age &#8211; IntegraGen\",\"isPartOf\":{\"@id\":\"https:\\\/\\\/integragen.com\\\/#website\"},\"primaryImageOfPage\":{\"@id\":\"https:\\\/\\\/integragen.com\\\/nos-services\\\/methylation\\\/methylation-par-sequencage\\\/#primaryimage\"},\"image\":{\"@id\":\"https:\\\/\\\/integragen.com\\\/nos-services\\\/methylation\\\/methylation-par-sequencage\\\/#primaryimage\"},\"thumbnailUrl\":\"https:\\\/\\\/negargetni.com\\\/wp-content\\\/uploads\\\/2024\\\/09\\\/Photo-methy-seq-achetee-scaled.jpg\",\"datePublished\":\"2024-07-31T13:03:28+00:00\",\"dateModified\":\"2025-07-28T08:21:14+00:00\",\"breadcrumb\":{\"@id\":\"https:\\\/\\\/integragen.com\\\/nos-services\\\/methylation\\\/methylation-par-sequencage\\\/#breadcrumb\"},\"inLanguage\":\"en-US\",\"potentialAction\":[{\"@type\":\"ReadAction\",\"target\":[\"https:\\\/\\\/integragen.com\\\/nos-services\\\/methylation\\\/methylation-par-sequencage\\\/\"]}]},{\"@type\":\"ImageObject\",\"inLanguage\":\"en-US\",\"@id\":\"https:\\\/\\\/integragen.com\\\/nos-services\\\/methylation\\\/methylation-par-sequencage\\\/#primaryimage\",\"url\":\"https:\\\/\\\/negargetni.com\\\/wp-content\\\/uploads\\\/2024\\\/09\\\/Photo-methy-seq-achetee-scaled.jpg\",\"contentUrl\":\"https:\\\/\\\/negargetni.com\\\/wp-content\\\/uploads\\\/2024\\\/09\\\/Photo-methy-seq-achetee-scaled.jpg\"},{\"@type\":\"BreadcrumbList\",\"@id\":\"https:\\\/\\\/integragen.com\\\/nos-services\\\/methylation\\\/methylation-par-sequencage\\\/#breadcrumb\",\"itemListElement\":[{\"@type\":\"ListItem\",\"position\":1,\"name\":\"Accueil\",\"item\":\"https:\\\/\\\/integragen.com\\\/\"},{\"@type\":\"ListItem\",\"position\":2,\"name\":\"Nos Services\",\"item\":\"https:\\\/\\\/integragen.com\\\/nos-services\\\/\"},{\"@type\":\"ListItem\",\"position\":3,\"name\":\"M\u00e9thylation\",\"item\":\"https:\\\/\\\/integragen.com\\\/nos-services\\\/methylation\\\/\"},{\"@type\":\"ListItem\",\"position\":4,\"name\":\"M\u00e9thylation par s\u00e9quen\u00e7age\"}]},{\"@type\":\"WebSite\",\"@id\":\"https:\\\/\\\/integragen.com\\\/#website\",\"url\":\"https:\\\/\\\/integragen.com\\\/\",\"name\":\"IntegraGen - Clinical Genomic Experts\",\"description\":\"NGS Sequencing &amp; Bioinformatics for Pharma, Biotech &amp; CRO\",\"publisher\":{\"@id\":\"https:\\\/\\\/integragen.com\\\/#organization\"},\"alternateName\":\"IntegraGen\",\"potentialAction\":[{\"@type\":\"SearchAction\",\"target\":{\"@type\":\"EntryPoint\",\"urlTemplate\":\"https:\\\/\\\/integragen.com\\\/?s={search_term_string}\"},\"query-input\":{\"@type\":\"PropertyValueSpecification\",\"valueRequired\":true,\"valueName\":\"search_term_string\"}}],\"inLanguage\":\"en-US\"},{\"@type\":\"Organization\",\"@id\":\"https:\\\/\\\/integragen.com\\\/#organization\",\"name\":\"IntegraGen\",\"url\":\"https:\\\/\\\/integragen.com\\\/\",\"logo\":{\"@type\":\"ImageObject\",\"inLanguage\":\"en-US\",\"@id\":\"https:\\\/\\\/integragen.com\\\/#\\\/schema\\\/logo\\\/image\\\/\",\"url\":\"https:\\\/\\\/integragen.com\\\/wp-content\\\/uploads\\\/2024\\\/09\\\/Logo_IntegraGen_OncoDNA.png\",\"contentUrl\":\"https:\\\/\\\/integragen.com\\\/wp-content\\\/uploads\\\/2024\\\/09\\\/Logo_IntegraGen_OncoDNA.png\",\"width\":2478,\"height\":684,\"caption\":\"IntegraGen\"},\"image\":{\"@id\":\"https:\\\/\\\/integragen.com\\\/#\\\/schema\\\/logo\\\/image\\\/\"},\"sameAs\":[\"https:\\\/\\\/www.linkedin.com\\\/company\\\/integragen\\\/\"]}]}<\/script>\n<!-- \/ Yoast SEO plugin. -->","yoast_head_json":{"title":"M\u00e9thylation par s\u00e9quen\u00e7age &#8211; IntegraGen","robots":{"index":"index","follow":"follow","max-snippet":"max-snippet:-1","max-image-preview":"max-image-preview:large","max-video-preview":"max-video-preview:-1"},"canonical":"https:\/\/integragen.com\/en\/nos-services\/methylation\/methylation-par-sequencage\/","og_locale":"en_US","og_type":"article","og_title":"M\u00e9thylation par s\u00e9quen\u00e7age &#8211; IntegraGen","og_description":"COMMENT CHOISIR LA BONNE TECHNIQUE DE M\u00c9THYLATION ? Alors que le s\u00e9quen\u00e7age du g\u00e9nome entier se heurte encore \u00e0 des contraintes de co\u00fbt, les m\u00e9thodes de s\u00e9quen\u00e7age \u00e0 repr\u00e9sentation r\u00e9duite couvrent principalement les \u00eelots CpG. En proposant la m\u00e9thode de capture de l&rsquo;ADN, IntegraGen offre la technique de s\u00e9quen\u00e7age la plus r\u00e9cente et la mieux...","og_url":"https:\/\/integragen.com\/en\/nos-services\/methylation\/methylation-par-sequencage\/","og_site_name":"IntegraGen","article_modified_time":"2025-07-28T08:21:14+00:00","og_image":[{"width":2560,"height":1849,"url":"https:\/\/integragen.com\/wp-content\/uploads\/2024\/09\/Photo-methy-seq-achetee-scaled.jpg","type":"image\/jpeg"}],"twitter_card":"summary_large_image","twitter_misc":{"Est. reading time":"3 minutes"},"schema":{"@context":"https:\/\/schema.org","@graph":[{"@type":"WebPage","@id":"https:\/\/integragen.com\/nos-services\/methylation\/methylation-par-sequencage\/","url":"https:\/\/integragen.com\/nos-services\/methylation\/methylation-par-sequencage\/","name":"M\u00e9thylation par s\u00e9quen\u00e7age &#8211; IntegraGen","isPartOf":{"@id":"https:\/\/integragen.com\/#website"},"primaryImageOfPage":{"@id":"https:\/\/integragen.com\/nos-services\/methylation\/methylation-par-sequencage\/#primaryimage"},"image":{"@id":"https:\/\/integragen.com\/nos-services\/methylation\/methylation-par-sequencage\/#primaryimage"},"thumbnailUrl":"https:\/\/negargetni.com\/wp-content\/uploads\/2024\/09\/Photo-methy-seq-achetee-scaled.jpg","datePublished":"2024-07-31T13:03:28+00:00","dateModified":"2025-07-28T08:21:14+00:00","breadcrumb":{"@id":"https:\/\/integragen.com\/nos-services\/methylation\/methylation-par-sequencage\/#breadcrumb"},"inLanguage":"en-US","potentialAction":[{"@type":"ReadAction","target":["https:\/\/integragen.com\/nos-services\/methylation\/methylation-par-sequencage\/"]}]},{"@type":"ImageObject","inLanguage":"en-US","@id":"https:\/\/integragen.com\/nos-services\/methylation\/methylation-par-sequencage\/#primaryimage","url":"https:\/\/negargetni.com\/wp-content\/uploads\/2024\/09\/Photo-methy-seq-achetee-scaled.jpg","contentUrl":"https:\/\/negargetni.com\/wp-content\/uploads\/2024\/09\/Photo-methy-seq-achetee-scaled.jpg"},{"@type":"BreadcrumbList","@id":"https:\/\/integragen.com\/nos-services\/methylation\/methylation-par-sequencage\/#breadcrumb","itemListElement":[{"@type":"ListItem","position":1,"name":"Accueil","item":"https:\/\/integragen.com\/"},{"@type":"ListItem","position":2,"name":"Nos Services","item":"https:\/\/integragen.com\/nos-services\/"},{"@type":"ListItem","position":3,"name":"M\u00e9thylation","item":"https:\/\/integragen.com\/nos-services\/methylation\/"},{"@type":"ListItem","position":4,"name":"M\u00e9thylation par s\u00e9quen\u00e7age"}]},{"@type":"WebSite","@id":"https:\/\/integragen.com\/#website","url":"https:\/\/integragen.com\/","name":"IntegraGen - Clinical Genomic Experts","description":"NGS Sequencing &amp; Bioinformatics for Pharma, Biotech &amp; CROs","publisher":{"@id":"https:\/\/integragen.com\/#organization"},"alternateName":"IntegraGen","potentialAction":[{"@type":"SearchAction","target":{"@type":"EntryPoint","urlTemplate":"https:\/\/integragen.com\/?s={search_term_string}"},"query-input":{"@type":"PropertyValueSpecification","valueRequired":true,"valueName":"search_term_string"}}],"inLanguage":"en-US"},{"@type":"Organization","@id":"https:\/\/integragen.com\/#organization","name":"IntegraGen","url":"https:\/\/integragen.com\/","logo":{"@type":"ImageObject","inLanguage":"en-US","@id":"https:\/\/integragen.com\/#\/schema\/logo\/image\/","url":"https:\/\/integragen.com\/wp-content\/uploads\/2024\/09\/Logo_IntegraGen_OncoDNA.png","contentUrl":"https:\/\/integragen.com\/wp-content\/uploads\/2024\/09\/Logo_IntegraGen_OncoDNA.png","width":2478,"height":684,"caption":"IntegraGen"},"image":{"@id":"https:\/\/integragen.com\/#\/schema\/logo\/image\/"},"sameAs":["https:\/\/www.linkedin.com\/company\/integragen\/"]}]}},"_links":{"self":[{"href":"https:\/\/integragen.com\/en\/wp-json\/wp\/v2\/pages\/1359","targetHints":{"allow":["GET"]}}],"collection":[{"href":"https:\/\/integragen.com\/en\/wp-json\/wp\/v2\/pages"}],"about":[{"href":"https:\/\/integragen.com\/en\/wp-json\/wp\/v2\/types\/page"}],"author":[{"embeddable":true,"href":"https:\/\/integragen.com\/en\/wp-json\/wp\/v2\/users\/1"}],"replies":[{"embeddable":true,"href":"https:\/\/integragen.com\/en\/wp-json\/wp\/v2\/comments?post=1359"}],"version-history":[{"count":26,"href":"https:\/\/integragen.com\/en\/wp-json\/wp\/v2\/pages\/1359\/revisions"}],"predecessor-version":[{"id":4421,"href":"https:\/\/integragen.com\/en\/wp-json\/wp\/v2\/pages\/1359\/revisions\/4421"}],"up":[{"embeddable":true,"href":"https:\/\/integragen.com\/en\/wp-json\/wp\/v2\/pages\/2288"}],"wp:attachment":[{"href":"https:\/\/integragen.com\/en\/wp-json\/wp\/v2\/media?parent=1359"}],"curies":[{"name":"wp","href":"https:\/\/api.w.org\/{rel}","templated":true}]}}