{"id":1031,"date":"2024-07-30T10:24:46","date_gmt":"2024-07-30T10:24:46","guid":{"rendered":"https:\/\/negargetni.com\/?page_id=1031"},"modified":"2025-07-01T11:58:34","modified_gmt":"2025-07-01T09:58:34","slug":"offres-demploi","status":"publish","type":"page","link":"https:\/\/integragen.com\/en\/a-propos-de-nous\/offres-demploi\/","title":{"rendered":"Job Offers"},"content":{"rendered":"<div class=\"wp-block-group is-layout-constrained wp-block-group-is-layout-constrained\">\n<div class=\"wp-block-group alignfull has-background is-layout-constrained wp-container-core-group-is-layout-e6f1036d wp-block-group-is-layout-constrained\" style=\"background-color:#fffffe;margin-top:0;margin-bottom:0;padding-top:0;padding-right:0;padding-bottom:0;padding-left:0\">\n<div class=\"wp-block-group is-layout-constrained wp-container-core-group-is-layout-bda7ed67 wp-block-group-is-layout-constrained\" style=\"margin-top:0;margin-bottom:0;padding-top:60px;padding-right:16px;padding-bottom:60px;padding-left:16px\">\n<div style=\"height:31px\" aria-hidden=\"true\" class=\"wp-block-spacer\"><\/div>\n\n\n<link rel=\"stylesheet\" href=\"https:\/\/fonts.googleapis.com\/css2?family=Inter:wght@400;500;600;700;800\" \/>\n<h1 class=\"wp-block-heading has-text-align-left has-custom-couleur-1-color has-text-color has-link-color wp-elements-3135a52cd1dcdec869d2a9d5eddd64fd cozy-animation__initialized\" style=\"margin-top:0;margin-right:0;margin-bottom:6px;margin-left:0;font-size:clamp(25.984px, 1.624rem + ((1vw - 3.2px) * 1.099), 44px);font-style:normal;font-weight:500;line-height:1.2; font-family: 'Inter' !important;\" data-aos=\"flip-up\" data-aos-easing=\"ease-in\" data-aos-anchor-placement=\"top-bottom\" data-aos-duration=\"600\"><strong>Job Offers<\/strong><\/h1>\n\n\n\n<div style=\"height:31px\" aria-hidden=\"true\" class=\"wp-block-spacer\"><\/div>\n\n\n\n<div class=\"wp-block-columns is-layout-flex wp-container-core-columns-is-layout-c4577cef wp-block-columns-is-layout-flex cozy-animation__initialized\" style=\"margin-top:0;margin-bottom:0;font-size:clamp(14px, 0.875rem + ((1vw - 3.2px) * 0.122), 16px);\"><link rel=\"stylesheet\" href=\"https:\/\/fonts.googleapis.com\/css2?family=Public+Sans:wght@400;500;600;700;800\" \/>\n<div class=\"wp-block-column is-vertically-aligned-center has-text-color has-link-color wp-elements-99008f390f37721eec1136b4904ebcef is-layout-flow wp-container-core-column-is-layout-9f77543f wp-block-column-is-layout-flow cozy-animation__initialized\" style=\"color:#646464;font-size:14px; font-family: 'Public Sans' !important;\">\n<div class=\"wp-block-group is-content-justification-left is-layout-constrained wp-container-core-group-is-layout-3d704052 wp-block-group-is-layout-constrained\" style=\"margin-top:0;margin-bottom:0\">\n<p class=\"has-text-align-left has-custom-couleur-2-color has-text-color has-link-color has-normal-font-size wp-elements-3e94a86cc16851c8018c505c76bf31e9\" style=\"line-height:1.5\"><strong>Are you a motivated individual looking for a challenging opportunity with a company at the cutting edge of genomics and molecular diagnostics?<\/strong><\/p>\n\n\n\n<div style=\"height:13px\" aria-hidden=\"true\" class=\"wp-block-spacer\"><\/div>\n\n\n\n<p class=\"has-custom-couleur-2-color has-text-color has-link-color has-normal-font-size wp-elements-44e17fc9fa3979c19369a541afc399d0\"><strong>IntegraGen specializes in deciphering the human genome, performing genomic analysis and high-throughput sequencing for research and clinical laboratories, while developing molecular diagnostic tools that help clinicians improve patient outcomes.&nbsp;<\/strong><\/p>\n\n\n\n<div style=\"height:13px\" aria-hidden=\"true\" class=\"wp-block-spacer\"><\/div>\n\n\n\n<p class=\"has-custom-couleur-2-color has-text-color has-link-color has-normal-font-size wp-elements-007fb1ad6f2a350e05b4cb231b6cd314\"><strong>If you have the training and experience required to help us, don't hesitate to apply.<\/strong><\/p>\n<\/div>\n\n\n\n<div class=\"wp-block-group is-vertical is-layout-flex wp-container-core-group-is-layout-8593f5d3 wp-block-group-is-layout-flex\" style=\"margin-top:26px;margin-bottom:26px\">\n<div class=\"wp-block-group is-layout-constrained wp-container-core-group-is-layout-19e250f3 wp-block-group-is-layout-constrained\"><link rel=\"stylesheet\" href=\"https:\/\/fonts.googleapis.com\/css2?family=Inter:wght@400;500;600;700;800\" \/>\n<h3 class=\"wp-block-heading has-custom-couleur-1-color has-text-color has-link-color wp-elements-d7793b8709b802b0fe531c37d97750fc\" style=\"font-size:clamp(14px, 0.875rem + ((1vw - 3.2px) * 0.366), 20px);font-style:normal;font-weight:600;line-height:1.3; font-family: 'Inter' !important;\">Current job offers<\/h3>\n<\/div>\n\n\n\n<hr class=\"wp-block-separator has-text-color has-custom-couleur-3-color has-alpha-channel-opacity has-custom-couleur-3-background-color has-background is-style-default\"\/>\n<\/div>\n<\/div>\n\n\n\n<div class=\"wp-block-column is-layout-flow wp-container-core-column-is-layout-8a368f38 wp-block-column-is-layout-flow cozy-animation__initialized\" data-aos=\"zoom-in-up\" data-aos-easing=\"ease\" data-aos-anchor-placement=\"top-center\" data-aos-duration=\"600\">\n<figure class=\"wp-block-image size-full is-resized\"><img loading=\"lazy\" decoding=\"async\" width=\"267\" height=\"160\" src=\"https:\/\/negargetni.com\/wp-content\/uploads\/2024\/07\/integragen-careers-employment.jpg\" alt=\"\" class=\"wp-image-1199\" style=\"object-fit:cover;width:531px;height:auto\"\/><\/figure>\n<\/div>\n<\/div>\n<\/div>\n<\/div>\n<\/div>\n\n\n\n<p><\/p>","protected":false},"excerpt":{"rendered":"<p>Job Opportunities Are you a motivated individual looking for a challenging opportunity with a company at the cutting edge of genomics and molecular diagnostics? IntegraGen specializes in the decoding of the human genome, and provides genomic analysis and high-throughput sequencing for research and clinical laboratories, while...<\/p>","protected":false},"author":1,"featured_media":0,"parent":28,"menu_order":3,"comment_status":"closed","ping_status":"closed","template":"fullwidth-page-template","meta":{"ca_portfolio_gallery_project_year":"","ca_portfolio_gallery_client":"","ca_portfolio_gallery_skills":"","ca_portfolio_gallery_url":"","ca_portfolio_gallery_images":"","_eb_attr":"","footnotes":""},"class_list":["post-1031","page","type-page","status-publish","hentry"],"yoast_head":"<!-- This site is optimized with the Yoast SEO plugin v27.3 - https:\/\/yoast.com\/product\/yoast-seo-wordpress\/ -->\n<title>Offres d&#039;Emploi &#8211; IntegraGen<\/title>\n<meta name=\"robots\" content=\"index, follow, max-snippet:-1, max-image-preview:large, max-video-preview:-1\" \/>\n<link rel=\"canonical\" href=\"https:\/\/integragen.com\/en\/a-propos-de-nous\/offres-demploi\/\" \/>\n<meta property=\"og:locale\" content=\"en_US\" \/>\n<meta property=\"og:type\" content=\"article\" \/>\n<meta property=\"og:title\" content=\"Offres d&#039;Emploi &#8211; IntegraGen\" \/>\n<meta property=\"og:description\" content=\"Offres d&rsquo;Emploi \u00cates-vous une personne motiv\u00e9e \u00e0 la recherche d&rsquo;une occasion stimulante avec une entreprise \u00e0 la fine pointe de la g\u00e9nomique et du diagnostic mol\u00e9culaire ? IntegraGen est sp\u00e9cialis\u00e9e dans le d\u00e9cryptage du g\u00e9nome humain et r\u00e9alise l\u2019analyse g\u00e9nomique et du s\u00e9quen\u00e7age haut d\u00e9bit pour les laboratoires de recherche et les laboratoires cliniques, tout...\" \/>\n<meta property=\"og:url\" content=\"https:\/\/integragen.com\/en\/a-propos-de-nous\/offres-demploi\/\" \/>\n<meta property=\"og:site_name\" content=\"IntegraGen\" \/>\n<meta property=\"article:modified_time\" content=\"2025-07-01T09:58:34+00:00\" \/>\n<meta property=\"og:image\" content=\"https:\/\/integragen.com\/wp-content\/uploads\/2024\/07\/integragen-careers-employment.jpg\" \/>\n\t<meta property=\"og:image:width\" content=\"267\" \/>\n\t<meta property=\"og:image:height\" content=\"160\" \/>\n\t<meta property=\"og:image:type\" content=\"image\/jpeg\" \/>\n<meta name=\"twitter:card\" content=\"summary_large_image\" \/>\n<meta name=\"twitter:label1\" content=\"Est. reading time\" \/>\n\t<meta name=\"twitter:data1\" content=\"1 minute\" \/>\n<script type=\"application\/ld+json\" class=\"yoast-schema-graph\">{\"@context\":\"https:\\\/\\\/schema.org\",\"@graph\":[{\"@type\":\"WebPage\",\"@id\":\"https:\\\/\\\/integragen.com\\\/a-propos-de-nous\\\/offres-demploi\\\/\",\"url\":\"https:\\\/\\\/integragen.com\\\/a-propos-de-nous\\\/offres-demploi\\\/\",\"name\":\"Offres d'Emploi &#8211; IntegraGen\",\"isPartOf\":{\"@id\":\"https:\\\/\\\/integragen.com\\\/#website\"},\"primaryImageOfPage\":{\"@id\":\"https:\\\/\\\/integragen.com\\\/a-propos-de-nous\\\/offres-demploi\\\/#primaryimage\"},\"image\":{\"@id\":\"https:\\\/\\\/integragen.com\\\/a-propos-de-nous\\\/offres-demploi\\\/#primaryimage\"},\"thumbnailUrl\":\"https:\\\/\\\/negargetni.com\\\/wp-content\\\/uploads\\\/2024\\\/07\\\/integragen-careers-employment.jpg\",\"datePublished\":\"2024-07-30T10:24:46+00:00\",\"dateModified\":\"2025-07-01T09:58:34+00:00\",\"breadcrumb\":{\"@id\":\"https:\\\/\\\/integragen.com\\\/a-propos-de-nous\\\/offres-demploi\\\/#breadcrumb\"},\"inLanguage\":\"en-US\",\"potentialAction\":[{\"@type\":\"ReadAction\",\"target\":[\"https:\\\/\\\/integragen.com\\\/a-propos-de-nous\\\/offres-demploi\\\/\"]}]},{\"@type\":\"ImageObject\",\"inLanguage\":\"en-US\",\"@id\":\"https:\\\/\\\/integragen.com\\\/a-propos-de-nous\\\/offres-demploi\\\/#primaryimage\",\"url\":\"https:\\\/\\\/negargetni.com\\\/wp-content\\\/uploads\\\/2024\\\/07\\\/integragen-careers-employment.jpg\",\"contentUrl\":\"https:\\\/\\\/negargetni.com\\\/wp-content\\\/uploads\\\/2024\\\/07\\\/integragen-careers-employment.jpg\"},{\"@type\":\"BreadcrumbList\",\"@id\":\"https:\\\/\\\/integragen.com\\\/a-propos-de-nous\\\/offres-demploi\\\/#breadcrumb\",\"itemListElement\":[{\"@type\":\"ListItem\",\"position\":1,\"name\":\"Accueil\",\"item\":\"https:\\\/\\\/integragen.com\\\/\"},{\"@type\":\"ListItem\",\"position\":2,\"name\":\"\u00c0 Propos de Nous\",\"item\":\"https:\\\/\\\/integragen.com\\\/a-propos-de-nous\\\/\"},{\"@type\":\"ListItem\",\"position\":3,\"name\":\"Offres d&rsquo;Emploi\"}]},{\"@type\":\"WebSite\",\"@id\":\"https:\\\/\\\/integragen.com\\\/#website\",\"url\":\"https:\\\/\\\/integragen.com\\\/\",\"name\":\"IntegraGen - Clinical Genomic Experts\",\"description\":\"NGS Sequencing &amp; Bioinformatics for Pharma, Biotech &amp; CRO\",\"publisher\":{\"@id\":\"https:\\\/\\\/integragen.com\\\/#organization\"},\"alternateName\":\"IntegraGen\",\"potentialAction\":[{\"@type\":\"SearchAction\",\"target\":{\"@type\":\"EntryPoint\",\"urlTemplate\":\"https:\\\/\\\/integragen.com\\\/?s={search_term_string}\"},\"query-input\":{\"@type\":\"PropertyValueSpecification\",\"valueRequired\":true,\"valueName\":\"search_term_string\"}}],\"inLanguage\":\"en-US\"},{\"@type\":\"Organization\",\"@id\":\"https:\\\/\\\/integragen.com\\\/#organization\",\"name\":\"IntegraGen\",\"url\":\"https:\\\/\\\/integragen.com\\\/\",\"logo\":{\"@type\":\"ImageObject\",\"inLanguage\":\"en-US\",\"@id\":\"https:\\\/\\\/integragen.com\\\/#\\\/schema\\\/logo\\\/image\\\/\",\"url\":\"https:\\\/\\\/integragen.com\\\/wp-content\\\/uploads\\\/2024\\\/09\\\/Logo_IntegraGen_OncoDNA.png\",\"contentUrl\":\"https:\\\/\\\/integragen.com\\\/wp-content\\\/uploads\\\/2024\\\/09\\\/Logo_IntegraGen_OncoDNA.png\",\"width\":2478,\"height\":684,\"caption\":\"IntegraGen\"},\"image\":{\"@id\":\"https:\\\/\\\/integragen.com\\\/#\\\/schema\\\/logo\\\/image\\\/\"},\"sameAs\":[\"https:\\\/\\\/www.linkedin.com\\\/company\\\/integragen\\\/\"]}]}<\/script>\n<!-- \/ Yoast SEO plugin. -->","yoast_head_json":{"title":"Offres d'Emploi &#8211; IntegraGen","robots":{"index":"index","follow":"follow","max-snippet":"max-snippet:-1","max-image-preview":"max-image-preview:large","max-video-preview":"max-video-preview:-1"},"canonical":"https:\/\/integragen.com\/en\/a-propos-de-nous\/offres-demploi\/","og_locale":"en_US","og_type":"article","og_title":"Offres d'Emploi &#8211; IntegraGen","og_description":"Offres d&rsquo;Emploi \u00cates-vous une personne motiv\u00e9e \u00e0 la recherche d&rsquo;une occasion stimulante avec une entreprise \u00e0 la fine pointe de la g\u00e9nomique et du diagnostic mol\u00e9culaire ? IntegraGen est sp\u00e9cialis\u00e9e dans le d\u00e9cryptage du g\u00e9nome humain et r\u00e9alise l\u2019analyse g\u00e9nomique et du s\u00e9quen\u00e7age haut d\u00e9bit pour les laboratoires de recherche et les laboratoires cliniques, tout...","og_url":"https:\/\/integragen.com\/en\/a-propos-de-nous\/offres-demploi\/","og_site_name":"IntegraGen","article_modified_time":"2025-07-01T09:58:34+00:00","og_image":[{"width":267,"height":160,"url":"https:\/\/integragen.com\/wp-content\/uploads\/2024\/07\/integragen-careers-employment.jpg","type":"image\/jpeg"}],"twitter_card":"summary_large_image","twitter_misc":{"Est. reading time":"1 minute"},"schema":{"@context":"https:\/\/schema.org","@graph":[{"@type":"WebPage","@id":"https:\/\/integragen.com\/a-propos-de-nous\/offres-demploi\/","url":"https:\/\/integragen.com\/a-propos-de-nous\/offres-demploi\/","name":"Offres d'Emploi &#8211; IntegraGen","isPartOf":{"@id":"https:\/\/integragen.com\/#website"},"primaryImageOfPage":{"@id":"https:\/\/integragen.com\/a-propos-de-nous\/offres-demploi\/#primaryimage"},"image":{"@id":"https:\/\/integragen.com\/a-propos-de-nous\/offres-demploi\/#primaryimage"},"thumbnailUrl":"https:\/\/negargetni.com\/wp-content\/uploads\/2024\/07\/integragen-careers-employment.jpg","datePublished":"2024-07-30T10:24:46+00:00","dateModified":"2025-07-01T09:58:34+00:00","breadcrumb":{"@id":"https:\/\/integragen.com\/a-propos-de-nous\/offres-demploi\/#breadcrumb"},"inLanguage":"en-US","potentialAction":[{"@type":"ReadAction","target":["https:\/\/integragen.com\/a-propos-de-nous\/offres-demploi\/"]}]},{"@type":"ImageObject","inLanguage":"en-US","@id":"https:\/\/integragen.com\/a-propos-de-nous\/offres-demploi\/#primaryimage","url":"https:\/\/negargetni.com\/wp-content\/uploads\/2024\/07\/integragen-careers-employment.jpg","contentUrl":"https:\/\/negargetni.com\/wp-content\/uploads\/2024\/07\/integragen-careers-employment.jpg"},{"@type":"BreadcrumbList","@id":"https:\/\/integragen.com\/a-propos-de-nous\/offres-demploi\/#breadcrumb","itemListElement":[{"@type":"ListItem","position":1,"name":"Accueil","item":"https:\/\/integragen.com\/"},{"@type":"ListItem","position":2,"name":"\u00c0 Propos de Nous","item":"https:\/\/integragen.com\/a-propos-de-nous\/"},{"@type":"ListItem","position":3,"name":"Offres d&rsquo;Emploi"}]},{"@type":"WebSite","@id":"https:\/\/integragen.com\/#website","url":"https:\/\/integragen.com\/","name":"IntegraGen - Clinical Genomic Experts","description":"NGS Sequencing &amp; Bioinformatics for Pharma, Biotech &amp; CROs","publisher":{"@id":"https:\/\/integragen.com\/#organization"},"alternateName":"IntegraGen","potentialAction":[{"@type":"SearchAction","target":{"@type":"EntryPoint","urlTemplate":"https:\/\/integragen.com\/?s={search_term_string}"},"query-input":{"@type":"PropertyValueSpecification","valueRequired":true,"valueName":"search_term_string"}}],"inLanguage":"en-US"},{"@type":"Organization","@id":"https:\/\/integragen.com\/#organization","name":"IntegraGen","url":"https:\/\/integragen.com\/","logo":{"@type":"ImageObject","inLanguage":"en-US","@id":"https:\/\/integragen.com\/#\/schema\/logo\/image\/","url":"https:\/\/integragen.com\/wp-content\/uploads\/2024\/09\/Logo_IntegraGen_OncoDNA.png","contentUrl":"https:\/\/integragen.com\/wp-content\/uploads\/2024\/09\/Logo_IntegraGen_OncoDNA.png","width":2478,"height":684,"caption":"IntegraGen"},"image":{"@id":"https:\/\/integragen.com\/#\/schema\/logo\/image\/"},"sameAs":["https:\/\/www.linkedin.com\/company\/integragen\/"]}]}},"_links":{"self":[{"href":"https:\/\/integragen.com\/en\/wp-json\/wp\/v2\/pages\/1031","targetHints":{"allow":["GET"]}}],"collection":[{"href":"https:\/\/integragen.com\/en\/wp-json\/wp\/v2\/pages"}],"about":[{"href":"https:\/\/integragen.com\/en\/wp-json\/wp\/v2\/types\/page"}],"author":[{"embeddable":true,"href":"https:\/\/integragen.com\/en\/wp-json\/wp\/v2\/users\/1"}],"replies":[{"embeddable":true,"href":"https:\/\/integragen.com\/en\/wp-json\/wp\/v2\/comments?post=1031"}],"version-history":[{"count":10,"href":"https:\/\/integragen.com\/en\/wp-json\/wp\/v2\/pages\/1031\/revisions"}],"predecessor-version":[{"id":4270,"href":"https:\/\/integragen.com\/en\/wp-json\/wp\/v2\/pages\/1031\/revisions\/4270"}],"up":[{"embeddable":true,"href":"https:\/\/integragen.com\/en\/wp-json\/wp\/v2\/pages\/28"}],"wp:attachment":[{"href":"https:\/\/integragen.com\/en\/wp-json\/wp\/v2\/media?parent=1031"}],"curies":[{"name":"wp","href":"https:\/\/api.w.org\/{rel}","templated":true}]}}